{"id":2767,"date":"2009-11-24T09:06:13","date_gmt":"2009-11-24T08:06:13","guid":{"rendered":"http:\/\/www.luigiaccattoli.it\/blog\/?page_id=2767"},"modified":"2014-02-19T19:43:39","modified_gmt":"2014-02-19T18:43:39","slug":"giovanni-fallani-%e2%80%9ctu-sei-davanti-a-me-e-mi-guardi-mi-verrai-a-prendere%e2%80%9d","status":"publish","type":"page","link":"http:\/\/www.luigiaccattoli.it\/blog\/cerco-fatti-di-vangelo\/16-qui-e-perfetta-letizia\/giovanni-fallani-%e2%80%9ctu-sei-davanti-a-me-e-mi-guardi-mi-verrai-a-prendere%e2%80%9d\/","title":{"rendered":"Giovanni Fallani: &#8220;Quando arriver\u00f2 verrai a prendermi?&#8221;"},"content":{"rendered":"<p>Giovanni Fallani (1921-1999) era un uomo semplice e schivo, trepidamente innamorato della sposa Maria che ebbe con s\u00e9 per 39 anni: dal 1953 al 1992. Dopo che se ne fu andata, Giovanni visse ancora sette anni in tenace dialogo con lei, come racconta in un\u2019ultima lettera che le scrisse con lo stesso spirito di quelle del fidanzamento: cio\u00e8 nell\u2019atteggiamento di chi aspetta il momento dell\u2019incontro.<br \/>\nDicendogli io che la sua storia d\u2019amore andava raccontata, egli mi inform\u00f2 che l\u2019aveva gi\u00e0 raccontata in un \u201cquadernetto\u201d, di cui aveva fatto solo dieci fotocopie per i quattro figli (Letizia, Francesco, Guido ed Angela) e per i nipoti. L\u2019aveva intitolato Il libro dei fidanzati. Esso contiene \u2013 mi disse \u2013 250 citazioni \u201cdalle lettere che ci scambiammo tra il 1951 e il 1953\u201d. L\u2019ultima lettera, che ha questo titolo, dice cos\u00ec:<\/p>\n<p><em>Sono andato a rileggere le nostre lettere di fidanzati, e c\u2019\u00e8 voluto del tempo! Le ho anche contate: sono 587. Con questa fanno 588. Ora ci troviamo nella stessa situazione: sono ancora il fidanzato che attende il fine settimana per stringere tra le braccia la sua promessa! L\u2019amore di cui parlano quelle lettere non \u00e8 cambiato, \u00e8 sempre un fuoco acceso.<br \/>\nIl cuore grida il suo lamento per la separazione e, insieme, la sua speranza: la rivedr\u00f2, sar\u00e0 di nuovo con me con il suo corpo; e intanto ci\u00f2 che amo non cessa di essere vicinissimo a me; e tu sei l\u00ec, davanti a me e mi guardi; lo so che mi guardi.<br \/>\nS\u00ec, aspetto quel giorno in cui ci incontreremo ancora. Non ti so dire il giorno e l\u2019ora dell\u2019arrivo del treno come facevo da fidanzato, ma tu certo lo sai. Verrai a prendermi?<br \/>\nLa morte, dunque, non ci separa, non \u00e8 pi\u00f9 forte dell\u2019amore. Del resto, gi\u00e0 in una lettera del 4 maggio 1952, con l\u2019euforia dell\u2019innamorato, ti scrivevo: \u201cAnche se dovessimo morire (chi se ne andr\u00e0 prima, io o tu? Non sappiamo), quello che proviamo l\u2019uno per l\u2019altro non cesser\u00e0 mai. Questo amore non \u00e8 racchiuso dentro la vita, questa vita, ma \u00e8 \u2013 per natura sua \u2013 eterno e se piangeremo, piangeremo di tenerezza d\u2019amore\u201d. Condivido queste parole scritte quarant\u2019anni fa. Nulla \u00e8 cambiato nel mio cuore.<br \/>\nSono anche convinto che c\u2019\u00e8 un modo per rimediare a quella scarsit\u00e0 di parole affettuose che si siamo scambiati negli ultimi giorni della tua vita. E il modo \u00e8 quello di abbandonarmi all\u2019onnipotenza dell\u2019amore che, essendo appunto onnipotente, \u00e8 capace di risalire il corso del tempo e di essere presente anche in hora mortis, nell\u2019ora della morte. Ci \u00e8 stato promesso che ogni lacrima \u201cverr\u00e0 asciugata\u201d. Ogni lacrima e cio\u00e8 in \u201cogni\u201d tempo versata. Cos\u00ec lo Spirito correr\u00e0 indietro nel tempo ad asciugarle tutte. Io questo domando nella preghiera. E prego insistentemente perch\u00e9 ti arrivi da me una tenera carezza.<br \/>\nCos\u00ec penso che l\u2019Eterno sempre \u00e8 stato vicino a noi. Sempre ha camminato con noi, come il misterioso viandante che si un\u00ec ai discepoli sulla via di Emmaus, e ora porta queste parole a te e porta a me il tuo sguardo, cos\u00ec tenero che non ha bisogno di parole.<\/em><br \/>\n(Da Giovanni Fallani, <em>\u201cIl libro dei findanzati\u201d<\/em>, ciclostilato a uso familiare, pp. 87-89)<\/p>\n<p>Giornalista e dirigente di associazioni cattoliche, Giovanni fu tra i promotori dell\u2019UCSI (Unione cattolica stampa italiana), della FISC (Federazione italiana dei settimanali cattolici) e del SIR (Servizio informazioni religiose), che diresse per otto anni. Lo stimavo per quello che faceva, ma soprattutto lo amavo per l\u2019uomo che era.<br \/>\nA comprendere pienamente la lettera che ho riportato con l\u2019approvazione dei figli, possono essere utili alcune parole dette dalla figlia Letizia alla messa nell\u2019anniversario della morte, il 21 novembre 2000: \u201c<em>Forse ci\u00f2 che lo caratterizzava di pi\u00f9 era l\u2019amore per la bellezza, quindi per Dio. Innanzitutto era innamorato della bellezza della mamma, come si capisce dalle numerosissime lettere che le ha scritto e da come la guardava nelle foto che ha messo in ogni stanza della casa. Era innamorato della bellezza dei bambini e delle giovane donne simpatiche e intelligenti, come le collaboratrici che ebbe accanto nel tempo e alle quali riservava sempre una grande festa. Ci piace ricordare la sua tenerezza verso i piccoli, verso i nipoti che ha amato profondamente, che ha sempre osservato curioso e stupito, godendo dei loro gesti e dei loro entusiasmi e del loro affetto spontaneo. Era un puro di cuore, con il sorriso sulle labbra e la battuta sempre pronta<\/em>\u201d.<\/p>\n<p>In memoria di Giovanni Fallani dal 2005 viene assegnato ogni anno un \u201cPremio giornalistico FISC-SIR\u201d che segnala giovani promettenti attivi nella stampa cattolica. <a href=\"http:\/\/www2.tv2000.it\/s2ewtv2000\/s2magazine\/index1.jsp?mc_title=Letizia+Fallani+ricorda+il+carteggio+dei+genitori%2C+da+giovani+erano+innamorati+&#038;idPagina=14&#038;autoplay=1&#038;id_sito=1&#038;url_media=http%3A%2F%2Fpodcast.glauco.it%2Fclip%2Fsat2000%2F.%2Fasx%2FZd57bb8c351175.asx\">Qui<\/a> un video dove Letizia Fallani, figlia di Giovanni, parla del pap\u00e0 in data 21 dicembre 2012, a TV2000.<\/p>\n<p><strong>[Testo pubblicato dall\u2019<em>Eco di San Gabriele <\/em>nel dicembre 2000, aggiornato nel novembre 2005 e nel dicembre 2012]<\/strong><\/p>\n","protected":false},"excerpt":{"rendered":"<p>Giovanni Fallani (1921-1999) era un uomo semplice e schivo, trepidamente innamorato della sposa Maria che ebbe con s\u00e9 per 39 anni: dal 1953 al 1992. Dopo che se ne fu&#8230;<\/p>\n<div class=\"more-link-wrapper\"><a class=\"more-link\" href=\"http:\/\/www.luigiaccattoli.it\/blog\/cerco-fatti-di-vangelo\/16-qui-e-perfetta-letizia\/giovanni-fallani-%e2%80%9ctu-sei-davanti-a-me-e-mi-guardi-mi-verrai-a-prendere%e2%80%9d\/\">Read More<span class=\"screen-reader-text\">Giovanni Fallani: &#8220;Quando arriver\u00f2 verrai a prendermi?&#8221;<\/span><\/a><\/div>\n","protected":false},"author":1,"featured_media":0,"parent":2132,"menu_order":0,"comment_status":"open","ping_status":"closed","template":"","meta":{"_monsterinsights_skip_tracking":false,"_monsterinsights_sitenote_active":false,"_monsterinsights_sitenote_note":"","_monsterinsights_sitenote_category":0,"footnotes":""},"class_list":["post-2767","page","type-page","status-publish","hentry","excerpt"],"_links":{"self":[{"href":"http:\/\/www.luigiaccattoli.it\/blog\/wp-json\/wp\/v2\/pages\/2767","targetHints":{"allow":["GET"]}}],"collection":[{"href":"http:\/\/www.luigiaccattoli.it\/blog\/wp-json\/wp\/v2\/pages"}],"about":[{"href":"http:\/\/www.luigiaccattoli.it\/blog\/wp-json\/wp\/v2\/types\/page"}],"author":[{"embeddable":true,"href":"http:\/\/www.luigiaccattoli.it\/blog\/wp-json\/wp\/v2\/users\/1"}],"replies":[{"embeddable":true,"href":"http:\/\/www.luigiaccattoli.it\/blog\/wp-json\/wp\/v2\/comments?post=2767"}],"version-history":[{"count":8,"href":"http:\/\/www.luigiaccattoli.it\/blog\/wp-json\/wp\/v2\/pages\/2767\/revisions"}],"predecessor-version":[{"id":13573,"href":"http:\/\/www.luigiaccattoli.it\/blog\/wp-json\/wp\/v2\/pages\/2767\/revisions\/13573"}],"up":[{"embeddable":true,"href":"http:\/\/www.luigiaccattoli.it\/blog\/wp-json\/wp\/v2\/pages\/2132"}],"wp:attachment":[{"href":"http:\/\/www.luigiaccattoli.it\/blog\/wp-json\/wp\/v2\/media?parent=2767"}],"curies":[{"name":"wp","href":"https:\/\/api.w.org\/{rel}","templated":true}]}}