{"id":2795,"date":"2009-11-25T09:32:15","date_gmt":"2009-11-25T08:32:15","guid":{"rendered":"http:\/\/www.luigiaccattoli.it\/blog\/?page_id=2795"},"modified":"2010-01-14T15:17:53","modified_gmt":"2010-01-14T14:17:53","slug":"laura-rivolta-%e2%80%9cvoletevi-bene-e-ditevelo-sempre%e2%80%9d","status":"publish","type":"page","link":"http:\/\/www.luigiaccattoli.it\/blog\/cerco-fatti-di-vangelo\/7-la-vita-e-mutata-ma-non-e-tolta\/a-tuo-fratello-risuscitera\/laura-rivolta-%e2%80%9cvoletevi-bene-e-ditevelo-sempre%e2%80%9d\/","title":{"rendered":"Laura Rivolta: \u201cVoletevi bene e ditevelo sempre\u201d"},"content":{"rendered":"<p>Questa bella preghiera \u00e8 l\u2019ultimo saluto di una ragazza al fratello di nove anni, letto alla messa di commiato, nel luglio del 1996. Laura \u00e8 la pi\u00f9 grande di quattro fratelli e ha 19 anni. Tra lei e Andrea ci sono Silvia e Marco, di 17 e 14 anni. Nelle parole della ragazza, piene di tenerezza, sentiamo l\u2019affetto che circola in quella famiglia e lo strazio per la perdita del pi\u00f9 piccolo, il pi\u00f9 vispo, il pi\u00f9 allegro dei fratelli. Alla fine della lettura, sentiamo di amare quel ragazzino che non abbiamo mai visto. Le parole della sorella ci hanno trasmesso per contagiato il suo amore.<\/p>\n<p><em>Andrea, sono qui perch\u00e8 voglio dire a tutte queste persone che ti vogliono bene ci\u00f2 che rappresenti per noi. Tutti devono sapere che tipo di fratello abbiamo avuto l\u2019onore di avere con noi. <\/em><br \/>\n<em>Andrea \u00e8 sempre stato il perno della nostra famiglia, il cuore. Lui ha sempre animato tutti noi con il suo sorriso, i suoi occhi, la sua vispa e allegra espressione. E\u2019 sempre stato tanto dolce con noi, non diceva mai di no, non si tirava mai indietro e faceva di tutto pur di farci felici, pur di vedere felici i suoi fratelli e i suoi genitori. Ci adorava. E noi siamo veramente riusciti a dimostrargli quanto importante era per noi?<\/em><br \/>\n<em>Andrea, sei un grande. Lo sei sempre stato fin dalla nascita. Andrea, sei un mito con la \u00abM\u00bb maiuscola. Quando ci guardavamo insieme allo specchio, pronti per uscire, te lo dicevo spesso, ma tu non ci hai mai creduto, spero che ora te ne sia reso conto. <\/em><br \/>\n<em>Volevi assomigliare in tutto e per tutto al tuo fratellone Marco, volevi essere come lui e in alcune cose superiore a lui. Ora sei andato in Paradiso prima di noi, Ges\u00f9 ti ha voluto con s\u00e8 nella sua squadra di calcio perch\u00e8 gli mancava il campione pi\u00f9 grande e pi\u00f9 forte. <\/em><br \/>\n<em>Caro Andrea, quando saremo con te, sarai tu a farci imparare a volare e a calciare lass\u00f9 tra le nuvole.<\/em><br \/>\n<em>Andrea, non smettere mai di sorridere perch\u00e8 sei veramente bello. <\/em><br \/>\n<em>Nostro fratello \u00e8 sempre stato buono con noi. Quando aveva bisogno di un gesto affettuoso veniva da me o da chiunque di noi e diceva: \u00abLaura, me lo dai un bacetto?\u00bb<\/em><br \/>\n<em>Io sono la tua sorellina preferita, questo me lo diceva lui, ma io non ho mai saputo ricambiare veramente questo profondo sentimento che lui nutriva per me. Lui sa che gli voglio bene, ma non gliel\u2019ho mai detto abbastanza. Ora piango e continuo a chiedermi: \u00abAndrea, tu sai vero che ti amo?\u00bb Oh! Se ti amo Andrea! Ti amo davvero. Non te l\u2019ho mai detto, scusa, ora \u00e8 troppo tardi sia per un abbraccio che per un bacio.<\/em><br \/>\n<em>Andrea ci mancherai tanto. Tu non sai che cosa sei per noi. Spero che tu, guardando nel profondo dei nostri cuori, abbia capito l\u2019amore che proviamo per te. <\/em><br \/>\n<em>Ogni giorno ci davi un insegnamento nuovo, ogni giorno ci rendevi pi\u00f9 felici con la tua presenza e quando non c&#8217;eri ognuno di noi ti cercava. Anche con la tua morte, mio piccolo fratello, ci hai voluto dimostrare qualcosa. Andrea ci ha insegnato a essere uniti, ad amarci tutti e a farcelo dire. Dirsi l\u2019un l\u2019altro quanto ci si vuole bene \u00e8 importante, \u00e8 veramente importante. <\/em><br \/>\n<em>Ditevelo, voletevi bene e ditevelo sempre perch\u00e8 la vita dura un attimo, un momento ci sei e poi tutto vola via, cos\u00ec come \u00e8 successo al nostro fratellino. Voletevi bene tutti e ditelo, ditevelo sempre e inoltre fate sempre sentire importanti le persone che sono al vostro fianco e state attenti quando fate delle osservazioni agli altri. Andrea Ci rimaneva male quando gliele facevamo perch\u00e8 alcune volte non capiva ci\u00f2 che gli veniva rimproverato, non capiva il perch\u00e8. Allora noi gli dicevamo: \u00abAndrea, capirai quando sarai grande\u00bb. <\/em><br \/>\n<em>E ora? E ora se n\u2019\u00e8 andato!<\/em><br \/>\n<em>Nostro fratello \u00e8 sempre stato un grande, ricordatelo sempre sorridente. Non dobbiamo piangere quando parliamo del nostro Andrea.<\/em><br \/>\n<em>Fatelo vivere in voi e vivete anche per lui perch\u00e8 di voglia di vivere ne aveva tantissima.<\/em><br \/>\n<em>Andrea! Io Laura, Silvia, Marco e i tuoi genitori ti amiamo.<\/em><br \/>\n<em>Arrivederci Andrea, ti amiamo sempre.<\/em><\/p>\n<p>Andrea \u00e8 morto giocando: l\u2019ha schiacciato un cancello scorrevole, all\u2019ingresso dell\u2019oratorio della sua parrocchia, a Sovico Brianza (Milano). Pare che con altri bambini stesse giocando ad aprire e chiudere quel pesante cancello a rotaia. Un colpo pi\u00f9 forte ha provocato la rottura di un perno: il cancello \u00e8 uscito dalla rotaia ed \u00e8 caduto addosso ad Andrea, uccidendolo sul colpo. Era il 15 luglio 1996. La messa di addio, con la lettura di questo saluto di Laura, \u00e8 stata celebrata il 18 luglio nella chiesa di Cristo Re a Sovico.<br \/>\nGiorgio e Mary Rivolta, i genitori di Andrea, sono commercianti. Laura \u00e8 catechista in parrocchia ed \u00e8 impegnata nel volontariato. Ha pianto leggendo al microfono queste parole. Che contengono due segni cristiani vivissimi: la speranza del ritrovamento nel Signore e la scoperta di quanto dovremmo amarci, essendo destinati a separarci e nell\u2019attesa di quel ritrovamento.<br \/>\nLa preghiera di Laura per Andrea mi \u00e8 stata fornita da don Luigi Sala, sacerdote milanese.<\/p>\n<p><strong>[Testo pubblicato dall\u2019<em>Eco di San Gabriele<\/em> nel dicembre 1996]<\/strong><\/p>\n","protected":false},"excerpt":{"rendered":"<p>Questa bella preghiera \u00e8 l\u2019ultimo saluto di una ragazza al fratello di nove anni, letto alla messa di commiato, nel luglio del 1996. Laura \u00e8 la pi\u00f9 grande di quattro&#8230;<\/p>\n<div class=\"more-link-wrapper\"><a class=\"more-link\" href=\"http:\/\/www.luigiaccattoli.it\/blog\/cerco-fatti-di-vangelo\/7-la-vita-e-mutata-ma-non-e-tolta\/a-tuo-fratello-risuscitera\/laura-rivolta-%e2%80%9cvoletevi-bene-e-ditevelo-sempre%e2%80%9d\/\">Read More<span class=\"screen-reader-text\">Laura Rivolta: \u201cVoletevi bene e ditevelo sempre\u201d<\/span><\/a><\/div>\n","protected":false},"author":1,"featured_media":0,"parent":2225,"menu_order":0,"comment_status":"open","ping_status":"closed","template":"","meta":{"_monsterinsights_skip_tracking":false,"_monsterinsights_sitenote_active":false,"_monsterinsights_sitenote_note":"","_monsterinsights_sitenote_category":0,"footnotes":""},"class_list":["post-2795","page","type-page","status-publish","hentry","excerpt"],"_links":{"self":[{"href":"http:\/\/www.luigiaccattoli.it\/blog\/wp-json\/wp\/v2\/pages\/2795","targetHints":{"allow":["GET"]}}],"collection":[{"href":"http:\/\/www.luigiaccattoli.it\/blog\/wp-json\/wp\/v2\/pages"}],"about":[{"href":"http:\/\/www.luigiaccattoli.it\/blog\/wp-json\/wp\/v2\/types\/page"}],"author":[{"embeddable":true,"href":"http:\/\/www.luigiaccattoli.it\/blog\/wp-json\/wp\/v2\/users\/1"}],"replies":[{"embeddable":true,"href":"http:\/\/www.luigiaccattoli.it\/blog\/wp-json\/wp\/v2\/comments?post=2795"}],"version-history":[{"count":2,"href":"http:\/\/www.luigiaccattoli.it\/blog\/wp-json\/wp\/v2\/pages\/2795\/revisions"}],"predecessor-version":[{"id":3264,"href":"http:\/\/www.luigiaccattoli.it\/blog\/wp-json\/wp\/v2\/pages\/2795\/revisions\/3264"}],"up":[{"embeddable":true,"href":"http:\/\/www.luigiaccattoli.it\/blog\/wp-json\/wp\/v2\/pages\/2225"}],"wp:attachment":[{"href":"http:\/\/www.luigiaccattoli.it\/blog\/wp-json\/wp\/v2\/media?parent=2795"}],"curies":[{"name":"wp","href":"https:\/\/api.w.org\/{rel}","templated":true}]}}