{"id":2901,"date":"2009-12-04T13:30:41","date_gmt":"2009-12-04T12:30:41","guid":{"rendered":"http:\/\/www.luigiaccattoli.it\/blog\/?page_id=2901"},"modified":"2010-11-21T22:01:58","modified_gmt":"2010-11-21T22:01:58","slug":"l%e2%80%99opera-di-papa-wojtyla-per-il-superamento-di-ogni-muro-tra-gli-uomini","status":"publish","type":"page","link":"http:\/\/www.luigiaccattoli.it\/blog\/conferenze-e-dibattiti-2\/l%e2%80%99opera-di-papa-wojtyla-per-il-superamento-di-ogni-muro-tra-gli-uomini\/","title":{"rendered":"L\u2019opera di papa Wojtyla per il superamento di ogni muro tra gli uomini"},"content":{"rendered":"<p>nell\u2019ambito della manifestazione \u201cSanta Barbara nel mondo\u201d<br \/>\n<em>Rieti \u2013 Gioved\u00ec 26 novembre 2009 \u2013 ore 18.00.<\/em><\/p>\n<p>La mia conversazione sar\u00e0 in quattro punti.<br \/>\nDir\u00f2 innanzitutto quali muri reali Papa Wojtyla abbia contribuito a superare.<br \/>\nUn secondo capitolo riguarder\u00e0 i muri simbolici e ideologici, che possono anche essere pi\u00f9 resistenti di quelli reali.<br \/>\nUn terzo \u2013 il pi\u00f9 importante \u2013 sar\u00e0 mirato alle motivazioni di quel superamento. La\u00a0 motivazione principale \u00e8 missionaria: un Papa abbatte i muri perch\u00e9 vuole predicare a tutti gli uomini.<br \/>\nUn quarto far\u00e0 riferimento alla comunicazione e riguarder\u00e0 il fatto che questo Papa \u00e8 riuscito a parlare a tutti. Perch\u00e9 ci sono anche muri nella comunicazione.<\/p>\n<p><strong>Contro i muri reali<\/strong><br \/>\nSi pu\u00f2 forse affermare che Giovanni Paolo II sia stato \u2013 nel suo tempo \u2013 il migliore costruttore di ponti tra gli uomini e il maggiore abbattitore di muri.<br \/>\nHa posto fin dall\u2019inizio del Pontificato la questione dell\u2019Europa divisa in due e del mondo diviso tra Est ed Ovest. \u201cL\u2019Europa deve tornare a respirare con ambedue i polmoni\u201d.<br \/>\nHa dato una mano all\u2019abbattimento della cortina di ferro che divideva i paesi comunisti dal resto dell\u2019Europa. E infine il muro di Berlino \u00e8 caduto anche a opera sua.<br \/>\nCaduto il comunismo sovietico ha sostenuto che un \u201cnuovo muro\u201d divideva il mondo, forse pi\u00f9 alto del precedente: quello del divario economico tra Nord e Sud: \u201cIl Sud povero giudicher\u00e0 il Nord ricco\u201d.<br \/>\n\u201cIl Medio Oriente ha bisogno di ponti e non di muri\u201d disse alla fine della vita quando Israele inizi\u00f2 la costruzione del muro di rinserramento dei territori palestinesi.<\/p>\n<p><strong>Contro i muri ideologici<\/strong><br \/>\nMa insieme e oltre all\u2019abbattimento di questi muri fisici, politici ed economici ha perseguito con lena instancabile il superamento dei muri simbolici e ideologici che separano gli uomini; e a volte li separano ancora pi\u00f9 profondamente.<br \/>\nE\u2019 stato il primo papa a entrare in una sinagoga e in una moschea, a visitare templi buddisti e luoghi sacri alle religioni tradizionali. A chiamare tutte le religioni \u2013 per tre volte \u2013 ad Assisi, a giornate di digiuno e di preghiera per la pace.<br \/>\nE\u2019 stato il primo papa a visitare paesi a maggioranza Ortodossa. Cinque ne ha visti: Romania, Georgia, Ucraina, Bulgaria, Grecia.<br \/>\nE\u2019 stato il primo papa a entrare in chiese anglicane, luterane e calviniste e a rendere omaggio a martiri di altre comunit\u00e0 cristiane messi a morte dai cattolici. A chiedere perdono per la cacciata dei protestanti da Salisburgo, per la strage degli Ugonotti, per il saccheggio di Costantinopoli da parte dei crociati del 1204.<br \/>\nL\u2019insieme del \u201cmea culpa\u201d giubilare pu\u00f2 essere letto come un tentativo di abbattere muri di incomprensione e di risentimento tra la Chiesa di Roma e realt\u00e0 sociali, culturali, religiose, nazionali che si ritengono ancora ferite dai comportamenti storici dei papi e dei cattolici.<br \/>\nE\u2019 stato il primo papa a visitare popoli in guerra. Lo ha fatto con la Gran Bretagna e l\u2019Argentina nel maggio-giugno del 1982, mentre era in corso la guerra per le isole Faulkland-Malvinas e l\u2019avrebbe voluto fare con molti altri: a Sarajevo e a Beirut pot\u00e8 andare solo dopo cessate le rispettive guerre, ma egli aveva deciso i viaggi e fissato le date con tre anni di anticipo, per missioni di pace che non pot\u00e8 compiere.<\/p>\n<p><strong>La spinta missionaria<\/strong><br \/>\nLa spinta a superare le frontiere e ad affratellare gli uomini viene a Papa Wojtyla dalla proiezione missionaria che caratterizza il suo Pontificato<br \/>\nLa sua opera per il superamento dei muri e delle frontiere non segue criteri politici ma viene dall&#8217;impegno a obbedire con radicalit\u00e0 al comando evangelico: &#8220;Andate in tutto il mondo, predicate a tutte le genti&#8221;.<br \/>\nRichiamo alcuni suoi motti: &#8220;Aprite le porte a Cristo&#8221;,\u00a0 &#8220;A ogni uomo, a tutti gli uomini, fino agli estremi confini della terra&#8221;, &#8220;In prossimit\u00e0 del terzo Millennio occorre guardare pi\u00f9 ampiamente e andare al largo&#8221;.<\/p>\n<p><strong>Compreso da tutti<\/strong><br \/>\nSe Papa Wojtyla fosse durato poco non l\u2019avremmo capito, tanto grande \u00e8 stata la sua novit\u00e0. Che invece quella novit\u00e0 sia stata almeno in parte compresa ce lo dicono i tre milioni di persone che si precipitarono a Roma la prima settimana di aprile del 2005, per dargli l\u2019ultimo saluto e l\u2019attesta il grido \u201csanto subito\u201d che accompagn\u00f2 quell\u2019addio.<br \/>\n\u201cNon \u00e8 bene che un Papa viva per vent\u2019anni. E\u2019 anormale e non produce buoni frutti: egli diviene un dio, non ha nessuno che lo contraddica, non conosce i fatti, fa cose crudeli senza avvedersene\u201d: cos\u00ec scrive il cardinale J. H. Newman in una lettera del novembre del 1970, nella quale prevede che la Chiesa cattolica \u2013 appena chiuso il Vaticano I \u2013 stia per avviarsi a un \u201ccrescendo di tirannia\u201d.<br \/>\nNoi invece ci congratuliamo per la lunga durata del Pontificato wojtyliano, che ha permesso alla Chiesa e al mondo di intenderne la radicale novit\u00e0, che \u00e8 quella di un Papa eletto contro ogni aspettativa e che non sale al trono di Pietro con un programma pontificale in tasca, ma si affida alla Provvidenza che l\u2019ha chiamato e risponde alle sfide delle circostanze da cristiano vivo, dando testimonianza della sua fede. Egli non ha reagito all\u2019elezione con mente ecclesiastica, ponendo davanti a s\u00e9 i problemi dell\u2019istituzione Chiesa, ma si \u00e8 comportato come un cristiano chiamato a fare il Papa e che accetta di farlo interagendo con il mondo e con i fratelli, mettendo a frutto le straordinarie esperienze umane attraverso le quali era passato.<br \/>\nQuella lunga durata l\u2019ha aiutato a raggiungere veramente tutto il mondo. La stagione della sofferenza ha avvalorato la sua predicazione. E alla fine il mondo ha risposto al suo messaggio.<br \/>\nIl suo segreto comunicativo pu\u00f2 essere formulato cos\u00ec: egli ha saputo porsi pienamente come uomo del suo tempo e come uomo di Dio.<\/p>\n","protected":false},"excerpt":{"rendered":"<p>nell\u2019ambito della manifestazione \u201cSanta Barbara nel mondo\u201d Rieti \u2013 Gioved\u00ec 26 novembre 2009 \u2013 ore 18.00. La mia conversazione sar\u00e0 in quattro punti. Dir\u00f2 innanzitutto quali muri reali Papa Wojtyla&#8230;<\/p>\n<div class=\"more-link-wrapper\"><a class=\"more-link\" href=\"http:\/\/www.luigiaccattoli.it\/blog\/conferenze-e-dibattiti-2\/l%e2%80%99opera-di-papa-wojtyla-per-il-superamento-di-ogni-muro-tra-gli-uomini\/\">Read More<span class=\"screen-reader-text\">L\u2019opera di papa Wojtyla per il superamento di ogni muro tra gli uomini<\/span><\/a><\/div>\n","protected":false},"author":1,"featured_media":0,"parent":5506,"menu_order":0,"comment_status":"open","ping_status":"closed","template":"","meta":{"_monsterinsights_skip_tracking":false,"_monsterinsights_sitenote_active":false,"_monsterinsights_sitenote_note":"","_monsterinsights_sitenote_category":0,"footnotes":""},"class_list":["post-2901","page","type-page","status-publish","hentry","excerpt"],"_links":{"self":[{"href":"http:\/\/www.luigiaccattoli.it\/blog\/wp-json\/wp\/v2\/pages\/2901","targetHints":{"allow":["GET"]}}],"collection":[{"href":"http:\/\/www.luigiaccattoli.it\/blog\/wp-json\/wp\/v2\/pages"}],"about":[{"href":"http:\/\/www.luigiaccattoli.it\/blog\/wp-json\/wp\/v2\/types\/page"}],"author":[{"embeddable":true,"href":"http:\/\/www.luigiaccattoli.it\/blog\/wp-json\/wp\/v2\/users\/1"}],"replies":[{"embeddable":true,"href":"http:\/\/www.luigiaccattoli.it\/blog\/wp-json\/wp\/v2\/comments?post=2901"}],"version-history":[{"count":2,"href":"http:\/\/www.luigiaccattoli.it\/blog\/wp-json\/wp\/v2\/pages\/2901\/revisions"}],"predecessor-version":[{"id":5728,"href":"http:\/\/www.luigiaccattoli.it\/blog\/wp-json\/wp\/v2\/pages\/2901\/revisions\/5728"}],"up":[{"embeddable":true,"href":"http:\/\/www.luigiaccattoli.it\/blog\/wp-json\/wp\/v2\/pages\/5506"}],"wp:attachment":[{"href":"http:\/\/www.luigiaccattoli.it\/blog\/wp-json\/wp\/v2\/media?parent=2901"}],"curies":[{"name":"wp","href":"https:\/\/api.w.org\/{rel}","templated":true}]}}