{"id":3059,"date":"2009-12-21T20:29:39","date_gmt":"2009-12-21T19:29:39","guid":{"rendered":"http:\/\/www.luigiaccattoli.it\/blog\/?page_id=3059"},"modified":"2009-12-21T20:29:39","modified_gmt":"2009-12-21T19:29:39","slug":"roberto-miozzi-%e2%80%9cun-gesto-di-solidarieta%e2%80%9d","status":"publish","type":"page","link":"http:\/\/www.luigiaccattoli.it\/blog\/cerco-fatti-di-vangelo\/20-preghiera-pubblica\/roberto-miozzi-%e2%80%9cun-gesto-di-solidarieta%e2%80%9d\/","title":{"rendered":"Roberto Miozzi: \u201cUn gesto di solidariet\u00e0\u201d"},"content":{"rendered":"<p>A volte la preghiera pubblica non \u00e8 fatta di parole ma di un gesto: qui sono tre famiglie di Aosta che hanno perso i figli in un incidente stradale e organizzano \u2013 al funerale \u2013 una colletta per soccorrere la famiglia del senegalese che era alla guida del tir che ha provocato l\u2019incidente ed \u00e8 morto con loro.<br \/>\nTre ragazzi valdostani tra i diciannove e i vent\u2019anni \u2013 Delio Denzel, Luca Miozzi, Michele Vai \u2013 sono in autostrada, sulla A26, diretti al mare per una vacanza dopo l\u2019esame di maturit\u00e0. \u00abEra il regalo per la promozione \u2013 racconter\u00e0 ai cronisti Roberto Miozzi, commerciante, padre di Luca \u2013 e mio figlio aveva invitato gli amici a passare qualche giorno al mare, nella nostra casa ad Andora, prima di iniziare a settembre le lezioni a Economia, dove si era iscritto \u00bb.<br \/>\nE\u2019 il 2 agosto 2005, sono le 11 di mattina. Luca \u00e8 alla guida. Poco oltre il casello di Masone un camion carico di carta investe di striscio la loro auto e la lancia oltre il <em>guard rail<\/em> facendole compiere una caduta di una sessantina di metri. Muoiono i tre e muore, dissanguato tra le lamiere, Bamba Kebe Mamadou, senegalese, 46 anni, autista del camion che infine si ribalta. L\u2019inchiesta attribuir\u00e0 l\u2019incidente al cattivo funzionamento dei freni del camion.<br \/>\nL\u2019idea della colletta per aiutare la famiglia del camionista \u2013 che aveva moglie e sei figli in Senegal \u2013 nasce nella camera mortuaria di Genova. <em>\u201cEro con mio cognato<\/em> \u2013 dice ancora Miozzi \u2013 <em>e abbiamo incontrato il fratello dell\u2019autista del tir e l\u2019imam della loro comunit\u00e0. Loro cercavano di assolvere il fratello, ma noi lo avevamo gi\u00e0 fatto: non abbiamo mai pensato che fosse colpa sua. E<\/em><em>ra qui per guadagnare la vita per s\u00e9 e per i propri figli<\/em><em> e in 22 anni non aveva mai avuto incidenti. Purtroppo era alla guida di un tir vecchio, supercarico e malandato<\/em><em>. Il nostro \u00e8 stato un gesto di solidariet\u00e0<\/em><em>\u201d<\/em>.<br \/>\n\u201c<em>Mai contato con tanto piacere del denaro<\/em>\u201d dice qualche giorno pi\u00f9 tardi Roberto Miozzi all\u2019amico che gli consegna i 4.840 euro della colletta che egli spedir\u00e0 alla famiglia del senegalese: \u201c<em>Noi vediamo tutti gli islamici come dei terroristi ma siamo noi occidentali a mettergli degli ordigni in mano come il tir che ha distrutto le vite dei nostri figli, oltre a quella del povero autista<\/em>\u201d.<br \/>\nTre anni pi\u00f9 tardi Miozzi viene di nuovo incrociato dai cronisti: il 23 ottobre 2008, a una celebrazione promossa dall\u2019<em>Associazione valdostana parenti vittime della strada<\/em>. Cos\u00ec parla del suo lutto: \u00abVivi, tiri avanti, ma niente \u00e8 come prima. La morte di un figlio \u00e8 una bomba che ti scoppia dentro. Ci daremo una mano uno con l\u2019altro perch\u00e9 lo scopo dell&#8217;associazione \u00e8 proprio questo. Il dolore della morte di un figlio, pu\u00f2 capirlo solo chi ha avuto la stessa disgrazia\u00bb.<\/p>\n<p><strong>Ho conosciuto l\u2019episodio da un editoriale di Giuseppe Frangi che mi \u00e8 capitato di leggere sul settimanale <em>Vita <\/em>del 26 agosto 2005. Ho poi cercato on line elementi di cronaca, che ho trovato soprattutto sulla <em>Repubblica<\/em> del 9.8.2005.<\/strong><\/p>\n<p><strong>[Dicembre 2009]<\/strong><\/p>\n","protected":false},"excerpt":{"rendered":"<p>A volte la preghiera pubblica non \u00e8 fatta di parole ma di un gesto: qui sono tre famiglie di Aosta che hanno perso i figli in un incidente stradale e&#8230;<\/p>\n<div class=\"more-link-wrapper\"><a class=\"more-link\" href=\"http:\/\/www.luigiaccattoli.it\/blog\/cerco-fatti-di-vangelo\/20-preghiera-pubblica\/roberto-miozzi-%e2%80%9cun-gesto-di-solidarieta%e2%80%9d\/\">Read More<span class=\"screen-reader-text\">Roberto Miozzi: \u201cUn gesto di solidariet\u00e0\u201d<\/span><\/a><\/div>\n","protected":false},"author":1,"featured_media":0,"parent":2141,"menu_order":0,"comment_status":"open","ping_status":"closed","template":"","meta":{"_monsterinsights_skip_tracking":false,"_monsterinsights_sitenote_active":false,"_monsterinsights_sitenote_note":"","_monsterinsights_sitenote_category":0,"footnotes":""},"class_list":["post-3059","page","type-page","status-publish","hentry","excerpt"],"_links":{"self":[{"href":"http:\/\/www.luigiaccattoli.it\/blog\/wp-json\/wp\/v2\/pages\/3059","targetHints":{"allow":["GET"]}}],"collection":[{"href":"http:\/\/www.luigiaccattoli.it\/blog\/wp-json\/wp\/v2\/pages"}],"about":[{"href":"http:\/\/www.luigiaccattoli.it\/blog\/wp-json\/wp\/v2\/types\/page"}],"author":[{"embeddable":true,"href":"http:\/\/www.luigiaccattoli.it\/blog\/wp-json\/wp\/v2\/users\/1"}],"replies":[{"embeddable":true,"href":"http:\/\/www.luigiaccattoli.it\/blog\/wp-json\/wp\/v2\/comments?post=3059"}],"version-history":[{"count":2,"href":"http:\/\/www.luigiaccattoli.it\/blog\/wp-json\/wp\/v2\/pages\/3059\/revisions"}],"predecessor-version":[{"id":3062,"href":"http:\/\/www.luigiaccattoli.it\/blog\/wp-json\/wp\/v2\/pages\/3059\/revisions\/3062"}],"up":[{"embeddable":true,"href":"http:\/\/www.luigiaccattoli.it\/blog\/wp-json\/wp\/v2\/pages\/2141"}],"wp:attachment":[{"href":"http:\/\/www.luigiaccattoli.it\/blog\/wp-json\/wp\/v2\/media?parent=3059"}],"curies":[{"name":"wp","href":"https:\/\/api.w.org\/{rel}","templated":true}]}}