{"id":3074,"date":"2009-12-21T21:23:58","date_gmt":"2009-12-21T20:23:58","guid":{"rendered":"http:\/\/www.luigiaccattoli.it\/blog\/?page_id=3074"},"modified":"2009-12-21T21:23:58","modified_gmt":"2009-12-21T20:23:58","slug":"beatrice-toboga-%e2%80%9cio-muoio-tu-guarda-e-impara%e2%80%9d","status":"publish","type":"page","link":"http:\/\/www.luigiaccattoli.it\/blog\/cerco-fatti-di-vangelo\/21-parabole\/beatrice-toboga-%e2%80%9cio-muoio-tu-guarda-e-impara%e2%80%9d\/","title":{"rendered":"Beatrice Toboga: \u201cIo muoio: tu guarda e impara\u201d"},"content":{"rendered":"<p>\u201c<em>A mio padre che stava morendo, in un momento che mi pareva pi\u00f9 difficile di altri, ho chiesto: che posso fare? Mi ha risposto: guarda e impara<\/em>\u201d: parla cos\u00ec Beatrice Toboga, una dei due malati terminali (l\u2019altro \u00e8 al capitolo 19, \u201cSamaritani centurioni cananee\u201d:<strong> <\/strong><em>Gianni Grassi: \u201cSpero di riuscire a morire vivo\u201d<\/em>) intervistati da Francesca Catarci nel documentario \u201cIntorno alle cose ultime\u201d, trasmesso da Raitre il 12 giugno 2008. \u201c<em>Per poter morire bene<\/em> \u2013 dice ancora Beatrice nell\u2019intervista \u2013 <em>\u00e8 necessario che le persone non abbiano rimpianti, che abbiano perdonato quelli che dovevano perdonare e chiuso tutti i conti. Vicino a una persona che sta morendo non\u00a0 vorrei dire nulla ma semplicemente esserci. Spero che in quel momento ci sia qualcuno, qualcuno che mi tiene la mano. La difficolt\u00e0 maggiore \u00e8 lasciare i figli. Ora che mia figlia ha avuto un bambino e che \u00e8 tutta presa da questo fatto \u2013 lei \u00e8 una brava mamma \u2013 ecco: ho capito che ora sar\u00e0 pi\u00f9 facile per me lasciarmi andare<\/em>\u201d.<\/p>\n<p><strong>[Dicembre 2009]<\/strong><\/p>\n","protected":false},"excerpt":{"rendered":"<p>\u201cA mio padre che stava morendo, in un momento che mi pareva pi\u00f9 difficile di altri, ho chiesto: che posso fare? Mi ha risposto: guarda e impara\u201d: parla cos\u00ec Beatrice&#8230;<\/p>\n<div class=\"more-link-wrapper\"><a class=\"more-link\" href=\"http:\/\/www.luigiaccattoli.it\/blog\/cerco-fatti-di-vangelo\/21-parabole\/beatrice-toboga-%e2%80%9cio-muoio-tu-guarda-e-impara%e2%80%9d\/\">Read More<span class=\"screen-reader-text\">Beatrice Toboga: \u201cIo muoio: tu guarda e impara\u201d<\/span><\/a><\/div>\n","protected":false},"author":1,"featured_media":0,"parent":2146,"menu_order":0,"comment_status":"open","ping_status":"closed","template":"","meta":{"_monsterinsights_skip_tracking":false,"_monsterinsights_sitenote_active":false,"_monsterinsights_sitenote_note":"","_monsterinsights_sitenote_category":0,"footnotes":""},"class_list":["post-3074","page","type-page","status-publish","hentry","excerpt"],"_links":{"self":[{"href":"http:\/\/www.luigiaccattoli.it\/blog\/wp-json\/wp\/v2\/pages\/3074","targetHints":{"allow":["GET"]}}],"collection":[{"href":"http:\/\/www.luigiaccattoli.it\/blog\/wp-json\/wp\/v2\/pages"}],"about":[{"href":"http:\/\/www.luigiaccattoli.it\/blog\/wp-json\/wp\/v2\/types\/page"}],"author":[{"embeddable":true,"href":"http:\/\/www.luigiaccattoli.it\/blog\/wp-json\/wp\/v2\/users\/1"}],"replies":[{"embeddable":true,"href":"http:\/\/www.luigiaccattoli.it\/blog\/wp-json\/wp\/v2\/comments?post=3074"}],"version-history":[{"count":1,"href":"http:\/\/www.luigiaccattoli.it\/blog\/wp-json\/wp\/v2\/pages\/3074\/revisions"}],"predecessor-version":[{"id":3075,"href":"http:\/\/www.luigiaccattoli.it\/blog\/wp-json\/wp\/v2\/pages\/3074\/revisions\/3075"}],"up":[{"embeddable":true,"href":"http:\/\/www.luigiaccattoli.it\/blog\/wp-json\/wp\/v2\/pages\/2146"}],"wp:attachment":[{"href":"http:\/\/www.luigiaccattoli.it\/blog\/wp-json\/wp\/v2\/media?parent=3074"}],"curies":[{"name":"wp","href":"https:\/\/api.w.org\/{rel}","templated":true}]}}