{"id":3209,"date":"2010-01-10T11:28:53","date_gmt":"2010-01-10T10:28:53","guid":{"rendered":"http:\/\/www.luigiaccattoli.it\/blog\/?page_id=3209"},"modified":"2026-01-20T13:23:09","modified_gmt":"2026-01-20T12:23:09","slug":"sarah-calvano-si-puo-essere-felici-anche-in-ospedale","status":"publish","type":"page","link":"http:\/\/www.luigiaccattoli.it\/blog\/cerco-fatti-di-vangelo\/5-anche-in-ospedale-si-puo-essere-felici\/sarah-calvano-si-puo-essere-felici-anche-in-ospedale\/","title":{"rendered":"Sarah Calvano: \u00abSi pu\u00f2 essere felici anche in ospedale\u00bb"},"content":{"rendered":"<p><em>\u201cNon stupitevi se vi dico che si pu\u00f2 essere felici anche in un letto di ospedale e che si pu\u00f2 dimenticare il dolore per sorridere agli altri, mentre il proprio avvenire \u00e8 pieno di interrogativi\u201d<\/em>: cos\u00ec parla Sarah Calvano (1973-1992) di Avola, Siracusa, quando la ricoverano colpita da un melanoma che l\u2019uccide a 19 anni. Dopo il liceo classico fa appena in tempo a iscriversi alla facolt\u00e0 di Matematica all\u2019Universit\u00e0 di Catania.<br \/>\n\u201cLa chiamavo \u201clibellula\u201d perch\u00e9 ci trasmetteva un senso di libert\u00e0, di levit\u00e0, di pulizia interiore\u201d, racconta Adele Clara Corallo: \u201cSi affacciava piena di speranze agli studi universitari. Nella parrocchia di San Giovanni Battista si occupava delle vocazioni giovanili. Frequentava un ragazzo, Nino, il quale dir\u00e0 che per lui Sarah \u00e8 stata una benedizione: nel silenzio e nella semplicit\u00e0 gli ha insegnato i valori della vita. Aveva uno slancio di fede straordinario, che la rendeva umilissima e al tempo stesso irraggiungibile. Alla sofferenza aveva dato uno scopo: avvicinare suo padre a Ges\u00f9. E ci \u00e8 riuscita, con tutto l\u2019amore per chi le aveva dato la vita. Ci ha lasciato una grande eredit\u00e0 spirituale, il ricordo di una fede gioiosa e serena\u201d.<br \/>\nNel diario Sarah si rivolge a Ges\u00f9 e cos\u00ec l\u2019interroga al momento del primo ricovero: \u201c<em>Che parola strana: ospedale. Avrei voglia di chiederti: cosa vuoi? Sai, perch\u00e9 io non l\u2019ho capito chiaramente. L\u2019attesa ha un senso, il sacrificio ha un senso, il dolore ha un senso, tutto ha un senso: ok, ma quale senso? Ti voglio bene, Ges\u00f9, devi crederlo, ma se cerco di capire non mi raccapezzo pi\u00f9. Ma in fondo non ha importanza, io non devo capire nulla; sei tu che sai quello che fai\u2026 e non potr\u00e0 essere che la cosa migliore<\/em>\u201d.<br \/>\n\u201c<em>Tu che mi vuoi e io che non riesco ad averti<\/em>\u201d dice a Ges\u00f9 \u2013 sempre nel diario \u2013 in data 11 ottobre 1991. Credo sia la sua parola pi\u00f9 profonda che mi sia capitato di leggere.<br \/>\nNel diario sono registrati anche i momenti della grande prova: \u201c<em>E\u2019 tutto fermo in questo immenso oceano di acqua in cui nulla muta<\/em>\u201d. \u201c<em>Caro Ges\u00f9 non posso che dirti grazie per tutto quello che fai per me<\/em>\u201d, scrive infine nell\u2019ultima pagina.<br \/>\nSarah ha lasciato un vivo ricordo in chi l\u2019ha conosciuta. Ad Avola portano il suo nome un Centro di accoglienza e una Casa famiglia.<\/p>\n<p><strong>Parole e notizie di Sarah Calvano le ho trovate la prima volta su\u00a0<em>Famiglia cristiana<\/em>\u00a0(1\/1993, p.13) e poi, quasi dieci anni dopo, in una recensione di\u00a0<em>Avvenire<\/em>\u00a0(11 luglio 2002) al volume\u00a0<em>Il Magnificat di Sarah. Diario di un\u2019adolescente<\/em>, pubblicato dalle Paoline nel 2002 e ristampato da Santocono Editore nel 2011: raccoglie \u2013 a cura di monsignor Giuseppe Greco \u2013 le pagine pi\u00f9 significative del suo diario. Per tenere viva la sua memoria \u00e8 nato il blog \u00a0<a href=\"https:\/\/sarahcalvano.blogspot.com\/\">https:\/\/sarahcalvano.blogspot.com\/<\/a>. Il 13 gennaio 2026 la Conferenza Episcopale Siciliana ha espresso parere favorevole per l\u2019avvio della fase diocesana (in diocesi di Noto) della sua causa di beatificazione e canonizzazione.<\/strong><\/p>\n<p><strong>[Testo contenuto nel volume CERCO FATTI DI VANGELO, SEI 1995, p. 115; aggiornato nel gennaio 2026]<\/strong><\/p>\n","protected":false},"excerpt":{"rendered":"<p>\u201cNon stupitevi se vi dico che si pu\u00f2 essere felici anche in un letto di ospedale e che si pu\u00f2 dimenticare il dolore per sorridere agli altri, mentre il proprio&#8230;<\/p>\n<div class=\"more-link-wrapper\"><a class=\"more-link\" href=\"http:\/\/www.luigiaccattoli.it\/blog\/cerco-fatti-di-vangelo\/5-anche-in-ospedale-si-puo-essere-felici\/sarah-calvano-si-puo-essere-felici-anche-in-ospedale\/\">Read More<span class=\"screen-reader-text\">Sarah Calvano: \u00abSi pu\u00f2 essere felici anche in ospedale\u00bb<\/span><\/a><\/div>\n","protected":false},"author":1,"featured_media":0,"parent":2096,"menu_order":0,"comment_status":"open","ping_status":"closed","template":"","meta":{"_monsterinsights_skip_tracking":false,"_monsterinsights_sitenote_active":false,"_monsterinsights_sitenote_note":"","_monsterinsights_sitenote_category":0,"footnotes":""},"class_list":["post-3209","page","type-page","status-publish","hentry","excerpt"],"_links":{"self":[{"href":"http:\/\/www.luigiaccattoli.it\/blog\/wp-json\/wp\/v2\/pages\/3209","targetHints":{"allow":["GET"]}}],"collection":[{"href":"http:\/\/www.luigiaccattoli.it\/blog\/wp-json\/wp\/v2\/pages"}],"about":[{"href":"http:\/\/www.luigiaccattoli.it\/blog\/wp-json\/wp\/v2\/types\/page"}],"author":[{"embeddable":true,"href":"http:\/\/www.luigiaccattoli.it\/blog\/wp-json\/wp\/v2\/users\/1"}],"replies":[{"embeddable":true,"href":"http:\/\/www.luigiaccattoli.it\/blog\/wp-json\/wp\/v2\/comments?post=3209"}],"version-history":[{"count":3,"href":"http:\/\/www.luigiaccattoli.it\/blog\/wp-json\/wp\/v2\/pages\/3209\/revisions"}],"predecessor-version":[{"id":30653,"href":"http:\/\/www.luigiaccattoli.it\/blog\/wp-json\/wp\/v2\/pages\/3209\/revisions\/30653"}],"up":[{"embeddable":true,"href":"http:\/\/www.luigiaccattoli.it\/blog\/wp-json\/wp\/v2\/pages\/2096"}],"wp:attachment":[{"href":"http:\/\/www.luigiaccattoli.it\/blog\/wp-json\/wp\/v2\/media?parent=3209"}],"curies":[{"name":"wp","href":"https:\/\/api.w.org\/{rel}","templated":true}]}}