{"id":3295,"date":"2010-01-17T11:15:06","date_gmt":"2010-01-17T10:15:06","guid":{"rendered":"http:\/\/www.luigiaccattoli.it\/blog\/?page_id=3295"},"modified":"2010-02-25T19:55:30","modified_gmt":"2010-02-25T18:55:30","slug":"monica-della-volpe-quattro-donne-in-terra-di-soria","status":"publish","type":"page","link":"http:\/\/www.luigiaccattoli.it\/blog\/cerco-fatti-di-vangelo\/11-il-genio-della-carita\/monica-della-volpe-quattro-donne-in-terra-di-soria\/","title":{"rendered":"Monica della Volpe: quattro donne in terra di Soria"},"content":{"rendered":"<p>Andavano una volta i cristiani \u201cper divina ispirazione\u201d \u2013 come dice Francesco nella Regola del 1221 \u2013 in terra di Soria, cio\u00e8 in Siria e in altri luoghi del vicino Oriente, ad \u201cannunciare la Parola di Dio tra i saraceni\u201d e spesso vi trovavano il martirio. Anche oggi vanno e anche oggi fioriscono i martiri. Ma una novit\u00e0 del nostro tempo \u00e8 che oggi anche le donne partono per quella missione, fatte audaci dal sangue dei fratelli uomini. Il 21 maggio del 1996 furono uccisi in Algeria sette monaci del monastero Cistercense Trappista di Nostra Signora dell\u2019Atlas ed ecco che quattro monache italiane dello stesso ordine non essendo state accolte in Algeria hanno deciso di stabilirsi in Siria \u2013 e cio\u00e8 in un altro paese a maggioranza musulmana \u2013 per \u201craccogliere la loro eredit\u00e0\u201d. Cos\u00ec l\u2019impresa \u00e8 narrata ai benefattori da suor Monica della Volpe, Badessa di Valserena, il monastero trappista toscano (via Provinciale del Poggetto 48, Guardistallo, Pisa) dal quale provengono le \u201csorelle\u201d che sono partite per la Siria:<\/p>\n<p><em>Dopo un serio tempo di preparazione, il 14 marzo 2005 quattro nostre sorelle sono partite per la Siria dove sono state accolte dal Vicario apostolico Giuseppe Nazzaro e da allora vivono in un appartamento ad Aleppo. Nel maggio 2006 la Comunit\u00e0\u00a0di Valserena ha comprato per la somma di 133.911,00 euro un terreno di 11,390 ettari nel territorio del villaggio maronita di Azeir (nella diocesi di Lattaqui\u00e9 \u2013 Tartous \u2013 Homs), grazie all\u2019accordo fra il vescovo maronita Youssef Massoud Massoud e monsignor Giuseppe Nazzaro. Il vescovo maronita ha espresso molta gioia per l\u2019arrivo delle sorelle, perch\u00e9 la loro presenza potr\u00e0 dare nuovo impulso ai due villaggi cristiani, stretti fra numerosi villaggi musulmani.<\/em><br \/>\n<em>Il monastero appartiene cio\u00e8\u00a0alla giurisdizione ecclesiale del Vicariato apostolico (quindi di rito latino) ma si trova inserito in ambiente maronita, e aperto a tutte le diverse tradizioni presenti in Siria. Appena arrivate in Siria, le sorelle della comunit\u00e0 hanno preso contatto con la Chiesa e la popolazione locale. Hanno elaborato un progetto per un piccolo monastero, con l\u2019aiuto di un architetto aleppino e di un\u2019equipe di ingegneri e altri tecnici, che hanno cominciato a seguire la costruzione e i lavori di preparazione.<\/em><br \/>\n<em>Nel marzo 2009 sono iniziati i lavori per una piccola struttura detta \u201cil Monasterino\u201d che consentir\u00e0 alle sorelle un primo inserimento. Quando si trasferiranno nel monastero vero e proprio, questa struttura sar\u00e0 destinata all\u2019accoglienza. La strada di accesso \u00e8\u00a0stata migliorata, un pozzo d\u2019acqua gi\u00e0 esistente \u00e8 stato riattivato, si \u00e8 costruita una cisterna e si sta provvedendo alla rete elettrica, fognaria, idraulica. Il \u00abMonasterino\u00bb\u00a0e i suoi annessi saranno ultimati tra la Pasqua e l\u2019estate 2010. Speriamo di poter continuare il prima possibile con il resto del programma anche per non essere costrette a interrompere i lavori del cantiere, che d\u00e0 lavoro alla popolazione del luogo.<\/em><br \/>\n<em>Anche dal punto di vista economico, per noi l\u2019interruzione del cantiere porterebbe con s\u00e9 molti svantaggi.\u00a0Ma soprattutto sentiamo di non disattendere l\u2019aspettativa dei cristiani siriani, che desiderano la realizzazione di questo luogo, che sar\u00e0 anche per loro spazio di silenzio e preghiera (una buona parte del terreno \u00e8 destinata anche agli ospiti ). <\/em><br \/>\n<em>L\u2019esperienza di questi anni ci segnala l\u2019importanza di offrire a tutti, cristiani e musulmani, un luogo di preghiera, di quiete davanti a Dio, di incontro con se stessi, prima di tutto, e poi con tutti i credenti, aldil\u00e0 delle differenze e nel rispetto delle reciproche identit\u00e0. Il bisogno di formazione dei giovani e dei cristiani in generale, soprattutto alla spiritualit\u00e0 biblica e liturgica, ci spinge a offrire per il futuro un\u2019accoglienza ampia, anche con strutture di ospitalit\u00e0 per la notte. <\/em><br \/>\n<em>Essendo infatti in una zona rurale, un po\u2019 distante dalle grandi citt\u00e0, ci piacerebbe dare ospitalit\u00e0 per far gustare il ritmo giornaliero della preghiera, soprattutto al mattino e alla sera; le Vigilie cos\u00ec significative anche a confronto con la preghiera musulmana nel cuore della notte, le Lodi, il Vespro, la Compieta. Infine, anche dal punto di vista canonico stiamo seguendo l\u2019iter affinch\u00e9 questa comunit\u00e0 monastica cistercense in Siria \u2013 che prende il nome di \u201cBeata Maria Fons Pacis\u201d \u2013 diventi il pi\u00f9 presto possibile una fondazione ufficiale dell\u2019Ordine Cistercense della Stretta Osservanza (OCSO). Questo sar\u00e0 possibile anche grazie al fatto che l\u2019anno prossimo, quando ci saranno le prime costruzioni, altre due sorelle (una italiana e una del Belgio) si uniranno alla comunit\u00e0 gi\u00e0 presente. Abbiamo ragionevoli speranze di vocazioni locali. <\/em><\/p>\n<p><strong>La lettera ai benefattori firmata dalla badessa di Valserena mi \u00e8 stata inviata \u2013 con data Monte Sole 20 dicembre 2009 \u2013 da don Athos Righi, priore della Piccola Famiglia dell\u2019Annunziata, la comunit\u00e0 monastica fondata da Giuseppe Dossetti. Altre notizie si possono trovare nel <a href=\"http:\/\/www.valserena.it\/\">sito di VALSERENA<\/a>, alla pagina DALLA SIRIA.<\/strong><\/p>\n<p><strong>[Gennaio 2010]<\/strong><\/p>\n","protected":false},"excerpt":{"rendered":"<p>Andavano una volta i cristiani \u201cper divina ispirazione\u201d \u2013 come dice Francesco nella Regola del 1221 \u2013 in terra di Soria, cio\u00e8 in Siria e in altri luoghi del vicino&#8230;<\/p>\n<div class=\"more-link-wrapper\"><a class=\"more-link\" href=\"http:\/\/www.luigiaccattoli.it\/blog\/cerco-fatti-di-vangelo\/11-il-genio-della-carita\/monica-della-volpe-quattro-donne-in-terra-di-soria\/\">Read More<span class=\"screen-reader-text\">Monica della Volpe: quattro donne in terra di Soria<\/span><\/a><\/div>\n","protected":false},"author":1,"featured_media":0,"parent":2117,"menu_order":0,"comment_status":"open","ping_status":"closed","template":"","meta":{"_monsterinsights_skip_tracking":false,"_monsterinsights_sitenote_active":false,"_monsterinsights_sitenote_note":"","_monsterinsights_sitenote_category":0,"footnotes":""},"class_list":["post-3295","page","type-page","status-publish","hentry","excerpt"],"_links":{"self":[{"href":"http:\/\/www.luigiaccattoli.it\/blog\/wp-json\/wp\/v2\/pages\/3295","targetHints":{"allow":["GET"]}}],"collection":[{"href":"http:\/\/www.luigiaccattoli.it\/blog\/wp-json\/wp\/v2\/pages"}],"about":[{"href":"http:\/\/www.luigiaccattoli.it\/blog\/wp-json\/wp\/v2\/types\/page"}],"author":[{"embeddable":true,"href":"http:\/\/www.luigiaccattoli.it\/blog\/wp-json\/wp\/v2\/users\/1"}],"replies":[{"embeddable":true,"href":"http:\/\/www.luigiaccattoli.it\/blog\/wp-json\/wp\/v2\/comments?post=3295"}],"version-history":[{"count":5,"href":"http:\/\/www.luigiaccattoli.it\/blog\/wp-json\/wp\/v2\/pages\/3295\/revisions"}],"predecessor-version":[{"id":3639,"href":"http:\/\/www.luigiaccattoli.it\/blog\/wp-json\/wp\/v2\/pages\/3295\/revisions\/3639"}],"up":[{"embeddable":true,"href":"http:\/\/www.luigiaccattoli.it\/blog\/wp-json\/wp\/v2\/pages\/2117"}],"wp:attachment":[{"href":"http:\/\/www.luigiaccattoli.it\/blog\/wp-json\/wp\/v2\/media?parent=3295"}],"curies":[{"name":"wp","href":"https:\/\/api.w.org\/{rel}","templated":true}]}}