{"id":3301,"date":"2010-01-17T11:29:39","date_gmt":"2010-01-17T10:29:39","guid":{"rendered":"http:\/\/www.luigiaccattoli.it\/blog\/?page_id=3301"},"modified":"2010-04-01T16:08:02","modified_gmt":"2010-04-01T14:08:02","slug":"chiara-badano-%e2%80%9cal-mio-funerale-cantate-forte%e2%80%9d","status":"publish","type":"page","link":"http:\/\/www.luigiaccattoli.it\/blog\/cerco-fatti-di-vangelo\/8-celebrazione-ecclesiale-della-propria-morte\/chiara-badano-%e2%80%9cal-mio-funerale-cantate-forte%e2%80%9d\/","title":{"rendered":"Chiara Badano: \u201cAl mio funerale cantate forte\u201d"},"content":{"rendered":"<p>\u201c<em>Al mio funerale non voglio gente che pianga, ma che canti forte. Io vado da Ges\u00f9 a cominciare un\u2019altra vita<\/em>\u201d: \u00e8 la consegna data da Chiara Badano (1971-1990) ad amici e parenti gli ultimi giorni prima della morte per tumore alle ossa. Se ne va prima del compimento dei 19 anni dopo aver preparato con la mamma e con le amiche la \u201cfesta di nozze\u201d, cio\u00e8 il proprio funerale: lei stessa spiega come confezionare l\u2019abito, sceglie musiche, fiori, canti e letture.<br \/>\nMuore il 7 ottobre e la preparazione \u201cliturgica\u201d Chiara l\u2019avvia l\u201911 agosto, il giorno del suo onomastico, che cade all\u2019indomani di un improvviso peggioramento che costringe i familiari a rinviare la festa che le hanno preparato. Ma va a trovarla il parroco e celebra la messa nella sua camera e in quell\u2019occasione \u2013 narra il sacerdote \u2013 \u201cChiara si mostr\u00f2 serena, capace di gestire se stessa e la sua malattia. Era lei, inoltre, a intonare i canti da lei stessa scelti precedentemente. Ebbi la sensazione di una forte, straordinaria presenza del soprannaturale\u201d.<br \/>\nTerminata la celebrazione di quella messa Chiara confida alla mamma e all\u2019amica prediletta, Chicca, di voler iniziare subito la preparazione della \u201csua messa\u201d, cio\u00e8 della messa per le sue esequie. \u201c<em>Quando entrer\u00f2 in chiesa<\/em> \u2013 dice risoluta alla mamma \u2013 <em>tu devi cantare perch\u00e9 io canter\u00f2 con te e devi stare attenta a pap\u00e0 perch\u00e9, se incomincia a piangere, fa rumore e disturba<\/em>\u201d.<br \/>\nParla della messa di addio come della celebrazione delle sue \u201cnozze\u201d. I preparativi sono cos\u00ec narrati dalla biografa Mariagrazia Magrini:<br \/>\n<em>Manda i genitori ad acquistare per se stessi un abito nuovo: quello per la sua festa nuziale e gioisce come nei preparativi di una festa nel vedere ci\u00f2 che hanno scelto. Nello stesso tempo descrive come desidera il proprio abito da sposa: bianco, lungo, molto semplice, con una fascia rosa in vita. Glielo cuce la mamma di Chicca; con grande forza d\u2019animo, l\u2019amica lo prova davanti a lei per sentirne il giudizio. Le piace, ne gode; \u00e8 semplice, proprio come lo desidera. <\/em><br \/>\n<em>Affida alla mamma gli ultimi dettagli: appena spirata, vuole essere lavata con l\u2019acqua, segno di purificazione, e pettinata in modo molto giovanile. Soprattutto le chiede di non piangere, perch\u00e9 \u201cquando in cielo arriva una ragazza di diciotto anni, si fa festa!\u201d Con Chicca sceglie le letture e le lodi, predispone il testo delle intenzioni per la preghiera dei fedeli e si fa coinvolgere attivamente, tanto che prova a leggere e a cantare, sebbene ormai con un filo di voce. <\/em><br \/>\nQueste le sue ultime parole: \u201c<em>Mamma, ciao. Sii felice perch\u00e9 io lo sono<\/em>\u201d. Uno degli ultimi giorni le aveva dato la consegna per il dopo: \u201c<em>Quando mi vestirai non dovrai piangere, ma dire: Adesso Chiara Luce non soffre pi\u00f9, vede Ges\u00f9<\/em>\u201d.<br \/>\nChiara Badano era nata a Sassello, sull\u2019Appennino ligure, il 29 ottobre 1971. Occhi grandi, sorriso comunicativo, intelligente e volitiva, vivace, allegra e sportiva: cos\u00ec \u00e8 descritta da chi la conobbe. Scopre di avere un tumore alle ossa in seguito a un dolore alla spalla avvertito giocando a tennis.<br \/>\nA nove anni era entrata nelle giovanissime dei Focolari e dopo la scoperta della malattia avr\u00e0 una fitta corrispondenza con la fondatrice dei Focolari Chiara Lubich, fino all\u2019ultimo quando dir\u00e0: \u201cDevo tutto a Dio e a Chiara\u201d. A lei chiese \u201cun nome nuovo\u201d, e la risposta fu \u201cChiara Luce\u201d.<br \/>\nLa sua malattia dura tre anni. La sua camera, in ospedale a Torino e a casa, \u00e8 luogo di incontro. I medici rimangono sconvolti dalla serenit\u00e0 con cui affronta le sofferenze. Rifiuta la morfina perch\u00e9 toglie lucidit\u00e0.<br \/>\nIl 19 dicembre 2009 il papa autorizza la pubblicazione di un decreto riguardante \u201cun miracolo attribuito all&#8217;intercessione della Venerabile Serva di Dio Chiara Badano, Laica; nata a Sassello (Italia) il 29 ottobre 1971 e ivi morta il 7 ottobre 1990\u201d. Il riconoscimento delle \u201cvirt\u00f9 eroiche\u201d era arrivato nel 2008. La beatificazione \u00e8 fissata per il 25 settembre 2010 al santuario romano del Divino Amore.<\/p>\n<p><strong>Ho conosciuto i genitori di Chiara Badano \u2013 Maria Teresa e Ruggiero Badano \u2013 nel maggio del 2006 in occasione di un convegno a San Giovanni Rotondo dove davano una \u201ctestimonianza\u201d e io ero l&#8217;intervistatore. Le parola di Chiara e le notizie qui riassunte sono tratte dal volume di Mariagrazia Magrini (vice postulatrice della causa di canonizzazione, anche lei presente a San Giovanni Rotondo insieme al postulatore, il vescovo Livio Maritano) <em>Di luce in luce. Un s\u00ec a Ges\u00f9. Chiara Badano<\/em>, San Paolo 2004. La citazione iniziale \u00e8 presa da <em>Avvenire<\/em>, 5 gennaio 2010. \u00a0C\u2019\u00e8 anche un sito intitolato a Chiara: <a href=\"http:\/\/www.chiaralucebadano.it\/\">www.chiaralucebadano.it<\/a>.<\/strong><\/p>\n<p><strong>[Gennaio 2010]<\/strong><\/p>\n","protected":false},"excerpt":{"rendered":"<p>\u201cAl mio funerale non voglio gente che pianga, ma che canti forte. Io vado da Ges\u00f9 a cominciare un\u2019altra vita\u201d: \u00e8 la consegna data da Chiara Badano (1971-1990) ad amici&#8230;<\/p>\n<div class=\"more-link-wrapper\"><a class=\"more-link\" href=\"http:\/\/www.luigiaccattoli.it\/blog\/cerco-fatti-di-vangelo\/8-celebrazione-ecclesiale-della-propria-morte\/chiara-badano-%e2%80%9cal-mio-funerale-cantate-forte%e2%80%9d\/\">Read More<span class=\"screen-reader-text\">Chiara Badano: \u201cAl mio funerale cantate forte\u201d<\/span><\/a><\/div>\n","protected":false},"author":1,"featured_media":0,"parent":2106,"menu_order":0,"comment_status":"open","ping_status":"closed","template":"","meta":{"_monsterinsights_skip_tracking":false,"_monsterinsights_sitenote_active":false,"_monsterinsights_sitenote_note":"","_monsterinsights_sitenote_category":0,"footnotes":""},"class_list":["post-3301","page","type-page","status-publish","hentry","excerpt"],"_links":{"self":[{"href":"http:\/\/www.luigiaccattoli.it\/blog\/wp-json\/wp\/v2\/pages\/3301","targetHints":{"allow":["GET"]}}],"collection":[{"href":"http:\/\/www.luigiaccattoli.it\/blog\/wp-json\/wp\/v2\/pages"}],"about":[{"href":"http:\/\/www.luigiaccattoli.it\/blog\/wp-json\/wp\/v2\/types\/page"}],"author":[{"embeddable":true,"href":"http:\/\/www.luigiaccattoli.it\/blog\/wp-json\/wp\/v2\/users\/1"}],"replies":[{"embeddable":true,"href":"http:\/\/www.luigiaccattoli.it\/blog\/wp-json\/wp\/v2\/comments?post=3301"}],"version-history":[{"count":6,"href":"http:\/\/www.luigiaccattoli.it\/blog\/wp-json\/wp\/v2\/pages\/3301\/revisions"}],"predecessor-version":[{"id":3358,"href":"http:\/\/www.luigiaccattoli.it\/blog\/wp-json\/wp\/v2\/pages\/3301\/revisions\/3358"}],"up":[{"embeddable":true,"href":"http:\/\/www.luigiaccattoli.it\/blog\/wp-json\/wp\/v2\/pages\/2106"}],"wp:attachment":[{"href":"http:\/\/www.luigiaccattoli.it\/blog\/wp-json\/wp\/v2\/media?parent=3301"}],"curies":[{"name":"wp","href":"https:\/\/api.w.org\/{rel}","templated":true}]}}