{"id":3363,"date":"2010-01-24T12:12:50","date_gmt":"2010-01-24T11:12:50","guid":{"rendered":"http:\/\/www.luigiaccattoli.it\/blog\/?page_id=3363"},"modified":"2010-01-24T12:15:09","modified_gmt":"2010-01-24T11:15:09","slug":"parabola-della-malata-che-si-ribella","status":"publish","type":"page","link":"http:\/\/www.luigiaccattoli.it\/blog\/cerco-fatti-di-vangelo\/21-parabole\/parabola-della-malata-che-si-ribella\/","title":{"rendered":"Parabola della malata che si ribella"},"content":{"rendered":"<p>Una donna colpita da grave malattia si ribella violentemente alle frasi di consolazione dette dalla \u201csolita suora invasata\u201d. Prima lo sfogo e poi qualche notizia:<\/p>\n<p><em>Tutti in vacanza, meno la solita suora invasata e forse solo superficiale, sana e scattante, che sostituisce la suora anziana e dolce che di solito mi porta la Comunione, e mi ha ripetuto quella frase che mi fa impazzire: \u201cIl Signore ti ama, ti vuole bene; per questo ti associa alla sua missione\u201d. Ma non ditele queste cose a uno che \u00e8 qui e che non sa come uscire da un buio totale, anche spirituale. Per favore, non ditele, non servono a niente, anzi creano dentro ancor pi\u00f9 ribellione.<\/em><br \/>\n<em>Insisteva nel dire che sono una \u201cprediletta\u201d perch\u00e9 Ges\u00f9 manda le prove a chi le pu\u00f2 sopportare&#8230; Ma quando ci sei dentro fino al collo, come fai a crederci? Ma lo sa quello che dice&#8230;? L\u2019ho scandalizzata di brutto, non ho voluto la Comunione. In quel momento ho voluto cos\u00ec tanto male a quella suora che non mi sembrava giusto nei confronti del Signore. Poi, verso sera, sono stata malissimo (non mi ricordo di essermi mai comportata in modo cos\u00ec scortese con qualcuno). Meno male che dopo cena \u00e8 passato da me il cappellano (subito informato dalla suora). Lui \u00e8 generosissimo: \u00e8 l\u2019unico qui dentro con cui riesco a parlare liberamente, dire le mie paure senza timore di essere tacitata. Se ne \u00e8 andato che era quasi mezzanotte: nell\u2019andare via mi ha chiesto: \u201cVuoi Ges\u00f9 Eucaristia?\u201d \u2013 \u201cCerto che s\u00ec!\u201d \u00c8 stato un momento speciale.<\/em><\/p>\n<p>Si tratta di una pagina di diario riportata alle pp. 194s \u2013 capitolo<em> Testimonianze<\/em> \u2013 del volume <em>L\u2019Oftal a Milano. Appunti di cronaca, spunti di riflessione<\/em>, Ancora, Milano 2009. Dell\u2019autrice del diario conosciamo le iniziali: V. B. Non sappiamo la citt\u00e0, n\u00e9 l\u2019et\u00e0. Il testo \u2013 pi\u00f9 ampio dei due paragrafi che ho riportato \u2013 nel volume \u00e8 preceduto da questa nota:<\/p>\n<p><em>La testimonianza che segue riporta l\u2019esperienza in diretta di una malattia potenzialmente mortale e altamente invalidante. Seguono poi riflessioni \u00aba caldo\u00bb dopo il raggiungimento di un sia pur precario equilibrio. Questi pensieri sono tratti da un diario privato della malata riesumato per questa circostanza, dietro nostra insistenza e consegnatoci con la preghiera di distruggerlo: \u00abForse oggi alcune cose non le riscriverei\u00bb. Oggi, a distanza di dodici anni, la nostra amica \u00e8 riuscita a riprendere in mano la sua vita e a fare volontariato.<\/em><\/p>\n","protected":false},"excerpt":{"rendered":"<p>Una donna colpita da grave malattia si ribella violentemente alle frasi di consolazione dette dalla \u201csolita suora invasata\u201d. Prima lo sfogo e poi qualche notizia: Tutti in vacanza, meno la&#8230;<\/p>\n<div class=\"more-link-wrapper\"><a class=\"more-link\" href=\"http:\/\/www.luigiaccattoli.it\/blog\/cerco-fatti-di-vangelo\/21-parabole\/parabola-della-malata-che-si-ribella\/\">Read More<span class=\"screen-reader-text\">Parabola della malata che si ribella<\/span><\/a><\/div>\n","protected":false},"author":1,"featured_media":0,"parent":2146,"menu_order":0,"comment_status":"open","ping_status":"closed","template":"","meta":{"_monsterinsights_skip_tracking":false,"_monsterinsights_sitenote_active":false,"_monsterinsights_sitenote_note":"","_monsterinsights_sitenote_category":0,"footnotes":""},"class_list":["post-3363","page","type-page","status-publish","hentry","excerpt"],"_links":{"self":[{"href":"http:\/\/www.luigiaccattoli.it\/blog\/wp-json\/wp\/v2\/pages\/3363","targetHints":{"allow":["GET"]}}],"collection":[{"href":"http:\/\/www.luigiaccattoli.it\/blog\/wp-json\/wp\/v2\/pages"}],"about":[{"href":"http:\/\/www.luigiaccattoli.it\/blog\/wp-json\/wp\/v2\/types\/page"}],"author":[{"embeddable":true,"href":"http:\/\/www.luigiaccattoli.it\/blog\/wp-json\/wp\/v2\/users\/1"}],"replies":[{"embeddable":true,"href":"http:\/\/www.luigiaccattoli.it\/blog\/wp-json\/wp\/v2\/comments?post=3363"}],"version-history":[{"count":3,"href":"http:\/\/www.luigiaccattoli.it\/blog\/wp-json\/wp\/v2\/pages\/3363\/revisions"}],"predecessor-version":[{"id":3367,"href":"http:\/\/www.luigiaccattoli.it\/blog\/wp-json\/wp\/v2\/pages\/3363\/revisions\/3367"}],"up":[{"embeddable":true,"href":"http:\/\/www.luigiaccattoli.it\/blog\/wp-json\/wp\/v2\/pages\/2146"}],"wp:attachment":[{"href":"http:\/\/www.luigiaccattoli.it\/blog\/wp-json\/wp\/v2\/media?parent=3363"}],"curies":[{"name":"wp","href":"https:\/\/api.w.org\/{rel}","templated":true}]}}