{"id":3428,"date":"2010-02-01T09:01:52","date_gmt":"2010-02-01T08:01:52","guid":{"rendered":"http:\/\/www.luigiaccattoli.it\/blog\/?page_id=3428"},"modified":"2010-02-01T09:01:52","modified_gmt":"2010-02-01T08:01:52","slug":"i-figli-del-rabbino-pacifici-salvati-dalle-suore-di-settignano","status":"publish","type":"page","link":"http:\/\/www.luigiaccattoli.it\/blog\/cerco-fatti-di-vangelo\/18-giusti-delle-nazioni\/i-figli-del-rabbino-pacifici-salvati-dalle-suore-di-settignano\/","title":{"rendered":"I figli del rabbino Pacifici salvati dalle suore di Settignano"},"content":{"rendered":"<p><em>Chi le parla \u00e8 figlio di Emanuele Pacifici e nipote del Rabbino Capo di Genova Riccardo Pacifici, morto ad Auschwitz insieme alla moglie Wanda. Se sono qui a parlare da questo luogo sacro, \u00e8 perch\u00e9 mio padre e mio zio Raffaele trovarono rifugio nel Convento delle Suore di Santa Marta a Firenze. Il debito di riconoscenza nei confronti di quell\u2019Istituto religioso \u00e8 immenso e il rapporto continua con le suore della nostra generazione: qui oggi \u00e8 presente suor Vittoria in rappresentanza delle consorelle. Lo Stato d\u2019Israele ha conferito al Convento la Medaglia dei Giusti fra le Nazioni. Questo non fu un caso isolato n\u00e9 in Italia n\u00e9 in altre parti d\u2019Europa. Numerosi religiosi si adoperarono, a rischio della loro vita, per salvare dalla morte certa migliaia di ebrei, senza chiedere nulla in cambio.<\/em> \u2013 Cos\u00ec ha parlato domenica 17 gennaio nella sinagoga di Roma il presidente della Comunit\u00e0 ebraica romana Riccardo Pacifici, salutando il papa.<br \/>\nScatenata dopo l\u20198 settembre 1943 la caccia all\u2019ebreo, Emanuele e Raffaele Pacifici, 12 e 5 anni, figli del rabbino di Genova Riccardo Pacifici, arrivano fuggiaschi a Firenze \u2013 insieme alla mamma Wanda \u2013 il 19 novembre 1943 e trovano un primo rifugio dalle suore Missionarie di Maria, in piazza del Carmine. Vengono accolti \u2013 su presentazione di don Leto Casini \u2013 dalla superiora madre Sandra Busnelli e dalla sua assistente suor Benedetta Vespignani. Ma vi passano una sola notte: in quella casa resta la mamma, che deve separarsi dai figli perch\u00e9 la stretta clausura impedisce che venga data ospitalit\u00e0 ai due figli maschi.<br \/>\nEmanuele e Raffaele gi\u00e0 la mattina del 20 vengono trasferiti a un collegio maschile retto dalle suore dell\u2019Istituto di Santa Marta, a Settignano, vicino Firenze, dove vengono presi in consegna da madre Marta Folcia e dove rimangono fino alla liberazione di Firenze. Il 26 novembre dal convento di piazza del Carmine la mamma telefona ai ragazzi informandoli che andr\u00e0 a trovarli la domenica seguente: ma non la rivedranno pi\u00f9, perch\u00e9 verr\u00e0 arrestata quella stessa notte e deportata ad Auschwitz dove gi\u00e0 \u00e8 stato internato il marito Riccardo. Poliziotti tedeschi accompagnati da italiani irrompono nel convento e catturano tutte le donne che vi sono rifugiate, tranne una che riesce a nascondersi e altre che si fanno passare per cittadine ungheresi.<br \/>\nAi due ragazzi le suore danno un falso cognome: Pallini. Suor Cornelia Cordini \u2013 che si occupa di loro \u2013 li protegge dalla curiosit\u00e0 degli altri ragazzi facendo loro recitare di nascosto le preghiere in ebraico e dando anche a loro il crocifisso da baciare, la sera, per evitare che gli altri si accorgano che loro due non sono cristiani, ma con uno stratagemma che rende innocuo il gesto: mette le dita sul crocifisso e dice a Emanuele e Raffaele di far finta di baciare il Cristo, poggiando le labbra sulle sue dita.<br \/>\nNell\u2019aprile del 1944 soldati tedeschi entrano nella scuola delle suore di Settignano occupandone un\u2019ala per un mese, ma senza accorgersi della presenza dei ragazzi ebrei. In giugno, con la liberazione di Firenze, arriva anche a Settignano la Brigata Ebraica ed Emanuele riconoscendo le mostrine ebraiche si fa riconoscere per ebreo e chiede di essere condotto \u2013 insieme al fratello \u2013 da loro parenti romani. La vicenda del salvataggio operato dalle suore \u00e8 narrata nel volume autobiografico di Emanuele Pacifici pubblicato dall\u2019editrice Giuntina di Firenze nel 1993 con il titolo <em>Non ti voltare<\/em>, che porta questa bella dedica che menziona anche le suore fiorentine:<br \/>\n<em>Ai sei milioni di ebrei morti nei campi di sterminio, vittime innocenti del razzismo nazista. A tutti quelli che sono caduti in guerra innocentemente senza sapere perch\u00e9. A mia moglie Gioia, ai miei figli Miriam e Riccardo. Alla memoria del mio caro fratello Raffaele e a Titti, Wanda e Daniel. Alla memoria dei miei cari zii Fernanda, Giuditta, Enrico e Carlo. A tutte le mie care Suore di Santa Marta. <\/em><br \/>\nIl \u201cmio caro fratello Raffaele\u201d \u00e8 il fratello minore che fu con Emanuele ospite delle suore. Il figlio Riccardo \u00e8 l\u2019attuale presidente della Comunit\u00e0 ebraica romana che ha salutato il papa in sinagoga. <em><\/em><\/p>\n<p><strong>Le notizie sui ragazzi Pacifici salvati dalle suore di Settignano le ho prese dal volume <em>I Giusti d\u2019Italia<\/em>, Mondadori 2004, alle pagine 77-79; dal volume di Emanuele Pacifici, <em>Non ti voltare<\/em>, Giuntina, Firenze 1993; da un articolo di Fabrizio Caccia pubblicato dal <em>Corriere della Sera<\/em> del 18 gennaio 2010.<\/strong><\/p>\n<p><strong>[Gennaio 2010]<\/strong><\/p>\n","protected":false},"excerpt":{"rendered":"<p>Chi le parla \u00e8 figlio di Emanuele Pacifici e nipote del Rabbino Capo di Genova Riccardo Pacifici, morto ad Auschwitz insieme alla moglie Wanda. Se sono qui a parlare da&#8230;<\/p>\n<div class=\"more-link-wrapper\"><a class=\"more-link\" href=\"http:\/\/www.luigiaccattoli.it\/blog\/cerco-fatti-di-vangelo\/18-giusti-delle-nazioni\/i-figli-del-rabbino-pacifici-salvati-dalle-suore-di-settignano\/\">Read More<span class=\"screen-reader-text\">I figli del rabbino Pacifici salvati dalle suore di Settignano<\/span><\/a><\/div>\n","protected":false},"author":1,"featured_media":0,"parent":2137,"menu_order":0,"comment_status":"open","ping_status":"closed","template":"","meta":{"_monsterinsights_skip_tracking":false,"_monsterinsights_sitenote_active":false,"_monsterinsights_sitenote_note":"","_monsterinsights_sitenote_category":0,"footnotes":""},"class_list":["post-3428","page","type-page","status-publish","hentry","excerpt"],"_links":{"self":[{"href":"http:\/\/www.luigiaccattoli.it\/blog\/wp-json\/wp\/v2\/pages\/3428","targetHints":{"allow":["GET"]}}],"collection":[{"href":"http:\/\/www.luigiaccattoli.it\/blog\/wp-json\/wp\/v2\/pages"}],"about":[{"href":"http:\/\/www.luigiaccattoli.it\/blog\/wp-json\/wp\/v2\/types\/page"}],"author":[{"embeddable":true,"href":"http:\/\/www.luigiaccattoli.it\/blog\/wp-json\/wp\/v2\/users\/1"}],"replies":[{"embeddable":true,"href":"http:\/\/www.luigiaccattoli.it\/blog\/wp-json\/wp\/v2\/comments?post=3428"}],"version-history":[{"count":1,"href":"http:\/\/www.luigiaccattoli.it\/blog\/wp-json\/wp\/v2\/pages\/3428\/revisions"}],"predecessor-version":[{"id":3429,"href":"http:\/\/www.luigiaccattoli.it\/blog\/wp-json\/wp\/v2\/pages\/3428\/revisions\/3429"}],"up":[{"embeddable":true,"href":"http:\/\/www.luigiaccattoli.it\/blog\/wp-json\/wp\/v2\/pages\/2137"}],"wp:attachment":[{"href":"http:\/\/www.luigiaccattoli.it\/blog\/wp-json\/wp\/v2\/media?parent=3428"}],"curies":[{"name":"wp","href":"https:\/\/api.w.org\/{rel}","templated":true}]}}