{"id":3808,"date":"2010-03-18T17:27:54","date_gmt":"2010-03-18T16:27:54","guid":{"rendered":"http:\/\/www.luigiaccattoli.it\/blog\/?page_id=3808"},"modified":"2021-06-01T22:12:03","modified_gmt":"2021-06-01T20:12:03","slug":"claudio-contarin-che-va-in-discoteca-e-parla-come-teresa-di-lisieux","status":"publish","type":"page","link":"http:\/\/www.luigiaccattoli.it\/blog\/cerco-fatti-di-vangelo\/20-preghiera-pubblica\/claudio-contarin-che-va-in-discoteca-e-parla-come-teresa-di-lisieux\/","title":{"rendered":"Claudio Contarin che va in discoteca e parla come Teresa di Lisieux"},"content":{"rendered":"<p>Ho letto il <em>Diario<\/em> di Claudio Contarin e devo parlarne subito tanto ne sono felice: esso gi\u00e0 modifica la mia preghiera, facendola pi\u00f9 corale e lieta. Questo volumetto senza pretese \u00e8 un qualcosa di unico: sono annotazioni contenute nell\u2019agenda di un ragazzo vicentino morto nel febbraio del 2008 a 19 anni in un incidente stradale, ma sono anche un dono dello Spirito alla nostra epoca. Parole semplici, mai rilette, anche sgrammaticate ma piene di cielo, sorprendenti quanto i primi appunti della coetanea Teresa di Lisieux. Preziose oggi che le parole cristiane si sono fatte rare sulla bocca dei ragazzi.<br \/>\nIl dono pi\u00f9 attraente in Claudio \u00e8 la continuata esperienza della comunione dei santi: espressione che non usa, ma realt\u00e0 che vive. Dialoga con gli angeli e i santi, Ges\u00f9 e Maria, il nonno Mario e Giovanni Paolo II come fossero compagni di partita e di gita. In questa comunione \u2013 poi \u2013 l\u2019elemento pi\u00f9 suo \u00e8 la percezione della possibilit\u00e0 a tutti donata della santit\u00e0.<\/p>\n<p><strong>Io ringrazio Alberto <\/strong><br \/>\n<strong>che mi ha donato a Dio<\/strong><br \/>\nEcco una lettera di buon Natale indirizzata a Ges\u00f9, scritta il 25 dicembre del 2007, nella quale Claudio parla del suo pap\u00e0 terreno \u2013 Alberto \u2013 e lo presenta al Padre che \u00e8 nei cieli e con la sua sconcertante facilit\u00e0 mistica dice tutto di s\u00e9 e di ognuno. Dice in particolare di Yossi, un bambino palestinese handicappato che il pap\u00e0 di Claudio aveva assistito in un\u2019esperienza giovanile di volontariato in Terra Santa. E ci\u00f2 che da Yossi \u00e8 venuto e che ora fa ricca la famiglia Contarin e \u2013 in qualche modo \u2013 tutta l\u2019umanit\u00e0.<br \/>\n<em>C\u2019era una volta un uomo, si chiamava Alberto. Non si sa bene come fosse prima ma si sa come \u00e8 ora. E c\u2019era un\u00a0bambino, si chiamava Yossi.<\/em><br \/>\n<em> Non poteva parlare n\u00e9 muoversi, soltanto gli occhi. Si sa che cosa era&#8230; ma adesso non si sa com\u2019\u00e8.<\/em><br \/>\n<em> Yossi era ammalato dalla nascita, una di quelle persone che si dice le loro vite non servono a niente.<\/em><br \/>\n<em> Eppure nessuno pi\u00f9 di Yossi ha aiutato Alberto.<\/em><br \/>\n<em> Alberto colto forse dal cielo era partito per Israele, l\u00e0 dove viveva Yossi. Dopo averlo conosciuto lo accud\u00ec, ci si affe\u00adzion\u00f2 e che momento magico fu quello!<\/em><br \/>\n<em>Ora Alberto \u00e8 tornato a casa, ha 5 figli e una bellissima moglie, al primo maschio ha messo nome Yossi [secondo nome di Claudio].<\/em><br \/>\n<em>La sua vita non \u00e8 pi\u00f9 la stessa: ad Alberto piace pregare, trovare un momento di pace e di sollievo con Dio. Usa tut\u00adte le sue energie per la sua famiglia usa tutto il suo cuor per Dio. Negli occhi di quel bambino ha visto Ges\u00f9, l\u2019ha aiutato e li in cielo qualcuno lotter\u00e0 per aprire la porta a lui.<\/em><br \/>\n<em>Ma, credo che non ci sar\u00e0 bisogno di alcuna lotta.<\/em><br \/>\n<em>Yossi, se \u00e8 vivo, ha circa trent\u2019anni, o \u00e8 un santo che mi\u00adracolosamente \u00e8 guarito ed annuncia Ges\u00f9 ad Israele o \u00e8 ancora in quel letto ad aiutare persone come Alberto (&#8230;).<\/em><br \/>\n<em>E quante persone si son gi\u00e0 salvate grazie a questi bam\u00adbini. E a chi dice che comunque non \u00e8 giusto che loro de\u00advono soffrire tanto io penso che non sa: l\u00ec nel suo poter parlare ne muovere, Yossi pensava a Dio vedeva probabil\u00admente Dio. E quel sorriso che gli faceva Alberto, solo an\u00adche per quel sorriso, valeva la pena di vivere una vita per quel sorriso!<\/em><br \/>\n<em>Per questa bella lettera io ringrazio Alberto che mi ha do\u00adnato a Dio.<\/em><\/p>\n<p><strong>Sta di fronte a Dio <\/strong><br \/>\n<strong>a nome di tutti<\/strong><br \/>\n<em>E insieme ringraziamo Yossi che l\u2019ha donato a noi. E infi\u00adne ringraziamo la Mamma, gli Angeli, i Santi dei cieli&#8230; e ringraziamo te Pap\u00e0 perch\u00e9 anche in questo Natale siamo tutti qui uniti. Grazie a Yossi?? <\/em><br \/>\n<em>SI. e grazie a Dio!!!! BUON NATALE DAVVERO. I tuoi figli\u2026 TUTTI!<\/em><br \/>\nLe parole chiave sono quelle finali: <em>I tuoi figli\u2026 TUTTI!<\/em> Cio\u00e8 i figli di Dio: perch\u00e9 non \u00e8 una lettera al padre terreno ma a quello celeste e i<em> tuoi figli <\/em>non sono i cinque figli di Alberto e Alessandra Contarin, tra i quali Claudio \u00e8 il secondo in ordine di et\u00e0, ma sono tutti gli uomini e le donne del mondo. Pu\u00f2 sembrare incredibile, ma Claudio quando parla a Dio lo fa sempre in presenza degli angeli e dei santi e a nome di tutta l\u2019umanit\u00e0.<br \/>\nAugurare buon Natale a nostro Signore pu\u00f2 essere un\u2019idea fanciullesca, appunto alla Teresa di Lisieux prima maniera, ma farlo a nome di tutta l\u2019umanit\u00e0 \u00e8 quanto mai appropriato. E\u2019 stare di fronte a Dio a nome di tutti, direbbe von Balthasar.<br \/>\nMa perch\u00e8 Claudio parla al Padre celeste del suo padre terreno? Per rendergli grazie di quanto ha operato nel suo pap\u00e0, dal quale \u2013 infine \u2013 egli, Claudio, \u00e8 stato \u201cdonato a Dio\u201d. Questa \u00e8 infatti la premessa alla lettera: \u201c<em>Ci sono tante storie da raccontare per descrivere il tuo amore per noi. Ne scelgo una<\/em>\u201d.<br \/>\nQuando scrive \u201ci santi del cielo\u201d Claudio pensa in grande. Nell\u2019insieme del <em>Diario<\/em> ne nomina 32, per complessive 87 volte in poco pi\u00f9 di cento pagine. Nomina 11 volte Teresa di Calcutta, 7 Francesco di Assisi, 6 San Domenico, 5 Nonno Mario; 4 Tommaso d\u2019Aquino, Elisabetta madre di Giovanni il Battista, Giovanni Bosco; 3 Faustina Kowalska, Bernadette di Lourdes, Giuseppina Bakita, Padre Pio, Veronica (che asciuga il volto di Ges\u00f9), Gandhi; 2 Chiara di Assisi, Antonio da Padova, Giovanni Battista, Ireneo di Lione.<\/p>\n<p><strong>Aiutami a far giocare <\/strong><br \/>\n<strong>la palla con il cuore<\/strong><br \/>\nA scorrere questo santorale uno si smarrisce e chiede: ma Claudio era un patito dei santuari? Nient\u2019affatto, rispondono i familiari. La playstation \u00e8 stata la sua passione di adolescente, va in discoteca, gioca a calcio, \u00e8 amante della fotografia, nel volume del diario ci sono foto in cui gioca con il pap\u00e0 e i fratelli, o scherzosamente lotta con la sorella maggiore. Non faceva parte di nessun gruppo parrocchiale o associativo.<br \/>\nIl rapporto con gli abitanti del cielo \u00e8 di una sorprendente familiarit\u00e0: \u201c<em>Oggi sono con San Domenico. Sono stato poi con San Giovanni Paolo II, San Giovanni il Battista e Gandhi, San Gandhi!<\/em>\u201d (31); \u201c<em>Oggi \u00e8 venuta a trovarmi Madre Teresa<\/em>\u201d (46); \u201c<em>Sono con il mio angelo<\/em>\u201d (71). Scrive una lettera agli angeli (114). Affida gli amici e i parenti ai singoli santi (28s).<br \/>\nInvita Ges\u00f9 a giocare: \u201c<em>Sono pieno di gioia stiamo organizzando una partita a pallone e chiss\u00e0 che vada tutto bene. Ma sia la tua volont\u00e0 e soprattutto vieni, con la Mamma, gli Angeli, i Santi dei cieli e santa mamma Rosa a giocare con noi!<\/em>\u201d (33).<br \/>\nIl 9 luglio del 2007 segna questo promemoria: \u201c<em>Programmare un giro con Ges\u00f9. Dove: in bici su per i colli<\/em>\u201d. E precisa, tra le \u201ccose da portare\u201d: \u201c<em>Qualcosa da mangiare e da bere, cos\u00ec da fare merenda con Ges\u00f9<\/em>\u201d (51).<br \/>\nLa conversazione con Ges\u00f9 riguarda anche il modo di giocare a calcio: \u201c<em>Aiutami a far giocare la palla con il cuore. A giocare a calcio come te. E con te<\/em>\u201d (66).<br \/>\nCon il Diario di Claudio entra nella storia della piet\u00e0 il linguaggio degli sms: \u201c<em>CIAO!! Da Nonno Mario &amp; Claudio Contarin &amp; tutti noi. T.V.B. (devo scappare)<\/em>\u201d.<\/p>\n<p><strong>Essere un cristiano <\/strong><br \/>\n<strong>grintoso e gioioso<\/strong><br \/>\nLa chiusa costante delle lettere-preghiera \u00e8 sempre quella del coinvolgimento di cielo e terra, se pure con decine di varianti: \u201c<em>S. Antonio di Padova, Claudio Contarin &amp; tutti noi<\/em>\u201d (45); \u201c<em>Claudio Contarin, Madre Teresa di Calcutta e tutti noi Ti vogliamo bene<\/em>\u201d (46).<br \/>\nCome ho gi\u00e0 osservato, quel \u201ctutti noi\u201d non vuol dire \u201cnoi di casa\u201d, ma \u201cnoi tutti sulla terra e nel cielo\u201d. Ho chiesto ai genitori Contarin se ci fosse un\u2019origine di quell\u2019espressione nel linguaggio di famiglia e mi hanno risposto che l\u2019ha inventata Claudio. In casa non sapevano nulla del diario: l\u2019hanno trovato e letto dopo la sua morte. Io li ringrazio sette volte d\u2019averlo pubblicato senza correzioni, neanche grammaticali.<br \/>\nL\u2019incidente \u00e8 avvenuto verso la mezzanotte dell\u20198 febbraio 2008. Erano quattro ragazzi, abituati a divertirsi in comitiva: con Claudio c\u2019erano Matteo, Riccardo e Francesco. Guidava Riccardo. Claudio aveva la patente da un anno. Dal giugno del 2007 era perito elettrotecnico. Appassionato di fotografia, contava di fare il fotografo collaborando con il pap\u00e0 (vedi il sito http:\/\/www.fotoamatorecontarin.it). Aveva la passione della letteratura fantasy e aveva scritto tre quaderni di un racconto di questo genere, mai pubblicato. Fumava e per la Quaresima si impegnava a non farlo (96).<br \/>\nOltre alla circolarit\u00e0 orante della comunione dei santi di cui \u00e8 intessuto (\u201c<em>Nella preghiera voglio rifugiare la mia vita<\/em>\u201d, 81), il diario sfiora vari temi che qui elenco: l\u2019avvertenza del peccato (questa parola ricorre una decina di volte, anche nella forma confessionale \u201cieri ho peccato\u201d e simili: 22, 50-52, 71, 81s, 89, 94, 96, 111); la libert\u00e0 dai moralismi (\u201c<em>Aiutare il prossimo senza giudicare come si comporta<\/em>\u201d, 117) e dalle \u201ctradizioni\u201d (\u201c<em>Non \u00e8 seguendo le leggi che ci si riempie d\u2019amore<\/em>\u201d, 109); la \u201cgrinta del cristiano\u201d (81 ma anche 38, 78, 81; 51: \u201c<em>Mostrer\u00f2 sempre un gran sorriso, grinta e voglia di aiutare gli altri<\/em>\u201d; 65: \u201c<em>Essere un cristiano grintoso e gioioso<\/em>\u201d); la chiamata di tutti alla santit\u00e0 (\u201c<em>C\u2019\u00e8 un santo in ciascuno di noi<\/em>\u201d, 78: e nella stessa pagina il memo \u201c<em>Calcio ore 18,30<\/em>\u201d); l\u2019aspirazione al \u201ccuore sincero\u201d (79) e a \u201cportare il cuore degli altri\u201d (82), alla preghiera dell\u2019umilt\u00e0 (70), della semplicit\u00e0 (95), della gratitudine (110, 113, 115).<\/p>\n<p><strong>Una santit\u00e0 donata <\/strong><br \/>\n<strong>diversa da quella canonica<\/strong><br \/>\nNel loro insieme questi temi ci raccontano la rapida fioritura di un sentimento cristiano sorgivo, pieno di vita e di gratitudine, che \u00e8 forse riassumibile in questa espressione, penso la pi\u00f9 ardita, che trovo a p. 88: \u201c<em>Lo Spirito Santo \u00e8 la parte di Dio che brilla in noi<\/em>\u201d.<br \/>\nIn Claudio e nel suo linguaggio \u201cfai da te\u201d vedo i segni di una santit\u00e0 donata dallo Spirito e dunque pi\u00f9 istruttiva, per intendere la condizione spirituale dell\u2019epoca, di quanto possa esserlo la santit\u00e0 canonica educata dalla Chiesa.<\/p>\n<p><strong>Claudio Contarin, <em>Dialogo. Riflessioni &amp; preghiere<\/em>, 117 pp., senza data ma 2009 \u00e8 pubblicato dalla vicentina Radio Oreb (tel. 0444.356065). Lo si pu\u00f2 leggere anche<a href=\"http:\/\/www.radioreb.org\/uploads\/2020\/02\/Diario-Claudio-Contarin.pdf\"> on line<\/a>. <\/strong><\/p>\n","protected":false},"excerpt":{"rendered":"<p>Ho letto il Diario di Claudio Contarin e devo parlarne subito tanto ne sono felice: esso gi\u00e0 modifica la mia preghiera, facendola pi\u00f9 corale e lieta. Questo volumetto senza pretese&#8230;<\/p>\n<div class=\"more-link-wrapper\"><a class=\"more-link\" href=\"http:\/\/www.luigiaccattoli.it\/blog\/cerco-fatti-di-vangelo\/20-preghiera-pubblica\/claudio-contarin-che-va-in-discoteca-e-parla-come-teresa-di-lisieux\/\">Read More<span class=\"screen-reader-text\">Claudio Contarin che va in discoteca e parla come Teresa di Lisieux<\/span><\/a><\/div>\n","protected":false},"author":1,"featured_media":0,"parent":2141,"menu_order":0,"comment_status":"open","ping_status":"closed","template":"","meta":{"_monsterinsights_skip_tracking":false,"_monsterinsights_sitenote_active":false,"_monsterinsights_sitenote_note":"","_monsterinsights_sitenote_category":0,"footnotes":""},"class_list":["post-3808","page","type-page","status-publish","hentry","excerpt"],"_links":{"self":[{"href":"http:\/\/www.luigiaccattoli.it\/blog\/wp-json\/wp\/v2\/pages\/3808","targetHints":{"allow":["GET"]}}],"collection":[{"href":"http:\/\/www.luigiaccattoli.it\/blog\/wp-json\/wp\/v2\/pages"}],"about":[{"href":"http:\/\/www.luigiaccattoli.it\/blog\/wp-json\/wp\/v2\/types\/page"}],"author":[{"embeddable":true,"href":"http:\/\/www.luigiaccattoli.it\/blog\/wp-json\/wp\/v2\/users\/1"}],"replies":[{"embeddable":true,"href":"http:\/\/www.luigiaccattoli.it\/blog\/wp-json\/wp\/v2\/comments?post=3808"}],"version-history":[{"count":3,"href":"http:\/\/www.luigiaccattoli.it\/blog\/wp-json\/wp\/v2\/pages\/3808\/revisions"}],"predecessor-version":[{"id":26617,"href":"http:\/\/www.luigiaccattoli.it\/blog\/wp-json\/wp\/v2\/pages\/3808\/revisions\/26617"}],"up":[{"embeddable":true,"href":"http:\/\/www.luigiaccattoli.it\/blog\/wp-json\/wp\/v2\/pages\/2141"}],"wp:attachment":[{"href":"http:\/\/www.luigiaccattoli.it\/blog\/wp-json\/wp\/v2\/media?parent=3808"}],"curies":[{"name":"wp","href":"https:\/\/api.w.org\/{rel}","templated":true}]}}