{"id":4183,"date":"2010-05-02T21:21:03","date_gmt":"2010-05-02T19:21:03","guid":{"rendered":"http:\/\/www.luigiaccattoli.it\/blog\/?page_id=4183"},"modified":"2010-05-02T21:21:03","modified_gmt":"2010-05-02T19:21:03","slug":"marco-piagentini-%e2%80%9cloro-sono-qui-accanto-a-me%e2%80%9d","status":"publish","type":"page","link":"http:\/\/www.luigiaccattoli.it\/blog\/cerco-fatti-di-vangelo\/20-preghiera-pubblica\/marco-piagentini-%e2%80%9cloro-sono-qui-accanto-a-me%e2%80%9d\/","title":{"rendered":"Marco Piagentini: \u201cLoro sono qui accanto a me\u201d"},"content":{"rendered":"<p><em>Difficile persino immaginare la catena di emozioni e difficolt\u00e0 nei giorni di un grande ustionato. Prima di uscire, ogni mattina, Marco deve medicarsi, farsi aiutare per indossare i tutori che proteggono la pelle. Ne porta uno anche sul volto, trasparente ma non abbastanza perch\u00e9 qualcuno non si volti a guardarlo. \u00abNon ci faccio caso. Esco e faccio una vita il pi\u00f9 possibile normale. Non posso arrendermi e chiudermi in casa. Buttarmi via sarebbe un gesto che Stefania e i bambini non meritano. Io sono cattolico. Loro sono qui, accanto a me e non posso deluderli\u00bb.<\/em><\/p>\n<p>Cos\u00ec parla Marco Piagentini, un grande ustionato sopravvissuto alla strage di Viareggio del 29 giugno 2009, quando un treno carico di Gpl esplode uccidendo 31 persone. Tra loro Stefania, moglie di Marco e i loro due figli pi\u00f9 piccoli, Luca e Lorenzo, quattro e due anni. Con il pap\u00e0 \u00e8 sopravvissuto Leonardo, il primo figlio che oggi ha nove anni.<\/p>\n<p><strong>Le parole cristiane di Marco sono nel racconto che egli ha fatto della sua vicenda a Giusi Fasano del <em>Corriere della Sera<\/em> nel <a href=\"http:\/\/www.corriere.it\/cronache\/10_aprile_02\/fasano-coma-tutto-bruciato-ma-sentivo_4b69fc16-3e23-11df-b5a6-00144f02aabe.shtml\">reportage \u201cEro in coma, tutto bruciato ma sentivo di voler vivere\u201d<\/a>, pubblicato il 2 aprile 2010.<\/strong><\/p>\n<p><strong>[Aprile 2010]<\/strong><\/p>\n","protected":false},"excerpt":{"rendered":"<p>Difficile persino immaginare la catena di emozioni e difficolt\u00e0 nei giorni di un grande ustionato. Prima di uscire, ogni mattina, Marco deve medicarsi, farsi aiutare per indossare i tutori che&#8230;<\/p>\n<div class=\"more-link-wrapper\"><a class=\"more-link\" href=\"http:\/\/www.luigiaccattoli.it\/blog\/cerco-fatti-di-vangelo\/20-preghiera-pubblica\/marco-piagentini-%e2%80%9cloro-sono-qui-accanto-a-me%e2%80%9d\/\">Read More<span class=\"screen-reader-text\">Marco Piagentini: \u201cLoro sono qui accanto a me\u201d<\/span><\/a><\/div>\n","protected":false},"author":1,"featured_media":0,"parent":2141,"menu_order":0,"comment_status":"open","ping_status":"closed","template":"","meta":{"_monsterinsights_skip_tracking":false,"_monsterinsights_sitenote_active":false,"_monsterinsights_sitenote_note":"","_monsterinsights_sitenote_category":0,"footnotes":""},"class_list":["post-4183","page","type-page","status-publish","hentry","excerpt"],"_links":{"self":[{"href":"http:\/\/www.luigiaccattoli.it\/blog\/wp-json\/wp\/v2\/pages\/4183","targetHints":{"allow":["GET"]}}],"collection":[{"href":"http:\/\/www.luigiaccattoli.it\/blog\/wp-json\/wp\/v2\/pages"}],"about":[{"href":"http:\/\/www.luigiaccattoli.it\/blog\/wp-json\/wp\/v2\/types\/page"}],"author":[{"embeddable":true,"href":"http:\/\/www.luigiaccattoli.it\/blog\/wp-json\/wp\/v2\/users\/1"}],"replies":[{"embeddable":true,"href":"http:\/\/www.luigiaccattoli.it\/blog\/wp-json\/wp\/v2\/comments?post=4183"}],"version-history":[{"count":2,"href":"http:\/\/www.luigiaccattoli.it\/blog\/wp-json\/wp\/v2\/pages\/4183\/revisions"}],"predecessor-version":[{"id":4185,"href":"http:\/\/www.luigiaccattoli.it\/blog\/wp-json\/wp\/v2\/pages\/4183\/revisions\/4185"}],"up":[{"embeddable":true,"href":"http:\/\/www.luigiaccattoli.it\/blog\/wp-json\/wp\/v2\/pages\/2141"}],"wp:attachment":[{"href":"http:\/\/www.luigiaccattoli.it\/blog\/wp-json\/wp\/v2\/media?parent=4183"}],"curies":[{"name":"wp","href":"https:\/\/api.w.org\/{rel}","templated":true}]}}