{"id":4199,"date":"2010-05-02T21:50:10","date_gmt":"2010-05-02T19:50:10","guid":{"rendered":"http:\/\/www.luigiaccattoli.it\/blog\/?page_id=4199"},"modified":"2013-06-25T09:35:08","modified_gmt":"2013-06-25T07:35:08","slug":"stefano-bellan-chiede-la-benedizione-a-un-mendicante","status":"publish","type":"page","link":"http:\/\/www.luigiaccattoli.it\/blog\/cerco-fatti-di-vangelo\/5-anche-in-ospedale-si-puo-essere-felici\/stefano-bellan-chiede-la-benedizione-a-un-mendicante\/","title":{"rendered":"Stefano Bellan chiede la benedizione a un mendicante"},"content":{"rendered":"<p>Qui si narra di un malato che sentendosi vicino alla morte, vedendo un mendicante disse che lo benediceva e ne chiese la benedizione: se avessimo l\u2019occhio alla vita eterna, faremmo tutti cos\u00ec. Il malato \u00e8 Stefano Bellan, di Casale Monferrato, che muore a diciannove anni nel 2005 appena rientrato da Lourdes dov\u2019\u00e8 andato con un pellegrinaggio dell\u2019Oftal, essendo colpito da un tumore rarissimo che si chiama rabdomiosarcoma alveolare, 25 casi nel mondo. Animatore dell\u2019oratorio e dei canti in parrocchia, Stefano vive da cristiano consapevole la veloce evoluzione della malattia che se lo porta via in dodici mesi. Questa \u00e8 la narrazione del viaggio a Lourdes fatta dal pap\u00e0 Luciano che l\u00e0 l\u2019aveva accompagnato:<\/p>\n<p><em>Alle piscine quel pomeriggio c\u2019era ressa. Ci attendeva un barelliere di Casale, il dott. Montiglio che ci fece entrare senza attendere molto. Stefano fu immerso e quando lo rivestirono, mi disse: \u201cAdesso, pap\u00e0, mi sento purificato\u201d. Questa frase fece commuovere tutti, tanto che il dr. Montiglio si mise a piangere. Io in quel momento capii quale fosse il vero significato per Stefano, di quella immersione, fatta di acqua benedetta e intrisa di fede. Uscimmo e mentre spingevo la sua carrozzella, gli vidi sul volto un bel sorriso. Mi disse: \u201cPap\u00e0, ho in me grande sofferenza, ma tanta gioia\u201d. Passiamo ancora una volta alla Grotta per pregare. In lui ci sono serenit\u00e0 e speranza; una gran voglia di guarire. In camera arrivarono i medici e poi don Unia, a cui Stefano disse: \u201cDon, se guarisco, voglio diventare un sacerdote\u201d. Io quella notte sperai che il Signore lo guarisse. Il 7 maggio, era il sabato, Stefano volle fare una seconda immersione alle piscine e alla sera partecip\u00f2 alla fiaccolata. Tutt\u2019intorno c\u2019erano le migliaia di fiammelle accese e nella mia mente pensavo a quel miracolo che non gli era concesso, e alle sue parole: \u201cPap\u00e0 la salute \u00e8 una cosa molto importante, ma per me c\u2019\u00e8 prima Dio. E io credo!\u201d<\/em><br \/>\n<em>Si avvicinava l\u2019ora della partenza e Stefano avrebbe voluto restare a Lourdes ancora. Si sentiva \u201ca casa sua\u201d. Muovendoci per tornare all\u2019Accueil, Stefano vide un mendicante. Mi fece fermare: \u201cDigli che lo benedico e che voglio la sua benedizione\u201d. <\/em><\/p>\n<p><strong>Dalle pagine 53s del volumetto <em>Stefano Bellan. Il fiore reciso di Porta Milano<\/em>, a cura di Maurizio Scagliotti e Gigi Busto, Portalupi Editore, Casale Monferrato\u00a0 2009, 76 pp., 10 euro. <a href=\"http:\/\/oftalcasale.blogspot.com\/2010\/03\/stefano-bellan-il-fiore-reciso-di-porta.html\">Qui<\/a> una scheda. Per la richiesta della benedizione a un mendicante si pu\u00f2 richiamare un passo delle Fonti Francescane: &#8220;Francesco si accostava a un vecchio mendicante, chiamato Alberto, chiedendogli lo benedicesse&#8221; (<em>Anonimo perugino<\/em> I, 8).<\/strong><\/p>\n<p><strong>[Aprile 2010]<\/strong><\/p>\n","protected":false},"excerpt":{"rendered":"<p>Qui si narra di un malato che sentendosi vicino alla morte, vedendo un mendicante disse che lo benediceva e ne chiese la benedizione: se avessimo l\u2019occhio alla vita eterna, faremmo&#8230;<\/p>\n<div class=\"more-link-wrapper\"><a class=\"more-link\" href=\"http:\/\/www.luigiaccattoli.it\/blog\/cerco-fatti-di-vangelo\/5-anche-in-ospedale-si-puo-essere-felici\/stefano-bellan-chiede-la-benedizione-a-un-mendicante\/\">Read More<span class=\"screen-reader-text\">Stefano Bellan chiede la benedizione a un mendicante<\/span><\/a><\/div>\n","protected":false},"author":1,"featured_media":0,"parent":2096,"menu_order":0,"comment_status":"open","ping_status":"closed","template":"","meta":{"_monsterinsights_skip_tracking":false,"_monsterinsights_sitenote_active":false,"_monsterinsights_sitenote_note":"","_monsterinsights_sitenote_category":0,"footnotes":""},"class_list":["post-4199","page","type-page","status-publish","hentry","excerpt"],"_links":{"self":[{"href":"http:\/\/www.luigiaccattoli.it\/blog\/wp-json\/wp\/v2\/pages\/4199","targetHints":{"allow":["GET"]}}],"collection":[{"href":"http:\/\/www.luigiaccattoli.it\/blog\/wp-json\/wp\/v2\/pages"}],"about":[{"href":"http:\/\/www.luigiaccattoli.it\/blog\/wp-json\/wp\/v2\/types\/page"}],"author":[{"embeddable":true,"href":"http:\/\/www.luigiaccattoli.it\/blog\/wp-json\/wp\/v2\/users\/1"}],"replies":[{"embeddable":true,"href":"http:\/\/www.luigiaccattoli.it\/blog\/wp-json\/wp\/v2\/comments?post=4199"}],"version-history":[{"count":3,"href":"http:\/\/www.luigiaccattoli.it\/blog\/wp-json\/wp\/v2\/pages\/4199\/revisions"}],"predecessor-version":[{"id":12030,"href":"http:\/\/www.luigiaccattoli.it\/blog\/wp-json\/wp\/v2\/pages\/4199\/revisions\/12030"}],"up":[{"embeddable":true,"href":"http:\/\/www.luigiaccattoli.it\/blog\/wp-json\/wp\/v2\/pages\/2096"}],"wp:attachment":[{"href":"http:\/\/www.luigiaccattoli.it\/blog\/wp-json\/wp\/v2\/media?parent=4199"}],"curies":[{"name":"wp","href":"https:\/\/api.w.org\/{rel}","templated":true}]}}