{"id":4253,"date":"2010-05-09T18:08:38","date_gmt":"2010-05-09T16:08:38","guid":{"rendered":"http:\/\/www.luigiaccattoli.it\/blog\/?page_id=4253"},"modified":"2010-05-09T18:08:38","modified_gmt":"2010-05-09T16:08:38","slug":"%e2%80%9ccredo-perche-mi-sento-amata%e2%80%9d","status":"publish","type":"page","link":"http:\/\/www.luigiaccattoli.it\/blog\/cerco-fatti-di-vangelo\/20-preghiera-pubblica\/%e2%80%9ccredo-perche-mi-sento-amata%e2%80%9d\/","title":{"rendered":"\u201cCredo perch\u00e9 mi sento amata\u201d"},"content":{"rendered":"<p><strong>Divagazione sulla fede da un libretto di Armando Drago<\/strong><br \/>\nNulla oggi \u00e8 cos\u00ec arduo come dire \u201cIo credo in Dio\u201d e darne ragione in parole comprensibili a chi ascolta. Io mi esercito a farlo a modo del giornalista che non porta pena ma non trovo le parole giuste e sto attento a ogni altro tentativo. Per questo motivo ho letto fino in fondo un libretto senza pretese e senza referenze intitolato <em>Credo in Dio perch\u00e8 \u00e8 il pi\u00f9 bravo<\/em> (scritto da Armando Drago e appena pubblicato dalla EDB, 168 pagine, 12 euro) e me ne \u00e8 venuto un qualche guadagno ai fini di quella ricerca.<br \/>\nSono 765 risposte alla domanda <em>Perch\u00e8 credi in Dio e nell\u2019altra vita?<\/em> che l\u2019autore ha rivolto \u2013 con la distribuzione di migliaia di foglietti \u2013 a chiunque gli capitasse a tiro, piccoli e grandi, noti e sconosciuti. Alcuni atei tranquilli, altri musulmani e buddisti. Chi della Campania e chi del Veneto, ma per lo pi\u00f9 toscani incontrati negli anni. Ne sono venute un migliaio di risposte e \u201cla maggior parte di esse\u201d \u00e8 finita in questo libretto, precedute dalla narrazione godibilissima delle rispostacce che il nostro si becca da chi a tutto pensa meno che a Dio.<\/p>\n<p><strong>\u201cPerch\u00e9 credi in Dio <\/strong><br \/>\n<strong>e nell\u2019altra vita?\u201d<\/strong><br \/>\nC\u2019\u00e8 chi risponde con rimando al catechismo e all\u2019<em>essere perfettissimo<\/em> (risposta 204); chi va sicuro: \u201cperch\u00e9 me lo dice il Vangelo\u201d (22); chi distingue: credo in Dio ma nell\u2019altra vita \u201cnon lo so\u201d (274). Chi cortocircuita: \u201cCredo perch\u00e9 credo\u201d (446). Chi d\u00e0 ragioni sorprendenti: \u201cPerch\u00e9 i bambini ci credono\u201d (338). Chi \u00e8 sincero da morire: \u201cPerch\u00e9 ne ho bisogno\u201d (301). Chi si arrende al primo colpo: \u201cNon te lo so dire\u201d (20).<br \/>\nFin qui uno si divaga a leggere. Ma ogni tanto viene una risposta impegnativa, almeno come formulazione personale di un luogo noto dell\u2019apologetica: perch\u00e9 mi ha dato la vita (risposta 314 e un\u2019altra quindicina), perch\u00e9 la mia vita non pu\u00f2 essere un caso (43 e un\u2019altra ventina), perch\u00e9 non pu\u00f2 finire cos\u00ec (41 e un\u2019altra ventina).<br \/>\nPi\u00f9 vive sono una serie di risposte che puntano sull\u2019esperienza personale: perch\u00e9 l\u2019ho incontrato (53 e altre nove), perch\u00e9 ho avuto delle prove (10 e altre sette), perch\u00e9 ricevo dei segnali (83 e un\u2019altra dozzina), perch\u00e9 quando chiedo mi risponde\u00a0 (91 e altre sei).<br \/>\nVivissime \u2013 per me \u2013 sono risultate le risposte che fanno riferimento all\u2019esperienza dell\u2019amore accolto e donato e ho gioito nel vedere che erano, come genere, le pi\u00f9 numerose: perch\u00e9 mi sento amato (296 e altre trenta), perch\u00e8 lo amo (271 e altre due), perch\u00e9 sento che mi \u00e8 vicino e \u2013 anzi \u2013 che \u00e8 dentro di me (229 e altre trenta), perch\u00e9 credo nell\u2019amore\u00a0 (392 e un\u2019altra trentina).<br \/>\nCome inchiesta questa del prode Armando non vale granch\u00e8: il \u201ccampione\u201d chiamato a rispondere \u00e8 casuale, l\u2019ordine in cui vengono riportate le risposte altrettanto. Ma ci\u00f2 che mi ha aiutato \u00e8 stata proprio l\u2019ingenuit\u00e0, voglio dire la genuinit\u00e0, di chi ha proposto la domanda e di chi ha risposto. Non serve per apprendere \u201cche cosa credono\u201d gli italiani di oggi, ma ci d\u00e0 alcune centinaia di risposte che vengono dal cuore.<\/p>\n<p><strong>Che pu\u00f2 venire di buono <\/strong><br \/>\n<strong>da Bonistallo?<\/strong><br \/>\nArmando Drago \u00e8 nato a Baone, Padova, nel 1950 e vive a Bonistallo, che credo si trovi dalle parti di Prato: egli dice ogni tanto \u201cBonistallo\u201d e nient\u2019altro come fosse un luogo importante. E\u2019 un uomo semplice ma conosce il mondo. Ha lavorato per una ventina d\u2019anni in Svizzera come tecnico di macchine industriali, interprete e allenatore di calcio. Non ha timore di abbordare uno sconosciuto e di chiedergli perch\u00e9 crede in Dio.<br \/>\nCome accennavo, tra tutte preferisco le affermazioni che parlano della fede come dono che viene a noi nell\u2019amore. \u201c<em>Perch\u00e9 mi sento amata di un amore grandissimo<\/em>\u201d \u00e8 la risposta pi\u00f9 bella tra tutte quelle del libretto: ha il numero 15 ed \u00e8 di una donna che si chiama Liliana, nata nel 1973: dunque oggi ha 37 anni. La risposta 494 suona come l\u2019altra faccia di questa medaglia: \u201c<em>Solo amando siamo immortali perch\u00e9 l\u2019amore \u00e8 Dio<\/em>\u201d.<br \/>\nSe la fede mi viene da Dio, se \u00e8 \u201cgratia gratis data\u201d; e se Dio \u00e8 amore, allora questa fede non potr\u00e0 che essere chiamata all\u2019amore e risposta nell\u2019amore. Dunque \u201ccredo perch\u00e9 mi sento amata\u201d sta a segnalare questo aspetto: sono stata raggiunta da un Dio amore al quale cerco di affidarmi.<br \/>\nSuor Serena, 39 anni: \u201c<em>Dio \u00e8 per me evidenza sconfinata, da sempre. La vita eterna: un abbraccio senza fine iniziato tanti anni fa. Come posso dubitare di un abbraccio?<\/em>\u201d (511). Emanuela 1964: \u201cIo ti amo, Signore, per avermi amata\u201d\u00a0 (719). Antonietta 1936: \u201cLui \u00e8 mio padre, io sua figlia\u201d (505). Maria Luisa: \u201cIl giorno in cui sono nata, sono nata per sempre\u201d (421).<br \/>\nUn\u2019altra risposta travolgente \u00e8 di una donna di 46 anni che non mette il nome e scrive: \u201c<em>Perch\u00e9 l\u2019amore che porto dentro sento che \u00e8 inesauribile<\/em>\u201d (421). Anche la sofferenza vinta nell\u2019amore pu\u00f2 portare a Dio: \u201cA volte il dolore ci offusca la vista, ma fa venire fuori la nostra capacit\u00e0 di amore. Questa \u00e8 esperienza di Dio\u201d (283).<\/p>\n<p><strong>\u201cCredo perch\u00e9 sono felice\u201d: <\/strong><br \/>\n<strong>questa s\u00ec che \u00e8 una risposta<\/strong><br \/>\nDello stesso genere \u2013 io credo \u2013 \u00e8 la risposta di una suor Giovanna che al numero 11 dice: \u201c<em>Perch\u00e9 c\u2019\u00e8 questo grande mondo dentro di me<\/em>\u201d. Sono 17 le risposte con questa tonalit\u00e0. Una delle pi\u00f9 efficaci, di una persona di sessant\u2019anni afferma: \u201cCredo in Dio perch\u00e9 lo sento dentro di me e ho bisogno di lui\u201d.<br \/>\nUna \u2013 anomina e senza data \u2013 dice che crede in Dio \u201cperch\u00e9 mi sento parte di lui\u201d (251). Cinque affermano di credere per l\u2019esperienza della felicit\u00e0 e qui mi sono fermato, ho passeggiato un poco per il corridoio, ho aperto la finestra che c\u2019\u00e8 al centro e mi sono detto \u2013 tutto contento \u2013 che la via della gratitudine non \u00e8 preclusa ai nostri giorni: credo \u201cperch\u00e9 sono felice\u201d (263), perch\u00e9 \u201ctroppo bella \u00e8 la mia vita\u201d (285), \u201cperch\u00e9 mi ha regalato un figlio bellissimo e un marito fantastico e sono felice\u201d (319), \u201cperch\u00e9 \u00e8 una cosa che mi rende felice\u201d (328), \u201cfelice di essere qui\u201d (509). Quello che ha scritto di credere perch\u00e9 \u00e8 felice si chiama Luigi come me: gli ho mandato un bacio.<br \/>\nRitengo che la motivazione che rimanda all\u2019amore sia oggi la meglio ricevibile dai non credenti. Se io dico che credo perch\u00e9 mi sento amato, l\u2019altro pu\u00f2 intuire in che cosa consista la mia condizione di grazia che egli non ha ancora sperimentato e magari potr\u00e0 disporsi ad attenderla. Se invece rimando alla ragione o al cosmo, l\u2019altro si sentir\u00e0 tagliato fuori. Anche qui vale \u2013 mi pare \u2013 l\u2019aforisma di von Balthasar: \u201c<em>Solo l\u2019amore \u00e8 credibile<\/em>\u201d (titolo di un saggio del 1963, tradotto da Borla nel 1965). E mi allieta l\u2019impegno con cui papa Benedetto viene svolgendo la sua teologia dell\u2019amore.<\/p>\n<p><strong>\u201cPerch\u00e9 spero che dopo <\/strong><br \/>\n<strong>rivedr\u00f2 i miei cari\u201d<\/strong><br \/>\nIl signor Armando \u2013 che ha armato questo arsenale di risposte \u2013 immagino si meraviglier\u00e0 della mia elaborazione. Ha trafficato per un decennio con i suoi bigliettini mosso da un fuoco che gli si era acceso dentro con la morte della moglie che si chiamava Angelina. Racconta anche che una volta la sogn\u00f2 e gli parve che gli chiedesse di fare qualcosa per le persone di colore che aveva con s\u00e9. E allora Armando, che \u00e8 un uomo pratico, ha unito due obiettivi: interrogarsi e interrogare su Dio e la vita eterna, nella quale attende di ritrovare Angelina; e dare il ricavato della pubblicazione a un ospedale in Africa.<br \/>\nCome autore di svariati libretti immagino che l\u2019aiuto all\u2019Africa sar\u00e0 minimo, ma consiglio la lettura delle brevi e sapide risposte. Forse provocati dalla ragione dell\u2019iniziativa \u2013 la memoria della sposa \u2013 molte risposte cavano una ragione di fede dal desiderio del ricongiungimento con i familiari: \u201c<em>Credo nell\u2019altra vita perch\u00e9 spero che quando morir\u00f2 rivedr\u00f2 i miei cari<\/em>\u201d (risposta 13 e altre trenta).<br \/>\nUna fede basata sulla speranza. Un poco simile a quella di chi \u2013 come abbiamo visto \u2013 riconosce che crede perch\u00e9 ne ha bisogno. La formulazione \u00e8 ingenua, ma la questione \u00e8 seria. Ed \u00e8 nota alla Scrittura e al Credo: \u201c<em>Aspetto la risurrezione dei morti e la vita del mondo che verr\u00e0<\/em>\u201d.<br \/>\nCos\u00ec la formula lo stesso autore del libretto alla risposta 26: \u201c<em>Ho conosciuto e conosco l\u2019amore di mia moglie per me, per i miei figli, per la mia famiglia, per gli altri, per i fiori e per la natura. Vivo con la speranza di rivederla un giorno e di restare per sempre con lei<\/em>\u201d.<br \/>\nIn chi trova un argomento per credere nel desiderio di rivedere le persone amate opera un rimando della fede all\u2019amore che io credo decisivo \u2013 come gi\u00e0 detto \u2013 per la presentazione del messaggio cristiano all\u2019umanit\u00e0 di oggi. Ma ogni argomento tratto dal vissuto \u00e8 controvertibile. Ecco per esempio alla risposta 176 un suo rovesciamento a opera di un tale che si firma Corrado 1934 e che dunque oggi ha 76 anni: \u201c<em>Dalla morte di mia moglie mi sono disorientato. Credo soltanto se tocco<\/em>\u201d.<\/p>\n<p><strong>Ceronetti: \u201cHo cercato <\/strong><br \/>\n<strong>e aspettato durante tutta la vita\u201d<\/strong><br \/>\nDicevo che nel libretto non mancano \u2013 ma sono una manciata \u2013 i personaggi noti. Tra essi Enzo Biagi, che alla risposta 227 rimanda anch\u2019egli all\u2019argomento del ricongiungimento: \u201c<em>In Dio? Alti e bassi. Nell\u2019altra vita s\u00ec!, perch\u00e9 rivedr\u00f2 i miei cari<\/em>\u201d. Qui \u00e8 evidente che il desiderio prevale sul convincimento e lo fonda per intero.<br \/>\nC\u2019\u00e8 anche una risposta di Guido Ceronetti che \u00e8 la pi\u00f9 lunga di tutto il libretto e che nella prima parte dice cos\u00ec: \u201cNon mi pare che Dio sia raggiungibile da un pensiero umano, anche se sublime. Si \u00e8 sempre costretti ad accontentarci di poco, troppo poco. Chiss\u00e0 se un giorno Dio vorr\u00e0 rivelarsi di pi\u00f9, rompendo il suo silenzio\u2026 Io posso dire soltanto che ho cercato e aspettato durante tutta una ormai lunga vita\u201d. Ho letto tanto di Guido e so la tenacia della sua ricerca. Essa rispuntava anche in una serata recente da Fabio Fazio, nella trasmissione <em>Che tempo che fa<\/em> (9 febbraio 2009). Io sto con Ceronetti e con la sua invocazione a Dio perch\u00e9 venga in soccorso alla nostra attesa.<\/p>\n<p>Da <em> Il Regno<\/em> 8\/2010<\/p>\n","protected":false},"excerpt":{"rendered":"<p>Divagazione sulla fede da un libretto di Armando Drago Nulla oggi \u00e8 cos\u00ec arduo come dire \u201cIo credo in Dio\u201d e darne ragione in parole comprensibili a chi ascolta. Io&#8230;<\/p>\n<div class=\"more-link-wrapper\"><a class=\"more-link\" href=\"http:\/\/www.luigiaccattoli.it\/blog\/cerco-fatti-di-vangelo\/20-preghiera-pubblica\/%e2%80%9ccredo-perche-mi-sento-amata%e2%80%9d\/\">Read More<span class=\"screen-reader-text\">\u201cCredo perch\u00e9 mi sento amata\u201d<\/span><\/a><\/div>\n","protected":false},"author":1,"featured_media":0,"parent":2141,"menu_order":0,"comment_status":"open","ping_status":"closed","template":"","meta":{"_monsterinsights_skip_tracking":false,"_monsterinsights_sitenote_active":false,"_monsterinsights_sitenote_note":"","_monsterinsights_sitenote_category":0,"footnotes":""},"class_list":["post-4253","page","type-page","status-publish","hentry","excerpt"],"_links":{"self":[{"href":"http:\/\/www.luigiaccattoli.it\/blog\/wp-json\/wp\/v2\/pages\/4253","targetHints":{"allow":["GET"]}}],"collection":[{"href":"http:\/\/www.luigiaccattoli.it\/blog\/wp-json\/wp\/v2\/pages"}],"about":[{"href":"http:\/\/www.luigiaccattoli.it\/blog\/wp-json\/wp\/v2\/types\/page"}],"author":[{"embeddable":true,"href":"http:\/\/www.luigiaccattoli.it\/blog\/wp-json\/wp\/v2\/users\/1"}],"replies":[{"embeddable":true,"href":"http:\/\/www.luigiaccattoli.it\/blog\/wp-json\/wp\/v2\/comments?post=4253"}],"version-history":[{"count":1,"href":"http:\/\/www.luigiaccattoli.it\/blog\/wp-json\/wp\/v2\/pages\/4253\/revisions"}],"predecessor-version":[{"id":4254,"href":"http:\/\/www.luigiaccattoli.it\/blog\/wp-json\/wp\/v2\/pages\/4253\/revisions\/4254"}],"up":[{"embeddable":true,"href":"http:\/\/www.luigiaccattoli.it\/blog\/wp-json\/wp\/v2\/pages\/2141"}],"wp:attachment":[{"href":"http:\/\/www.luigiaccattoli.it\/blog\/wp-json\/wp\/v2\/media?parent=4253"}],"curies":[{"name":"wp","href":"https:\/\/api.w.org\/{rel}","templated":true}]}}