{"id":4672,"date":"2010-07-20T18:59:33","date_gmt":"2010-07-20T18:59:33","guid":{"rendered":"http:\/\/www.luigiaccattoli.it\/blog\/?page_id=4672"},"modified":"2010-07-20T19:02:16","modified_gmt":"2010-07-20T19:02:16","slug":"marco-tosatti-%e2%80%9ccosi-sono-tornato-cristiano%e2%80%9d","status":"publish","type":"page","link":"http:\/\/www.luigiaccattoli.it\/blog\/cerco-fatti-di-vangelo\/20-preghiera-pubblica\/marco-tosatti-%e2%80%9ccosi-sono-tornato-cristiano%e2%80%9d\/","title":{"rendered":"Marco Tosatti: \u201cCos\u00ec sono tornato cristiano\u201d"},"content":{"rendered":"<p>Marco Tosatti, collega della <em>Stampa<\/em>, cos\u00ec descrive la sua conversione, legandola alla testimonianza di fede ricevuta da papa Wojtyla: \u201c<em>L\u2019incontro con Giovanni Paolo II ha avuto uno sviluppo molto forte per me. Mi sono trovato di fronte a una persona che ho scoperto nella sua eccezionalit\u00e0 umana, nel suo carisma e intelligenza. La sua persona, dunque, mi poneva un problema: come conciliare questa sua personalit\u00e0 eccezionale, fuori dell\u2019ordinario, con il carattere intellettualmente problematico della sua preghiera? In altre parole mi poneva una domanda il modo in cui egli testimoniava una fede che aveva tratti quasi \u2018infantili\u2019 nella sua purezza (\u2026). Mi sono dedicato cos\u00ec alla lettura di saggi e libri sulla storia dei Vangeli e sugli Atti degli Apostoli da cui ho ricavato l\u2019impressione che, nella Palestina di allora, intorno alla persona di Ges\u00f9 \u00e8 successo davvero qualcosa di straordinario (\u2026). C\u2019\u00e8 stata una componente di cuore, certamente, ma anche un\u2019altra di studio e ricerca, se cos\u00ec si pu\u00f2 dire. Tutto ci\u00f2 si \u00e8 tradotto in un ritorno, un riavvinamento che non \u00e8 esente dal dubbio (\u2026) per\u00f2 \u00e8 accompagnato dalla tranquilla consapevolezza che tutto \u00e8 cos\u00ec, semplicemente: una sensazione molto strana! Alla base di questo sentimento c\u2019\u00e8 un senso di abbandono fiducioso, per cui posso coabitare con il dubbio<\/em>\u201d.<\/p>\n<p>Un abbraccio di fratello a Marco, caro collega di tanti viaggi papali e altre trasferte di lavoro, conferenze stampa, corride telefoniche, cene e corse in taxi. Conoscevo un altro caso di un collega provocato a tornare cristiano dalla preghiera di Papa Wojtyla, quello di Domenico Del Rio: vedi in questa pagina al capitolo 7 LA VITA E\u2019 MUTATA MA NON E\u2019 TOLTA, paragrafo IL SANTO E\u2019 COLUI CHE ACCONSENTE ALLA MORTE.<\/p>\n<p><strong>La narrazione autobiografica di Marco Tosatti si trova nel libro di <a href=\"http:\/\/www.lorenzofazzini.it\">Lorenzo Fazzini<\/a>, NUOVI CRISTIANI D\u2019EUROPA (Lindau editore 2009, prefazione di Lucetta Scaraffia, 212 pagine, 16 euro) dove sono intervistati altri nove \u201cconvertiti\u201d: Giovanni Lindo Ferretti, Jean-Claude Guillebaud, Fabrice Hadjadj, Gabriele Kuby, Janne Haaland Matlari, Joseph Pearce, Marcello Pera, Eric-Emmanuel Schmitt, John Waters. <\/strong><\/p>\n<p><strong>[Novembre 2009]<\/strong><\/p>\n","protected":false},"excerpt":{"rendered":"<p>Marco Tosatti, collega della Stampa, cos\u00ec descrive la sua conversione, legandola alla testimonianza di fede ricevuta da papa Wojtyla: \u201cL\u2019incontro con Giovanni Paolo II ha avuto uno sviluppo molto forte&#8230;<\/p>\n<div class=\"more-link-wrapper\"><a class=\"more-link\" href=\"http:\/\/www.luigiaccattoli.it\/blog\/cerco-fatti-di-vangelo\/20-preghiera-pubblica\/marco-tosatti-%e2%80%9ccosi-sono-tornato-cristiano%e2%80%9d\/\">Read More<span class=\"screen-reader-text\">Marco Tosatti: \u201cCos\u00ec sono tornato cristiano\u201d<\/span><\/a><\/div>\n","protected":false},"author":1,"featured_media":0,"parent":2141,"menu_order":0,"comment_status":"open","ping_status":"closed","template":"","meta":{"_monsterinsights_skip_tracking":false,"_monsterinsights_sitenote_active":false,"_monsterinsights_sitenote_note":"","_monsterinsights_sitenote_category":0,"footnotes":""},"class_list":["post-4672","page","type-page","status-publish","hentry","excerpt"],"_links":{"self":[{"href":"http:\/\/www.luigiaccattoli.it\/blog\/wp-json\/wp\/v2\/pages\/4672","targetHints":{"allow":["GET"]}}],"collection":[{"href":"http:\/\/www.luigiaccattoli.it\/blog\/wp-json\/wp\/v2\/pages"}],"about":[{"href":"http:\/\/www.luigiaccattoli.it\/blog\/wp-json\/wp\/v2\/types\/page"}],"author":[{"embeddable":true,"href":"http:\/\/www.luigiaccattoli.it\/blog\/wp-json\/wp\/v2\/users\/1"}],"replies":[{"embeddable":true,"href":"http:\/\/www.luigiaccattoli.it\/blog\/wp-json\/wp\/v2\/comments?post=4672"}],"version-history":[{"count":3,"href":"http:\/\/www.luigiaccattoli.it\/blog\/wp-json\/wp\/v2\/pages\/4672\/revisions"}],"predecessor-version":[{"id":4676,"href":"http:\/\/www.luigiaccattoli.it\/blog\/wp-json\/wp\/v2\/pages\/4672\/revisions\/4676"}],"up":[{"embeddable":true,"href":"http:\/\/www.luigiaccattoli.it\/blog\/wp-json\/wp\/v2\/pages\/2141"}],"wp:attachment":[{"href":"http:\/\/www.luigiaccattoli.it\/blog\/wp-json\/wp\/v2\/media?parent=4672"}],"curies":[{"name":"wp","href":"https:\/\/api.w.org\/{rel}","templated":true}]}}