{"id":4690,"date":"2010-07-21T17:22:56","date_gmt":"2010-07-21T17:22:56","guid":{"rendered":"http:\/\/www.luigiaccattoli.it\/blog\/?page_id=4690"},"modified":"2010-07-21T17:22:56","modified_gmt":"2010-07-21T17:22:56","slug":"sabina-santilli-cieca-e-sorda-riesce-a-%e2%80%9cbisticciare-con-tutti%e2%80%9d","status":"publish","type":"page","link":"http:\/\/www.luigiaccattoli.it\/blog\/cerco-fatti-di-vangelo\/4-la-reazione-all%e2%80%99handicap\/sabina-santilli-cieca-e-sorda-riesce-a-%e2%80%9cbisticciare-con-tutti%e2%80%9d\/","title":{"rendered":"Sabina Santilli cieca e sorda riesce a \u201cbisticciare con tutti\u201d"},"content":{"rendered":"<p>\u201c<em>Il Gioved\u00ec Santo sera gettai intorno l\u2019ultimo sguardo nella camera; la mattina dopo udii l\u2019ultimo grido, seguito da una sbattuta di porta: da allora niente pi\u00f9. Troppo lungo sarebbe descrivere il salto dalla luce all\u2019ombra. Mi ritrovai rinchiusa in me stessa come un eremita nel mezzo della societ\u00e0, sola con le mie idee e i miei capricci<\/em>\u201d: chi parla cos\u00ec \u00e8 Sabina Santilli (1917-1999), cieca e sorda dall\u2019infanzia, eroica rivendicatrice dei diritti e delle possibilit\u00e0 dei cieco-sordi.<br \/>\nFiglia di contadini a San Benedetto dei Marsi, nel Fucino, a 7 anni diventa sorda e cieca a causa di una meningite e tale resta per tutta la vita: una vita straordinariamente ricca di viaggi e di corrispondenza, di attivit\u00e0 associative e di iniziative pubbliche, di piccole invenzioni e suggerimenti per facilitare la comunicazione e il lavoro ai menomati come lei. Con grandi sacrifici la famiglia la fa studiare a Roma e a Firenze. Apprende cinque lingue e tutte le tecniche di comunicazione per ciechi e sordi. Diviene bravissima nella dattilografia. Studia la condizione dei non vedenti e non udenti nei diversi paesi del mondo e propone iniziative legislative in loro aiuto in Italia. Nel 1964 fonda la Lega del Filo d\u2019Oro, che si occupa di riabilitazione e inserimento nella societ\u00e0 dei sordo-ciechi, ha sede a Osimo (Ancona) e sar\u00e0 resa famosa dalle campagne promoziona lidi Renzo Arbore. Nel 1976 fonda la rivista bimestrale per cieco-sordi in braille \u201cVoce nostra\u201d che dirige per molti anni.<br \/>\nPer l\u2019insieme della sua opera Sabina nel settembre del 1994 riceve l\u2019onorificenza di Grande Ufficiale della Repubblica Italiana dal Presidente Oscar Luigi Scalfaro.Nel 1987 aveva ricevuto da Giovanni Paolo II il riconoscimento della Santa Sede per meriti sociali \u201cPro Ecclesia et Pontifice\u201d. Fino al 1982 \u00e8 consulente dei sordo-ciechi a Roma, nella sede dell\u2019Unione Italiana Ciechi.<br \/>\nAscoltiamo ancora da lei come racconta i primi passi del proprio riscatto comunicativo, nella scuola romana Regina Margherita di Savoia diretta allora dal fondatore Augusto Romagnoli, pioniere della pedagogia per ciechi e sordi:<br \/>\n<em>Il Direttore, che mi seguiva da vicino con affetto e interessamento paterno, mi fece presto apprendere l&#8217;alfabeto digitale (inviatogli dallo stesso inventore), alfabeto a dattilografia sulla mano, molto semplice, e rapido, il quale mi rese la conversazione assai spigliata a corrente. Tanto pi\u00f9 che il Direttore diede disposizioni perch\u00e9 possibilmente tutti nell\u2019istituto imparassero a parlarmi; potevo cos\u00ec conversare, giocare, bisticciare con tutti, come gli altri. Avendo poi quasi contemporaneamente imparato il sistema di scrittura Braille, a scuola potei seguire normalmente il corso allo stesso ritmo a con gli stessi programmi scolastici degli altri. <\/em><br \/>\nDa adulta trova molte porte chiuse alle sue iniziative, sia nella politica sia nelle associazioni: \u201c<em>Di fronte a una problematica cos\u00ec complessa nessuno si sentiva preparato, o forse non avevo voce in capitolo neppure io? Ma esistevano queste vite, esisteva l\u2019imperativo del loro bisogno, superiore senza dubbio a quello degli altri minorati<\/em>\u201d.<br \/>\n\u201cEsistevano queste vite\u201d: \u00e8 la protesta cristiana in cui Sabina mette tutta se stessa. Svolge anche attivit\u00e0 ecclesiale nella sua terra di Abruzzo, \u00e8 assidua ai convegni e fonda un gruppo di volontari parrocchiali. Il vescovo di Avezzano Biagio Terrinoni (1977-1990) la fa conoscere nel 1987 a Papa Wojtyla, presentandola con una sua lettera come \u201cdonna di fede e di carit\u00e0\u201d e come \u201cla nostra Madre Teresa di Calcutta\u201d.<\/p>\n<p><strong>Nel sito dell\u2019<a href=\"http:\/\/www.legadelfilodoro.it\/\">Associazione Lega del Filo d\u2019oro<\/a> alla voce <em>Associazione<\/em> e poi <em>Breve storia<\/em> si pu\u00f2 vedere una foto di Sabina Santilli e trovare informazioni sulla sua opera. <a href=\"http:\/\/digilander.libero.it\/marruvium\/sabina_index.htm\">Qui<\/a> \u00e8 consultabile on line un\u2019antologia della biografia di Sabina scritta dalla sorella Loda Santilli, <em>Una italiana cieca e sorda<\/em>, editrice Casa Gastaldi, Milano1968, dalla quale ho tratto le citazioni del mio profilo. <\/strong><\/p>\n<p><strong>[Maggio 2010]<\/strong><\/p>\n","protected":false},"excerpt":{"rendered":"<p>\u201cIl Gioved\u00ec Santo sera gettai intorno l\u2019ultimo sguardo nella camera; la mattina dopo udii l\u2019ultimo grido, seguito da una sbattuta di porta: da allora niente pi\u00f9. Troppo lungo sarebbe descrivere&#8230;<\/p>\n<div class=\"more-link-wrapper\"><a class=\"more-link\" href=\"http:\/\/www.luigiaccattoli.it\/blog\/cerco-fatti-di-vangelo\/4-la-reazione-all%e2%80%99handicap\/sabina-santilli-cieca-e-sorda-riesce-a-%e2%80%9cbisticciare-con-tutti%e2%80%9d\/\">Read More<span class=\"screen-reader-text\">Sabina Santilli cieca e sorda riesce a \u201cbisticciare con tutti\u201d<\/span><\/a><\/div>\n","protected":false},"author":1,"featured_media":0,"parent":2093,"menu_order":0,"comment_status":"open","ping_status":"closed","template":"","meta":{"_monsterinsights_skip_tracking":false,"_monsterinsights_sitenote_active":false,"_monsterinsights_sitenote_note":"","_monsterinsights_sitenote_category":0,"footnotes":""},"class_list":["post-4690","page","type-page","status-publish","hentry","excerpt"],"_links":{"self":[{"href":"http:\/\/www.luigiaccattoli.it\/blog\/wp-json\/wp\/v2\/pages\/4690","targetHints":{"allow":["GET"]}}],"collection":[{"href":"http:\/\/www.luigiaccattoli.it\/blog\/wp-json\/wp\/v2\/pages"}],"about":[{"href":"http:\/\/www.luigiaccattoli.it\/blog\/wp-json\/wp\/v2\/types\/page"}],"author":[{"embeddable":true,"href":"http:\/\/www.luigiaccattoli.it\/blog\/wp-json\/wp\/v2\/users\/1"}],"replies":[{"embeddable":true,"href":"http:\/\/www.luigiaccattoli.it\/blog\/wp-json\/wp\/v2\/comments?post=4690"}],"version-history":[{"count":1,"href":"http:\/\/www.luigiaccattoli.it\/blog\/wp-json\/wp\/v2\/pages\/4690\/revisions"}],"predecessor-version":[{"id":4691,"href":"http:\/\/www.luigiaccattoli.it\/blog\/wp-json\/wp\/v2\/pages\/4690\/revisions\/4691"}],"up":[{"embeddable":true,"href":"http:\/\/www.luigiaccattoli.it\/blog\/wp-json\/wp\/v2\/pages\/2093"}],"wp:attachment":[{"href":"http:\/\/www.luigiaccattoli.it\/blog\/wp-json\/wp\/v2\/media?parent=4690"}],"curies":[{"name":"wp","href":"https:\/\/api.w.org\/{rel}","templated":true}]}}