{"id":4708,"date":"2010-07-22T09:13:56","date_gmt":"2010-07-22T09:13:56","guid":{"rendered":"http:\/\/www.luigiaccattoli.it\/blog\/?page_id=4708"},"modified":"2018-05-27T15:24:45","modified_gmt":"2018-05-27T13:24:45","slug":"leonella-sgorbati-%e2%80%9cdove-c%e2%80%99e-paura-non-c%e2%80%99e-amore%e2%80%9d","status":"publish","type":"page","link":"http:\/\/www.luigiaccattoli.it\/blog\/cerco-fatti-di-vangelo\/nuovi-martiri\/a-martiri-della-missione\/leonella-sgorbati-%e2%80%9cdove-c%e2%80%99e-paura-non-c%e2%80%99e-amore%e2%80%9d\/","title":{"rendered":"Leonella Sgorbati: \u201cDove c\u2019\u00e8 paura non c\u2019\u00e8 amore\u201d"},"content":{"rendered":"<p>\u201c<em>Anche i musulmani nella loro religione vera sanno che Dio \u00e8 tolleranza, Dio \u00e8 misericordia, Dio \u00e8 amore, Dio ama le sue creature. In realt\u00e0 non ci dovrebbero essere difficolt\u00e0 a lavorare insieme. E qui non ci sono<\/em>\u201d: cos\u00ec Leonella Sgorbati (Gazzola, Piacenza 9 dicembre 1940 \u2013 Mogadiscio 17 settembre 2006 &#8211; proclamata beata con il titolo di martire il 26 maggio 2018), missionaria della Consolata e infermiera, uccisa in Somalia da due attentatori somali, aveva parlato a una televisione austriaca, intervista riproposta dal TG 2 il 20 settembre 2006 in un servizio sul suo martirio. Suor Leonella ha pagato con la vita quelle parole, le pi\u00f9 importanti che un\u00a0cristiano possa pronunciare. L\u2019ultima\u00a0carta di fronte agli increduli. Cos\u00ec Papa Ratzinger aveva indicato quell\u2019ultima risorsa\u00a0parlando al santuario di Czestochowa il 26 maggio 2006: \u201cDeus caritas est: questa verit\u00e0 su Dio \u00e8 la pi\u00f9 importante, la pi\u00f9 centrale. A tutti coloro a cui \u00e8 difficile credere in Dio, io oggi ripeto: Dio \u00e8 amore\u201d.<br \/>\nAll\u2019<em>angelus<\/em> del 24 settembre 2006 Papa Benedetto aveva ricordato suor Leonella (che prima di andare suora si chiamava Rosa Maria Sgorbati) definendola \u201cserva dell\u2019amore e artigiana di pace\u201d. Aveva narrato il suo martirio della carit\u00e0 a commento di una sentenza della <em>Lettera di Giacomo<\/em> proposta dalla liturgia del giorno: \u201cUn frutto di giustizia viene seminato nella pace per coloro che fanno opera di pace\u201d (3,16-18). \u201cQueste parole \u2013 aveva continuato Benedetto \u2013 fanno pensare alla testimonianza di tanti cristiani che, con umilt\u00e0 e silenzio, spendono la vita al servizio degli altri a causa del Signore Ges\u00f9, operando concretamente come servi dell\u2019amore e perci\u00f2 \u2018artigiani\u2019 di pace. Ad alcuni \u00e8 chiesta talora la suprema testimonianza del sangue, come \u00e8 accaduto pochi giorni fa anche alla religiosa italiana suor Leonella Sgorbati, caduta vittima della violenza. Questa suora che da molti anni serviva i poveri e i piccoli in Somalia, \u00e8 morta pronunciando la parola \u2018perdono\u2019: ecco la pi\u00f9 autentica testimonianza cristiana, segno pacifico di contraddizione che dimostra la vittoria dell\u2019amore sull\u2019odio e sul male\u201d.<br \/>\nColpita da pi\u00f9 proiettili all\u2019uscita dall\u2019ospedale dove lavorava, le sue ultime parole sono state \u201c<em>Perdono, perdono, perdono<\/em>\u201d.<br \/>\nNel telegramma inviato alle consorelle il 19 settembre 2006, il Papa aveva descritto\u00a0Leonella come\u00a0\u201cfedele discepola del Vangelo\u201d che \u201csvolgeva con gioia\u201d il suo servizio alle popolazioni somale. Durante la trasmissione \u201cA sua immagine\u201d di Rai 1, prima e dopo la diretta dell\u2019angelus, una consorella e la superiora di suor Leonella avevano confermato la loro decisione di restare in Somalia, nonostante il consiglio del nostro Ministero degli Esteri di \u201clasciare il paese perch\u00e9 la situazione si \u00e8 fatta troppo pericolosa\u201d.<br \/>\nParlando dei pericoli che correva,\u00a0nella citata intervista\u00a0alla televisione austriaca Leonella aveva detto: \u201c<em>E\u2019 facile avere paura l\u2019uno dell\u2019altro, ma dove c\u2019\u00e8 paura non c\u2019\u00e8 amore<\/em>\u201d.<br \/>\nSempre nella trasmissione \u201cA sua immagine\u201d che si diceva, il conduttore aveva chiesto a suor Maria Bernarda, consorella di suor Leonella, se la logica evangelica comporti che i cristiani debbano \u201csempre\u201d cedere ai violenti e sempre \u201cpagare con il sangue\u201d. La suora non aveva avuto il tempo per una risposta completa, ma aveva detto questo: \u201c<em>Non dobbiamo dimenticare che con suor Leonella \u00e8 morto anche un somalo, la sua guardia del corpo, nell\u2019estremo tentativo di difenderla<\/em>\u201d.<\/p>\n<p><strong>Suora Missionaria della Consolata dal 1963, voti perpetui nel 1972, suor Leonella frequenta la scuola infermieri nel Regno Unito (1966 &#8211; 1968) ed \u00e8 in Kenya dal 1972 al 1999,\u00a0 prestando servizio al Consolata Hospital Mathari, Nyeri, e al Nazareth Hospital di Kiambu vicino a Nairobi. Dal 1985 \u00e8 il pi\u00f9 importante tutor della scuola infermieri incorporata al Nkubu Hospital, Meru. Dal 1993 \u00e8 per sei anni superiora regionale delle Suore Missionarie della Consolata del Kenya. Dopo un anno sabbatico trascorre alcuni mesi all&#8217;ospedale pediatrico di Mogadiscio, per studiare la possibilit\u00e0 di aprire una scuola infermieri nell\u2019ospedale retto dall&#8217;organizzazione SOS Villaggi dei Bambini (SOS Children&#8217;s Village). La scuola apre nel 2002 e le prime 34 infermiere si diplomano nel 2006. <a href=\"http:\/\/www.atma-o-jibon.org\/italiano4\/rit_bellaspiga5.htm\">Qui<\/a> una recensione di <em>Avvenire<\/em> al volume <em>Sacrificio e perdono<\/em> che a suor Leonella ha dedicato Eugenio Fornasari, pubblicato dall\u2019editore Agami. Vedi <a href=\"http:\/\/www.consolata.org\/new\/index.php\/96-spiritualita\/preghiere-missionarie\/14780-suor-leonella-sgorbati\">qui<\/a> la pagina a lei dedicata dal sito dei Missionari della Consolata. La beatificazione avvenuta a Piacenza il 26 maggio 2018 viene cos\u00ec ricordata da Papa Francesco all&#8217;angelus del 27 maggio: &#8220;Ieri a Piacenza \u00e8 stata proclamata Beata Leonella Sgorbati, suora Missionaria della Consolata, uccisa in odio alla fede a Mogadiscio (Somalia) nel 2006. La sua vita spesa per il Vangelo e al servizio dei poveri, come pure il suo martirio, rappresentano un pegno di speranza per l\u2019Africa e per il mondo intero&#8221;.<\/strong><\/p>\n<p><strong>[Maggio 2010 &#8211; con aggiornamento a maggio 2018]<\/strong><\/p>\n","protected":false},"excerpt":{"rendered":"<p>\u201cAnche i musulmani nella loro religione vera sanno che Dio \u00e8 tolleranza, Dio \u00e8 misericordia, Dio \u00e8 amore, Dio ama le sue creature. In realt\u00e0 non ci dovrebbero essere difficolt\u00e0&#8230;<\/p>\n<div class=\"more-link-wrapper\"><a class=\"more-link\" href=\"http:\/\/www.luigiaccattoli.it\/blog\/cerco-fatti-di-vangelo\/nuovi-martiri\/a-martiri-della-missione\/leonella-sgorbati-%e2%80%9cdove-c%e2%80%99e-paura-non-c%e2%80%99e-amore%e2%80%9d\/\">Read More<span class=\"screen-reader-text\">Leonella Sgorbati: \u201cDove c\u2019\u00e8 paura non c\u2019\u00e8 amore\u201d<\/span><\/a><\/div>\n","protected":false},"author":1,"featured_media":0,"parent":2206,"menu_order":0,"comment_status":"open","ping_status":"closed","template":"","meta":{"_monsterinsights_skip_tracking":false,"_monsterinsights_sitenote_active":false,"_monsterinsights_sitenote_note":"","_monsterinsights_sitenote_category":0,"footnotes":""},"class_list":["post-4708","page","type-page","status-publish","hentry","excerpt"],"_links":{"self":[{"href":"http:\/\/www.luigiaccattoli.it\/blog\/wp-json\/wp\/v2\/pages\/4708","targetHints":{"allow":["GET"]}}],"collection":[{"href":"http:\/\/www.luigiaccattoli.it\/blog\/wp-json\/wp\/v2\/pages"}],"about":[{"href":"http:\/\/www.luigiaccattoli.it\/blog\/wp-json\/wp\/v2\/types\/page"}],"author":[{"embeddable":true,"href":"http:\/\/www.luigiaccattoli.it\/blog\/wp-json\/wp\/v2\/users\/1"}],"replies":[{"embeddable":true,"href":"http:\/\/www.luigiaccattoli.it\/blog\/wp-json\/wp\/v2\/comments?post=4708"}],"version-history":[{"count":4,"href":"http:\/\/www.luigiaccattoli.it\/blog\/wp-json\/wp\/v2\/pages\/4708\/revisions"}],"predecessor-version":[{"id":21550,"href":"http:\/\/www.luigiaccattoli.it\/blog\/wp-json\/wp\/v2\/pages\/4708\/revisions\/21550"}],"up":[{"embeddable":true,"href":"http:\/\/www.luigiaccattoli.it\/blog\/wp-json\/wp\/v2\/pages\/2206"}],"wp:attachment":[{"href":"http:\/\/www.luigiaccattoli.it\/blog\/wp-json\/wp\/v2\/media?parent=4708"}],"curies":[{"name":"wp","href":"https:\/\/api.w.org\/{rel}","templated":true}]}}