{"id":4737,"date":"2010-07-23T15:02:25","date_gmt":"2010-07-23T15:02:25","guid":{"rendered":"http:\/\/www.luigiaccattoli.it\/blog\/?page_id=4737"},"modified":"2010-07-23T15:07:23","modified_gmt":"2010-07-23T15:07:23","slug":"antonio-thellung-%e2%80%9cmi-godo-la-mia-vecchiaia%e2%80%9d","status":"publish","type":"page","link":"http:\/\/www.luigiaccattoli.it\/blog\/cerco-fatti-di-vangelo\/6-una-razza-di-longevi\/antonio-thellung-%e2%80%9cmi-godo-la-mia-vecchiaia%e2%80%9d\/","title":{"rendered":"Antonio Thellung: \u201cMi godo la mia vecchiaia\u201d"},"content":{"rendered":"<p>\u201c<em>Non ho pi\u00f9 futuro, e del resto mi sembra di aver accumulato sufficienti elementi per aspirare a compiere la mia vita. Come sono contento! Non vorrei assolutamente tornare indietro, e neppure essere pi\u00f9 giovane, con tutto l\u2019affanno che comporta. Bellissimo, si intende, ma per una volta! Mi godo la mia vecchiaia mentre percorro l\u2019ultimo tratto: il presente che ancora mi \u00e8 dato di vivere lo sento come un surplus, e tanto pi\u00f9 considerando che la stragrande maggioranza delle persone che ho conosciuto, anonime o famose che fossero, sono morte pi\u00f9 giovani di me. Il pensiero della morte non mi angoscia, tanto che nel nostro duale ne parliamo sovente, con allegra commozione o austera ironia, ipotizzando talvolta di poter scegliere l\u2019ordine di arrivo, anche se non riesco mai a capire se amerei di pi\u00f9 curare la mia dolce sposa o esserne curato. Comunque sia, anche lei \u00e8 d\u2019accordo che ci piacerebbe andarcene insieme<\/em>\u201d: \u00e8 il bell\u2019incipit del capitolo \u201cFrequentare il mistero\u201d del volumetto di Antonio Thellung L\u2019INQUIETA FELICITA\u2019 DI UN CRISTIANO pubblicato dalle Paoline nel 2009 (pp.161, 12 euro).<\/p>\n<p>L\u2019inquietudine che \u00e8 nel titolo del volumetto \u2013 e anche nel titolo dell\u2019ultimo capitoletto CON ALLEGRA INQUIETUDINE \u2013 \u00e8 quella del cristiano che non finisce di indagare se la sua vita e i suoi sentimenti siano quelli di un semplice \u201csimpatizzante\u201d nei confronti di Ges\u00f9, o se egli possa considerarsi un \u201cdiscepolo\u201d. L\u2019inquietudine come \u201cprincipio di non appagamento\u201d \u2013 per usare un\u2019espressione di Aldo Moro \u2013 \u00e8 cara ai cristiani. Segnalo due testi di papa Benedetto intestati all\u2019<em>inquietudine<\/em>, sempre vista in positivo: la \u201csanta inquietudine di Cristo\u201d per la salvezza d\u2019ognuno e di tutti, di cui parl\u00f2 nell\u2019omelia di inizio del pontificato; e l\u2019elogio delle \u201cpersone che non si accontentano della realt\u00e0 esistente e non soffocano l\u2019inquietudine del cuore, quell\u2019inquietudine che rimanda l\u2019uomo a qualcosa di pi\u00f9 grande e lo spinge a intraprendere un cammino interiore\u201d, elogio che svolge a commento del detto evangelico \u201cbeati quelli che hanno fame e sete della giustizia\u201d nel volume Ges\u00f9 di Nazaret (Rizzoli 2007, p. 116).<\/p>\n<p>Antonio \u2013 che \u00e8 romano ma \u00e8 nato a Genova nel 1931 \u2013 cos\u00ec mi ha parlato un giorno del 2007 al telefono: \u201c<em>Ci\u00f2 che mi stupisce non \u00e8 il fatto che io sia bisnonno ma che mia figlia sia nonna. Sono gi\u00e0 due i suoi nipotini\u00a0e ancora non mi abituo a questa vertigine. La sento che dice al telefono \u2019sono\u00a0nonna\u2019 e di colpo avverto la profondit\u00e0 delle generazioni che sono venute da me e da Giulia, incredibile dono di Dio!<\/em>\u201d Nel corso di un\u2019altra telefonata \u2013 sempre del 2007 \u2013 gli chiedo come vanno le cose e dice: \u201c<em>Anche troppo bene!\u00a0 Ci abbiamo riflettuto, Giulia ed io, e abbiamo concluso che a noi il Signore ha mandato e manda cos\u00ec tanta grazia che si spreca<\/em>\u201d.<\/p>\n<p><strong>Nel capitolo 16 <em>Qui \u00e8 perfetta letizia<\/em> c\u2019\u00e8 un\u2019intervista ad Antonio Thellung intitolata <em><a href=\"http:\/\/www.luigiaccattoli.it\/blog\/?page_id=2738\">Assistendo i morenti ho imparato a essere felice<\/a><\/em>. Per completare la conoscenza di Antonio visita il suo vivacissimo <\/strong><a href=\"http:\/\/www.antoniothellung.it\/\"><strong>sito<\/strong><\/a><strong>. <\/strong><\/p>\n<p><strong>[Giugno 2010]<\/strong><\/p>\n","protected":false},"excerpt":{"rendered":"<p>\u201cNon ho pi\u00f9 futuro, e del resto mi sembra di aver accumulato sufficienti elementi per aspirare a compiere la mia vita. Come sono contento! Non vorrei assolutamente tornare indietro, e&#8230;<\/p>\n<div class=\"more-link-wrapper\"><a class=\"more-link\" href=\"http:\/\/www.luigiaccattoli.it\/blog\/cerco-fatti-di-vangelo\/6-una-razza-di-longevi\/antonio-thellung-%e2%80%9cmi-godo-la-mia-vecchiaia%e2%80%9d\/\">Read More<span class=\"screen-reader-text\">Antonio Thellung: \u201cMi godo la mia vecchiaia\u201d<\/span><\/a><\/div>\n","protected":false},"author":1,"featured_media":0,"parent":2099,"menu_order":0,"comment_status":"open","ping_status":"closed","template":"","meta":{"_monsterinsights_skip_tracking":false,"_monsterinsights_sitenote_active":false,"_monsterinsights_sitenote_note":"","_monsterinsights_sitenote_category":0,"footnotes":""},"class_list":["post-4737","page","type-page","status-publish","hentry","excerpt"],"_links":{"self":[{"href":"http:\/\/www.luigiaccattoli.it\/blog\/wp-json\/wp\/v2\/pages\/4737","targetHints":{"allow":["GET"]}}],"collection":[{"href":"http:\/\/www.luigiaccattoli.it\/blog\/wp-json\/wp\/v2\/pages"}],"about":[{"href":"http:\/\/www.luigiaccattoli.it\/blog\/wp-json\/wp\/v2\/types\/page"}],"author":[{"embeddable":true,"href":"http:\/\/www.luigiaccattoli.it\/blog\/wp-json\/wp\/v2\/users\/1"}],"replies":[{"embeddable":true,"href":"http:\/\/www.luigiaccattoli.it\/blog\/wp-json\/wp\/v2\/comments?post=4737"}],"version-history":[{"count":3,"href":"http:\/\/www.luigiaccattoli.it\/blog\/wp-json\/wp\/v2\/pages\/4737\/revisions"}],"predecessor-version":[{"id":4742,"href":"http:\/\/www.luigiaccattoli.it\/blog\/wp-json\/wp\/v2\/pages\/4737\/revisions\/4742"}],"up":[{"embeddable":true,"href":"http:\/\/www.luigiaccattoli.it\/blog\/wp-json\/wp\/v2\/pages\/2099"}],"wp:attachment":[{"href":"http:\/\/www.luigiaccattoli.it\/blog\/wp-json\/wp\/v2\/media?parent=4737"}],"curies":[{"name":"wp","href":"https:\/\/api.w.org\/{rel}","templated":true}]}}