{"id":4778,"date":"2010-07-24T07:53:01","date_gmt":"2010-07-24T07:53:01","guid":{"rendered":"http:\/\/www.luigiaccattoli.it\/blog\/?page_id=4778"},"modified":"2010-08-08T16:06:37","modified_gmt":"2010-08-08T16:06:37","slug":"franco-antonio-mizzi-%e2%80%9cscrivo-con-la-voce-a-lode-del-padre%e2%80%9d","status":"publish","type":"page","link":"http:\/\/www.luigiaccattoli.it\/blog\/cerco-fatti-di-vangelo\/4-la-reazione-all%e2%80%99handicap\/franco-antonio-mizzi-%e2%80%9cscrivo-con-la-voce-a-lode-del-padre%e2%80%9d\/","title":{"rendered":"Franco Antonio Mizzi: \u201cScrivo con la voce a lode del Padre\u201d"},"content":{"rendered":"<p>La Rete permette ai disabili di comunicare ben oltre la loro capacit\u00e0 \u2013 a volte menomata \u2013 di muoversi o di parlare: \u00e8 uno dei vantaggi dell\u2019era digitale. \u201cNon cammino e scrivo con la voce sul mio sito\u201d mi informa Franco Antonio Mizzi che ha realizzato un sito molto ben fatto, intitolato <em>A mio Padre<\/em> dal quale riporto alcuni passi della pagina AUTOBIOGRAFIA:<\/p>\n<p><em>Mi chiamo Franco Antonio Mizzi, sono nato nel 1954 e risiedo a Paderno Dugnano, Milano. All\u2019et\u00e0 di nove mesi sono stato colpito da meningite e fin da piccolo ho subito diversi interventi chirurgici: pi\u00f9 di 30 fino a ora. Nel 1967 vengo dimesso dall&#8217;istituto neurologico \u2013 dov\u2019ero stato undici anni \u2013 con la diagnosi: \u201caffetto da tetraparesi spastica\u201d con \u201critardo mentale irrecuperabile\u201d, e vengo ricoverato al Don Gnocchi di Torino per essere avviato a una scuola professionale. Qui incontro il maestro Carlo De Ponti che, dandomi fiducia, mi fa frequentare la scuola normale, cos\u00ec finisco la terza elementare e successivamente \u2013 al Don Gnocchi di Roma e poi a quello di Milano \u2013 il ciclo delle elementari e delle medie. Prima di uscire dal Don Gnocchi mi rifanno i test psicologici e risulta un\u2019intelligenza superiore alla media e non capiscono come i loro colleghi avessero potuto sbagliare la diagnosi.<\/em><br \/>\n<em>Mi iscrivo all\u2019Universit\u00e0 Cattolica e cerco un lavoro iscrivendomi al collocamento obbligatorio. Vengo mandato presso una ditta che per\u00f2 si rifiuta di assumermi e di fronte all\u2019ingiunzione del pretore del lavoro tenta di offrirmi cinque milioni affinch\u00e9 rinunci al posto. Rifiuto l\u2019offerta e vengo messo in un sottoscala da solo con una scrivania e la maggior parte delle ore lavorative non mi fanno fare niente. I primi tempi c\u2019era con me Maurizio, dipendente di quella ditta e sindacalista, che mi aveva aiutato nella battaglia per l\u2019assunzione. Un giorno mi chiese: \u201cSei cristiano?\u201d Io risposi: \u201cS\u00ec, certo che lo sono\u201d. \u201cAllora devi perdonare\u201d. E io: \u201cNon ce la faccio, non vedi come mi trattano?\u201d Ma lui ribad\u00ec: \u201cSe sei veramente cristiano devi perdonare\u201d. Mi comperai un crocefisso e lo appesi al muro: mi faceva compagnia nei momenti di sconforto, guardando Lui sulla croce trovavo la forza di andare avanti. <\/em><br \/>\n<em>Un brutto giorno, mentre mi trovavo sul luogo di lavoro, ebbi un grave infortunio. Rischiai di morire, ma fui soccorso in tempo. Gridai affinch\u00e9 mi sentissero, e mentre gridavo e speravo che mi soccorressero, perdonai i miei datori di lavoro. Poi che mor\u00ec mio padre nel 1982 rimasi solo al mondo e mi venne in mente la parabola dei gigli di campo e pensai: se non \u00e8 una favola, io ci credo. Da quel momento mi sono fidato ed affidato a Dio Padre, e cos\u00ec \u00e8 da ventisette anni.<br \/>\nNonostante io viva da solo, so che Lui \u00e8 qui con me, assieme a sua madre, che \u00e8 anche la mia, e insieme al mio angelo custode. Siamo ormai nel 2007, e la mia \u201cavventura\u201d continua e ogni volta che recito il Padre Nostro percepisco la Sua paternit\u00e0 e la Sua maternit\u00e0 insieme. \u00c8 da questo sentimento che \u00e8 nato il titolo di questo sito: <\/em>A mio Padre<em>.<\/em><\/p>\n<p><strong>E\u2019 stato Franco Antonio a segnalarmi con una e-mail il suo <a href=\"http:\/\/www.amiopadre.eu\/\">sito<\/a>, dopo aver scoperto il mio blog.<\/strong><\/p>\n<p><strong>[Giugno 2010]<\/strong><\/p>\n","protected":false},"excerpt":{"rendered":"<p>La Rete permette ai disabili di comunicare ben oltre la loro capacit\u00e0 \u2013 a volte menomata \u2013 di muoversi o di parlare: \u00e8 uno dei vantaggi dell\u2019era digitale. \u201cNon cammino&#8230;<\/p>\n<div class=\"more-link-wrapper\"><a class=\"more-link\" href=\"http:\/\/www.luigiaccattoli.it\/blog\/cerco-fatti-di-vangelo\/4-la-reazione-all%e2%80%99handicap\/franco-antonio-mizzi-%e2%80%9cscrivo-con-la-voce-a-lode-del-padre%e2%80%9d\/\">Read More<span class=\"screen-reader-text\">Franco Antonio Mizzi: \u201cScrivo con la voce a lode del Padre\u201d<\/span><\/a><\/div>\n","protected":false},"author":1,"featured_media":0,"parent":2093,"menu_order":0,"comment_status":"open","ping_status":"closed","template":"","meta":{"_monsterinsights_skip_tracking":false,"_monsterinsights_sitenote_active":false,"_monsterinsights_sitenote_note":"","_monsterinsights_sitenote_category":0,"footnotes":""},"class_list":["post-4778","page","type-page","status-publish","hentry","excerpt"],"_links":{"self":[{"href":"http:\/\/www.luigiaccattoli.it\/blog\/wp-json\/wp\/v2\/pages\/4778","targetHints":{"allow":["GET"]}}],"collection":[{"href":"http:\/\/www.luigiaccattoli.it\/blog\/wp-json\/wp\/v2\/pages"}],"about":[{"href":"http:\/\/www.luigiaccattoli.it\/blog\/wp-json\/wp\/v2\/types\/page"}],"author":[{"embeddable":true,"href":"http:\/\/www.luigiaccattoli.it\/blog\/wp-json\/wp\/v2\/users\/1"}],"replies":[{"embeddable":true,"href":"http:\/\/www.luigiaccattoli.it\/blog\/wp-json\/wp\/v2\/comments?post=4778"}],"version-history":[{"count":3,"href":"http:\/\/www.luigiaccattoli.it\/blog\/wp-json\/wp\/v2\/pages\/4778\/revisions"}],"predecessor-version":[{"id":4781,"href":"http:\/\/www.luigiaccattoli.it\/blog\/wp-json\/wp\/v2\/pages\/4778\/revisions\/4781"}],"up":[{"embeddable":true,"href":"http:\/\/www.luigiaccattoli.it\/blog\/wp-json\/wp\/v2\/pages\/2093"}],"wp:attachment":[{"href":"http:\/\/www.luigiaccattoli.it\/blog\/wp-json\/wp\/v2\/media?parent=4778"}],"curies":[{"name":"wp","href":"https:\/\/api.w.org\/{rel}","templated":true}]}}