{"id":4788,"date":"2010-07-24T08:04:18","date_gmt":"2010-07-24T08:04:18","guid":{"rendered":"http:\/\/www.luigiaccattoli.it\/blog\/?page_id=4788"},"modified":"2011-01-25T15:58:25","modified_gmt":"2011-01-25T15:58:25","slug":"paolo-e-chiara-merlini-%e2%80%9cci-siamo-fidati-di-dio%e2%80%9d","status":"publish","type":"page","link":"http:\/\/www.luigiaccattoli.it\/blog\/cerco-fatti-di-vangelo\/12-madri-e-padri-di-vocazione\/paolo-e-chiara-merlini-%e2%80%9cci-siamo-fidati-di-dio%e2%80%9d\/","title":{"rendered":"Paolo e Chiara Merlini: \u201cCi siamo fidati di Dio\u201d"},"content":{"rendered":"<p>Ecco due genitori coraggiosi, che perdono due figlie appena nate ma non perdono l\u2019apertura alla vita e ora hanno tre figli loro e una adottata.<\/p>\n<p><em>Siamo Paolo e Chiara, abbiamo 38 anni e siamo sposi da 9 anni. Siamo di Cremona dove viviamo l\u2019esperienza del cammino neocatecumenale nella parrocchia di Sant\u2019Ilario. Siamo entrambi portatori sani di una malattia genetica che si manifesta alla nascita, impedisce la respirazione e porta in breve alla morte. Quando ci siamo sposati l\u2019ignoravamo. Lorenzo, il nostro primogenito, \u00e8 nato bello e sano ma poco dopo \u00e8 arrivata Emanuela e la nostra vita \u00e8 stata ribaltata. Poche ore dopo la nascita comincia ad avere difficolt\u00e0 respiratorie. Da l\u00ec il trasferimento in un altro ospedale (Bergamo) pi\u00f9 attrezzato, l\u2019intubamento, l\u2019impotenza di fronte all\u2019inarrestabile peggioramento, infine la morte dopo 28 giorni di calvario. Quanto dolore in quel reparto di terapia intensiva neonatale!<\/em><br \/>\n<em>Chi non ha paura della sofferenza? Noi per primi ne abbiamo e tanta. Tuttavia il breve passaggio di questa figlia ci ha lasciato l\u2019evidenza che tutta questa sofferenza non \u00e8 stata inutile per l\u2019amore che Emanuela ha suscitato, nella nostra famiglia e al di fuori di essa. La maturazione di questa certezza ha sgombrato il campo a ogni dubbio: questa figlia non \u00e8 stata un incidente nel nostro progetto di felicit\u00e0, non \u00e8 per questo meno figlia di Lorenzo che \u00e8 vivo e sano. <\/em><br \/>\n<em>Dopo due anni \u00e8 in arrivo un\u2019altra bimba. Siamo consapevoli che comunque andr\u00e0 questa figlia \u00e8 benedetta e Benedetta la chiamiamo. Decidiamo in accordo con il primario del San Raffaele di Milano di non procedere a indagini genetiche prima della nascita, dal momento che non c\u2019\u00e8 la volont\u00e0 di abortire. Benedetta viene subito messa sotto osservazione. E\u2019 bellissima: siamo tutti fiduciosi. Dopo un giorno per\u00f2 le cose non vanno bene e al quarto giorno viene incubata. Grazie alla straordinaria condivisione umana del personale dell\u2019ospedale la nostra famiglia ha vissuto tutto quel tempo nella piccola sala di terapia intensiva neonatale. L\u2019esperienza di accompagnare Benedetta nel suo calvario \u00e8 stato per noi immergerci nel Mistero d\u2019Amore della passione di nostro Signore, come e con Maria ai piedi della croce. <\/em><br \/>\n<em>Nel 2002 comincia la quarta gravidanza, non cercata n\u00e9 evitata. Lorenzo ha quasi sei anni. Chiede anche lui che la sua nuova sorellina non salga subito in Cielo ma resti per giocare con lui. Nel maggio 2003 nasce Mariagloria. Dopo due giorni di osservazione la bimba, che respira perfettamente, ci viene \u201cconsegnata\u201d tra le braccia. E\u2019 per noi una gioia indescrivibile e una esperienza di resurrezione. Ora non sappiamo dove Dio voglia condurci, ma intendiamo fidarci di Lui, non di noi stessi sapendo che l\u00e0 dove c\u2019\u00e8 accoglienza alla vita passa Cristo. <\/em><br \/>\n<em>Un giorno dell\u2019ottobre del 2004, Chiara legge sulla rubrica \u201ccerco famiglia\u201d di <\/em>Avvenire<em> la richiesta di disponibilit\u00e0 all\u2019adozione per Sara, una bimba disabile peruviana di sei anni e segnala il nostro interesse. Veniamo invitati a recarci a Torino, dove ha sede l\u2019associazione, che media le adozioni dal Per\u00f9. Decidiamo di andarvi non senza aver discusso tra noi: in Paolo prevale la ragione, che vuole prudenza e in Chiara lo slancio materno. Chiediamo un tempo per decidere e decidiamo per il si. <\/em><br \/>\n<em>A met\u00e0 settembre 2005 siamo tutti e quattro a Lima, capitale del Per\u00f9, per conoscere Sara. L\u2019incontro avviene nell\u2019istituto dove Sarita risiede. Che stupore: Sara dal primo momento ci abbraccia e ci chiama mamma e pap\u00e0. Il 14, giorno dell\u2019esaltazione della S.Croce, viene a vivere con noi nell\u2019appartamento dove stiamo a Lima. Lei non pu\u00f2 camminare senza sostegni a causa di una paresi che le colpisce soprattutto le gambe, ma subito \u00e8 stata accettata cos\u00ec com\u2019\u00e8 dai suoi fratelli, come sorella. Certo non mancano le gelosie e la competizione tra loro, del resto normali, ma lo stupore si accresce nel vedere operare l\u2019accoglienza nei figli.<\/em><br \/>\n<em>Dopo un mese insieme in Per\u00f9, viene il ritorno in Italia e il rientro nella normalit\u00e0 con l\u2019inserimento a scuola per Sara. Quello che sar\u00e0 non lo sappiamo: il futuro non ci appartiene. Sappiamo per\u00f2 due cose: che c\u2019\u00e8 la Provvidenza di Dio misericordioso \u2013 sperimentata molte volte \u2013 e che il Signore ha assegnato alla nostra vocazione al matrimonio una missione nell\u2019apertura alla vita, nelle sue molteplici forme. <\/em><br \/>\n<em>Paolo e Chiara Merlini<\/em><\/p>\n<p><strong>Nel 2007 Maria Grazia resta di nuovo incinta e nasce Francesco Maria, quinto parto cesareo ma senza i problemi polmonari che avevano colpito le sorelline. <a href=\"http:\/\/www.mscperu.org\/neos\/ntestimonio\/paolochiara.htm\">Qui<\/a> <\/strong><strong>la \u201ctestimonianza\u201d dei due datata agosto 2006 e con aggiornamenti al gennaio 2007<\/strong><strong>. <\/strong><\/p>\n<p><strong>[Giugno 2010] <\/strong><\/p>\n","protected":false},"excerpt":{"rendered":"<p>Ecco due genitori coraggiosi, che perdono due figlie appena nate ma non perdono l\u2019apertura alla vita e ora hanno tre figli loro e una adottata. Siamo Paolo e Chiara, abbiamo&#8230;<\/p>\n<div class=\"more-link-wrapper\"><a class=\"more-link\" href=\"http:\/\/www.luigiaccattoli.it\/blog\/cerco-fatti-di-vangelo\/12-madri-e-padri-di-vocazione\/paolo-e-chiara-merlini-%e2%80%9cci-siamo-fidati-di-dio%e2%80%9d\/\">Read More<span class=\"screen-reader-text\">Paolo e Chiara Merlini: \u201cCi siamo fidati di Dio\u201d<\/span><\/a><\/div>\n","protected":false},"author":1,"featured_media":0,"parent":2120,"menu_order":0,"comment_status":"open","ping_status":"closed","template":"","meta":{"_monsterinsights_skip_tracking":false,"_monsterinsights_sitenote_active":false,"_monsterinsights_sitenote_note":"","_monsterinsights_sitenote_category":0,"footnotes":""},"class_list":["post-4788","page","type-page","status-publish","hentry","excerpt"],"_links":{"self":[{"href":"http:\/\/www.luigiaccattoli.it\/blog\/wp-json\/wp\/v2\/pages\/4788","targetHints":{"allow":["GET"]}}],"collection":[{"href":"http:\/\/www.luigiaccattoli.it\/blog\/wp-json\/wp\/v2\/pages"}],"about":[{"href":"http:\/\/www.luigiaccattoli.it\/blog\/wp-json\/wp\/v2\/types\/page"}],"author":[{"embeddable":true,"href":"http:\/\/www.luigiaccattoli.it\/blog\/wp-json\/wp\/v2\/users\/1"}],"replies":[{"embeddable":true,"href":"http:\/\/www.luigiaccattoli.it\/blog\/wp-json\/wp\/v2\/comments?post=4788"}],"version-history":[{"count":3,"href":"http:\/\/www.luigiaccattoli.it\/blog\/wp-json\/wp\/v2\/pages\/4788\/revisions"}],"predecessor-version":[{"id":4791,"href":"http:\/\/www.luigiaccattoli.it\/blog\/wp-json\/wp\/v2\/pages\/4788\/revisions\/4791"}],"up":[{"embeddable":true,"href":"http:\/\/www.luigiaccattoli.it\/blog\/wp-json\/wp\/v2\/pages\/2120"}],"wp:attachment":[{"href":"http:\/\/www.luigiaccattoli.it\/blog\/wp-json\/wp\/v2\/media?parent=4788"}],"curies":[{"name":"wp","href":"https:\/\/api.w.org\/{rel}","templated":true}]}}