{"id":4807,"date":"2010-07-24T08:20:13","date_gmt":"2010-07-24T08:20:13","guid":{"rendered":"http:\/\/www.luigiaccattoli.it\/blog\/?page_id=4807"},"modified":"2010-07-24T08:20:13","modified_gmt":"2010-07-24T08:20:13","slug":"julia-bolton-holloway-%e2%80%9cho-presentato-a-dio-i-miei-voti-in-solitudine%e2%80%9d","status":"publish","type":"page","link":"http:\/\/www.luigiaccattoli.it\/blog\/cerco-fatti-di-vangelo\/17-eremiti-e-pellegrini-del-terzo-millennio\/julia-bolton-holloway-%e2%80%9cho-presentato-a-dio-i-miei-voti-in-solitudine%e2%80%9d\/","title":{"rendered":"Julia Bolton Holloway: \u201cHo presentato a Dio i miei voti in solitudine\u201d"},"content":{"rendered":"<p>\u00ab<em>Nel giorno dell\u2019Assunzione sono entrata in una chiesa di campagna in preghiera e ho presentato a Dio i miei voti di povert\u00e0, castit\u00e0, obbedienza, nessun altro presente, e subito \u00e8 tornata la gioia della mia vocazione<\/em>\u00bb: parla cos\u00ec, come fosse un personaggio del regista Bergman o del poeta Borges, un\u2019eremita metropolitana dei nostri giorni, Julia Bolton Holloway, custode del cimitero inglese di piazza Donatello a Firenze. Di origine inglese, nata nel 1937, gi\u00e0 docente a Princeton, tre figli e otto nipoti, un matrimonio fallito, aspirante monaca anglicana passata infine alla Chiesa Cattolica, Julia vive in solitudine in mezzo al chiasso della citt\u00e0 moderna e da quella solitudine anima un gruppo di spiritualit\u00e0 che si riunisce una volta alla settimana: \u00ab<em>La domenica alle 5 del pomeriggio leggiamo il Vangelo, diciamo i Vespri insieme e poi ceniamo. \u2018Giuliana di Norwich\u2019 \u00e8 il nome scelto per il cenacolo che si \u00e8 formato. Ci sono persone bravissime, anche con una forma di potere in Firenze, ma qui vengono semplicemente con il loro vino. Questa esperienza \u00e8 buona perch\u00e9 \u00e8 un\u2019amicizia profonda che abbiamo con la preghiera.\u00a0Condividiamo anche i libri<\/em>\u00bb.<\/p>\n<p><strong>Ho preso le citazioni dal volume di Cristina Saviozzi, <em>Come gufi nella notte<\/em> [San Paolo 2010, pp. 256, euro 14,50], che dedica un capitolo a Julia Bolton Holloway. <a href=\"http:\/\/www.umilta.net\/vita.html\">Qui<\/a> puoi sapere tutto su di lei e i suoi libri, il legame con Giuliana di Norwich, con Maria Chiara della \u201cComunit\u00e0 dei Figli di Dio\u201d di don Barsotti e con Fioretta Mazzei. <\/strong><\/p>\n<p><strong>[Giugno 2010]<\/strong><\/p>\n","protected":false},"excerpt":{"rendered":"<p>\u00abNel giorno dell\u2019Assunzione sono entrata in una chiesa di campagna in preghiera e ho presentato a Dio i miei voti di povert\u00e0, castit\u00e0, obbedienza, nessun altro presente, e subito \u00e8&#8230;<\/p>\n<div class=\"more-link-wrapper\"><a class=\"more-link\" href=\"http:\/\/www.luigiaccattoli.it\/blog\/cerco-fatti-di-vangelo\/17-eremiti-e-pellegrini-del-terzo-millennio\/julia-bolton-holloway-%e2%80%9cho-presentato-a-dio-i-miei-voti-in-solitudine%e2%80%9d\/\">Read More<span class=\"screen-reader-text\">Julia Bolton Holloway: \u201cHo presentato a Dio i miei voti in solitudine\u201d<\/span><\/a><\/div>\n","protected":false},"author":1,"featured_media":0,"parent":2135,"menu_order":0,"comment_status":"open","ping_status":"closed","template":"","meta":{"_monsterinsights_skip_tracking":false,"_monsterinsights_sitenote_active":false,"_monsterinsights_sitenote_note":"","_monsterinsights_sitenote_category":0,"footnotes":""},"class_list":["post-4807","page","type-page","status-publish","hentry","excerpt"],"_links":{"self":[{"href":"http:\/\/www.luigiaccattoli.it\/blog\/wp-json\/wp\/v2\/pages\/4807","targetHints":{"allow":["GET"]}}],"collection":[{"href":"http:\/\/www.luigiaccattoli.it\/blog\/wp-json\/wp\/v2\/pages"}],"about":[{"href":"http:\/\/www.luigiaccattoli.it\/blog\/wp-json\/wp\/v2\/types\/page"}],"author":[{"embeddable":true,"href":"http:\/\/www.luigiaccattoli.it\/blog\/wp-json\/wp\/v2\/users\/1"}],"replies":[{"embeddable":true,"href":"http:\/\/www.luigiaccattoli.it\/blog\/wp-json\/wp\/v2\/comments?post=4807"}],"version-history":[{"count":2,"href":"http:\/\/www.luigiaccattoli.it\/blog\/wp-json\/wp\/v2\/pages\/4807\/revisions"}],"predecessor-version":[{"id":4810,"href":"http:\/\/www.luigiaccattoli.it\/blog\/wp-json\/wp\/v2\/pages\/4807\/revisions\/4810"}],"up":[{"embeddable":true,"href":"http:\/\/www.luigiaccattoli.it\/blog\/wp-json\/wp\/v2\/pages\/2135"}],"wp:attachment":[{"href":"http:\/\/www.luigiaccattoli.it\/blog\/wp-json\/wp\/v2\/media?parent=4807"}],"curies":[{"name":"wp","href":"https:\/\/api.w.org\/{rel}","templated":true}]}}