{"id":4836,"date":"2010-07-27T16:42:01","date_gmt":"2010-07-27T16:42:01","guid":{"rendered":"http:\/\/www.luigiaccattoli.it\/blog\/?page_id=4836"},"modified":"2010-07-27T16:42:01","modified_gmt":"2010-07-27T16:42:01","slug":"anna-e-massimo-laveroni-%e2%80%9cpresi-da-santa-incoscienza%e2%80%9d","status":"publish","type":"page","link":"http:\/\/www.luigiaccattoli.it\/blog\/cerco-fatti-di-vangelo\/12-madri-e-padri-di-vocazione\/anna-e-massimo-laveroni-%e2%80%9cpresi-da-santa-incoscienza%e2%80%9d\/","title":{"rendered":"Anna e Massimo Laveroni: \u201cPresi da santa incoscienza\u201d."},"content":{"rendered":"<p>Anna e Massimo presi da \u00absanta incoscienza\u00bb adottano prima tre figli e poi altri due, accettando nel frattempo in affido ogni creatura bisognosa, in una gara di generosit\u00e0 con se stessi\u00a0 che li porta a compiere \u2013 con semplicit\u00e0 \u2013 scelte difficili. Chi pensa che non vi sia spazio per la coppia cristiana, nell\u2019epoca delle famiglie di fatto, legga due volte questa lettera \u2013 senza trascurare l\u2019aggiornamento che la segue \u2013 e tenga presente che di storie simili ce ne sono a migliaia nell\u2019Italia di oggi. A met\u00e0 della lettera compare una donna che consiglia i due sulla strada della generosit\u00e0: Carla Zichetti. Ne parlo nel capitolo 4, \u201cLa reazione all\u2019handicap\u201d, perch\u00e9 lei \u00e8 in carrozzella: qui abbiamo una riprova del lavoro di Carla, una cristiana comune che tesse rapporti, mette in contatto, svolge un ruolo di direzione spirituale spontaneo e alla pari.<\/p>\n<p><em>Abbiamo 36 anni, siamo sposati da undici e viviamo in un paesino del Piemonte.\u00a0 Abbiamo sempre desiderato avere figli, naturali e adottivi. Ma a un certo punto un referto medico ci fece capire che sarebbe stato quasi impossibile averne di nostri. Il dolore e lo stupore sono durati poco, perch\u00e8 avevamo chiara l\u2019altra strada per diventare genitori: l\u2019adozione. <\/em><br \/>\n<em>Siamo partiti il 25 marzo 1993 per il Brasile, dove avremmo incontrato, a B\u00e9lem, Leonardo che allora aveva sette mesi: piccino, senza sorriso, senza espressione, sperduto. Ha dormito sulla mia pancia di mamma per due mesi, il tempo che abbiamo dovuto restare l\u00e0. Il 25 maggio siamo rientrati in Italia con Leonardo: che felicit\u00e0, non solo per noi, ma anche per tutte le persone che ci erano intorno! <\/em><br \/>\n<em>Dopo sei mesi che Leo era con noi, abbiamo cominciato a meditare sull\u2019affido. Capivamo la necessit\u00e0 di garantire un focolare a bimbi in difficolt\u00e0, ma forte era anche il timore di dover poi restituire un giorno questo figlio in affido. Abbiamo dato la nostra disponibilit\u00e0 seppure in punta di piedi, un po\u2019 timorosi. I nostri genitori erano contrari. Pensavo a chi chiedere consiglio. Fu un lampo: mi venne in mente Carla Zichetti. Quella telefonata fu decisiva. Carla ci disse che \u00abchi ama suo padre e sua madre pi\u00f9 di me non \u00e8 degno di me\u00bb. E cos\u00ec \u00e8 arrivata Sofia, nove anni. <\/em><br \/>\n<em>Un affido a lungo termine, con probabilit\u00e0 di adozione e una valigia di problemi racchiusi nel cuore di questa bambina. I primi tempi sono stati davvero duri. Ho pianto di dolore, di fatica, di rabbia per il muro di gomma che lei si era costruito attorno per difesa, che faceva s\u00ec che niente penetrasse in lei e niente ne uscisse. <\/em><br \/>\n<em>Piano piano il fiore ha iniziato a schiudersi. Anche se il processo evolutivo non \u00e8 ancora terminato. E\u2019 per\u00f2 una ragazzina serena, allegra e disponibile. I nostri familiari hanno capito che anche questa \u00e8 una vocazione che il Signore ci ha messo nel cuore. E\u2019 il nostro modo per servirlo, per amarlo nei bimbi soli, che affondano nella tristezza. La solidariet\u00e0 \u00e8 sbocciata intorno a noi. La Provvidenza non ci \u00e8 mai mancata. Io sono casalinga e mamma a tempo pieno, compresa la notte e quindi lavora solo Massimo. Ma quando si \u00e8 presi da una santa incoscienza i soldi non preoccupano. <\/em><br \/>\n<em>Ora, dal marzo 1997, abbiamo Chiara tra le braccia, che quando \u00e8 arrivata in casa nostra aveva sedici mesi. E\u2019 nata prematura e ha avuto un\u2019emorragia cerebrale che ha compromesso l\u2019uso delle gambe e delle braccia. Per\u00f2 \u00e8 una vera gioia. E\u2019 tutta un sorriso. Ha portato serenit\u00e0 nella nostra famiglia. Sofia e Leo hanno visto la sua fragilit\u00e0 e sono diventati suoi paladini oltre che fratelli.<\/em><br \/>\n<em>Anna e Massimo Laveroni<\/em><\/p>\n<p>Questa lettera \u00e8 del 1997 ma ecco un aggiornamento al 2007.<\/p>\n<p><em>Dopo l\u2019arrivo di Chiara potevamo fermarci? Non lo sapevamo: Michelino un mese e mezzo, down, era rimasto senza genitori. Senza quella scelta, oggi Michelino non sarebbe da sei anni la nostra mascotte! Sei anni pieni di travagli di natura medica (sindrome di West &#8211; forma gravissima di epilessia) che oggi ci danno tra le braccia uno splendido bambino che ancora in maniera molto primitiva vive il nostro rapporto familiare. Ma lui \u00e8 il nostro Michelino speciale, amato da Leonardo, Sofia e Chiara. E adesso Michael 9 anni, italiano, da due anni in istituto con un trascorso da \u201cstrada\u201d: potevamo tirarci indietro? No. Michael da 4 anni vive con noi. L\u2019amore non si divide, ma moltiplica le forze per affrontare quanto accade ogni giorno. Tutti i giorni abbiamo sperimentato sulla nostra pelle il &#8220;dono&#8221; che il Signore ci ha fatto di essere accoglienti. Un&#8217; accoglienza che non esclude niente a priori: non solo i ragazzi che abitano con noi, ma la ragazza rumena in cerca di lavoro, il ragazzino marocchino che amava giocare con Leonardo, la ragazza madre che non sapeva come trovare il latte per la propria bimba.<\/em><\/p>\n<p><strong>La lettera del 1997 me la forn\u00ec Carla Zichetti e io ne feci un articolo che apparve sull\u2019<em>Eco di San Gabriele <\/em>nel settembre di quell\u2019anno. <a href=\"http:\/\/www.famiglienumerose.org\/news.php?idnews=114\">Qui<\/a> ho trovato l\u2019aggiornamento. <\/strong><\/p>\n<p><strong>[Giugno 2010]<\/strong><\/p>\n","protected":false},"excerpt":{"rendered":"<p>Anna e Massimo presi da \u00absanta incoscienza\u00bb adottano prima tre figli e poi altri due, accettando nel frattempo in affido ogni creatura bisognosa, in una gara di generosit\u00e0 con se&#8230;<\/p>\n<div class=\"more-link-wrapper\"><a class=\"more-link\" href=\"http:\/\/www.luigiaccattoli.it\/blog\/cerco-fatti-di-vangelo\/12-madri-e-padri-di-vocazione\/anna-e-massimo-laveroni-%e2%80%9cpresi-da-santa-incoscienza%e2%80%9d\/\">Read More<span class=\"screen-reader-text\">Anna e Massimo Laveroni: \u201cPresi da santa incoscienza\u201d.<\/span><\/a><\/div>\n","protected":false},"author":1,"featured_media":0,"parent":2120,"menu_order":0,"comment_status":"open","ping_status":"closed","template":"","meta":{"_monsterinsights_skip_tracking":false,"_monsterinsights_sitenote_active":false,"_monsterinsights_sitenote_note":"","_monsterinsights_sitenote_category":0,"footnotes":""},"class_list":["post-4836","page","type-page","status-publish","hentry","excerpt"],"_links":{"self":[{"href":"http:\/\/www.luigiaccattoli.it\/blog\/wp-json\/wp\/v2\/pages\/4836","targetHints":{"allow":["GET"]}}],"collection":[{"href":"http:\/\/www.luigiaccattoli.it\/blog\/wp-json\/wp\/v2\/pages"}],"about":[{"href":"http:\/\/www.luigiaccattoli.it\/blog\/wp-json\/wp\/v2\/types\/page"}],"author":[{"embeddable":true,"href":"http:\/\/www.luigiaccattoli.it\/blog\/wp-json\/wp\/v2\/users\/1"}],"replies":[{"embeddable":true,"href":"http:\/\/www.luigiaccattoli.it\/blog\/wp-json\/wp\/v2\/comments?post=4836"}],"version-history":[{"count":1,"href":"http:\/\/www.luigiaccattoli.it\/blog\/wp-json\/wp\/v2\/pages\/4836\/revisions"}],"predecessor-version":[{"id":4837,"href":"http:\/\/www.luigiaccattoli.it\/blog\/wp-json\/wp\/v2\/pages\/4836\/revisions\/4837"}],"up":[{"embeddable":true,"href":"http:\/\/www.luigiaccattoli.it\/blog\/wp-json\/wp\/v2\/pages\/2120"}],"wp:attachment":[{"href":"http:\/\/www.luigiaccattoli.it\/blog\/wp-json\/wp\/v2\/media?parent=4836"}],"curies":[{"name":"wp","href":"https:\/\/api.w.org\/{rel}","templated":true}]}}