{"id":4851,"date":"2010-07-27T17:01:43","date_gmt":"2010-07-27T17:01:43","guid":{"rendered":"http:\/\/www.luigiaccattoli.it\/blog\/?page_id=4851"},"modified":"2010-08-28T09:22:39","modified_gmt":"2010-08-28T09:22:39","slug":"tu-invece-inviterai-un-senegalese-che-non-puo-restituire","status":"publish","type":"page","link":"http:\/\/www.luigiaccattoli.it\/blog\/cerco-fatti-di-vangelo\/21-parabole\/tu-invece-inviterai-un-senegalese-che-non-puo-restituire\/","title":{"rendered":"Tu invece inviterai un senegalese che non pu\u00f2 restituire"},"content":{"rendered":"<p>Modu Mbengue \u00e8 uno dei tanti africani che battono le spiagge per vendere ai bagnanti. Viene dal Senegal e un giorno si avvicina\u00a0a un crocchio di donne che non hanno da comprare ma l\u2019invitano a mangiare. Sorpreso, accetta. Da allora, completato il giro degli ombrelloni torna da loro. Un panino, un frutto non mancano mai e ne viene un\u2019amicizia che non termina con la stagione. Le amiche\u00a0adottano il giovane africano che abita a Parma ma per ogni festa \u00e8 qui a Carrara. A Capodanno, Pasqua, 1\u00b0 maggio, arriva alla stazione, qualcuno \u00e8 gi\u00e0 l\u00ec ad aspettarlo e via a casa di Nicoletta, che l\u2019accoglie come un figlio.<br \/>\nQuando le amiche vanno a Messa alla Perticata, non l\u2019invitano perch\u00e9 \u00e8 musulmano. Viene per\u00f2 accompagnato dal marito di turno a visitare qualcosa, a guardare uno scorcio di partita e infine a salutare gli amici che si sono fatti numerosi, grazie al passaparola, sul piazzale della chiesa. Saluti accompagnati da doni furtivi. Modu riparte lieto d\u2019aver trovato in Italia \u2013 dov\u2019\u00e8 da due anni \u2013 una famiglia allargata. Qualcuno dei mariti \u00e8 in cassa integrazione, ma \u00e8 gi\u00e0 una ricompensa sentire quel ragazzo che chiama \u201cmamma\u201d, anzi \u201cmam\u00e0\u201d la signora che quel giorno ha cucinato.<\/p>\n<p><strong>L\u2019aneddoto \u00e8 narrato dal collega Gualtiero Sollazzi su <em>Toscana Oggi \/ Vita Apuana<\/em> del 16.05.2010. Io l\u2019ho solo abbreviato. <\/strong><\/p>\n<p><strong>[Giugno 2010]<\/strong><\/p>\n","protected":false},"excerpt":{"rendered":"<p>Modu Mbengue \u00e8 uno dei tanti africani che battono le spiagge per vendere ai bagnanti. Viene dal Senegal e un giorno si avvicina\u00a0a un crocchio di donne che non hanno&#8230;<\/p>\n<div class=\"more-link-wrapper\"><a class=\"more-link\" href=\"http:\/\/www.luigiaccattoli.it\/blog\/cerco-fatti-di-vangelo\/21-parabole\/tu-invece-inviterai-un-senegalese-che-non-puo-restituire\/\">Read More<span class=\"screen-reader-text\">Tu invece inviterai un senegalese che non pu\u00f2 restituire<\/span><\/a><\/div>\n","protected":false},"author":1,"featured_media":0,"parent":2146,"menu_order":0,"comment_status":"open","ping_status":"closed","template":"","meta":{"_monsterinsights_skip_tracking":false,"_monsterinsights_sitenote_active":false,"_monsterinsights_sitenote_note":"","_monsterinsights_sitenote_category":0,"footnotes":""},"class_list":["post-4851","page","type-page","status-publish","hentry","excerpt"],"_links":{"self":[{"href":"http:\/\/www.luigiaccattoli.it\/blog\/wp-json\/wp\/v2\/pages\/4851","targetHints":{"allow":["GET"]}}],"collection":[{"href":"http:\/\/www.luigiaccattoli.it\/blog\/wp-json\/wp\/v2\/pages"}],"about":[{"href":"http:\/\/www.luigiaccattoli.it\/blog\/wp-json\/wp\/v2\/types\/page"}],"author":[{"embeddable":true,"href":"http:\/\/www.luigiaccattoli.it\/blog\/wp-json\/wp\/v2\/users\/1"}],"replies":[{"embeddable":true,"href":"http:\/\/www.luigiaccattoli.it\/blog\/wp-json\/wp\/v2\/comments?post=4851"}],"version-history":[{"count":3,"href":"http:\/\/www.luigiaccattoli.it\/blog\/wp-json\/wp\/v2\/pages\/4851\/revisions"}],"predecessor-version":[{"id":4854,"href":"http:\/\/www.luigiaccattoli.it\/blog\/wp-json\/wp\/v2\/pages\/4851\/revisions\/4854"}],"up":[{"embeddable":true,"href":"http:\/\/www.luigiaccattoli.it\/blog\/wp-json\/wp\/v2\/pages\/2146"}],"wp:attachment":[{"href":"http:\/\/www.luigiaccattoli.it\/blog\/wp-json\/wp\/v2\/media?parent=4851"}],"curies":[{"name":"wp","href":"https:\/\/api.w.org\/{rel}","templated":true}]}}