{"id":4860,"date":"2010-07-27T17:07:37","date_gmt":"2010-07-27T17:07:37","guid":{"rendered":"http:\/\/www.luigiaccattoli.it\/blog\/?page_id=4860"},"modified":"2010-07-27T17:07:37","modified_gmt":"2010-07-27T17:07:37","slug":"sabina-rossa-%e2%80%9cnon-mi-compiaccio-della-sofferenza-altrui%e2%80%9d","status":"publish","type":"page","link":"http:\/\/www.luigiaccattoli.it\/blog\/cerco-fatti-di-vangelo\/19-samaritani-centurioni-cananee\/sabina-rossa-%e2%80%9cnon-mi-compiaccio-della-sofferenza-altrui%e2%80%9d\/","title":{"rendered":"Sabina Rossa: \u201cNon mi compiaccio della sofferenza altrui\u201d"},"content":{"rendered":"<p>\u00ab<em>Io non cerco vendetta, n\u00e9 mi compiaccio della sofferenza degli altri. Per me gli ex brigatisti sono persone e non reati. Sono contraria al fine pena mai, il carcere deve mirare alla riabilitazione e credo che Guagliardo abbia pagato, con 28 anni di carcere, il debito con la societ\u00e0. Quello che ha fatto a me \u00e8 un\u2019altra cosa, \u00e8 su un altro piano e appartiene a me. Non abbiamo parlato di perdono, \u00e8 una parola che mi infastidisce, riduce tutto a vuote formule e spettacolo, lui non l\u2019ha chiesto n\u00e9 io l\u2019avrei dato. Mi ha detto: davanti a te mi sento in colpa<\/em>\u00bb: cos\u00ec Sabina Rossa, figlia di Guido Rossa (sindacalista all\u2019Italsider di Genova, ucciso dalle Brigate Rosse nel 1979) e deputato del Pd, parla di uno degli attentatori del padre in un\u2019intervista al <em>Corriere della Sera<\/em> del 16 ottobre 2008.<br \/>\nNel 2008 Sabina \u00e8 andata dal magistrato per attestare il proprio incontro con l\u2019attentatore, al quale era stata negata la libert\u00e0 condizionale: \u00ab<em>Avergliela rifiutata \u00e8 un\u2019ingiustizia<\/em>\u00bb. Il magistrato l\u2019aveva rifiutata perch\u00e9 l\u2019ergastolano avrebbe dimostrato \u00abun\u2019assenza di reale attenzione\u00bb per le vittime. \u00ab<em>Non \u00e8 vero<\/em> \u2013 dice Sabina \u2013 <em>io l\u2019ho incontrato nella cooperativa dove lavora in semilibert\u00e0, credo nel suo ravvedimento e lo voglio testimoniare. Ha scelto il silenzio, per tanti anni, perch\u00e9 non si pensasse che chiedeva perdono per tornaconto, per ottenere dei vantaggi. Me lo ha spiegato. Anzi, la prima volta che per telefono gli ho chiesto di incontrarlo mi ha detto di no per questo motivo. Gli ho scritto che me lo doveva, che non poteva tirarsi fuori: con me, ho scritto, non te lo puoi permettere. Mi richiam\u00f2 lui. Volevo sapere perch\u00e9 quello che doveva essere un ferimento era diventato un omicidio. Ma su questo non mi seppe rispondere. Ci siamo dati del tu. Mi ha detto: io sono quello che ha sparato alle gambe. Gli ho risposto: non ti preoccupare, lo so<\/em>\u00bb.<br \/>\n\u00ab<em>Trovo che sia una forzatura prevedere \u2013 come fa la legge \u2013\u00a0 l\u2019incontro delle vittime con gli ex terroristi prima di concedere certi benefici. \u00c8 qualcosa di molto pesante chiederci una cosa simile. Ma visto che la legge c\u2019\u00e8, allora \u00e8 giusto che ci stiano a sentire e il nostro parere deve contare. Non lo penso soltanto per Guagliardo. Sono gi\u00e0 andata a parlare con un giudice perch\u00e9 concedesse la libert\u00e0 condizionale a un altro ex terrorista<\/em>\u00bb. Ha ottenuto un risultato? \u00abS\u00ec\u00bb. Si trattava di Luca Nicolotti, uno dei capi della colonna Br di Genova, ex responsabile dell\u2019Italsider, la fabbrica dove Guido Rossa era delegato sindacale.<br \/>\nIn altra intervista all\u2019<em>Unit\u00e0<\/em> del 20\/06\/2005 Sabina aveva detto: \u201c<em>Nel faccia a faccia con i brigatisti non ho provato odio. Agli incontri sono sempre andata da sola. E\u2019 stata una prova importante, l\u2019ho superata, ora sono molto pi\u00f9 serena, pi\u00f9 forte<\/em>\u201d. Alla domanda se si tratti di \u201cperdono\u201d Sabina risponde: \u201c<em>Se quando una persona non odia pi\u00f9 e riesce ad avere una sorta di dialogo, questo equivale a un perdono, allora s\u00ec<\/em>\u201d.<\/p>\n<p><strong><a href=\"http:\/\/www.unita.it\/news\/75452\/\">Qui<\/a> un\u2019intervista pi\u00f9 recente. Vedi il volume <em>Guido Rossa, mio padre<\/em>, scritto da Sabina in collaborazione con il giornalista Giovanni Fasanella, Bur, Milano 2006.<\/strong><\/p>\n<p><strong>[Giugno 2010]<\/strong><\/p>\n","protected":false},"excerpt":{"rendered":"<p>\u00abIo non cerco vendetta, n\u00e9 mi compiaccio della sofferenza degli altri. Per me gli ex brigatisti sono persone e non reati. Sono contraria al fine pena mai, il carcere deve&#8230;<\/p>\n<div class=\"more-link-wrapper\"><a class=\"more-link\" href=\"http:\/\/www.luigiaccattoli.it\/blog\/cerco-fatti-di-vangelo\/19-samaritani-centurioni-cananee\/sabina-rossa-%e2%80%9cnon-mi-compiaccio-della-sofferenza-altrui%e2%80%9d\/\">Read More<span class=\"screen-reader-text\">Sabina Rossa: \u201cNon mi compiaccio della sofferenza altrui\u201d<\/span><\/a><\/div>\n","protected":false},"author":1,"featured_media":0,"parent":2140,"menu_order":0,"comment_status":"open","ping_status":"closed","template":"","meta":{"_monsterinsights_skip_tracking":false,"_monsterinsights_sitenote_active":false,"_monsterinsights_sitenote_note":"","_monsterinsights_sitenote_category":0,"footnotes":""},"class_list":["post-4860","page","type-page","status-publish","hentry","excerpt"],"_links":{"self":[{"href":"http:\/\/www.luigiaccattoli.it\/blog\/wp-json\/wp\/v2\/pages\/4860","targetHints":{"allow":["GET"]}}],"collection":[{"href":"http:\/\/www.luigiaccattoli.it\/blog\/wp-json\/wp\/v2\/pages"}],"about":[{"href":"http:\/\/www.luigiaccattoli.it\/blog\/wp-json\/wp\/v2\/types\/page"}],"author":[{"embeddable":true,"href":"http:\/\/www.luigiaccattoli.it\/blog\/wp-json\/wp\/v2\/users\/1"}],"replies":[{"embeddable":true,"href":"http:\/\/www.luigiaccattoli.it\/blog\/wp-json\/wp\/v2\/comments?post=4860"}],"version-history":[{"count":2,"href":"http:\/\/www.luigiaccattoli.it\/blog\/wp-json\/wp\/v2\/pages\/4860\/revisions"}],"predecessor-version":[{"id":4864,"href":"http:\/\/www.luigiaccattoli.it\/blog\/wp-json\/wp\/v2\/pages\/4860\/revisions\/4864"}],"up":[{"embeddable":true,"href":"http:\/\/www.luigiaccattoli.it\/blog\/wp-json\/wp\/v2\/pages\/2140"}],"wp:attachment":[{"href":"http:\/\/www.luigiaccattoli.it\/blog\/wp-json\/wp\/v2\/media?parent=4860"}],"curies":[{"name":"wp","href":"https:\/\/api.w.org\/{rel}","templated":true}]}}