{"id":4878,"date":"2010-07-27T17:23:25","date_gmt":"2010-07-27T17:23:25","guid":{"rendered":"http:\/\/www.luigiaccattoli.it\/blog\/?page_id=4878"},"modified":"2010-07-27T17:23:25","modified_gmt":"2010-07-27T17:23:25","slug":"giuseppe-gnocchi-e-solo-e-adotta-un%e2%80%99albanese","status":"publish","type":"page","link":"http:\/\/www.luigiaccattoli.it\/blog\/cerco-fatti-di-vangelo\/21-parabole\/giuseppe-gnocchi-e-solo-e-adotta-un%e2%80%99albanese\/","title":{"rendered":"Giuseppe Gnocchi \u00e8 solo e adotta un\u2019albanese"},"content":{"rendered":"<p>\u00ab<em>Generalmente io sono contrario agli stranieri, ma da quando ci sono loro sono contento. Prima abbiamo cominciato a mangiare insieme in cambio di uno sconto sull&#8217;affitto. Poi ho pensato che un domani, quella mamma con i suoi due bambini poteva aver bisogno della casa. E cos\u00ec le ho fatto una proposta: Alma, vuoi diventare la mia figlia adottiva? \u00c9 un vantaggio per entrambi, e io vivo pi\u00f9 tranquillo. Ora ho una famiglia<\/em>\u00bb: parla cos\u00ec Giuseppe Gnocchi, 82 anni, pensionato di Gallarate, che nel 2005 ha adottato la signora albanese che abitava al piano di sopra, in un appartamento di sua propriet\u00e0 e gli faceva da mangiare. \u201c<em>Mi sentivo solo e depresso<\/em> \u2013 dice ancora Giuseppe \u2013 <em>i miei fratellastri non mi venivano pi\u00f9 a trovare, oggi invece sono persino pi\u00f9 felice dei miei amici<\/em>\u00bb.<\/p>\n<p><strong><a href=\"http:\/\/archiviostorico.corriere.it\/2010\/marzo\/14\/Nonno_Giuseppe_adottato_moglie_dell_co_7_100314035.shtml\">Qui<\/a> il servizio del <em>Corriere della Sera<\/em> del 14 marzo 2010 da cui ho preso la notizia. <\/strong><\/p>\n<p><strong>[Giugno 2010]<\/strong><\/p>\n","protected":false},"excerpt":{"rendered":"<p>\u00abGeneralmente io sono contrario agli stranieri, ma da quando ci sono loro sono contento. Prima abbiamo cominciato a mangiare insieme in cambio di uno sconto sull&#8217;affitto. Poi ho pensato che&#8230;<\/p>\n<div class=\"more-link-wrapper\"><a class=\"more-link\" href=\"http:\/\/www.luigiaccattoli.it\/blog\/cerco-fatti-di-vangelo\/21-parabole\/giuseppe-gnocchi-e-solo-e-adotta-un%e2%80%99albanese\/\">Read More<span class=\"screen-reader-text\">Giuseppe Gnocchi \u00e8 solo e adotta un\u2019albanese<\/span><\/a><\/div>\n","protected":false},"author":1,"featured_media":0,"parent":2146,"menu_order":0,"comment_status":"open","ping_status":"closed","template":"","meta":{"_monsterinsights_skip_tracking":false,"_monsterinsights_sitenote_active":false,"_monsterinsights_sitenote_note":"","_monsterinsights_sitenote_category":0,"footnotes":""},"class_list":["post-4878","page","type-page","status-publish","hentry","excerpt"],"_links":{"self":[{"href":"http:\/\/www.luigiaccattoli.it\/blog\/wp-json\/wp\/v2\/pages\/4878","targetHints":{"allow":["GET"]}}],"collection":[{"href":"http:\/\/www.luigiaccattoli.it\/blog\/wp-json\/wp\/v2\/pages"}],"about":[{"href":"http:\/\/www.luigiaccattoli.it\/blog\/wp-json\/wp\/v2\/types\/page"}],"author":[{"embeddable":true,"href":"http:\/\/www.luigiaccattoli.it\/blog\/wp-json\/wp\/v2\/users\/1"}],"replies":[{"embeddable":true,"href":"http:\/\/www.luigiaccattoli.it\/blog\/wp-json\/wp\/v2\/comments?post=4878"}],"version-history":[{"count":2,"href":"http:\/\/www.luigiaccattoli.it\/blog\/wp-json\/wp\/v2\/pages\/4878\/revisions"}],"predecessor-version":[{"id":4881,"href":"http:\/\/www.luigiaccattoli.it\/blog\/wp-json\/wp\/v2\/pages\/4878\/revisions\/4881"}],"up":[{"embeddable":true,"href":"http:\/\/www.luigiaccattoli.it\/blog\/wp-json\/wp\/v2\/pages\/2146"}],"wp:attachment":[{"href":"http:\/\/www.luigiaccattoli.it\/blog\/wp-json\/wp\/v2\/media?parent=4878"}],"curies":[{"name":"wp","href":"https:\/\/api.w.org\/{rel}","templated":true}]}}