{"id":4895,"date":"2010-07-27T17:36:23","date_gmt":"2010-07-27T17:36:23","guid":{"rendered":"http:\/\/www.luigiaccattoli.it\/blog\/?page_id=4895"},"modified":"2010-07-27T17:36:23","modified_gmt":"2010-07-27T17:36:23","slug":"maria-daga-%e2%80%9cse-me-li-presentassero-li-abbraccerei%e2%80%9d","status":"publish","type":"page","link":"http:\/\/www.luigiaccattoli.it\/blog\/cerco-fatti-di-vangelo\/3-il-perdono-degli-uccisori-dei-parenti\/d-omicidi-comuni\/maria-daga-%e2%80%9cse-me-li-presentassero-li-abbraccerei%e2%80%9d\/","title":{"rendered":"Maria Daga: \u201cSe me li presentassero li abbraccerei\u201d"},"content":{"rendered":"<p><em>Abbiamo dato quel che siamo riusciti a raccogliere ma Luigi non \u00e8 pi\u00f9 tornato. Io li ho perdonati quasi subito, pubblicamente, anche perch\u00e9 nutrivo la speranza che servisse a far tornare Luigi. Dopo, con la grazia di Dio, ho continuato a mantenere questo atteggiamento. Perdonare non \u00e8 facile perch\u00e9 comporta un impegno continuo. Non basta dire \u201cperdono\u201d e poi fare quel che ci pare. La vita deve testimoniare quella decisione. Ho cominciato allora a dedicarmi al volontariato. Se me li presentassero li abbraccerei, per dirgli che non li ho perdonati per scherzo. Prego sempre per loro, perch\u00e9 si ravvedano e lascino una strada che porta tanto dolore, anche a tante mamme di rapitori. Una volta in ospedale mi avvicinai a una donna che soffriva molto per un tumore, per consolarla. Lei sapeva chi ero e appena le fui accanto mi prese la mano e me la baci\u00f2. \u201cPerch\u00e9 fa questo?\u201d le chiesi imbarazzata. \u201cPerch\u00e9 lei ha sofferto molto a causa di quelli che agiscono come mio figlio, che \u00e8 un bandito. Io le chiedo perdono al posto di mio figlio e di quelli come lui. Per la loro conversione, offro tutto quello che sto patendo\u201d<\/em>: \u00e8 la testimonianza di perdono data da Maria Daga<em> <\/em>al convegno pellegrinaggio dell\u2019Azione Cattolica di Oristano a Nostra Signora di Bonacatu nell\u2019anno 2000.<br \/>\nIl figlio Luigi era stato rapito il 17 agosto del 1974. Alla famiglia, che commerciava in mobili e attrezzi agricoli, era stato chiesto un riscatto di mezzo miliardo.<\/p>\n<p><strong>Ho preso le parole di Maria Daga da un servizio di Renzo Giacomelli pubblicato da <em>Famiglia cristiana <\/em>33\/2000 alle pp. 54s con il titolo <em>Coltivare il perdono, quello vero<\/em>.<\/strong><\/p>\n<p><strong>[Giugno 2010]<\/strong><\/p>\n","protected":false},"excerpt":{"rendered":"<p>Abbiamo dato quel che siamo riusciti a raccogliere ma Luigi non \u00e8 pi\u00f9 tornato. Io li ho perdonati quasi subito, pubblicamente, anche perch\u00e9 nutrivo la speranza che servisse a far&#8230;<\/p>\n<div class=\"more-link-wrapper\"><a class=\"more-link\" href=\"http:\/\/www.luigiaccattoli.it\/blog\/cerco-fatti-di-vangelo\/3-il-perdono-degli-uccisori-dei-parenti\/d-omicidi-comuni\/maria-daga-%e2%80%9cse-me-li-presentassero-li-abbraccerei%e2%80%9d\/\">Read More<span class=\"screen-reader-text\">Maria Daga: \u201cSe me li presentassero li abbraccerei\u201d<\/span><\/a><\/div>\n","protected":false},"author":1,"featured_media":0,"parent":2241,"menu_order":0,"comment_status":"open","ping_status":"closed","template":"","meta":{"_monsterinsights_skip_tracking":false,"_monsterinsights_sitenote_active":false,"_monsterinsights_sitenote_note":"","_monsterinsights_sitenote_category":0,"footnotes":""},"class_list":["post-4895","page","type-page","status-publish","hentry","excerpt"],"_links":{"self":[{"href":"http:\/\/www.luigiaccattoli.it\/blog\/wp-json\/wp\/v2\/pages\/4895","targetHints":{"allow":["GET"]}}],"collection":[{"href":"http:\/\/www.luigiaccattoli.it\/blog\/wp-json\/wp\/v2\/pages"}],"about":[{"href":"http:\/\/www.luigiaccattoli.it\/blog\/wp-json\/wp\/v2\/types\/page"}],"author":[{"embeddable":true,"href":"http:\/\/www.luigiaccattoli.it\/blog\/wp-json\/wp\/v2\/users\/1"}],"replies":[{"embeddable":true,"href":"http:\/\/www.luigiaccattoli.it\/blog\/wp-json\/wp\/v2\/comments?post=4895"}],"version-history":[{"count":1,"href":"http:\/\/www.luigiaccattoli.it\/blog\/wp-json\/wp\/v2\/pages\/4895\/revisions"}],"predecessor-version":[{"id":4896,"href":"http:\/\/www.luigiaccattoli.it\/blog\/wp-json\/wp\/v2\/pages\/4895\/revisions\/4896"}],"up":[{"embeddable":true,"href":"http:\/\/www.luigiaccattoli.it\/blog\/wp-json\/wp\/v2\/pages\/2241"}],"wp:attachment":[{"href":"http:\/\/www.luigiaccattoli.it\/blog\/wp-json\/wp\/v2\/media?parent=4895"}],"curies":[{"name":"wp","href":"https:\/\/api.w.org\/{rel}","templated":true}]}}