{"id":4899,"date":"2010-07-27T17:39:48","date_gmt":"2010-07-27T17:39:48","guid":{"rendered":"http:\/\/www.luigiaccattoli.it\/blog\/?page_id=4899"},"modified":"2010-07-27T17:39:48","modified_gmt":"2010-07-27T17:39:48","slug":"lorenzi-cesarina-%e2%80%9cun-cristiano-non-puo-provare-rancore%e2%80%9d","status":"publish","type":"page","link":"http:\/\/www.luigiaccattoli.it\/blog\/cerco-fatti-di-vangelo\/3-il-perdono-degli-uccisori-dei-parenti\/d-omicidi-comuni\/lorenzi-cesarina-%e2%80%9cun-cristiano-non-puo-provare-rancore%e2%80%9d\/","title":{"rendered":"Lorenzi Cesarina: \u201cUn cristiano non pu\u00f2 provare rancore\u201d"},"content":{"rendered":"<p>\u201c<em>Perdono quel giovane anche se il dolore che ci ha provocato \u00e8 indicibile. Lo perdono perch\u00e9 mi sforzo di credere che il posto degli uomini sia il paradiso, e perch\u00e9 per un cristiano non si pu\u00f2 provare rancore verso il prossimo, anche quando il male \u00e8 devastante. Come mamma mi sento morire dentro perch\u00e9 \u00e8 un dolore terribile, ma proprio in questi momenti sento che per un cristiano il conforto della fede \u00e8 viatico per un cammino di speranza. Purtroppo la mia Amalia non potr\u00e0 ridarmela pi\u00f9 nessuno e quel ragazzo \u00e8 stato vittima di se stesso<\/em>\u201d: parla cos\u00ec Cesarina Lorenzi di Chiuppano, Vicenza, il 6 ottobre 1996, quando viene ritrovato in un bosco il corpo della figlia diciottenne, Amalia, scomparsa 17 giorni prima e un giovane del paese, Moreno Dal Bianco, confessa di averla uccisa perch\u00e9 da lei \u201crespinto\u201d.<\/p>\n<p><strong>Ho preso le parole di Cesarina da <em>Il Giornale di Vicenza<\/em> del 7 0ttobre 1996, p. 8. Vedi anche la cronaca del <a href=\"http:\/\/archiviostorico.corriere.it\/1996\/ottobre\/07\/respinto_uccisa__co_0_9610074139.shtml\"><em>Corriere della Sera<\/em><\/a> di quello stesso giorno. <\/strong><\/p>\n<p><strong>[Giugno 2010]<\/strong><\/p>\n","protected":false},"excerpt":{"rendered":"<p>\u201cPerdono quel giovane anche se il dolore che ci ha provocato \u00e8 indicibile. Lo perdono perch\u00e9 mi sforzo di credere che il posto degli uomini sia il paradiso, e perch\u00e9&#8230;<\/p>\n<div class=\"more-link-wrapper\"><a class=\"more-link\" href=\"http:\/\/www.luigiaccattoli.it\/blog\/cerco-fatti-di-vangelo\/3-il-perdono-degli-uccisori-dei-parenti\/d-omicidi-comuni\/lorenzi-cesarina-%e2%80%9cun-cristiano-non-puo-provare-rancore%e2%80%9d\/\">Read More<span class=\"screen-reader-text\">Lorenzi Cesarina: \u201cUn cristiano non pu\u00f2 provare rancore\u201d<\/span><\/a><\/div>\n","protected":false},"author":1,"featured_media":0,"parent":2241,"menu_order":0,"comment_status":"open","ping_status":"closed","template":"","meta":{"_monsterinsights_skip_tracking":false,"_monsterinsights_sitenote_active":false,"_monsterinsights_sitenote_note":"","_monsterinsights_sitenote_category":0,"footnotes":""},"class_list":["post-4899","page","type-page","status-publish","hentry","excerpt"],"_links":{"self":[{"href":"http:\/\/www.luigiaccattoli.it\/blog\/wp-json\/wp\/v2\/pages\/4899","targetHints":{"allow":["GET"]}}],"collection":[{"href":"http:\/\/www.luigiaccattoli.it\/blog\/wp-json\/wp\/v2\/pages"}],"about":[{"href":"http:\/\/www.luigiaccattoli.it\/blog\/wp-json\/wp\/v2\/types\/page"}],"author":[{"embeddable":true,"href":"http:\/\/www.luigiaccattoli.it\/blog\/wp-json\/wp\/v2\/users\/1"}],"replies":[{"embeddable":true,"href":"http:\/\/www.luigiaccattoli.it\/blog\/wp-json\/wp\/v2\/comments?post=4899"}],"version-history":[{"count":1,"href":"http:\/\/www.luigiaccattoli.it\/blog\/wp-json\/wp\/v2\/pages\/4899\/revisions"}],"predecessor-version":[{"id":4900,"href":"http:\/\/www.luigiaccattoli.it\/blog\/wp-json\/wp\/v2\/pages\/4899\/revisions\/4900"}],"up":[{"embeddable":true,"href":"http:\/\/www.luigiaccattoli.it\/blog\/wp-json\/wp\/v2\/pages\/2241"}],"wp:attachment":[{"href":"http:\/\/www.luigiaccattoli.it\/blog\/wp-json\/wp\/v2\/media?parent=4899"}],"curies":[{"name":"wp","href":"https:\/\/api.w.org\/{rel}","templated":true}]}}