{"id":4919,"date":"2010-07-28T15:32:15","date_gmt":"2010-07-28T15:32:15","guid":{"rendered":"http:\/\/www.luigiaccattoli.it\/blog\/?page_id=4919"},"modified":"2010-07-28T15:32:15","modified_gmt":"2010-07-28T15:32:15","slug":"edda-silingardi-%e2%80%9cil-perdono-piu-importante-e-quello-del-signore%e2%80%9d","status":"publish","type":"page","link":"http:\/\/www.luigiaccattoli.it\/blog\/cerco-fatti-di-vangelo\/3-il-perdono-degli-uccisori-dei-parenti\/d-omicidi-comuni\/edda-silingardi-%e2%80%9cil-perdono-piu-importante-e-quello-del-signore%e2%80%9d\/","title":{"rendered":"Edda Silingardi: \u201cIl perdono pi\u00f9 importante \u00e8 quello del Signore\u201d"},"content":{"rendered":"<p>\u201c<em>La nostra coscienza \u00e8 improntata sul perdono e sulla fede, anche se il perdono pi\u00f9 importante \u00e8 quello del Signore. Questa decisione nasce dall\u2019unit\u00e0 familiare, dalla fede e dalla forza che la nostra famiglia ha ritrovato in questo difficile momento<\/em>\u201d: parla cos\u00ec al funerale dell\u2019orefice Oreste Silingardi, il 4 luglio 2000 a Modena,il nipote Luca Errico prendendo la parola a nome della vedova e dei figli dell\u2019ucciso, Edda, Fabrizio e Cristina. Parole in forte contrasto con le grida invocanti la pena di morte che poco prima si erano sentite fuori della chiesa, lanciate dai colleghi della vittima. L\u2019orefice, 72 anni, era stato ucciso da un rapinatore.<\/p>\n<p><strong>Ho preso le parole di Luca dalla cronaca del collega Quinto Cappelli pubblicata da <em>Avvenire <\/em>il 5 luglio 2000 a p. 9 con il titolo <em>La famiglia perdona il killer<\/em>. <a href=\"http:\/\/archiviostorico.corriere.it\/2000\/luglio\/05\/familiari_del_tabaccaio_Perdoniamo_assassino_co_0_0007052510.shtml\">Qui<\/a> la cronaca del Corriere della Sera con il titolo <em>I familiari del tabaccaio: \u201cPerdoniamo l\u2019assassino\u201d<\/em>.<\/strong><\/p>\n<p><strong>[Giugno 2010]<\/strong><\/p>\n","protected":false},"excerpt":{"rendered":"<p>\u201cLa nostra coscienza \u00e8 improntata sul perdono e sulla fede, anche se il perdono pi\u00f9 importante \u00e8 quello del Signore. Questa decisione nasce dall\u2019unit\u00e0 familiare, dalla fede e dalla forza&#8230;<\/p>\n<div class=\"more-link-wrapper\"><a class=\"more-link\" href=\"http:\/\/www.luigiaccattoli.it\/blog\/cerco-fatti-di-vangelo\/3-il-perdono-degli-uccisori-dei-parenti\/d-omicidi-comuni\/edda-silingardi-%e2%80%9cil-perdono-piu-importante-e-quello-del-signore%e2%80%9d\/\">Read More<span class=\"screen-reader-text\">Edda Silingardi: \u201cIl perdono pi\u00f9 importante \u00e8 quello del Signore\u201d<\/span><\/a><\/div>\n","protected":false},"author":1,"featured_media":0,"parent":2241,"menu_order":0,"comment_status":"open","ping_status":"closed","template":"","meta":{"_monsterinsights_skip_tracking":false,"_monsterinsights_sitenote_active":false,"_monsterinsights_sitenote_note":"","_monsterinsights_sitenote_category":0,"footnotes":""},"class_list":["post-4919","page","type-page","status-publish","hentry","excerpt"],"_links":{"self":[{"href":"http:\/\/www.luigiaccattoli.it\/blog\/wp-json\/wp\/v2\/pages\/4919","targetHints":{"allow":["GET"]}}],"collection":[{"href":"http:\/\/www.luigiaccattoli.it\/blog\/wp-json\/wp\/v2\/pages"}],"about":[{"href":"http:\/\/www.luigiaccattoli.it\/blog\/wp-json\/wp\/v2\/types\/page"}],"author":[{"embeddable":true,"href":"http:\/\/www.luigiaccattoli.it\/blog\/wp-json\/wp\/v2\/users\/1"}],"replies":[{"embeddable":true,"href":"http:\/\/www.luigiaccattoli.it\/blog\/wp-json\/wp\/v2\/comments?post=4919"}],"version-history":[{"count":2,"href":"http:\/\/www.luigiaccattoli.it\/blog\/wp-json\/wp\/v2\/pages\/4919\/revisions"}],"predecessor-version":[{"id":4922,"href":"http:\/\/www.luigiaccattoli.it\/blog\/wp-json\/wp\/v2\/pages\/4919\/revisions\/4922"}],"up":[{"embeddable":true,"href":"http:\/\/www.luigiaccattoli.it\/blog\/wp-json\/wp\/v2\/pages\/2241"}],"wp:attachment":[{"href":"http:\/\/www.luigiaccattoli.it\/blog\/wp-json\/wp\/v2\/media?parent=4919"}],"curies":[{"name":"wp","href":"https:\/\/api.w.org\/{rel}","templated":true}]}}