{"id":4973,"date":"2010-07-28T16:36:36","date_gmt":"2010-07-28T16:36:36","guid":{"rendered":"http:\/\/www.luigiaccattoli.it\/blog\/?page_id=4973"},"modified":"2010-07-28T16:39:15","modified_gmt":"2010-07-28T16:39:15","slug":"giustino-squarotti-%e2%80%9ccon-i-genitori-ci-siamo-abbracciati-piangendo%e2%80%9d","status":"publish","type":"page","link":"http:\/\/www.luigiaccattoli.it\/blog\/cerco-fatti-di-vangelo\/3-il-perdono-degli-uccisori-dei-parenti\/d-omicidi-comuni\/giustino-squarotti-%e2%80%9ccon-i-genitori-ci-siamo-abbracciati-piangendo%e2%80%9d\/","title":{"rendered":"Giustino Squaratti: \u201cCon i genitori ci siamo abbracciati piangendo\u201d"},"content":{"rendered":"<p>\u201c<em>Luigi, tu da me sei perdonato ma ti chiedo una cosa sola: di costituirti. Devi chiedere perdono a Dio di quello che hai fatto. Te lo dico proprio per l\u2019amore che ti ho trasmesso e anche per l\u2019amore che tu pensi di aver avuto per Moira. Difficile dire queste cose ma le dico col cuore<\/em>\u201d: parole di Giustino Squaratti, padre di Moira rivolte all\u2019uccisore di lei Luigi Marchetti e pronunciate davanti ai giornalisti e alle telecamere il 7 aprile 2002 a Paspardo, Brescia, per lanciare un messaggio al fuggiasco. Il perdono della famiglia di lei era stato annunciato il giorno della messa di addio per la ragazza, il 6 aprile, dal parroco don Giulio: \u00abAnche se ci auguriamo che la giustizia umana possa far luce piena sullo sconcertante episodio stabilendo adeguate punizioni che siano di monito a tutti, il perdono resta un atto bello e difficile ma non impossibile. Un atto che \u00e8 gi\u00e0 riuscito a pap\u00e0 Giustino\u00bb.<br \/>\nLuigi, 32 anni, aveva colpito Moira, 26 anni, con 16 coltellate, forse in preda alla droga. Si costitu\u00ec dopo due mesi e fu condannato a 14 anni col rito abbreviato. La famiglia di Moira non si costitu\u00ec parte civile. Le famiglie dei due si erano abbracciate in chiesa durante la veglia alla vigilia della messa di addio. \u201c<em>Mi avevano telefonato per chiedere se potevano venire a rendere omaggio a mia figlia. Ho risposto di s\u00ec perch\u00e9 non abbiamo assolutamente nulla contro di loro. Non ci siamo scambiati nessuna parola. Ci siamo solo abbracciati piangendo<\/em>\u201d fu il racconto di Giustino.<\/p>\n<p><strong><a href=\"http:\/\/archiviostorico.corriere.it\/2002\/aprile\/07\/ombra_della_cocaina_dietro_omicidio_co_5_020407754.shtml\">Qui<\/a> la cronaca del perdono annunciato dal parroco. <a href=\"http:\/\/archiviostorico.corriere.it\/2002\/aprile\/08\/perdono_per_Moira_ora_consegnati_co_0_0204082724.shtml\">Qui<\/a> quello pronunciato da pap\u00e0 Luigi. <\/strong><\/p>\n<p><strong>[Giugno 2010]<\/strong><\/p>\n","protected":false},"excerpt":{"rendered":"<p>\u201cLuigi, tu da me sei perdonato ma ti chiedo una cosa sola: di costituirti. Devi chiedere perdono a Dio di quello che hai fatto. Te lo dico proprio per l\u2019amore&#8230;<\/p>\n<div class=\"more-link-wrapper\"><a class=\"more-link\" href=\"http:\/\/www.luigiaccattoli.it\/blog\/cerco-fatti-di-vangelo\/3-il-perdono-degli-uccisori-dei-parenti\/d-omicidi-comuni\/giustino-squarotti-%e2%80%9ccon-i-genitori-ci-siamo-abbracciati-piangendo%e2%80%9d\/\">Read More<span class=\"screen-reader-text\">Giustino Squaratti: \u201cCon i genitori ci siamo abbracciati piangendo\u201d<\/span><\/a><\/div>\n","protected":false},"author":1,"featured_media":0,"parent":2241,"menu_order":0,"comment_status":"open","ping_status":"closed","template":"","meta":{"_monsterinsights_skip_tracking":false,"_monsterinsights_sitenote_active":false,"_monsterinsights_sitenote_note":"","_monsterinsights_sitenote_category":0,"footnotes":""},"class_list":["post-4973","page","type-page","status-publish","hentry","excerpt"],"_links":{"self":[{"href":"http:\/\/www.luigiaccattoli.it\/blog\/wp-json\/wp\/v2\/pages\/4973","targetHints":{"allow":["GET"]}}],"collection":[{"href":"http:\/\/www.luigiaccattoli.it\/blog\/wp-json\/wp\/v2\/pages"}],"about":[{"href":"http:\/\/www.luigiaccattoli.it\/blog\/wp-json\/wp\/v2\/types\/page"}],"author":[{"embeddable":true,"href":"http:\/\/www.luigiaccattoli.it\/blog\/wp-json\/wp\/v2\/users\/1"}],"replies":[{"embeddable":true,"href":"http:\/\/www.luigiaccattoli.it\/blog\/wp-json\/wp\/v2\/comments?post=4973"}],"version-history":[{"count":2,"href":"http:\/\/www.luigiaccattoli.it\/blog\/wp-json\/wp\/v2\/pages\/4973\/revisions"}],"predecessor-version":[{"id":4977,"href":"http:\/\/www.luigiaccattoli.it\/blog\/wp-json\/wp\/v2\/pages\/4973\/revisions\/4977"}],"up":[{"embeddable":true,"href":"http:\/\/www.luigiaccattoli.it\/blog\/wp-json\/wp\/v2\/pages\/2241"}],"wp:attachment":[{"href":"http:\/\/www.luigiaccattoli.it\/blog\/wp-json\/wp\/v2\/media?parent=4973"}],"curies":[{"name":"wp","href":"https:\/\/api.w.org\/{rel}","templated":true}]}}