{"id":4990,"date":"2010-07-29T09:33:10","date_gmt":"2010-07-29T09:33:10","guid":{"rendered":"http:\/\/www.luigiaccattoli.it\/blog\/?page_id=4990"},"modified":"2010-07-29T09:33:10","modified_gmt":"2010-07-29T09:33:10","slug":"roberto-l%e2%80%99uomo-che-incontro-l%e2%80%99aids-e-imparo-a-volare","status":"publish","type":"page","link":"http:\/\/www.luigiaccattoli.it\/blog\/cerco-fatti-di-vangelo\/14-dalla-droga-dall%e2%80%99aids-dalla-strada-e-da-ogni-male\/roberto-l%e2%80%99uomo-che-incontro-l%e2%80%99aids-e-imparo-a-volare\/","title":{"rendered":"Roberto l\u2019uomo che incontr\u00f2 l\u2019Aids e impar\u00f2 a volare"},"content":{"rendered":"<p>Roberto \u00e8 un malato di Aids che muore a Milano, a 37 anni, il 30 marzo del 1995, dopo essere tornato ad amare la vita e il mondo e dopo aver chiesto un prete che l\u2019aiutasse a \u201cfidarsi\u201d della misericordia di Dio. La sua storia \u00e8 narrata qui per la prima da Daniela Galardi, psicoanalista Sipre e IFPS con studio a Milano e mia amica.<\/p>\n<p><em>Ho conosciuto Roberto una sera al cinema. Una sera di giugno, un ritrovo tra colleghi medici e qualche altro rimorchiato, come me\u2026 e Roberto amico di Lucia. Era la prima volta che uscivo con loro e come sempre nelle presentazioni con un po\u2019 di titubanza comunico la mia professione: sono psicoterapeuta\/psicoanalista. In quegli anni presso un Ospedale milanese lavoravo con i malati oncologici. Alcuni li ho accompagnati fino alla morte. <\/em><br \/>\n<em>Roberto, un po\u2019 timido, alto, magro, indossa una giacca blu elettrico, un bel sorriso, ha la battuta ironica, spontanea. Mi dicono che \u00e8 malato e Lucia mi bisbiglia che potrebbe essere utile parlare con lui di quanto gli sta accadendo. Dopo due giorni Roberto mi chiede un incontro da \u201cpsicologa\u201d e ci troviamo per un appuntamento in studio. Sta assumendo terapia specifica per l\u2019Aids che ha saputo di aver contratto dopo la morte del suo compagno due anni prima. Sa che non avr\u00e0 molto da vivere e mi chiede di accompagnarlo a morire, vuole vivere la sua malattia e la sua morte e mi chiede di iniziare un percorso di analisi per questi motivi. Racconta della sua infanzia, dei genitori, delle difficolt\u00e0 a essere riconosciuto nella sua identit\u00e0 maschile soprattutto nei primi anni (la madre lo vestiva da bambina), di un padre poco presente, delle sue difficolt\u00e0 relazionali da adolescente e dell\u2019incontro con uomini pi\u00f9 grandi promettenti riconoscimento, certezze, stabilit\u00e0.<\/em><br \/>\n<em>La malattia inesorabile andava avanti anche se in modo sorprendente i medici stessi riconoscevano come il lavoro di analisi desse a Roberto maggiori risorse e gli \u201callungasse\u201d la vita nonostante le inevitabili ricadute causate da un sistema immunitario che non rispondeva in modo adeguato. Con dolore abbiamo riflettuto sulle strategie relazionali adottate a livello profondo da Roberto, sulla scelta dell\u2019omosessualit\u00e0 come adeguamento e \u201csoluzione\u201d a una ricerca insaziabile e illusoria di accoglimento. Nello stesso tempo Roberto si dimostrava molto stupito delle risorse personali che poteva ancora esprimere, del riconoscimento di un affetto verso una donna che non aveva potuto finora permettersi di definire \u201camore\u201d e della profonda serenit\u00e0 che provava grazie al lavoro che stavamo condividendo. <\/em><br \/>\n<em>Al secondo anno di analisi inizia a portare in seduta molti sogni che raccontano di sue esperienze di volo. Roberto vola alto, non ha timore e guarda il cielo azzurro limpido terso. Da palazzi con terrazzi a ringhiere liberty prende il volo e a volte a razzo, a volte dolcemente si libra nell\u2019aria. Mentre racconta ride, si diverte. Interpretiamo questi sogni: forse sta iniziando a decollare, a pensarsi in un\u2019altra dimensione. A Natale, vedo in una vetrina una cravatta di Nembo Kid che vola. Non sono solita far doni ai pazienti ma Roberto vola e so che non avr\u00f2 molto tempo per ringraziarlo di quanto mi sta donando nel permettermi di condividere la sua intimit\u00e0, la sua dignit\u00e0 e delicatezza d\u2019animo, il suo essere pronto anche a volare.<\/em><br \/>\n<em>Cabarettista e amico di personaggi dello spettacolo, anche se preoccupato dello stato ormai precario per le broncopolmoniti che lo attanagliano, organizza con i colleghi uno spettacolo per raccogliere soldi per il Reparto che lo cura. Mi invita alla serata e mi ritrovo in prima fila, con alcuni degli amici incontrati la prima sera al cinema. Roberto indossa lo smoking e il farfallino, sale anche sul palco nonostante la febbre e ringrazia i presenti di aver partecipato alla sua serata. Ringrazia questo mondo anche un po\u2019 stravagante, mondo che lui sta imparando ad amare e a godere pienamente, riconoscendo la bellezza del suo personale esserci per quello che realmente \u00e8. <\/em><br \/>\n<em>Qualche settimana prima aveva affermato sorridendo mentre usciva da una nostra seduta: \u201cSai Daniela, tutti pensano che io muoia da omosessuale, ma non lo sono pi\u00f9!\u201d Forse questo \u00e8 stato il nostro grande segreto.<\/em><br \/>\n<em>Negli ultimi due mesi io andavo a casa sua \u2013 era tornato a vivere dai genitori \u2013 per le nostre sedute che ha voluto corrispondere fino all\u2019ultima. Il nostro era un lavoro importante a cui lui teneva e tale doveva rimanere fino alla fine. Aveva timore di quello che sarebbe potuto accadere, delle modalit\u00e0 del morire. In questo \u00e8 stato aiutato da alcuni medici del Reparto che venivano a casa a trovarlo. Era ormai considerato un amico da tutti. <\/em><br \/>\n<em>Spesso abbiamo parlato del suo desiderio di \u201cricontattare\u201d il Buon Dio. E\u2019 sempre emersa una profonda religiosit\u00e0 nella sua domanda di lavoro analitico. Mio compito per\u00f2 era aiutarlo ad avere una maggiore consapevolezza di s\u00e9 e delle sue funzionalit\u00e0, certa che la realizzazione della propria umanit\u00e0 spalanca alla ricerca di Dio Creatore. Verso met\u00e0 marzo mi ha chiesto di aiutarlo a trovare un prete che lo comprendesse nel suo percorso umano, un sacerdote che lo aiutasse a fidarsi della Misericordia del Buon Dio. <\/em><br \/>\n<em>Roberto \u00e8 morto il 30 marzo di molti anni fa ma mi sembra ieri. Quando sono andata a incontrarlo, per l\u2019ultima vota, era vestito con una delle sue giacche colorate e aveva la cravatta di Nembo Kid. Aveva lasciato detto a Lucia che lo si vestisse cos\u00ec.<\/em><\/p>\n<p><strong>[Luglio 2010]<\/strong><\/p>\n","protected":false},"excerpt":{"rendered":"<p>Roberto \u00e8 un malato di Aids che muore a Milano, a 37 anni, il 30 marzo del 1995, dopo essere tornato ad amare la vita e il mondo e dopo&#8230;<\/p>\n<div class=\"more-link-wrapper\"><a class=\"more-link\" href=\"http:\/\/www.luigiaccattoli.it\/blog\/cerco-fatti-di-vangelo\/14-dalla-droga-dall%e2%80%99aids-dalla-strada-e-da-ogni-male\/roberto-l%e2%80%99uomo-che-incontro-l%e2%80%99aids-e-imparo-a-volare\/\">Read More<span class=\"screen-reader-text\">Roberto l\u2019uomo che incontr\u00f2 l\u2019Aids e impar\u00f2 a volare<\/span><\/a><\/div>\n","protected":false},"author":1,"featured_media":0,"parent":2126,"menu_order":0,"comment_status":"open","ping_status":"closed","template":"","meta":{"_monsterinsights_skip_tracking":false,"_monsterinsights_sitenote_active":false,"_monsterinsights_sitenote_note":"","_monsterinsights_sitenote_category":0,"footnotes":""},"class_list":["post-4990","page","type-page","status-publish","hentry","excerpt"],"_links":{"self":[{"href":"http:\/\/www.luigiaccattoli.it\/blog\/wp-json\/wp\/v2\/pages\/4990","targetHints":{"allow":["GET"]}}],"collection":[{"href":"http:\/\/www.luigiaccattoli.it\/blog\/wp-json\/wp\/v2\/pages"}],"about":[{"href":"http:\/\/www.luigiaccattoli.it\/blog\/wp-json\/wp\/v2\/types\/page"}],"author":[{"embeddable":true,"href":"http:\/\/www.luigiaccattoli.it\/blog\/wp-json\/wp\/v2\/users\/1"}],"replies":[{"embeddable":true,"href":"http:\/\/www.luigiaccattoli.it\/blog\/wp-json\/wp\/v2\/comments?post=4990"}],"version-history":[{"count":2,"href":"http:\/\/www.luigiaccattoli.it\/blog\/wp-json\/wp\/v2\/pages\/4990\/revisions"}],"predecessor-version":[{"id":4993,"href":"http:\/\/www.luigiaccattoli.it\/blog\/wp-json\/wp\/v2\/pages\/4990\/revisions\/4993"}],"up":[{"embeddable":true,"href":"http:\/\/www.luigiaccattoli.it\/blog\/wp-json\/wp\/v2\/pages\/2126"}],"wp:attachment":[{"href":"http:\/\/www.luigiaccattoli.it\/blog\/wp-json\/wp\/v2\/media?parent=4990"}],"curies":[{"name":"wp","href":"https:\/\/api.w.org\/{rel}","templated":true}]}}