{"id":5030,"date":"2010-07-29T09:57:09","date_gmt":"2010-07-29T09:57:09","guid":{"rendered":"http:\/\/www.luigiaccattoli.it\/blog\/?page_id=5030"},"modified":"2010-07-29T09:57:09","modified_gmt":"2010-07-29T09:57:09","slug":"maria-teresa-turazza-%e2%80%9cnoi-non-possiamo-giudicare-nessuno%e2%80%9d","status":"publish","type":"page","link":"http:\/\/www.luigiaccattoli.it\/blog\/cerco-fatti-di-vangelo\/3-il-perdono-degli-uccisori-dei-parenti\/d-omicidi-comuni\/maria-teresa-turazza-%e2%80%9cnoi-non-possiamo-giudicare-nessuno%e2%80%9d\/","title":{"rendered":"Maria Teresa Turazza: \u201cNoi non possiamo giudicare nessuno\u201d"},"content":{"rendered":"<p>\u201c<em>Io l\u2019uccisore di mio figlio l\u2019ho perdonato, perch\u00e9 ha gi\u00e0 chi lo giudica. La fede ha davvero un ruolo grandissimo nella mia vita, altrimenti come farei ad andare avanti? Il vero ottimismo viene dalla preghiera. E con l\u2019ottimismo si \u00e8 pi\u00f9 uniti e cos\u00ec anche il dolore \u00e8 pi\u00f9 sopportabile. L\u2019assassino di Davide l\u2019ho perdonato subito, mentre accarezzavo mio figlio morto. Come si pu\u00f2 vivere se non si perdona? Noi non dobbiamo giudicare nessuno. Possiamo esprimere dei pareri, ma il giudizio sugli altri non spetta a noi emetterlo, esso appartiene solo a Dio. Chi ha ucciso mio figlio \u00e8 davanti a Dio. Ho visto suo padre in televisione, smarrito, confuso, che si chiedeva se stessero parlando proprio di suo figlio\u2026 Ho pensato a che cosa poteva provare un genitore che scopre il volto di un figlio che non ha mai conosciuto prima, vorrei esprimergli la mia solidariet\u00e0 e dire che sono loro vicina. Inoltre vorrei dirgli di pregare, di pregare tanto. La preghiera d\u00e0 tanta serenit\u00e0 e poi Dio ascolta sempre le preghiere di un genitore, soprattutto se invoca la misericordia per un figlio<\/em>\u201d: parla cos\u00ec \u2013 in un\u2019intervista a <em>Verona Fedele<\/em> del marzo del 2005 \u2013 Maria Teresa Turazza che ha avuto due figli poliziotti uccisi dalla malavita.<\/p>\n<p><strong>I figli di Maria Teresa si chiamano Massimiliano, ucciso il 19 ottobre 1994 e Davide, il 21 febbraio 2005. Davide era entrato nella polizia di Stato due anni dopo la morte del fratello. Ambedue medaglie d\u2019oro al valore civile. Davide era sposato con Debora e aveva due figlie di dieci e tre anni. Debora dopo la morte del marito \u00e8 entrata anche lei nella Polizia di Stato. L\u2019intervista di Maria Teresa al numero di Pasqua del 2005 di <em>Verona Fedele<\/em> \u00e8 stata ripresa dall\u2019<em>Avvenire<\/em> del 26 marzo 2005 a p. 13 con il titolo <em>\u201cPerdono chi ha ucciso mio figlio\u201d<\/em>.<\/strong><\/p>\n<p><strong>[Luglio 2010]<\/strong><\/p>\n","protected":false},"excerpt":{"rendered":"<p>\u201cIo l\u2019uccisore di mio figlio l\u2019ho perdonato, perch\u00e9 ha gi\u00e0 chi lo giudica. La fede ha davvero un ruolo grandissimo nella mia vita, altrimenti come farei ad andare avanti? Il&#8230;<\/p>\n<div class=\"more-link-wrapper\"><a class=\"more-link\" href=\"http:\/\/www.luigiaccattoli.it\/blog\/cerco-fatti-di-vangelo\/3-il-perdono-degli-uccisori-dei-parenti\/d-omicidi-comuni\/maria-teresa-turazza-%e2%80%9cnoi-non-possiamo-giudicare-nessuno%e2%80%9d\/\">Read More<span class=\"screen-reader-text\">Maria Teresa Turazza: \u201cNoi non possiamo giudicare nessuno\u201d<\/span><\/a><\/div>\n","protected":false},"author":1,"featured_media":0,"parent":2241,"menu_order":0,"comment_status":"open","ping_status":"closed","template":"","meta":{"_monsterinsights_skip_tracking":false,"_monsterinsights_sitenote_active":false,"_monsterinsights_sitenote_note":"","_monsterinsights_sitenote_category":0,"footnotes":""},"class_list":["post-5030","page","type-page","status-publish","hentry","excerpt"],"_links":{"self":[{"href":"http:\/\/www.luigiaccattoli.it\/blog\/wp-json\/wp\/v2\/pages\/5030","targetHints":{"allow":["GET"]}}],"collection":[{"href":"http:\/\/www.luigiaccattoli.it\/blog\/wp-json\/wp\/v2\/pages"}],"about":[{"href":"http:\/\/www.luigiaccattoli.it\/blog\/wp-json\/wp\/v2\/types\/page"}],"author":[{"embeddable":true,"href":"http:\/\/www.luigiaccattoli.it\/blog\/wp-json\/wp\/v2\/users\/1"}],"replies":[{"embeddable":true,"href":"http:\/\/www.luigiaccattoli.it\/blog\/wp-json\/wp\/v2\/comments?post=5030"}],"version-history":[{"count":2,"href":"http:\/\/www.luigiaccattoli.it\/blog\/wp-json\/wp\/v2\/pages\/5030\/revisions"}],"predecessor-version":[{"id":5033,"href":"http:\/\/www.luigiaccattoli.it\/blog\/wp-json\/wp\/v2\/pages\/5030\/revisions\/5033"}],"up":[{"embeddable":true,"href":"http:\/\/www.luigiaccattoli.it\/blog\/wp-json\/wp\/v2\/pages\/2241"}],"wp:attachment":[{"href":"http:\/\/www.luigiaccattoli.it\/blog\/wp-json\/wp\/v2\/media?parent=5030"}],"curies":[{"name":"wp","href":"https:\/\/api.w.org\/{rel}","templated":true}]}}