{"id":5047,"date":"2010-07-30T16:05:24","date_gmt":"2010-07-30T16:05:24","guid":{"rendered":"http:\/\/www.luigiaccattoli.it\/blog\/?page_id=5047"},"modified":"2010-07-30T16:05:24","modified_gmt":"2010-07-30T16:05:24","slug":"roberta-magnani-%e2%80%9ca-curarmi-pensero-quando-sara-nato%e2%80%9d","status":"publish","type":"page","link":"http:\/\/www.luigiaccattoli.it\/blog\/cerco-fatti-di-vangelo\/2-madri-che-danno-la-vita\/roberta-magnani-%e2%80%9ca-curarmi-pensero-quando-sara-nato%e2%80%9d\/","title":{"rendered":"Roberta Magnani: \u201cA curarmi penser\u00f2 quando sar\u00e0 nato\u201d"},"content":{"rendered":"<p>Roberta Magnani \u2013 di Groppello Cairoli, Pavia \u2013 non \u00e8 praticante o forse non \u00e8 neanche credente ma la dedizione alla vita della creatura che porta in grembo \u00e8 totale. Colpita da tumore al polmone, che scopre dopo l\u2019accertamento della gravidanza, esclude con decisione le cure che la possono danneggiare e porta il bimbo alla trentaduesima settimana. Muore il 27 luglio 1998, a 31 anni, dieci giorni dopo la nascita di Marco. \u201c<em>Voglio il bambino, salviamo nostro figlio e a curarmi penser\u00f2 quando sar\u00e0 nato<\/em>\u201d, aveva detto al marito Mauro Arlenghi, che aveva sposato civilmente, dopo cinque anni di convivenza, un mese prima di morire. Una decisione, quella del matrimonio, presa subito dopo la scoperta della gravidanza e poi rinviata per la malattia: \u201c<em>Non voglio lasciarti vedovo<\/em>\u201d, diceva scherzando a Mauro. \u201cQualsiasi cosa facesse \u2013 racconta il marito \u2013 subire una radiografia o ingoiare una pillola, bisognava darle mille assicurazioni che non avrebbe causato malformazioni al bambino. Le uniche iniezioni che faceva volentieri erano quelle per rinforzare il feto. Per il figlio era disposta a soffrire. Io ho accettato la sua decisione, ma solo perch\u00e9 sapevo che non aveva alcuna possibilit\u00e0 di farcela\u201d.<br \/>\nAlla messa di addio il parroco don Pierluigi interpreta cos\u00ec la dedizione di questa mamma non praticante: \u201c<em>Il dolore si pu\u00f2 vincere solo con l\u2019amore e la preghiera. Su Roberta \u00e8 sceso sicuramente lo Spirito Santo, che \u00e8 l\u2019Amore che ci fa compiere questi gesti eclatanti, sublimi. Quello di Roberta non \u00e8 stato solo un gesto materiale, ma il passaggio di tutto un patrimonio genetico e culturale a una nuova creatura<\/em>\u201d.<\/p>\n<p><strong>Virgolettati e notizie li ho presi dal <em>Corriere della Sera<\/em> del 30 luglio 1998, p. 16: <em>Sta bene il bimbo di madre-coraggio<\/em>; e da <em>Avvenire <\/em>del 2 agosto 1998, p. 8: <em>Ieri i funerali della donna che ha rinunciato alla chemioterapia per far nascere sano il suo bimbo<\/em>.<\/strong><\/p>\n<p><strong>[Luglio 2010]<\/strong><\/p>\n","protected":false},"excerpt":{"rendered":"<p>Roberta Magnani \u2013 di Groppello Cairoli, Pavia \u2013 non \u00e8 praticante o forse non \u00e8 neanche credente ma la dedizione alla vita della creatura che porta in grembo \u00e8 totale.&#8230;<\/p>\n<div class=\"more-link-wrapper\"><a class=\"more-link\" href=\"http:\/\/www.luigiaccattoli.it\/blog\/cerco-fatti-di-vangelo\/2-madri-che-danno-la-vita\/roberta-magnani-%e2%80%9ca-curarmi-pensero-quando-sara-nato%e2%80%9d\/\">Read More<span class=\"screen-reader-text\">Roberta Magnani: \u201cA curarmi penser\u00f2 quando sar\u00e0 nato\u201d<\/span><\/a><\/div>\n","protected":false},"author":1,"featured_media":0,"parent":2087,"menu_order":0,"comment_status":"open","ping_status":"closed","template":"","meta":{"_monsterinsights_skip_tracking":false,"_monsterinsights_sitenote_active":false,"_monsterinsights_sitenote_note":"","_monsterinsights_sitenote_category":0,"footnotes":""},"class_list":["post-5047","page","type-page","status-publish","hentry","excerpt"],"_links":{"self":[{"href":"http:\/\/www.luigiaccattoli.it\/blog\/wp-json\/wp\/v2\/pages\/5047","targetHints":{"allow":["GET"]}}],"collection":[{"href":"http:\/\/www.luigiaccattoli.it\/blog\/wp-json\/wp\/v2\/pages"}],"about":[{"href":"http:\/\/www.luigiaccattoli.it\/blog\/wp-json\/wp\/v2\/types\/page"}],"author":[{"embeddable":true,"href":"http:\/\/www.luigiaccattoli.it\/blog\/wp-json\/wp\/v2\/users\/1"}],"replies":[{"embeddable":true,"href":"http:\/\/www.luigiaccattoli.it\/blog\/wp-json\/wp\/v2\/comments?post=5047"}],"version-history":[{"count":2,"href":"http:\/\/www.luigiaccattoli.it\/blog\/wp-json\/wp\/v2\/pages\/5047\/revisions"}],"predecessor-version":[{"id":5050,"href":"http:\/\/www.luigiaccattoli.it\/blog\/wp-json\/wp\/v2\/pages\/5047\/revisions\/5050"}],"up":[{"embeddable":true,"href":"http:\/\/www.luigiaccattoli.it\/blog\/wp-json\/wp\/v2\/pages\/2087"}],"wp:attachment":[{"href":"http:\/\/www.luigiaccattoli.it\/blog\/wp-json\/wp\/v2\/media?parent=5047"}],"curies":[{"name":"wp","href":"https:\/\/api.w.org\/{rel}","templated":true}]}}