{"id":6442,"date":"2011-04-11T13:36:58","date_gmt":"2011-04-11T13:36:58","guid":{"rendered":"http:\/\/www.luigiaccattoli.it\/blog\/?page_id=6442"},"modified":"2011-07-29T08:33:33","modified_gmt":"2011-07-29T06:33:33","slug":"se-un-testimone-di-geova-entra-nel-tuo-blog","status":"publish","type":"page","link":"http:\/\/www.luigiaccattoli.it\/blog\/collaborazione-a-riviste\/se-un-testimone-di-geova-entra-nel-tuo-blog\/","title":{"rendered":"Aiuto: un testimone di Geova \u00e8 entrato nel mio blog"},"content":{"rendered":"<p>Sapevo che vi sono troll [<em>disturbatori di siti internet<\/em>] che sono nati cos\u00ec dal grembo della madre e altri che sono stati resi tali dagli uomini, ma non sapevo che ve ne fossero altri ancora che si sono resi tali per il Regno dei Cieli. L\u2019ho capito quando un testimone di Geova \u00e8 entrato nel mio blog e nel giro di due mesi lo ha messo a soqquadro come nessun altro visitatore invasivo era mai riuscito a fare nei sei anni di durata del mio \u201cpianerottolo\u201d.<\/p>\n<p>Si firma <em>Gioab<\/em> e aveva gi\u00e0 un\u2019altra esperienza di invasione ai danni del blog di Andrea Tornielli dove si firma <em>Sal<\/em>. Quando ho deciso di scrivere della rivoluzione che aveva portato nel mio pianerottolo gli ho inviato un\u2019e-mail per chiedergli di rivelarmi \u2013 se credeva \u2013 la sua identit\u00e0. Me l\u2019ha detta, ma mi ha pregato di tenerla per me evocando il rischio di minacce telefoniche e altro al quale si sarebbe esposto dichiarandola.<\/p>\n<p><strong>\u201cIo sono un messaggero e dico sempre la verit\u00e0\u201d<\/strong><\/p>\n<p>Ha risposto cordialmente ad altre mie domande affermando di essere un pensionato che vive tra l\u2019Italia e gli USA. Di avere \u201cstudiato dai testimoni di Geova e di averli studiati\u201d ma di considerarsi un battitore libero. Egli \u00e8 convinto che le Chiese cristiane storiche stiano per crollare e si sente tra i chiamati ad affrettare il crollo: \u201c<em>Il Cupolone vacilla<\/em>\u201d. Definisce se stesso come \u201cmessaggero\u201d, sente la vocazione ad agire nella Rete e ritiene che una presentazione dura e pura della dottrina dei testimoni pu\u00f2 aprire crepe e far crollare torri.<\/p>\n<p>L\u2019elemento dirompente della sua azione \u00e8 che presenta la propria posizione accompagnandola con l\u2019irrisione sistematica delle Chiese storiche. Se piangi perch\u00e9 un attentato uccide un ministro cattolico pakistano che difendeva le minoranze e riporti il suo testamento, lui ride del tuo pianto e scrive: \u201c<em>Molto bello, il testamento, molto bello, peccato che Ges\u00f9 era distratto e l\u2019angelo custode pure<\/em>\u201d.<\/p>\n<p>Se narri la morte in Cristo di Gabriele Berionne, dirigente della Banca d\u2019Italia, che nel suo testamento invoca \u201cVieni Signore Ges\u00f9\u201d mentre afferma di \u201candare\u201d al suo Signore [vedi nel mio blog, pagina CERCO FATTI DI VANGELO, capitolo 7, paragrafo b] lui sghignazza affermando che \u201csi contraddice\u201d con l\u2019invocare qualcuno perch\u00e9 \u201cvenga\u201d mentre egli sta andando da lui. Tu lo inviti a rispettare chi \u00e8 morto a quel modo ricordando Simone Weil che diceva: \u201c<em>I santi sono coloro che da vivi hanno realmente acconsentito alla morte<\/em>\u201d; e lui dice che sono tutte falsit\u00e0, perch\u00e9 alla morte non puoi non acconsentire. E se voleva \u201cessere santo\u201d non avrebbe dovuto \u201cstare in banca\u201d, tant\u2019\u00e8 che Giuda era \u201cil banchiere della comitiva\u201d.<\/p>\n<p>Tu lo accusi di non rispettare i morti e lui reagisce cos\u00ec: \u201c<em>Il cattolicesimo con questo suo culto della morte ha creato il regno della pia illusione per i semplici che diventano sudditi di meravigliose meraviglie che non conoscono e che immaginano<\/em>\u201d.<\/p>\n<p>E\u2019 tanto sicuro nell\u2019uso del \u201cLibro\u201d secondo i geovisti, quanto \u00e8 banale e banalizzatore su ogni risvolto umano, sociale, storico di qualsivoglia vicenda. Insopportabilmente saccente e cavilloso. Culturalmente piatto.<\/p>\n<p>Pare non avverta la tonalit\u00e0 penosa delle sue posizioni sociali, che sostiene con versetti della Bibbia. Le donne sono infide e irrazionali e \u201cdevono stare sotto\u201d. Ma sono adatte a \u201cscaldare il pane\u201d quando non lo lasciano \u201cbruciare\u201d. \u201cCon i tacchi a spillo mi bucano il pavimento\u201d.<\/p>\n<p><strong>Il mio Gioab \u00e8 un wikipedia-dipendente<\/strong><\/p>\n<p>I barboni \u201cpuzzano un poco\u201d. Gli immigrati sono un problema per tutti. Gli uomini non devono portare capelli lunghi. Una volta che ho scritto che Nicole Minetti dovrebbe lasciare il seggio alla Regione Lombardia \u201cche non ha meritato\u201d si \u00e8 inalberato a sua difesa: \u201c<em>Non concordo. L\u2019autoaccusa non \u00e8 contemplata<\/em>\u201d.<\/p>\n<p>Se don Corinno \u2013 parroco di Brembate \u2013 parla della piccola Yara come di un \u201cangelo\u201d Gioab si intestardisce a sostenere per giorni e giorni che \u201cnon pu\u00f2 essere un angelo\u201d. Gli spieghi che esiste il linguaggio analogico e in questo si dice a una moglie \u201csei un angelo\u201d e si pu\u00f2 dire \u201cangelo\u201d di un\u2019innocente che ora \u00e8 in Dio \u2013 e lui continua imperterrito a dire\u201dniente angeli\u201d, il cattolicesimo imbroglia con il suo ricorso agli angeli: \u201c<em>E\u2019 un depistaggio inutile e menzognero. Da nessuna bugia sorge mai una verit\u00e0<\/em>\u201d. A chiarire che si debba intendere per \u201cangelo\u201d \u2013 al di fuori delle falsit\u00e0 cattoliche \u2013 ricorre a <em>Wikipedia<\/em>. Ci ricorre a ogni passo. Gioab \u00e8 un wikipediadipendente.<\/p>\n<p>Anche nei messaggi che ci siamo scambiati in privato egli ritiene di essere l\u00ec l\u00ec per aprirmi gli occhi: \u201c<em>Perch\u00e8 mai la tua religione \u00e8 sempre al contrario di quello che \u00e8 scritto? Agisce al contrario e tu che sei persona di esperienza\u00a0continui ad andarle dietro. Veramente non vi capisco, scusa mi sembrate i lemming, quelli che si suicidano in massa dietro al capobranco che si getta nel mare. Perch\u00e8 la morte vi affascina tanto se \u00e8 la pi\u00f9 grande condanna? Caro Luis, medita, io non sono nessuno e valgo nulla, ma scrivo solo quello che \u00e8 Verit\u00e0! Tu sai che non posso tacere<\/em>\u201d.<\/p>\n<p>Se gli dico che non deve essere insultante verso il credo altrui, egli ghigna: \u201c<em>Se uno se lo sente l\u2019insulto vuol dire che ha la coda di paglia. Dire che il cattolicesimo \u00e8 una religione inventata non \u00e8 un insulto \u00e8 una verit\u00e0<\/em>\u201d. Una religione \u201c<em>indegna di ogni ragionevolezza<\/em>\u201d, che \u201cintrallazza sempre e si nasconde dietro le parole\u201d. \u201c<em>Un\u2019organizzazione la cui storia \u00e8 la storia del massimo della crudelt\u00e0, il cui capo \u00e8 denunciato per \u2018crimini\u2019 contro l\u2019umanit\u00e0<\/em>\u201d. Spassionatamente mi invita, in pubblico e in privato, a \u201cuscire da essa, altrimenti sei complice\u201d. Perch\u00e8 \u201c<em>Cristo non pu\u00f2 essere l\u00ec. Non \u00e8 evidente?<\/em>\u201dSe gli dici che di alcune colpe il papa ha chiesto perdono, ribatte: \u201c<em>Quale penitenza \u00e8 stata fatta per tanta malvagit\u00e0?<\/em>\u201d<\/p>\n<p>Con entusiasmo sostiene l\u2019uso del nome <em>Geova<\/em> come resa del <em>tetragramma<\/em>. Parla come se disvelasse la vera cultura biblica a persone che nulla ne sanno. Mi scrive accattivante: \u201c<em>Leggilo il Libro<\/em>\u201d. Se gli dico che la Bibbia la leggo mi replica \u2013 convintamente \u2013 che \u201cbisognerebbe capire ci\u00f2 che si legge\u201d. Afferma come cosa indubitabile che tra tutte le traduzioni della Bibbia \u201cquella Cei \u00e8 la peggiore, la pi\u00f9 tendenziosa\u201d.<\/p>\n<p><strong>Uno che si \u00e8 fatto troll per il Regno<\/strong><\/p>\n<p>Per nulla interessato al prossimo, alla morte e al comandamento dell\u2019amore, diventa invece attentissimo quando si tratta di numeri: i sette demoni da cui fu liberata la Maddalena, le dodici trib\u00f9, i 22 mila primogeniti dei leviti che sono censiti nel libro dei Numeri, i 144 mila \u201csegnati\u201d dell\u2019Apocalisse . Gli altri visitatori lo canzonano e lui categorico: \u201c<em>E\u2019 indegno prendersi gioco di ci\u00f2 che non si \u00e8 capito<\/em>\u201d.<\/p>\n<p>Non ha alcuna disponibilit\u00e0 a considerare il carattere simbolico dei numeri, per cui \u2013 poniamo \u2013 sette e dodici indicano moltitudine, o pienezza. Per lui sette vuol dire sei pi\u00f9 uno e i 144 mila vanno intesi come nomi che spunti da un elenco.<\/p>\n<p>Perch\u00e9 dico che Gioab \u00e8 uno che si \u00e8 fatto <em>troll<\/em> per il Regno dei Cieli? Perch\u00e9 per molti aspetti il suo comportamento \u00e8 proprio quello del disturbatore maniacale delle comunit\u00e0 virtuali. Scrive testi lunghissimi. Interviene in continuit\u00e0, pi\u00f9 di ogni altro visitatore. Provoca gli interlocutori con giudizi drastici e rovesciamento di valutazioni o di atteggiamenti espressi da altri. Quando non c\u2019\u00e8 alcun tavolo da rovesciare, cambia bruscamente argomento. E\u2019 la maniera del troll.<\/p>\n<p>Ma egli \u2013 ne sono sicuro \u2013 non \u00e8 un troll. Di norma l\u2019obiettivo dei troll \u00e8 di far perdere la pazienza agli altri utenti, spingendoli a insultare e aggredire a loro volta. Gioab ottiene matematicamente questo effetto, ma non \u00e8 questo il suo scopo: il suo scopo \u00e8 di farsi \u201cmessaggero\u201d del Libro.<\/p>\n<p><strong>Violenta ogni regola dell\u2019ospitalit\u00e0<\/strong><\/p>\n<p>Un troll incassatore e sagace pu\u00f2 scoraggiare i visitatori fino a provocare la chiusura di una comunit\u00e0 virtuale. Gioab ha gi\u00e0 causato molti abbandoni, almeno temporanei, del mio blog e se non arriver\u00e0 a provocarne la chiusura \u00e8 perch\u00e9 io non mi curo della quantit\u00e0 dell\u2019affluenza. Ma se l\u2019audience fosse il mio obiettivo, di certo egli mi avrebbe messo in crisi.<\/p>\n<p>Affermano gli esperti che il troll \u00e8 alla disperata ricerca di attenzione: vuole a ogni costo <em>dominare<\/em> la discussione e farla girare intorno alla propria figura. A tale scopo mette in atto ogni prevaricazione nei confronti delle regole dell\u2019ospitalit\u00e0 e dello scambio amichevole. Il mio troll fa questo, riuscendo fastidioso a tutti. Ma perch\u00e9 persegue una missione, non perch\u00e9 maniaco di stare al centro.<\/p>\n<p>Pu\u00f2 essere che la sua tenacia sia moltiplicata da un qualche disagio personale, ma il suo obiettivo dichiarato \u2013 e perfettamente commisurato ai mezzi che mette in opera \u2013 \u00e8 la denigrazione delle chiese storiche e l\u2019inficiamento del loro seguito.<\/p>\n<p><strong>Sarebbe facile bandirlo ma non lo far\u00f2<\/strong><\/p>\n<p>La forma pi\u00f9 semplice di contrasto all\u2019invadenza di un troll \u00e8 di ignorarne le provocazioni, resistendo alla tentazione di rispondere. Quando un troll viene ignorato moltiplica il carattere offensivo dei suoi messaggi cercando di ottenere in ogni modo una qualche reazione e se non vi riesce abbandona il gruppo.<\/p>\n<p>Su mio invito i visitatori del mio blog stanno adottando questa tattica ma non sappiamo se otterr\u00e0 l\u2019effetto con un troll che \u00e8 anche un messaggero. Non sarebbe difficile impedirgli l\u2019accesso: il sistema \u00e8 attrezzato per fare questo. Ma non lo voglio fare e desidero anzi sfruttare il suo disturbo per ottenere una maturazione del mio pianerottolo nel rispetto delle opinioni divergenti.<\/p>\n<p>La situazione al momento \u00e8 quella di un testimone di Geova che suona alla tua porta non una volta ma venti volte al giorno e non ascolta il tuo invito alla discrezione. Come andr\u00e0 a finire? Lo racconter\u00f2 forse il prossimo mese.<\/p>\n<p><strong>Luigi Accattoli<\/strong><\/p>\n<p><em>Regno Attualit\u00e0<\/em> 6\/2011<\/p>\n","protected":false},"excerpt":{"rendered":"<p>Sapevo che vi sono troll [disturbatori di siti internet] che sono nati cos\u00ec dal grembo della madre e altri che sono stati resi tali dagli uomini, ma non sapevo che&#8230;<\/p>\n<div class=\"more-link-wrapper\"><a class=\"more-link\" href=\"http:\/\/www.luigiaccattoli.it\/blog\/collaborazione-a-riviste\/se-un-testimone-di-geova-entra-nel-tuo-blog\/\">Read More<span class=\"screen-reader-text\">Aiuto: un testimone di Geova \u00e8 entrato nel mio blog<\/span><\/a><\/div>\n","protected":false},"author":1,"featured_media":0,"parent":9,"menu_order":0,"comment_status":"open","ping_status":"closed","template":"","meta":{"_monsterinsights_skip_tracking":false,"_monsterinsights_sitenote_active":false,"_monsterinsights_sitenote_note":"","_monsterinsights_sitenote_category":0,"footnotes":""},"class_list":["post-6442","page","type-page","status-publish","hentry","excerpt"],"_links":{"self":[{"href":"http:\/\/www.luigiaccattoli.it\/blog\/wp-json\/wp\/v2\/pages\/6442","targetHints":{"allow":["GET"]}}],"collection":[{"href":"http:\/\/www.luigiaccattoli.it\/blog\/wp-json\/wp\/v2\/pages"}],"about":[{"href":"http:\/\/www.luigiaccattoli.it\/blog\/wp-json\/wp\/v2\/types\/page"}],"author":[{"embeddable":true,"href":"http:\/\/www.luigiaccattoli.it\/blog\/wp-json\/wp\/v2\/users\/1"}],"replies":[{"embeddable":true,"href":"http:\/\/www.luigiaccattoli.it\/blog\/wp-json\/wp\/v2\/comments?post=6442"}],"version-history":[{"count":4,"href":"http:\/\/www.luigiaccattoli.it\/blog\/wp-json\/wp\/v2\/pages\/6442\/revisions"}],"predecessor-version":[{"id":7028,"href":"http:\/\/www.luigiaccattoli.it\/blog\/wp-json\/wp\/v2\/pages\/6442\/revisions\/7028"}],"up":[{"embeddable":true,"href":"http:\/\/www.luigiaccattoli.it\/blog\/wp-json\/wp\/v2\/pages\/9"}],"wp:attachment":[{"href":"http:\/\/www.luigiaccattoli.it\/blog\/wp-json\/wp\/v2\/media?parent=6442"}],"curies":[{"name":"wp","href":"https:\/\/api.w.org\/{rel}","templated":true}]}}