{"id":6871,"date":"2011-07-08T21:13:34","date_gmt":"2011-07-08T21:13:34","guid":{"rendered":"http:\/\/www.luigiaccattoli.it\/blog\/?page_id=6871"},"modified":"2011-09-14T16:19:19","modified_gmt":"2011-09-14T14:19:19","slug":"benedetto-castellini-%e2%80%9cil-prodigio-di-un-piede-avanti-l%e2%80%99altro%e2%80%9d","status":"publish","type":"page","link":"http:\/\/www.luigiaccattoli.it\/blog\/cerco-fatti-di-vangelo\/4-la-reazione-all%e2%80%99handicap\/benedetto-castellini-%e2%80%9cil-prodigio-di-un-piede-avanti-l%e2%80%99altro%e2%80%9d\/","title":{"rendered":"Benedetto Castellini: \u201cIl prodigio di un piede avanti all\u2019altro\u201d"},"content":{"rendered":"<p>Benedetto Castellini perde l\u2019uso delle gambe nel 1998 \u2013 a 43 anni \u2013 per una lesione midollare causata da un intervento chirurgico per ernia dorsale. Insegnante di matematica e fisica nei licei, sposato, due figlie, \u00e8 costretto a lasciare la scuola e muoversi con la sedia a rotelle, ma non si arrende e conquista con grande tenacia una sua autonomia di movimento. L\u2019esperienza di tanta fatica ne ha fatto un lodatore del \u201cprodigio\u201d del corpo umano e della prudenza necessaria a proteggerlo.<\/p>\n<p><em>Dopo anni di fisioterapia riabilitativa sto in piedi a fatica e il mio modo di camminare \u00e8 faticoso. Per salire i venti scalini della mia casa impiego anche dieci minuti. Guido un\u2019auto adattata a me e nell\u2019auto mi porto la carrozzina. Tre volte alla settimana vado in piscina dove ritrovo me stesso nuotando. In casa mi esercito con un tapis roulant. Dopo un\u2019ora di piscina sto bene per il resto della giornata e mi sento in pace con me stesso e con il mondo. <\/em><\/p>\n<p><em>Il mio<\/em><em> <\/em><em>rapporto con Dio \u00e8 altalenante, a volte mi sembra che non esista o che sia solo una necessit\u00e0 umana per consolarci della morte, altre volte invece invoco il suo aiuto e penso che se non ci fosse sarebbe una grande fregatura, specialmente per chi ha vissuto una vita di stenti (vedi parabola del ricco Epulone e del povero Lazzaro). Sono grato per le grazie ricevute da me e dai miei famigliari e vedo la pi\u00f9 grande nel fatto che nel nostro Paese a partire dalla mia generazione abbiamo potuto vivere in pace senza conoscere fame, distruzione, terrore. <\/em><\/p>\n<p><em>Vorrei fare una raccomandazione \u2013 che potrebbe apparire banale e ripetuta chiss\u00e0 quante volte in spot televisivi \u2013 ai ragazzi ma anche agli adulti: nei vari ricoveri ho conosciuto giovani che, per un incidente d\u2019auto o di moto, sottovalutando il pericolo, si sono ritrovati in carrozzina. Perch\u00e9 farsi del male per mancanza di un po\u2019 d\u2019attenzione e di prudenza, o per sentimento d\u2019invulnerabilit\u00e0? Dovremmo pensare a quanto \u00e8 complesso il nostro organismo, che nessun laboratorio potrebbe mai riprodurre. Ogni tanto perch\u00e9 non lasciare auto e moto e riprendere la vecchia bici o semplicemente camminare, fare un passo avanti l\u2019altro, e sentire il peso del proprio corpo sul piede d\u2019appoggio, per poi liberarlo e mandarlo avanti all\u2019altro piede che diventer\u00e0 a sua volta d\u2019appoggio? Anche l\u2019utilizzo delle mani, con tutte le loro\u00a0articolazioni, per impugnare, stringere delicatamente e con forza oggetti o la mano di una persona amica, sembrano cose scontate che possano durare l\u2019intera vita e invece in un attimo si pu\u00f2 perdere tutto. Anche se \u2013 per quello che mi riguarda \u2013 debbo dire che la speranza di un aiuto dal Cielo e dalla ricerca, che mi salvi da questa situazione, \u00e8 sempre con me. <\/em><\/p>\n<p>Quella riportata in corsivo \u00e8 \u2013 abbreviata \u2013 la conclusione di un racconto che Benedetto Castellini ha scritto su mia richiesta nel novembre del 2010. L\u2019intero racconto \u2013 intitolato <em>Un episodio della mia vita<\/em> \u2013 si pu\u00f2 leggere <a href=\"http:\/\/www.luigiaccattoli.it\/blog\/?page_id=6877\"> qui <\/a> .<\/p>\n","protected":false},"excerpt":{"rendered":"<p>Benedetto Castellini perde l\u2019uso delle gambe nel 1998 \u2013 a 43 anni \u2013 per una lesione midollare causata da un intervento chirurgico per ernia dorsale. Insegnante di matematica e fisica&#8230;<\/p>\n<div class=\"more-link-wrapper\"><a class=\"more-link\" href=\"http:\/\/www.luigiaccattoli.it\/blog\/cerco-fatti-di-vangelo\/4-la-reazione-all%e2%80%99handicap\/benedetto-castellini-%e2%80%9cil-prodigio-di-un-piede-avanti-l%e2%80%99altro%e2%80%9d\/\">Read More<span class=\"screen-reader-text\">Benedetto Castellini: \u201cIl prodigio di un piede avanti all\u2019altro\u201d<\/span><\/a><\/div>\n","protected":false},"author":1,"featured_media":0,"parent":2093,"menu_order":0,"comment_status":"open","ping_status":"closed","template":"","meta":{"_monsterinsights_skip_tracking":false,"_monsterinsights_sitenote_active":false,"_monsterinsights_sitenote_note":"","_monsterinsights_sitenote_category":0,"footnotes":""},"class_list":["post-6871","page","type-page","status-publish","hentry","excerpt"],"_links":{"self":[{"href":"http:\/\/www.luigiaccattoli.it\/blog\/wp-json\/wp\/v2\/pages\/6871","targetHints":{"allow":["GET"]}}],"collection":[{"href":"http:\/\/www.luigiaccattoli.it\/blog\/wp-json\/wp\/v2\/pages"}],"about":[{"href":"http:\/\/www.luigiaccattoli.it\/blog\/wp-json\/wp\/v2\/types\/page"}],"author":[{"embeddable":true,"href":"http:\/\/www.luigiaccattoli.it\/blog\/wp-json\/wp\/v2\/users\/1"}],"replies":[{"embeddable":true,"href":"http:\/\/www.luigiaccattoli.it\/blog\/wp-json\/wp\/v2\/comments?post=6871"}],"version-history":[{"count":11,"href":"http:\/\/www.luigiaccattoli.it\/blog\/wp-json\/wp\/v2\/pages\/6871\/revisions"}],"predecessor-version":[{"id":7323,"href":"http:\/\/www.luigiaccattoli.it\/blog\/wp-json\/wp\/v2\/pages\/6871\/revisions\/7323"}],"up":[{"embeddable":true,"href":"http:\/\/www.luigiaccattoli.it\/blog\/wp-json\/wp\/v2\/pages\/2093"}],"wp:attachment":[{"href":"http:\/\/www.luigiaccattoli.it\/blog\/wp-json\/wp\/v2\/media?parent=6871"}],"curies":[{"name":"wp","href":"https:\/\/api.w.org\/{rel}","templated":true}]}}