{"id":7382,"date":"2011-09-26T19:31:11","date_gmt":"2011-09-26T17:31:11","guid":{"rendered":"http:\/\/www.luigiaccattoli.it\/blog\/?page_id=7382"},"modified":"2014-06-25T18:35:50","modified_gmt":"2014-06-25T16:35:50","slug":"giuseppe-pidatella-il-boss-in-carcere-che-chiede-la-cresima","status":"publish","type":"page","link":"http:\/\/www.luigiaccattoli.it\/blog\/cerco-fatti-di-vangelo\/14-dalla-droga-dall%e2%80%99aids-dalla-strada-e-da-ogni-male\/giuseppe-pidatella-il-boss-in-carcere-che-chiede-la-cresima\/","title":{"rendered":"Giuseppe Pidatella: Il boss in carcere che chiede la Cresima"},"content":{"rendered":"<p><em>Sull\u2019<\/em>Avvenire<em> dell\u201911 febbraio 2000 \u00e8 apparsa notizia: \u201cAgguato a Catania. Ucciso boss libero da 20 giorni\u201d (a pag. 7 su quattro colonne). Viene indicato come esponente di spicco di una cosca mafiosa e, per questo, condannato nel 1996 a cinque anni. <\/em><\/p>\n<p><em>Si tratta di Giuseppe Pidatella che io ho conosciuto in carcere e posso dire semplicemente che si era convertito e aveva il proposito di cambiare vita. Non voleva pi\u00f9 entrare e avere contatti con certi ambienti.<\/em><\/p>\n<p><em>Pi\u00f9 volte si \u00e9 confessato e comunicato nella Casa Circondariale di Velletri e, dopo conveniente preparazione, ho avuto la gioia di cresimarlo l\u2019estate scorsa. Fu padrino di cresima un bravo volontario, focolarino, al posto di un parente che non pot\u00e9 venire dalla Sicilia.<\/em><\/p>\n<p><em>Il cappellano del carcere che lo conobbe a fondo assicura che Giuseppe non aveva commesso le cose di cui veniva accusato da un \u201cpentito\u201d. Durante la detenzione lavorava come pittore per aiutare la famiglia povera: moglie e tre figli. Era diventato una persona seria e praticante.<\/em><\/p>\n<p><em>Prima di tornare in libert\u00e0, lo scorso mese, aveva chiesto di essere benedetto. Per lui e per i suoi cari ho pregato e celebrato.<\/em><\/p>\n<p><em>Ho voluto rendere questa testimonianza in omaggio ad una verit\u00e0 pi\u00f9 alta. Ricordo che nella Bibbia si legge: \u201cL\u2019uomo vede in faccia, Dio invece nel cuore\u201d. Andrea Maria Erba, vescovo di Velletri-Segni<\/em><\/p>\n<p>&nbsp;<\/p>\n<p><strong>Questa dichiarazione del vescovo Erba \u2013 in pensione dal 2006 \u2013 fu pubblicata dall\u2019<em>Avvenire<\/em> del 15 febbraio 2000 a pagina 9 con il titolo <em>Il vescovo: \u201cIl boss ucciso aveva cambiato vita\u201d<\/em>. All\u2019indomani di quell\u2019uccisione gli addetti ai lavori si chiedevano perch\u00e9 mai Pidatella, un boss di secondo piano, fosse stato ucciso: si pu\u00f2 immaginare che sia stato per quella sua scelta di non volere pi\u00f9 \u201ccontatti\u201d con certi ambienti. Apprezzo la decisione del vescovo di compiere questo atto di riconoscimento ecclesiale di una conversione forse pagata con la vita.<\/strong><\/p>\n<p>&nbsp;<\/p>\n","protected":false},"excerpt":{"rendered":"<p>Sull\u2019Avvenire dell\u201911 febbraio 2000 \u00e8 apparsa notizia: \u201cAgguato a Catania. Ucciso boss libero da 20 giorni\u201d (a pag. 7 su quattro colonne). Viene indicato come esponente di spicco di una&#8230;<\/p>\n<div class=\"more-link-wrapper\"><a class=\"more-link\" href=\"http:\/\/www.luigiaccattoli.it\/blog\/cerco-fatti-di-vangelo\/14-dalla-droga-dall%e2%80%99aids-dalla-strada-e-da-ogni-male\/giuseppe-pidatella-il-boss-in-carcere-che-chiede-la-cresima\/\">Read More<span class=\"screen-reader-text\">Giuseppe Pidatella: Il boss in carcere che chiede la Cresima<\/span><\/a><\/div>\n","protected":false},"author":1,"featured_media":0,"parent":2126,"menu_order":0,"comment_status":"open","ping_status":"closed","template":"","meta":{"_monsterinsights_skip_tracking":false,"_monsterinsights_sitenote_active":false,"_monsterinsights_sitenote_note":"","_monsterinsights_sitenote_category":0,"footnotes":""},"class_list":["post-7382","page","type-page","status-publish","hentry","excerpt"],"_links":{"self":[{"href":"http:\/\/www.luigiaccattoli.it\/blog\/wp-json\/wp\/v2\/pages\/7382","targetHints":{"allow":["GET"]}}],"collection":[{"href":"http:\/\/www.luigiaccattoli.it\/blog\/wp-json\/wp\/v2\/pages"}],"about":[{"href":"http:\/\/www.luigiaccattoli.it\/blog\/wp-json\/wp\/v2\/types\/page"}],"author":[{"embeddable":true,"href":"http:\/\/www.luigiaccattoli.it\/blog\/wp-json\/wp\/v2\/users\/1"}],"replies":[{"embeddable":true,"href":"http:\/\/www.luigiaccattoli.it\/blog\/wp-json\/wp\/v2\/comments?post=7382"}],"version-history":[{"count":5,"href":"http:\/\/www.luigiaccattoli.it\/blog\/wp-json\/wp\/v2\/pages\/7382\/revisions"}],"predecessor-version":[{"id":14379,"href":"http:\/\/www.luigiaccattoli.it\/blog\/wp-json\/wp\/v2\/pages\/7382\/revisions\/14379"}],"up":[{"embeddable":true,"href":"http:\/\/www.luigiaccattoli.it\/blog\/wp-json\/wp\/v2\/pages\/2126"}],"wp:attachment":[{"href":"http:\/\/www.luigiaccattoli.it\/blog\/wp-json\/wp\/v2\/media?parent=7382"}],"curies":[{"name":"wp","href":"https:\/\/api.w.org\/{rel}","templated":true}]}}