{"id":7388,"date":"2011-09-26T19:39:12","date_gmt":"2011-09-26T17:39:12","guid":{"rendered":"http:\/\/www.luigiaccattoli.it\/blog\/?page_id=7388"},"modified":"2013-01-17T07:51:55","modified_gmt":"2013-01-17T06:51:55","slug":"antonio-belnome-%e2%80%9csto-scrivendo-le-mie-memorie-in-isolamento%e2%80%9d","status":"publish","type":"page","link":"http:\/\/www.luigiaccattoli.it\/blog\/cerco-fatti-di-vangelo\/14-dalla-droga-dall%e2%80%99aids-dalla-strada-e-da-ogni-male\/antonio-belnome-%e2%80%9csto-scrivendo-le-mie-memorie-in-isolamento%e2%80%9d\/","title":{"rendered":"Antonio Belnome \u201cSto scrivendo le mie memorie in isolamento\u201d"},"content":{"rendered":"<p>\u00abMentre sto scrivendo le mie memorie sono in isolamento. Mi sento graziato dal Signore e cambiato radicalmente dentro. Provo disprezzo per il mondo a cui appartengo. Nella \u2018ndrina (legalit\u00e0 e amore, ndr) non esistono, \u00e8 un mondo dove l\u2019omicidio \u00e8 dietro l\u2019angolo. Spero di essere di esempio per tutti quei ragazzi che sono vicini alla \u2018ndrangheta cos\u00ec da avere la forza di volont\u00e0 di tornare indietro, la forza di voltarsi prima che sia troppo tardi. Vorrei che questo brutto male sia sconfitto. Che una volta per tutte sia distrutto. Vorrei che stesse lontano da tutti i ragazzi a un passo dalla \u2018ndrangheta. Una volta entrato a far parte della &#8216; ndrangheta non riuscirai a uscirne. \u00c8 come una droga per un drogato, ti entra nella pelle e nel sangue, acquisisci la sua mentalit\u00e0, diventi sempre pi\u00f9 spietato\u00bb: \u00e8 un brano di un memoriale di 49 pagine scritto da Antonio Belnome, padrino di \u2018ndrangheda pentito, nato a Giussano, Milano, da famiglia calabrese, 37 anni, due figli, arrestato il 13 luglio 2010.<\/p>\n<p>Belnome inizia a \u201ccollaborare\u201d nell\u2019ottobre del 2010 nel carcere di Voghera. Completa la stesura del racconto della sua vita \u2013 che intitola \u201cMemoriale di un ex padrino\u201d \u2013 nel gennaio del 2011, quando con le sue confessioni i magistrati della Direzione distrettuale antimafia di Milano hanno gi\u00e0 riempito 16 verbali. Con le sue \u201cconfessioni\u201d svela quattro omicidi e documenta le proprie responsabilit\u00e0. Per l\u2019uccisione del boss operante in Lombardia Carmelo Novella \u2013 avvenuta nel 2008 e della quale ha indicato se stesso come esecutore materiale \u2013 Belnome il 20 giugno 2011 sar\u00e0 condannato a 11 anni e sei mesi di carcere.<\/p>\n<p><strong>Ho preso le parole del memoriale di Antonio Belnome da un articolo del Corriere della Sera del 15 maggio 2011, a p. 17, intitolato \u201cMilano. Il memoriale di Antonio Belnome, 49 pagine per dire basta con la &#8216; ndrangheta: in ogni momento si pu\u00f2 decidere la morte di qualcuno. Il boss pentito: che orrore la mia vita tre metri sopra il cielo\u201d. La notizia della condanna da \u201cIl Giorno\u201d del 21 giugno 2011.<\/strong><\/p>\n","protected":false},"excerpt":{"rendered":"<p>\u00abMentre sto scrivendo le mie memorie sono in isolamento. Mi sento graziato dal Signore e cambiato radicalmente dentro. Provo disprezzo per il mondo a cui appartengo. Nella \u2018ndrina (legalit\u00e0 e&#8230;<\/p>\n<div class=\"more-link-wrapper\"><a class=\"more-link\" href=\"http:\/\/www.luigiaccattoli.it\/blog\/cerco-fatti-di-vangelo\/14-dalla-droga-dall%e2%80%99aids-dalla-strada-e-da-ogni-male\/antonio-belnome-%e2%80%9csto-scrivendo-le-mie-memorie-in-isolamento%e2%80%9d\/\">Read More<span class=\"screen-reader-text\">Antonio Belnome \u201cSto scrivendo le mie memorie in isolamento\u201d<\/span><\/a><\/div>\n","protected":false},"author":1,"featured_media":0,"parent":2126,"menu_order":0,"comment_status":"open","ping_status":"closed","template":"","meta":{"_monsterinsights_skip_tracking":false,"_monsterinsights_sitenote_active":false,"_monsterinsights_sitenote_note":"","_monsterinsights_sitenote_category":0,"footnotes":""},"class_list":["post-7388","page","type-page","status-publish","hentry","excerpt"],"_links":{"self":[{"href":"http:\/\/www.luigiaccattoli.it\/blog\/wp-json\/wp\/v2\/pages\/7388","targetHints":{"allow":["GET"]}}],"collection":[{"href":"http:\/\/www.luigiaccattoli.it\/blog\/wp-json\/wp\/v2\/pages"}],"about":[{"href":"http:\/\/www.luigiaccattoli.it\/blog\/wp-json\/wp\/v2\/types\/page"}],"author":[{"embeddable":true,"href":"http:\/\/www.luigiaccattoli.it\/blog\/wp-json\/wp\/v2\/users\/1"}],"replies":[{"embeddable":true,"href":"http:\/\/www.luigiaccattoli.it\/blog\/wp-json\/wp\/v2\/comments?post=7388"}],"version-history":[{"count":2,"href":"http:\/\/www.luigiaccattoli.it\/blog\/wp-json\/wp\/v2\/pages\/7388\/revisions"}],"predecessor-version":[{"id":10613,"href":"http:\/\/www.luigiaccattoli.it\/blog\/wp-json\/wp\/v2\/pages\/7388\/revisions\/10613"}],"up":[{"embeddable":true,"href":"http:\/\/www.luigiaccattoli.it\/blog\/wp-json\/wp\/v2\/pages\/2126"}],"wp:attachment":[{"href":"http:\/\/www.luigiaccattoli.it\/blog\/wp-json\/wp\/v2\/media?parent=7388"}],"curies":[{"name":"wp","href":"https:\/\/api.w.org\/{rel}","templated":true}]}}