{"id":7392,"date":"2011-09-26T19:43:24","date_gmt":"2011-09-26T17:43:24","guid":{"rendered":"http:\/\/www.luigiaccattoli.it\/blog\/?page_id=7392"},"modified":"2020-07-20T21:49:11","modified_gmt":"2020-07-20T19:49:11","slug":"fulvia-miglietta-%e2%80%9cuna-sera-dalla-cella-vidi-un-a-croce-illuminata%e2%80%9d","status":"publish","type":"page","link":"http:\/\/www.luigiaccattoli.it\/blog\/cerco-fatti-di-vangelo\/14-dalla-droga-dall%e2%80%99aids-dalla-strada-e-da-ogni-male\/fulvia-miglietta-%e2%80%9cuna-sera-dalla-cella-vidi-un-a-croce-illuminata%e2%80%9d\/","title":{"rendered":"Fulvia Miglietta \u201cUna sera dalla cella vidi un a croce illuminata\u201d"},"content":{"rendered":"<p>&nbsp;<\/p>\n<p>Fulvia Miglietta fa parte della Colonna genovese delle Brigate Rosse ed entra in clandestinit\u00e0 nel 1976. Nel 1980, dopo la morte del fidanzato in uno scontro con la polizia, chiede di uscire dall\u2019organizzazione e viene condannata a morte dalle stesse BR. Arrestata e rinchiusa nel super carcere di Voghera, vive una stagione disperata che cos\u00ec descrive in un\u2019intervista:<\/p>\n<p>&nbsp;<\/p>\n<p><em>Dentro di me c\u2019era un grido che non\u00a0 riusciva a venire fuori e che mi creava una tale angoscia da pensare di farmi del male. Giorno e notte\u00a0 pensavo al suicidio. Finch\u00e9 successe qualcosa, in modo tanto forte quanto inatteso. Una sera, guardando dalle sbarre della cella, vidi in lontananza una croce illuminata, sopra la cupola di\u00a0 una Chiesa. Mi rivolsi a quella croce e chiesi aiuto: un aiuto silenzioso, fatto senza alcuna vera intenzione di preghiera. Subito l\u2019angoscia che mi schiacciava come un macigno si dissolse come neve al sole, e un mare di pace entr\u00f2 nel mio cuore. Stupita e commossa, riconobbi in quel dono la presenza di Dio, perch\u00e9 nessun aiuto umano poteva dare una pace cos\u00ec immediata e profonda da cancellare il peso che mi portavo dentro. Lo stupore era cos\u00ec grande da provare solo gratitudine.\u00a0 Il giorno successivo chiesi al cappellano del carcere di poter avere una Bibbia e cominciai a leggerla. Sin dalle prime pagine mi accorgevo che la Parola di Dio incredibilmente mi ridonava un\u2019identit\u00e0, mi aiutava a ritrovare me stessa. La mia personalit\u00e0 ridotta in pezzi tornava a ricomporsi. Oggi capisco che era l\u2019azione meravigliosa dello Spirito Santo che mi faceva\u00a0 risorgere. La gioia e la pace che provavo erano profonde, ma la mia condizione era molto pesante. Vivevo tra la pressione che ricevevo dai giudici e il timore di essere rimandata tra le compagne che mi volevano uccidere. In quei giorni, una di noi era stata strangolata durante l\u2019ora d\u2019aria e si trovava in coma. Piangevo per lei e pregavo che il Signore la salvasse (\u2026). La gratuit\u00e0 dell\u2019amore e del perdono di Dio: \u00e8 questo che ha sconvolto la mia vita. Non c\u2019\u00e8 male, per quanto grande, che non possa guarire. Non c\u2019\u00e8 condizione dalla quale Ges\u00f9 non ci possa tirare fuori.\u00a0 Questa \u00e8 stata la mia esperienza e, per certi versi, continua a esserlo perch\u00e9 la conversione \u00e8 un tempo che dura tutta la vita. <\/em><\/p>\n<p>&nbsp;<\/p>\n<p>Nel corso di quella stessa intervista Fulvia cita e applica alla propria drammatica vicenda un detto dello Pseudo Macario, un antico padre della Chiesa, che suona cos\u00ec: \u201c<em>Il principe del male, che \u00e8 una tenebra spirituale di malizia e di morte e un vento misterioso e selvaggio, agita l\u2019intera specie umana sulla terra, la trascina qua e l\u00e0 con pensieri di inquietudine<\/em>\u00bb. \u00a0\u00abVi ho colto \u2013 dice Fulvia, che oggi fa la catechista nella sua parrocchia genovese \u2013 una profonda verit\u00e0, che mi ha riportato alla memoria il tormento che vivevo prima della conversione\u00bb.<\/p>\n<p>&nbsp;<\/p>\n<p><strong>Ho preso le parole di Fulvia Miglietta dalla rivista dell\u2019Azione Cattolica \u201cSegno nel mondo\u201d, 1.6. 2007, dove si trova l\u2019intervista condotta da Ernesto Diaco. Qui si pu\u00f2 leggere intera: <a href=\"http:\/\/segnoweb.azionecattolica.it\/sites\/default\/files\/Segno_Pag42-45n6-2007.pdf\">http:\/\/segnoweb.azionecattolica.it\/sites\/default\/files\/Segno_Pag42-45n6-2007.pdf<\/a><\/p>\n","protected":false},"excerpt":{"rendered":"<p>&nbsp; Fulvia Miglietta fa parte della Colonna genovese delle Brigate Rosse ed entra in clandestinit\u00e0 nel 1976. Nel 1980, dopo la morte del fidanzato in uno scontro con la polizia,&#8230;<\/p>\n<div class=\"more-link-wrapper\"><a class=\"more-link\" href=\"http:\/\/www.luigiaccattoli.it\/blog\/cerco-fatti-di-vangelo\/14-dalla-droga-dall%e2%80%99aids-dalla-strada-e-da-ogni-male\/fulvia-miglietta-%e2%80%9cuna-sera-dalla-cella-vidi-un-a-croce-illuminata%e2%80%9d\/\">Read More<span class=\"screen-reader-text\">Fulvia Miglietta \u201cUna sera dalla cella vidi un a croce illuminata\u201d<\/span><\/a><\/div>\n","protected":false},"author":1,"featured_media":0,"parent":2126,"menu_order":0,"comment_status":"open","ping_status":"closed","template":"","meta":{"_monsterinsights_skip_tracking":false,"_monsterinsights_sitenote_active":false,"_monsterinsights_sitenote_note":"","_monsterinsights_sitenote_category":0,"footnotes":""},"class_list":["post-7392","page","type-page","status-publish","hentry","excerpt"],"_links":{"self":[{"href":"http:\/\/www.luigiaccattoli.it\/blog\/wp-json\/wp\/v2\/pages\/7392","targetHints":{"allow":["GET"]}}],"collection":[{"href":"http:\/\/www.luigiaccattoli.it\/blog\/wp-json\/wp\/v2\/pages"}],"about":[{"href":"http:\/\/www.luigiaccattoli.it\/blog\/wp-json\/wp\/v2\/types\/page"}],"author":[{"embeddable":true,"href":"http:\/\/www.luigiaccattoli.it\/blog\/wp-json\/wp\/v2\/users\/1"}],"replies":[{"embeddable":true,"href":"http:\/\/www.luigiaccattoli.it\/blog\/wp-json\/wp\/v2\/comments?post=7392"}],"version-history":[{"count":4,"href":"http:\/\/www.luigiaccattoli.it\/blog\/wp-json\/wp\/v2\/pages\/7392\/revisions"}],"predecessor-version":[{"id":24915,"href":"http:\/\/www.luigiaccattoli.it\/blog\/wp-json\/wp\/v2\/pages\/7392\/revisions\/24915"}],"up":[{"embeddable":true,"href":"http:\/\/www.luigiaccattoli.it\/blog\/wp-json\/wp\/v2\/pages\/2126"}],"wp:attachment":[{"href":"http:\/\/www.luigiaccattoli.it\/blog\/wp-json\/wp\/v2\/media?parent=7392"}],"curies":[{"name":"wp","href":"https:\/\/api.w.org\/{rel}","templated":true}]}}