{"id":7398,"date":"2011-09-26T19:49:52","date_gmt":"2011-09-26T17:49:52","guid":{"rendered":"http:\/\/www.luigiaccattoli.it\/blog\/?page_id=7398"},"modified":"2013-05-25T13:09:26","modified_gmt":"2013-05-25T11:09:26","slug":"salvatore-gricoli-%e2%80%9csparai-un-colpo-alla-nuca-a-don-puglisi%e2%80%9d","status":"publish","type":"page","link":"http:\/\/www.luigiaccattoli.it\/blog\/cerco-fatti-di-vangelo\/14-dalla-droga-dall%e2%80%99aids-dalla-strada-e-da-ogni-male\/salvatore-gricoli-%e2%80%9csparai-un-colpo-alla-nuca-a-don-puglisi%e2%80%9d\/","title":{"rendered":"Salvatore Grigoli  \u201cSparai un colpo alla nuca a don Puglisi\u201d"},"content":{"rendered":"<p>\u00ab<em>L\u2019omicidio [di don Pino Puglisi] non doveva apparire un delitto di mafia &#8211; racconter\u00e0 al processo il suo assassino, Salvatore Grigoli &#8211; bens\u00ec come l&#8217;opera di un tossicodipendente o di un rapinatore. Per tale motivo fu utilizzata una pistola di piccolo calibro e al sacerdote fu sottratto il borsello. Lui arriv\u00f2. E io e Gaspare Spatuzza siamo scesi dalle auto mentre gli altri due aspettavano. Il padre si stava accingendo ad aprire il portoncino di casa. Aveva il borsello nelle mani. Fu una questione di pochi secondi: io ebbi il tempo di notare che lo Spatuzza si avvicin\u00f2, gli mise la mano nella mano per prendergli il borsello. E gli disse piano: &#8220;Padre, questa \u00e8 una rapina&#8221;. Lui si gir\u00f2, lo guard\u00f2, sorrise, una cosa questa che non posso dimenticare, che non ci ho dormito la notte, e disse: &#8220;Me l&#8217;aspettavo&#8221;. Non si era accorto di me, che ero alle sue spalle. Io allora gli sparai un colpo alla nuca<\/em>\u00bb: cos\u00ec Salvatore Grigoli \u2013 collaboratore di giustizia che ha confessato 46 omicidi \u2013 racconta l\u2019uccisione di don Puglisi a Palermo avvenuta il 15 settembre 1993.<\/p>\n<p>In un\u2019intervista a \u201cFamiglia Cristiana\u201d del 12.09.1999, raccolta da Francesco Anfossi, cos\u00ec Grigoli narra il proprio cambiamento: \u00ab<em>Lo avvistammo in una cabina telefonica mentre eravamo in macchina. Andammo a prendere l\u2019arma. Toccava a me. Ero io quello che sparava. Spatuzza (un componente del commando che lo uccise, ndr) gli tolse il borsello e gli disse: padre, questa \u00e8 una rapina. Lui rispose: me l\u2019aspettavo. Lo disse con un sorriso. Un sorriso che mi \u00e8 rimasto impresso. C\u2019era una specie di luce in quel sorriso. Un sorriso che mi aveva dato un impulso immediato. Non me lo so spiegare: io gi\u00e0 ne avevo uccisi parecchi, per\u00f2 non avevo mai provato nulla del genere. Me lo ricordo sempre quel sorriso, anche se faccio fatica persino a tenermi impressi i volti, le facce dei miei parenti. Quella sera cominciai a pensarci, si era smosso qualcosa (&#8230;). L\u2019ho conosciuto bene quel bambino [il figlio del pentito Di Matteo, che Grigoli sciolse nell\u2019acido]. Madonna mia, era un ragazzo pieno di vita&#8230; Ho fatto cose che non si possono giustificare, ma questa&#8230; questa \u00e8 stato il motivo del mio pentimento. Non gliel\u2019ho potuta perdonare (\u2026). Il novanta per cento [dei mafiosi] dice di credere in Dio. Uno dei miei coimputati diceva sempre: in nome di Dio, prima che ci muovessimo per andare ad ammazzare qualcuno. A me questa cosa mi dava fastidio: ma che aiuto ti pu\u00f2 dare Dio, che andiamo ad ammazzare?, gli dicevo io. Ho sentito dire che Giuseppe Graviano qualche volta andava a messa. \u00c8 gente che legge la Bibbia. La Bibbia la leggevo anch\u2019io, da latitante. Mi piaceva leggerla. La leggevo allora e la leggo adesso da credente. Perch\u00e9 \u00e8 quando sei solo che cominci a riflettere. Perch\u00e9 loro ti inculcano questa cultura: che tutto quello che fa Cosa nostra \u00e8 giusto<\/em>\u00bb.<\/p>\n<p><strong>Qui \u00e8 la deposizione in tribunale: <\/strong><a href=\"http:\/\/www.tanogabo.it\/religione\/Padre_Pino_Puglisi.htm\"><strong>http:\/\/www.tanogabo.it\/religione\/Padre_Pino_Puglisi.htm<\/strong><\/a><strong>. Qui l\u2019intervista a \u201cFamiglia Cristiana\u201d: <\/strong><a href=\"http:\/\/www.stpauls.it\/fc99\/3699fc\/3699fc18.htm\"><strong>http:\/\/www.stpauls.it\/fc99\/3699fc\/3699fc18.htm<\/strong><\/a><strong>.<\/strong><\/p>\n","protected":false},"excerpt":{"rendered":"<p>\u00abL\u2019omicidio [di don Pino Puglisi] non doveva apparire un delitto di mafia &#8211; racconter\u00e0 al processo il suo assassino, Salvatore Grigoli &#8211; bens\u00ec come l&#8217;opera di un tossicodipendente o di&#8230;<\/p>\n<div class=\"more-link-wrapper\"><a class=\"more-link\" href=\"http:\/\/www.luigiaccattoli.it\/blog\/cerco-fatti-di-vangelo\/14-dalla-droga-dall%e2%80%99aids-dalla-strada-e-da-ogni-male\/salvatore-gricoli-%e2%80%9csparai-un-colpo-alla-nuca-a-don-puglisi%e2%80%9d\/\">Read More<span class=\"screen-reader-text\">Salvatore Grigoli  \u201cSparai un colpo alla nuca a don Puglisi\u201d<\/span><\/a><\/div>\n","protected":false},"author":1,"featured_media":0,"parent":2126,"menu_order":0,"comment_status":"open","ping_status":"closed","template":"","meta":{"_monsterinsights_skip_tracking":false,"_monsterinsights_sitenote_active":false,"_monsterinsights_sitenote_note":"","_monsterinsights_sitenote_category":0,"footnotes":""},"class_list":["post-7398","page","type-page","status-publish","hentry","excerpt"],"_links":{"self":[{"href":"http:\/\/www.luigiaccattoli.it\/blog\/wp-json\/wp\/v2\/pages\/7398","targetHints":{"allow":["GET"]}}],"collection":[{"href":"http:\/\/www.luigiaccattoli.it\/blog\/wp-json\/wp\/v2\/pages"}],"about":[{"href":"http:\/\/www.luigiaccattoli.it\/blog\/wp-json\/wp\/v2\/types\/page"}],"author":[{"embeddable":true,"href":"http:\/\/www.luigiaccattoli.it\/blog\/wp-json\/wp\/v2\/users\/1"}],"replies":[{"embeddable":true,"href":"http:\/\/www.luigiaccattoli.it\/blog\/wp-json\/wp\/v2\/comments?post=7398"}],"version-history":[{"count":5,"href":"http:\/\/www.luigiaccattoli.it\/blog\/wp-json\/wp\/v2\/pages\/7398\/revisions"}],"predecessor-version":[{"id":11789,"href":"http:\/\/www.luigiaccattoli.it\/blog\/wp-json\/wp\/v2\/pages\/7398\/revisions\/11789"}],"up":[{"embeddable":true,"href":"http:\/\/www.luigiaccattoli.it\/blog\/wp-json\/wp\/v2\/pages\/2126"}],"wp:attachment":[{"href":"http:\/\/www.luigiaccattoli.it\/blog\/wp-json\/wp\/v2\/media?parent=7398"}],"curies":[{"name":"wp","href":"https:\/\/api.w.org\/{rel}","templated":true}]}}