{"id":7498,"date":"2011-10-11T15:07:35","date_gmt":"2011-10-11T13:07:35","guid":{"rendered":"http:\/\/www.luigiaccattoli.it\/blog\/?page_id=7498"},"modified":"2011-10-12T12:21:40","modified_gmt":"2011-10-12T10:21:40","slug":"%e2%80%9cmi-chiamo-anna-staccato-lisa-e-ho-il-cancro%e2%80%9d","status":"publish","type":"page","link":"http:\/\/www.luigiaccattoli.it\/blog\/cerco-fatti-di-vangelo\/9-la-voce-dello-sposo-e-la-voce-della-sposa\/%e2%80%9cmi-chiamo-anna-staccato-lisa-e-ho-il-cancro%e2%80%9d\/","title":{"rendered":"\u201cMi chiamo Anna staccato Lisa e ho il cancro\u201d"},"content":{"rendered":"<p>\u201c<em>Come umore vado ad alti e bassi. Ma si parla di minuti. Un minuto prima posso essere la donna pi\u00f9 felice del mondo, un minuto dopo piango e mi arrabbio. Non \u00e8 semplice starmi accanto. Per questo devo ringraziare mio marito Andrea che non \u00e8 scappato, mi \u00e8 stato vicino e quando gli dissi della malattia e che volevo lasciarlo per questo, lui disse che mi sarebbe sempre stato vicino. Non \u00e8 una cosa che si vede spesso negli uomini, no?<\/em>\u201d cos\u00ec parla Anna Lisa Russo &#8211; ragazza toscana da tre anni malata di tumore &#8211; il 10\/9\/2011, durante un\u2019intervista televisiva [<em>La vita in diretta<\/em> di Rai 1]. Anna Lisa muore il 4 ottobre e la messa di addio si tiene il giorno dopo a Borgo a Buggiano (Montecatini Terme) nella chiesa di S. Pietro Apostolo.<\/p>\n<p>Si era sposata con Andrea il 15 agosto nell\u2019ospedale di Livorno dov\u2019era ricoverata e cos\u00ec aveva parlato di quel matrimonio durante un\u2019intervista a Tv2000 il 24 agosto: \u201c<em>Il giorno che ho avuto la diagnosi ho chiamato Andrea e gli ho detto: finiamola qua, perch\u00e9 questa \u00e8 una cosa pi\u00f9 grande di noi. Ma lui ha risposto che dovevamo decidere insieme e infine abbiamo capito, affrontando in due le difficolt\u00e0, che avremmo potuto andare avanti e ora dico che la malattia ci ha unito tantissimo. Il blog era iniziato prima della malattia e poi \u00e8 diventato un modo di raccontarla, scrivendo mi sentivo meno sola. Sono fortunata perch\u00e9 circondata da una marea di persone che mi vogliono bene. In questi tre anni non mi sono mai sentita sola e la fede mi ha aiutato tanto. Sono sempre stata credente e praticante. La preghiera mi fa star bene. Lo stesso vale per Andrea<\/em>\u201d.<\/p>\n<p>Tumore al seno e poi ai polmoni e al cervello. \u201c<em>So che non potr\u00f2 mai guarire<\/em> \u2013 aveva scritto nel blog \u2013 <em>e che posso solo sperare di cronicizzare la malattia, di conviverci. E quindi continuo a lottare, continuo a condividere, continuo a raccontare la malattia sul mio blog e continuo a considerarmi una malata coccolata, viziata, amata e fortunata. E se la \u2018bestiaccia\u2019 \u00e8 cos\u00ec vivace\u2026 beh, io lo sono di pi\u00f9!<\/em>\u201d Questa \u2013 nel blog \u2013 era la conclusione del saluto al visitatore, che iniziava con un biglietto di simpatia che aveva catturato molti: \u201c<em>Mi chiamo Anna staccato Lisa<\/em>\u201d.<\/p>\n<p>Nei post del blog raramente Anna Lisa parla della sua fede. Questo &#8211; con il titolo \u201cIo ci credo\u201d, alla data 13\/7\/2011 &#8211; \u00e8 uno dei pochi con tale argomento E consistente in una citazione: \u201cFacciamoci Santi, cos\u00ec dopo essere stati insieme sulla terra, staremo sempre insieme in paradiso (Padre Pio)\u201d. Ma la sua straordinaria passione nel combattere la buona battaglia della vita \u00e8 tutta un&#8217;invocazione e anche una lode. <\/p>\n<p>Ecco uno degli ultimi post, alla data 6 settembre, che dice quell&#8217;invocazione e quella lode: <\/p>\n<p><em>&#8220;Venerd\u00ec mi hanno concesso una mezza giornata d&#8217;aria, come i carcerati. Un medico, un infermiere e un oss, mi hanno accompagnato a casa perch\u00e9 dovevo sbrigare alcune cose importanti. Munita di ossigeno, morfina, sedia a rotelle ed entusiasmo, sono tornata a casa mia e Dio solo sa quanto \u00e8 stato difficile per me poi venir via.<br \/>\nHo voglia delle mie cose. Ho voglia della mia gatta. Ho voglia del mio lettone, del mio bagno, del caos sulla mia scrivania. Voglio tornare a casa mia. E voglio tornarci senza ossigeno, senza morfina, senza sedia a rotelle, ma con lo stesso entusiasmo.<br \/>\nDomenica era l&#8217;anniversario della morte di Ale: 11 anni. Ogni anno la mamy ed io facevamo dire la Messa nella chiesa della parrocchia dove abbiamo abitato insieme a lui. Il nostro sacerdote diceva sempre una bella omelia dedicata ad Ale e il mio coro ed io cantavamo dei canti molto belli scelti proprio per lui. Eravamo sempre in tantissimi a ricordare Alessandro e, pur essendo un brutto giorno per me, diventava ogni anno un modo per ritrovare amici e parenti e per stare bene, sereni, nel ricordo di Ale e nella certezza che lui ci osserva e ci accompagna per mano nel nostro cammino. Quest&#8217;anno, invece, la Messa l&#8217;ho presa qua, nella Chiesa dove mi sono sposata, seduta sulla sedia a rotelle e con la bombola dell&#8217;ossigeno insieme a me perch\u00e9 non mi ci posso staccare. Posto diverso, Chiesa diversa, persone diverse, situazione diversa, ma sempre la stessa certezza: Ale \u00e8 con me, magari un po&#8217; distratto, ma \u00e8 accanto a me, mi osserva, mi guida e&#8230; quando pu\u00f2&#8230; interviene e mi assiste. Il nostro legame continua anche dopo questi undici anni di lontananza fisica.<br \/>\nIl reparto delle Cure Palliative dell&#8217;ospedale di Livorno continua ad essere sommerso di lettere, paccchi, fiori, buste e sorprese. E il mio cuore continua a scoppiare di gioia per tutto ci\u00f2.<br \/>\nHo voglia di uscire da qui. Ho voglia di fare la luna di miele. Ho voglia di andare a fare shopping. Ho voglia di libert\u00e0. Ho voglia di normalit\u00e0&#8221;.<\/em><\/p>\n<p><strong>Il blog di Annalisa \u00e8 intitolato \u201cHo il cancro. Il blog di una malata coccolata, viziata, amata e fortunata\u201d: \u00e8 ancora in rete a questo indirizzo: <\/strong><a href=\"http:\/\/annastaccatolisa.splinder.com\/\"><strong>http:\/\/annastaccatolisa.splinder.com\/<\/strong><\/a><strong>. Dal maggio del 2011 il blog era stato inserito nel sito del quotidiano <em>La Stampa<\/em>, dove aveva conquistato una grande quantit\u00e0 di visitatori. La notizia della sua morte ebbe in quattro giorni 1295 commenti. Il direttore de <em>La Stampa<\/em> Mario Calabresi le ha dedicato un bel ricordo il 5 ottobre: \u201cAddio Anna Lisa coraggioso faro di vita\u201d.<\/strong><\/p>\n","protected":false},"excerpt":{"rendered":"<p>\u201cCome umore vado ad alti e bassi. Ma si parla di minuti. Un minuto prima posso essere la donna pi\u00f9 felice del mondo, un minuto dopo piango e mi arrabbio.&#8230;<\/p>\n<div class=\"more-link-wrapper\"><a class=\"more-link\" href=\"http:\/\/www.luigiaccattoli.it\/blog\/cerco-fatti-di-vangelo\/9-la-voce-dello-sposo-e-la-voce-della-sposa\/%e2%80%9cmi-chiamo-anna-staccato-lisa-e-ho-il-cancro%e2%80%9d\/\">Read More<span class=\"screen-reader-text\">\u201cMi chiamo Anna staccato Lisa e ho il cancro\u201d<\/span><\/a><\/div>\n","protected":false},"author":1,"featured_media":0,"parent":2110,"menu_order":0,"comment_status":"open","ping_status":"closed","template":"","meta":{"_monsterinsights_skip_tracking":false,"_monsterinsights_sitenote_active":false,"_monsterinsights_sitenote_note":"","_monsterinsights_sitenote_category":0,"footnotes":""},"class_list":["post-7498","page","type-page","status-publish","hentry","excerpt"],"_links":{"self":[{"href":"http:\/\/www.luigiaccattoli.it\/blog\/wp-json\/wp\/v2\/pages\/7498","targetHints":{"allow":["GET"]}}],"collection":[{"href":"http:\/\/www.luigiaccattoli.it\/blog\/wp-json\/wp\/v2\/pages"}],"about":[{"href":"http:\/\/www.luigiaccattoli.it\/blog\/wp-json\/wp\/v2\/types\/page"}],"author":[{"embeddable":true,"href":"http:\/\/www.luigiaccattoli.it\/blog\/wp-json\/wp\/v2\/users\/1"}],"replies":[{"embeddable":true,"href":"http:\/\/www.luigiaccattoli.it\/blog\/wp-json\/wp\/v2\/comments?post=7498"}],"version-history":[{"count":5,"href":"http:\/\/www.luigiaccattoli.it\/blog\/wp-json\/wp\/v2\/pages\/7498\/revisions"}],"predecessor-version":[{"id":7515,"href":"http:\/\/www.luigiaccattoli.it\/blog\/wp-json\/wp\/v2\/pages\/7498\/revisions\/7515"}],"up":[{"embeddable":true,"href":"http:\/\/www.luigiaccattoli.it\/blog\/wp-json\/wp\/v2\/pages\/2110"}],"wp:attachment":[{"href":"http:\/\/www.luigiaccattoli.it\/blog\/wp-json\/wp\/v2\/media?parent=7498"}],"curies":[{"name":"wp","href":"https:\/\/api.w.org\/{rel}","templated":true}]}}