{"id":7560,"date":"2011-10-16T15:27:01","date_gmt":"2011-10-16T13:27:01","guid":{"rendered":"http:\/\/www.luigiaccattoli.it\/blog\/?page_id=7560"},"modified":"2011-10-19T14:01:51","modified_gmt":"2011-10-19T12:01:51","slug":"tremore-per-maria-nata-all%e2%80%99improvviso","status":"publish","type":"page","link":"http:\/\/www.luigiaccattoli.it\/blog\/cerco-fatti-di-vangelo\/21-parabole\/tremore-per-maria-nata-all%e2%80%99improvviso\/","title":{"rendered":"Tremore per Maria nata all\u2019improvviso"},"content":{"rendered":"<p>Irruzione prematura e rocambolesca &#8211; in questo nostro pianeta &#8211; della bambina Maria Cappai, narrata dalla mamma Martina per ringraziare quanti le hanno accompagnate in questa brusca avventura, insieme al pap\u00e0 Mariano e ai fratellini Annachiara e Gabriele. Maria che \u00e8 nata di sette mesi senza che si potesse prevedere un parto cos\u00ec veloce.<br \/>\n&nbsp;<br \/>\n<em>Maria \u00e8 nata il 30 maggio, la vigilia della festa della Visitazione, a mezzogiorno in punto, l\u2019ora dell\u2019Angelus. E\u2019 nata all\u2019improvviso, quasi undici settimane in anticipo, tanto presto e tanto piccola, in modo rocambolesco. Mi hanno raccontato&#8230; hanno temuto per la vita di Maria e anche per la mia, ma siamo qua, Dio compie miracoli attraverso le mani di un chirurgo. Ricordo l\u2019attimo in cui ho chiuso gli occhi e poi quello in cui li ho riaperti, e lei gi\u00e0 da qualche ora era arrivata in clinica a Cagliari, lontana da me senza che avessi avuto il tempo di elaborare il fatto che sarebbe nata.<\/em><\/p>\n<p><em>La prematurit\u00e0 ti sconvolge, come genitori e pi\u00f9 come mamma. Gli altri due bimbi sono nati tra palloncini, auguri e regalini, amici festanti e fiori. Per Maria \u00e8 stato diverso, niente di tutto questo, e tornare a casa senza di lei \u00e8 stato straziante per questo cuore di mamma. Non ci sono parole per descrivere quella sensazione. Per descrivere l\u2019abissale senso di solitudine che ti prende, perch\u00e8 nessuno ti capisce, nessuno pu\u00f2 farlo. Sono stati due mesi faticosi per la nostra famiglia quelli passati facendo la spola tra qui e l&#8217;ospedale, 100 chilometri interminabili percorsi anche quattro volte tra andate e ritorni, all\u2019inizio fatti col magone pensando a quello che sarebbe potuto essere e che ci avrebbero potuto dire, quando le parole \u201c\u00e8 stazionaria\u201d pronunciate dal medico diventano tra le cose pi\u00f9 belle che si possa aspettare di sentire.<\/em><\/p>\n<p><em>Poi guardi il mondo che c\u2019\u00e8 l\u00ec dentro, le tragedie quotidiane e i miracoli che si compiono in quelle creaturine minuscole ma fortissime, vedi pap\u00e0 che arrivano e che non potranno mettere nelle braccia di una mamma la loro creaturina&#8230; allora dici \u201cSignore, grazie&#8230; abbiamo ancora attimi da vivere insieme e la prova si superer\u00e0\u201d. Maria \u00e8 uscita dall&#8217;incubatrice il 16 luglio, giorno della Madonna del Carmelo, finalmente l\u2019ho potuta tenere tra le braccia&#8230; conoscere chi conoscevo dal primo istante. Dopo altri dieci giorni siamo tornati a casa, dopo due mesi passati da quel luned\u00ec mattina&#8230;<\/em><\/p>\n<p><em>Maria ha ricevuto il battesimo il 12 settembre, giorno dedicato al Santissimo Nome di Maria, la grande Mamma a cui \u00e8 stata affidata in modo specialissimo. E\u2019 stato un giorno di festa speciale e bellissimo, pieno di gioia e gratitudine. In questi mesi abbiamo fatto esperienza di tanto Amore, amore di tante persone che ci son state accanto e vicine anche in silenzio e in preghiera, l\u2019amore di chi ci ama tutti i giorni e in quei giorni ancora di pi\u00f9, Amore di Dio.<\/em><\/p>\n<p><em>\u201cNon temere\u201d: non siamo mai stati soli. Maria ora \u00e8 battezzata, \u00e8 una bimba speciale&#8230;. solo una parola: GRAZIE!<\/em><br \/>\n&nbsp;<br \/>\n<strong>Questa lettera \u00e8 stata scritta agli amici da mamma Martina nel settembre del 2011 e mi \u00e8 stata trasmessa da don Marco Statzu frequentatore saltuario del mio blog. A met\u00e0 ottobre la bambina continuava a crescere bella e robusta.<\/strong><\/p>\n","protected":false},"excerpt":{"rendered":"<p>Irruzione prematura e rocambolesca &#8211; in questo nostro pianeta &#8211; della bambina Maria Cappai, narrata dalla mamma Martina per ringraziare quanti le hanno accompagnate in questa brusca avventura, insieme al&#8230;<\/p>\n<div class=\"more-link-wrapper\"><a class=\"more-link\" href=\"http:\/\/www.luigiaccattoli.it\/blog\/cerco-fatti-di-vangelo\/21-parabole\/tremore-per-maria-nata-all%e2%80%99improvviso\/\">Read More<span class=\"screen-reader-text\">Tremore per Maria nata all\u2019improvviso<\/span><\/a><\/div>\n","protected":false},"author":1,"featured_media":0,"parent":2146,"menu_order":0,"comment_status":"open","ping_status":"closed","template":"","meta":{"_monsterinsights_skip_tracking":false,"_monsterinsights_sitenote_active":false,"_monsterinsights_sitenote_note":"","_monsterinsights_sitenote_category":0,"footnotes":""},"class_list":["post-7560","page","type-page","status-publish","hentry","excerpt"],"_links":{"self":[{"href":"http:\/\/www.luigiaccattoli.it\/blog\/wp-json\/wp\/v2\/pages\/7560","targetHints":{"allow":["GET"]}}],"collection":[{"href":"http:\/\/www.luigiaccattoli.it\/blog\/wp-json\/wp\/v2\/pages"}],"about":[{"href":"http:\/\/www.luigiaccattoli.it\/blog\/wp-json\/wp\/v2\/types\/page"}],"author":[{"embeddable":true,"href":"http:\/\/www.luigiaccattoli.it\/blog\/wp-json\/wp\/v2\/users\/1"}],"replies":[{"embeddable":true,"href":"http:\/\/www.luigiaccattoli.it\/blog\/wp-json\/wp\/v2\/comments?post=7560"}],"version-history":[{"count":6,"href":"http:\/\/www.luigiaccattoli.it\/blog\/wp-json\/wp\/v2\/pages\/7560\/revisions"}],"predecessor-version":[{"id":7587,"href":"http:\/\/www.luigiaccattoli.it\/blog\/wp-json\/wp\/v2\/pages\/7560\/revisions\/7587"}],"up":[{"embeddable":true,"href":"http:\/\/www.luigiaccattoli.it\/blog\/wp-json\/wp\/v2\/pages\/2146"}],"wp:attachment":[{"href":"http:\/\/www.luigiaccattoli.it\/blog\/wp-json\/wp\/v2\/media?parent=7560"}],"curies":[{"name":"wp","href":"https:\/\/api.w.org\/{rel}","templated":true}]}}