{"id":7619,"date":"2011-10-24T13:24:40","date_gmt":"2011-10-24T11:24:40","guid":{"rendered":"http:\/\/www.luigiaccattoli.it\/blog\/?page_id=7619"},"modified":"2011-10-25T09:59:33","modified_gmt":"2011-10-25T07:59:33","slug":"il-linguaggio-della-rete","status":"publish","type":"page","link":"http:\/\/www.luigiaccattoli.it\/blog\/conferenze-e-dibattiti-2\/il-linguaggio-della-rete\/","title":{"rendered":"Il linguaggio della Rete"},"content":{"rendered":"<p><span style=\"font-family: Times New Roman,serif;\"><span style=\"font-size: medium;\"><strong>Intervento all\u2019Assemblea del Meic <\/strong><\/span><\/span><\/p>\n<p><span style=\"font-family: Times New Roman,serif;\"><span style=\"font-size: medium;\"><strong>su \u201cLe Parole della Verit\u00e0\u201d<\/strong><\/span><\/span><\/p>\n<p><span style=\"font-family: Times New Roman,serif;\"><span style=\"font-size: medium;\"><strong>Domus Mariae &#8211; Sabato 22 ottobre 2011<\/strong><\/span><\/span><\/p>\n<p>&nbsp;<\/p>\n<p><span style=\"font-family: Times New Roman,serif;\"><span style=\"font-size: medium;\"><strong>Complicit\u00e0 del reale e del virtuale<\/strong><\/span><\/span><span style=\"font-family: Times New Roman,serif;\"><span style=\"font-size: medium;\">. La Rete \u00e8 il regno del virtuale. Ma la Rete appartiene alla realt\u00e0. E dunque anche il virtuale \u2013 in radice \u2013 \u00e8 reale. Questo si pu\u00f2 dire efficacemente applicando all\u2019era digitale un assioma scolastico: nulla \u00e8 nella Rete che non sia stato prima nella realt\u00e0. Assioma da completare con il suo doppio speculare: nulla circola nella Rete senza che abbia un suo \u2013 sia pur minimo \u2013 riflesso sulla realt\u00e0.<\/span><\/span><\/p>\n<p><span style=\"font-family: Times New Roman,serif;\"><span style=\"font-size: medium;\">Virtuale e reale sono mondi in profonda, nativa, inestricabile miscelazione.<\/span><\/span><\/p>\n<p><span style=\"font-family: Times New Roman,serif;\"><span style=\"font-size: medium;\">Esempio della Madonnina dei Santi Marcellino e Pietro distrutta dai manifestanti violenti il 15 ottobre a Roma:<\/span><\/span><\/p>\n<ul>\n<li><span style=\"font-family: Times New Roman,serif;\"><span style=\"font-size: medium;\">la distruzione avviene nella realt\u00e0<\/span><\/span><\/li>\n<li><span style=\"font-family: Times New Roman,serif;\"><span style=\"font-size: medium;\">il video della collega Flavia Amabile la porta nella Rete<\/span><\/span><\/li>\n<li><span style=\"font-family: Times New Roman,serif;\"><span style=\"font-size: medium;\">la circolazione in Rete influisce a sua volta sulla realt\u00e0 e contribuisce a determinare la ricezione di quella manifestazione da parte dell\u2019opinione pubblica.<\/span><\/span><\/li>\n<\/ul>\n<p><span style=\"font-family: Times New Roman,serif;\"><span style=\"font-size: medium;\">La tendenza a separare la Rete dalla realt\u00e0, il virtuale dal reale, va combattuta. A difesa della responsabilit\u00e0 soggettiva, dell\u2019identificabilit\u00e0 dell\u2019internauta, della seriet\u00e0 di ci\u00f2 che si dice e si fa. <\/span><\/span><\/p>\n<p><span style=\"font-family: Times New Roman,serif;\"><span style=\"font-size: medium;\">Come non \u00e8 accettato che qualcuno circoli mascherato nelle nostre citt\u00e0, cos\u00ec nessuno dovrebbe andare mascherato per la Rete, fatti salvi i casi di necessit\u00e0 delle dittature e delle persecuzioni. Non so come il diritto della Rete risolver\u00e0 la questione. Io parlo di un\u2019esigenza pedagogica, che \u00e8 quella che qui ci interessa e ci interpella. <\/span><\/span><\/p>\n<p><span style=\"font-family: Times New Roman,serif;\"><span style=\"font-size: medium;\">Tante volte abbiamo assistito a questa autodifesa: \u201cLei ha detto che i Down vanno eliminati\u201d \u2013 \u201cl\u2019ho detto in internet\u201d; \u201cLei ha scritto che gli zingari le fanno ribrezzo\u201d \u2013 \u201cma l\u2019ho scritto nel mio sito mica l\u2019ho detto in Consiglio comunale\u201d. E\u2019 necessario arrivare \u2013 per pedagogia collettiva \u2013 ad attribuire alle affermazioni che si fanno nella Rete la stessa responsabilit\u00e0 che viene riconosciuta a quelle che si fanno nella realt\u00e0, e questo per l\u2019ottima e sufficiente ragione che la Rete appartiene alla realt\u00e0.<\/span><\/span><\/p>\n<p><span style=\"font-family: Times New Roman,serif;\"><span style=\"font-size: medium;\"><strong>C\u2019\u00e8 pi\u00f9 violenza nella Rete che nella realt\u00e0<\/strong><\/span><\/span><span style=\"font-family: Times New Roman,serif;\"><span style=\"font-size: medium;\">. Il linguaggio della Rete tende a essere assertivo, conflittuale, violento. Occorre tener conto di questa tendenza nel proporsi di svolgere una pedagogia per contagio. <\/span><\/span><\/p>\n<p><span style=\"font-family: Times New Roman,serif;\"><span style=\"font-size: medium;\">L\u2019anonimato favorisce la violenza verbale, l\u2019aggressione personale, l\u2019incitamento alla trasgressione. <\/span><\/span><\/p>\n<p><span style=\"font-family: Times New Roman,serif;\"><span style=\"font-size: medium;\"><strong>Problematiche che ne vengono alla Chiesa e al nostro essere Chiesa<\/strong><\/span><\/span><span style=\"font-family: Times New Roman,serif;\"><span style=\"font-size: medium;\">. Nella Rete c\u2019\u00e8 gi\u00e0 molta circolazione cristiana, con i pregi e i difetti della circolazione cristiana che osserviamo nella realt\u00e0. D\u2019abitudine la Rete accentua i difetti della comunicazione ecclesiale che gi\u00e0 conosciamo \u201csul territorio\u201d.<\/span><\/span><\/p>\n<p><span style=\"font-family: Times New Roman,serif;\"><span style=\"font-size: medium;\">A volte enfatizzazioni ed estremizzazioni della Rete sono il frutto di strozzature della realt\u00e0: l\u2019eccedenza per esempio, in Rete, dei tradizionalisti e degli indignati e delle sette. Spesso la Rete ospita ci\u00f2 che la realt\u00e0 discrimina.<\/span><\/span><\/p>\n<p><span style=\"font-family: Times New Roman,serif;\"><span style=\"font-size: medium;\">Dicevo che c\u2019\u00e8 molta circolazione cristiana nella Rete, ma \u00e8 timida la presenza ecclesiale dichiarata. Pochi sono i siti ecclesiali interattivi: aperti cio\u00e8 alla partecipazione attiva dei visitatori. Parrocchie e diocesi hanno i loro siti, ma sono siti documentali, mentre la vera frontiera della comunicazione digitale \u00e8 oggi quella interattiva. Immagino che da qui alla prossima assemblea il Meic render\u00e0 interattivo il suo ottimo sito.<\/span><\/span><\/p>\n<p><span style=\"font-family: Times New Roman,serif;\"><span style=\"font-size: medium;\"><strong>Il che fare pedagogico<\/strong><\/span><\/span><span style=\"font-family: Times New Roman,serif;\"><span style=\"font-size: medium;\">. Verso i giovani, verso i mascherati, verso tutti.<\/span><\/span><\/p>\n<p><span style=\"font-family: Times New Roman,serif;\"><span style=\"font-size: medium;\">Verso i giovani: per il recupero del principio di realt\u00e0 e per il coinvolgimento in relazioni interpersonali sul territorio, senza fughe nel virtuale. Esempio del ragazzo ventenne che vuole \u201cservire i poveri\u201d la notte di capodanno e che non vuole indicazioni dalla famiglia ma dice: \u201cLo cerco in internet\u201d. La ricerca in internet permette di restare liberi, non coinvolti, non responsabilizzati.<\/span><\/span><\/p>\n<p><span style=\"font-family: Times New Roman,serif;\"><span style=\"font-size: medium;\">Verso i mascherati della Rete, paragonabili ai mascherati delle manifestazioni: per la tenuta e il recupero del principio di responsabilit\u00e0. Una parola detta o scritta nella Rete deve avere copertura aurea, come nella realt\u00e0.<\/span><\/span><\/p>\n<p><span style=\"font-family: Times New Roman,serif;\"><span style=\"font-size: medium;\">Verso tutti: promuovere l\u2019uso della Rete come ponte; cito qui un\u2019espressione di Giorgio La Pira costituente, riferita alla \u201cparola da usare come ponte\u201d, ricordata stamane da Renato Balduzzi. La Rete pu\u00f2 unire e pu\u00f2 dividere e dunque spetta ai suoi abitatori promuoverne un uso che unisca. Farsi prossimo nella Rete.<\/span><\/span><\/p>\n<p><span style=\"font-family: Times New Roman,serif;\"><span style=\"font-size: medium;\"><strong>Conclusione<\/strong><\/span><\/span><span style=\"font-family: Times New Roman,serif;\"><span style=\"font-size: medium;\">. Attualmente viviamo una stagione di ebbrezza e di bulimia nei confronti della Rete \u2013 dobbiamo tendere a tornare sobri e responsabili.<\/span><\/span><\/p>\n","protected":false},"excerpt":{"rendered":"<p>Intervento all\u2019Assemblea del Meic su \u201cLe Parole della Verit\u00e0\u201d Domus Mariae &#8211; Sabato 22 ottobre 2011 &nbsp; Complicit\u00e0 del reale e del virtuale. La Rete \u00e8 il regno del virtuale.&#8230;<\/p>\n<div class=\"more-link-wrapper\"><a class=\"more-link\" href=\"http:\/\/www.luigiaccattoli.it\/blog\/conferenze-e-dibattiti-2\/il-linguaggio-della-rete\/\">Read More<span class=\"screen-reader-text\">Il linguaggio della Rete<\/span><\/a><\/div>\n","protected":false},"author":1,"featured_media":0,"parent":5506,"menu_order":0,"comment_status":"open","ping_status":"closed","template":"","meta":{"_monsterinsights_skip_tracking":false,"_monsterinsights_sitenote_active":false,"_monsterinsights_sitenote_note":"","_monsterinsights_sitenote_category":0,"footnotes":""},"class_list":["post-7619","page","type-page","status-publish","hentry","excerpt"],"_links":{"self":[{"href":"http:\/\/www.luigiaccattoli.it\/blog\/wp-json\/wp\/v2\/pages\/7619","targetHints":{"allow":["GET"]}}],"collection":[{"href":"http:\/\/www.luigiaccattoli.it\/blog\/wp-json\/wp\/v2\/pages"}],"about":[{"href":"http:\/\/www.luigiaccattoli.it\/blog\/wp-json\/wp\/v2\/types\/page"}],"author":[{"embeddable":true,"href":"http:\/\/www.luigiaccattoli.it\/blog\/wp-json\/wp\/v2\/users\/1"}],"replies":[{"embeddable":true,"href":"http:\/\/www.luigiaccattoli.it\/blog\/wp-json\/wp\/v2\/comments?post=7619"}],"version-history":[{"count":3,"href":"http:\/\/www.luigiaccattoli.it\/blog\/wp-json\/wp\/v2\/pages\/7619\/revisions"}],"predecessor-version":[{"id":7625,"href":"http:\/\/www.luigiaccattoli.it\/blog\/wp-json\/wp\/v2\/pages\/7619\/revisions\/7625"}],"up":[{"embeddable":true,"href":"http:\/\/www.luigiaccattoli.it\/blog\/wp-json\/wp\/v2\/pages\/5506"}],"wp:attachment":[{"href":"http:\/\/www.luigiaccattoli.it\/blog\/wp-json\/wp\/v2\/media?parent=7619"}],"curies":[{"name":"wp","href":"https:\/\/api.w.org\/{rel}","templated":true}]}}