{"id":7663,"date":"2011-10-30T16:47:54","date_gmt":"2011-10-30T15:47:54","guid":{"rendered":"http:\/\/www.luigiaccattoli.it\/blog\/?page_id=7663"},"modified":"2011-11-15T16:14:13","modified_gmt":"2011-11-15T15:14:13","slug":"se-il-papa-chiede-ancora-perdono-la-differenza-tra-wojtyla-e-ratzinger","status":"publish","type":"page","link":"http:\/\/www.luigiaccattoli.it\/blog\/articoli-del-corriere-della-sera\/se-il-papa-chiede-ancora-perdono-la-differenza-tra-wojtyla-e-ratzinger\/","title":{"rendered":"Assisi 2011: quel nuovo &#8220;mea culpa&#8221; sulle guerre"},"content":{"rendered":"<p>Pubblicato il 30 ottobre 2011 dal \u201cCorriere della Sera\u201d con il titolo:<\/p>\n<p><strong>Se il Papa chiede ancora perdono<br \/>\nLa differenza tra Wojtyla e Ratzinger<\/strong><\/p>\n<p>Le Giornate interreligiose di Assisi e i \u201cmea culpa\u201d sono forse le eredit\u00e0 wojtyliane pi\u00f9 impegnative per Benedetto XVI: non intende eluderle, tanto centrali esse erano state nel Pontificato del predecessore, ma nel farle sue egli ambisce a correggerle in aspetti non secondari. Gioved\u00ec le due sfide venivano a sommarsi, perch\u00e9 la prima Giornata di Assisi (1986) che egli andava a commemorare era stata anche l\u2019occasione di un famoso \u201catto di penitenza\u201d per le guerre combattute dai cattolici nella storia.<\/p>\n<p>Si pu\u00f2 dire \u2013 post factum \u2013 che il Papa teologo sia riuscito a garantire continuit\u00e0 e correzione insieme ad ambedue quelle imprese. Fedelt\u00e0 e novit\u00e0 nell\u2019articolazione della Giornata sono state evidenziate dalle cronache dell\u2019evento che hanno dato \u2013 com\u2019era ovvio avvenisse \u2013 minore attenzione al \u201cmea culpa\u201d sulle guerre che pure c\u2019\u00e8 stato, formulato con parole equivalenti a quelle del predecessore ma con un\u2019aggiunta rivelatrice.<\/p>\n<p>\u201cNon siamo sempre stati dei costruttori di pace\u201d aveva detto Wojtyla nel 1986, aggiungendo che quella Giornata voleva essere anche \u201cun atto di penitenza\u201d. Benedetto ha analogamente riconosciuto che \u201cnella storia anche in nome della fede cristiana si \u00e8 fatto ricorso alla violenza\u201d e che i cristiani ne sono \u201cpieni di vergogna\u201d.<\/p>\n<p>Fin qui le due \u201cconfessioni\u201d si equivalgono. Ma quella di Benedetto si differenzia per un\u2019aggiunta che riguarda il presente \u2013 non affatto privo di manifestazioni di violenza cristiana \u2013 mentre la \u201cpenitenza\u201d wojtyliana in quell\u2019occasione era rivolta al passato: \u201cE\u2019 compito di tutti coloro che portano una qualche responsabilit\u00e0 per la fede cristiana purificarla continuamente a partire dal suo centro interiore affinch\u00e8 sia veramente strumento della pace di Dio nel mondo\u201d.<\/p>\n<p>Con questo sulle guerre sono tre i \u201cmea culpa\u201d pronunciati fino a oggi da Papa Benedetto: in due occasioni (12 febbraio del 2009 e il 17 gennaio 2010) aveva fatto sua la richiesta di perdono per la Shoah dettata dal predecessore e in un\u2019altra (11 giugno 2010) aveva formulato una propria \u201cconfessione di peccato\u201d per la pedofilia del clero.<\/p>\n<p><strong>Luigi Accattoli<\/strong><\/p>\n<p>www.luigiaccattoli.it<\/p>\n","protected":false},"excerpt":{"rendered":"<p>Pubblicato il 30 ottobre 2011 dal \u201cCorriere della Sera\u201d con il titolo: Se il Papa chiede ancora perdono La differenza tra Wojtyla e Ratzinger Le Giornate interreligiose di Assisi e&#8230;<\/p>\n<div class=\"more-link-wrapper\"><a class=\"more-link\" href=\"http:\/\/www.luigiaccattoli.it\/blog\/articoli-del-corriere-della-sera\/se-il-papa-chiede-ancora-perdono-la-differenza-tra-wojtyla-e-ratzinger\/\">Read More<span class=\"screen-reader-text\">Assisi 2011: quel nuovo &#8220;mea culpa&#8221; sulle guerre<\/span><\/a><\/div>\n","protected":false},"author":1,"featured_media":0,"parent":7661,"menu_order":0,"comment_status":"open","ping_status":"closed","template":"","meta":{"_monsterinsights_skip_tracking":false,"_monsterinsights_sitenote_active":false,"_monsterinsights_sitenote_note":"","_monsterinsights_sitenote_category":0,"footnotes":""},"class_list":["post-7663","page","type-page","status-publish","hentry","excerpt"],"_links":{"self":[{"href":"http:\/\/www.luigiaccattoli.it\/blog\/wp-json\/wp\/v2\/pages\/7663","targetHints":{"allow":["GET"]}}],"collection":[{"href":"http:\/\/www.luigiaccattoli.it\/blog\/wp-json\/wp\/v2\/pages"}],"about":[{"href":"http:\/\/www.luigiaccattoli.it\/blog\/wp-json\/wp\/v2\/types\/page"}],"author":[{"embeddable":true,"href":"http:\/\/www.luigiaccattoli.it\/blog\/wp-json\/wp\/v2\/users\/1"}],"replies":[{"embeddable":true,"href":"http:\/\/www.luigiaccattoli.it\/blog\/wp-json\/wp\/v2\/comments?post=7663"}],"version-history":[{"count":5,"href":"http:\/\/www.luigiaccattoli.it\/blog\/wp-json\/wp\/v2\/pages\/7663\/revisions"}],"predecessor-version":[{"id":7799,"href":"http:\/\/www.luigiaccattoli.it\/blog\/wp-json\/wp\/v2\/pages\/7663\/revisions\/7799"}],"up":[{"embeddable":true,"href":"http:\/\/www.luigiaccattoli.it\/blog\/wp-json\/wp\/v2\/pages\/7661"}],"wp:attachment":[{"href":"http:\/\/www.luigiaccattoli.it\/blog\/wp-json\/wp\/v2\/media?parent=7663"}],"curies":[{"name":"wp","href":"https:\/\/api.w.org\/{rel}","templated":true}]}}