{"id":7789,"date":"2011-11-15T15:58:50","date_gmt":"2011-11-15T14:58:50","guid":{"rendered":"http:\/\/www.luigiaccattoli.it\/blog\/?page_id=7789"},"modified":"2011-11-15T15:58:50","modified_gmt":"2011-11-15T14:58:50","slug":"papa-ratzinger-e-gli-ex-anglicani","status":"publish","type":"page","link":"http:\/\/www.luigiaccattoli.it\/blog\/articoli-del-corriere-della-sera\/papa-ratzinger-e-gli-ex-anglicani\/","title":{"rendered":"Papa Ratzinger e gli ex anglicani"},"content":{"rendered":"<p><span style=\"font-family: Times New Roman,serif;\"><span style=\"font-size: medium;\">Articolo pubblicato dal \u201cCorriere della Sera\u201d del 21 ottobre 2009 con il titolo <\/span><\/span><\/p>\n<p><span style=\"font-family: Times New Roman,serif;\"><span style=\"font-size: medium;\"><strong>IL \u201cDISARMO\u201d TRA LE CHIESE <\/strong><\/span><\/span><\/p>\n<p><span style=\"font-family: Times New Roman,serif;\"><span style=\"font-size: medium;\"><strong>PUO\u2019 PASSARE ANCHE DAL CELIBATO<\/strong><\/span><\/span><\/p>\n<p>&nbsp;<\/p>\n<p><span style=\"font-family: Times New Roman,serif;\"><span style=\"font-size: medium;\">L\u2019indebolimento delle Chiese facilita la loro intesa o almeno impone un reciproco disarmo: potrebbe essere questa la \u201cmorale\u201d di quanto annunciato ieri dalla Comunione Anglicana e dalla Chiesa di Roma. Per la prima volta nella storia delle grandi comunit\u00e0 cristiane, alcuni spezzoni di una passano a un\u2019altra senza scomuniche. <\/span><\/span><\/p>\n<p><span style=\"font-family: Times New Roman,serif;\"><span style=\"font-size: medium;\">La decisione di creare particolari comunit\u00e0 per accogliere i fuoriusciti anglicani che si fanno cattolici \u2013 soprattutto perch\u00e9 non sono disposti ad accettare le donne vescovo \u2013 \u00e8 del Papa e non \u00e8 ovviamente il frutto di un accordo tra le due Chiese. E\u2019 evidente il momento difficile che vivono gli anglicani e che li costringe a fare buon viso a questa perdita di preti, vescovi e battezzati. <\/span><\/span><\/p>\n<p><span style=\"font-family: Times New Roman,serif;\"><span style=\"font-size: medium;\">Ma c\u2019\u00e8 un accordo sostanziale tra le massime istanze delle due Comunioni per non considerare questo evento come un intralcio al loro \u201cdialogo\u201d in vista dell\u2019unione: e questo \u00e8 il secondo significato di quanto annunciato ieri. Non solo non volano scomuniche, ma si assicura che l\u2019impegno all\u2019avvicinamento reciproco continuer\u00e0. <\/span><\/span><\/p>\n<p><span style=\"font-family: Times New Roman,serif;\"><span style=\"font-size: medium;\">E\u2019 questa considerazione consensuale su un fatto oggettivamente traumatico a costituire una sorpresa e a dirci che per il futuro dovremo abituarci a confini confessionali meno rigidi e alla nascita di formazioni intermedie e miste tra le Chiese storiche. <\/span><\/span><\/p>\n<p><span style=\"font-family: Times New Roman,serif;\"><span style=\"font-size: medium;\">Avremo infatti \u2013 in questo caso \u2013 non degli anglicani divenuti cattolici, ma dei \u201ccattolici di rito anglicano\u201d che sono una totale novit\u00e0: essi infatti mantengono i loro \u201clibri di preghiera\u201d e le vesti e le consuetudini e le regole di vita proprie dell\u2019anglicanesimo, tutte le volte che non contrastano con elementi fondamentali della disciplina cattolica.<\/span><\/span><\/p>\n<p><span style=\"font-family: Times New Roman,serif;\"><span style=\"font-size: medium;\">Meno rilevante \u2013 per gli osservatori \u2013 \u00e8 l\u2019implicazione celibataria di questa decisione: che i sacerdoti anglicani passati al cattolicesimo venissero ammessi al sacerdozio cattolico anche se sposati non \u00e8 una novit\u00e0. Ma qualcosa di nuovo si avr\u00e0 su questo fronte con il passare del tempo, quando cio\u00e8 arriveranno a essere ordinati i \u201cseminaristi\u201d anglicani gi\u00e0 sposati che ora passano al cattolicesimo. E\u2019 stato detto ieri che sulla loro ordinazione si decider\u00e0 \u201ccaso per caso\u201d. Ma ogni caso \u2013 c\u2019\u00e8 da scommettere \u2013 far\u00e0 notizia.<\/span><\/span><\/p>\n<p><span style=\"font-family: Times New Roman,serif;\"><span style=\"font-size: medium;\"><strong>Luigi Accattoli<\/strong><\/span><\/span><\/p>\n","protected":false},"excerpt":{"rendered":"<p>Articolo pubblicato dal \u201cCorriere della Sera\u201d del 21 ottobre 2009 con il titolo IL \u201cDISARMO\u201d TRA LE CHIESE PUO\u2019 PASSARE ANCHE DAL CELIBATO &nbsp; L\u2019indebolimento delle Chiese facilita la loro&#8230;<\/p>\n<div class=\"more-link-wrapper\"><a class=\"more-link\" href=\"http:\/\/www.luigiaccattoli.it\/blog\/articoli-del-corriere-della-sera\/papa-ratzinger-e-gli-ex-anglicani\/\">Read More<span class=\"screen-reader-text\">Papa Ratzinger e gli ex anglicani<\/span><\/a><\/div>\n","protected":false},"author":1,"featured_media":0,"parent":7661,"menu_order":0,"comment_status":"open","ping_status":"closed","template":"","meta":{"_monsterinsights_skip_tracking":false,"_monsterinsights_sitenote_active":false,"_monsterinsights_sitenote_note":"","_monsterinsights_sitenote_category":0,"footnotes":""},"class_list":["post-7789","page","type-page","status-publish","hentry","excerpt"],"_links":{"self":[{"href":"http:\/\/www.luigiaccattoli.it\/blog\/wp-json\/wp\/v2\/pages\/7789","targetHints":{"allow":["GET"]}}],"collection":[{"href":"http:\/\/www.luigiaccattoli.it\/blog\/wp-json\/wp\/v2\/pages"}],"about":[{"href":"http:\/\/www.luigiaccattoli.it\/blog\/wp-json\/wp\/v2\/types\/page"}],"author":[{"embeddable":true,"href":"http:\/\/www.luigiaccattoli.it\/blog\/wp-json\/wp\/v2\/users\/1"}],"replies":[{"embeddable":true,"href":"http:\/\/www.luigiaccattoli.it\/blog\/wp-json\/wp\/v2\/comments?post=7789"}],"version-history":[{"count":1,"href":"http:\/\/www.luigiaccattoli.it\/blog\/wp-json\/wp\/v2\/pages\/7789\/revisions"}],"predecessor-version":[{"id":7790,"href":"http:\/\/www.luigiaccattoli.it\/blog\/wp-json\/wp\/v2\/pages\/7789\/revisions\/7790"}],"up":[{"embeddable":true,"href":"http:\/\/www.luigiaccattoli.it\/blog\/wp-json\/wp\/v2\/pages\/7661"}],"wp:attachment":[{"href":"http:\/\/www.luigiaccattoli.it\/blog\/wp-json\/wp\/v2\/media?parent=7789"}],"curies":[{"name":"wp","href":"https:\/\/api.w.org\/{rel}","templated":true}]}}