{"id":7792,"date":"2011-11-15T16:04:17","date_gmt":"2011-11-15T15:04:17","guid":{"rendered":"http:\/\/www.luigiaccattoli.it\/blog\/?page_id=7792"},"modified":"2011-11-15T16:04:17","modified_gmt":"2011-11-15T15:04:17","slug":"mano-tesa-del-papa-agli-anglicani","status":"publish","type":"page","link":"http:\/\/www.luigiaccattoli.it\/blog\/articoli-di-liberal\/mano-tesa-del-papa-agli-anglicani\/","title":{"rendered":"Mano tesa del Papa agli anglicani"},"content":{"rendered":"<p><span style=\"font-family: Times New Roman,serif;\"><span style=\"font-size: medium;\">Articolo pubblicato da \u201cLiberal\u201d il 3 novembre 2009 con il titolo:<\/span><\/span><\/p>\n<p><strong><span style=\"font-family: Times New Roman,serif;\"><span style=\"font-size: medium;\">Sacerdoti sposati: si decider\u00e0 \u201ccaso per caso\u201d<\/span><\/span><\/strong><\/p>\n<p><strong><span style=\"font-family: Times New Roman,serif;\"><span style=\"font-size: medium;\">Dalla Costituzione apostolica con cui il Papa accoglie gli ex anglicani<\/span><\/span><\/strong><\/p>\n<p>&nbsp;<\/p>\n<p><strong><span style=\"font-family: Times New Roman,serif;\"><span style=\"font-size: medium;\">Non \u00e8 ancora pubblicata la Costituzione apostolica con cui il Papa accoglie nella Chiesa Cattolica gruppi di anglicani, ma ora sappiamo che in essa c\u2019\u00e8 una precisa novit\u00e0 riguardo al celibato dei preti: vi si dice che non solo in questo momento di passaggio, ma anche in futuro in quelle comunit\u00e0 potranno essere ordinati uomini sposati con autorizzazione \u201ccaso per caso\u201d da parte della Santa Sede. L\u2019abbiamo appreso sabato da una \u201cchiarificazione\u201d del portavoce vaticano nella quale sono riportati \u2013 a correzione di voci giornalistiche \u2013 due paragrafi di quella Costituzione, che fu annunciata a Roma e a Londra il 20 ottobre.<\/span><\/span><\/strong><\/p>\n<p><strong><span style=\"font-family: Times New Roman,serif;\"><span style=\"font-size: medium;\">Fino a sabato si era capito <\/span><\/span><\/strong><span style=\"font-family: Times New Roman,serif;\"><span style=\"font-size: medium;\">che i sacerdoti anglicani sposati che passeranno al cattolicesimo da soli o con le loro comunit\u00e0, entrando a far parte di \u201cordinariati personali\u201d che ora si costituiranno, potranno essere ammessi al sacerdozio cattolico e \u201criordinati\u201d in esso, ma in futuro anche questi \u201cordinariati\u201d dovranno attenersi alla regola del celibato. Si era capito inoltre che a questa regola generale si sarebbe avuta una qualche eccezione con il passare del tempo, quando cio\u00e8 fossero arrivati all\u2019ordinazione i \u201cseminaristi\u201d anglicani gi\u00e0 sposati che ora passano al cattolicesimo. Per loro \u2013 era stato detto dal cardinale Levada nella conferenza stampa del 20 ottobre \u2013 si decider\u00e0 \u201ccaso per caso\u201d.<\/span><\/span><\/p>\n<p><span style=\"font-family: Times New Roman,serif;\"><span style=\"font-size: medium;\">Gi\u00e0 questa possibilit\u00e0 di ammettere al sacerdozio uomini sposati anglicani non ancora ordinati al momento del passaggio al cattolicesimo costituiva una novit\u00e0, sia pur piccola e temporanea. Ma nei due paragrafi pubblicati sabato c\u2019\u00e8 un altro elemento nuovo, assai pi\u00f9 impegnativo, riguardante quella possibilit\u00e0 per il futuro, cio\u00e8 a tempo indeterminato: non pi\u00f9 con riferimento a chi era prete o \u201cseminarista\u201d al momento del passaggio. La chiarificazione vaticana \u00e8 suonata come una smentita a quanto aveva scritto il collega Andrea Tornielli de <\/span><\/span><span style=\"font-family: Times New Roman,serif;\"><span style=\"font-size: medium;\"><em>Il Giornale<\/em><\/span><\/span><span style=\"font-family: Times New Roman,serif;\"><span style=\"font-size: medium;\">, che invece ha il merito di aver posto l\u2019interrogativo provocando la giusta risposta. <\/span><\/span><\/p>\n<p><span style=\"font-family: Times New Roman,serif;\"><span style=\"font-size: medium;\">Per \u201cchiarire\u201d sono stati anticipati due paragrafi dell\u2019articolo VI della Costituzione. Il primo afferma che \u201c<\/span><\/span><span style=\"font-family: Times New Roman,serif;\"><span style=\"font-size: medium;\"><em>quanti hanno servito come diaconi, sacerdoti o vescovi anglicani e che possiedono i requisiti stabiliti dal diritto (\u2026) possono essere accettati dall\u2019ordinario come candidati agli ordini sacri nella Chiesa cattolica<\/em><\/span><\/span><span style=\"font-family: Times New Roman,serif;\"><span style=\"font-size: medium;\">\u201d. Se sono \u201cministri sposati\u201d saranno accettati con le spose e i figli, mentre i \u201cnon sposati\u201d dovranno \u201cosservare la norma del celibato\u201d. <\/span><\/span><\/p>\n<p><span style=\"font-family: Times New Roman,serif;\"><span style=\"font-size: medium;\">Il secondo paragrafo guarda al futuro ed \u00e8 qui che viene formulata la novit\u00e0 pi\u00f9 importante: \u201c<\/span><\/span><span style=\"font-family: Times New Roman,serif;\"><span style=\"font-size: medium;\"><em>L\u2019ordinario<\/em><\/span><\/span><span style=\"font-family: Times New Roman,serif;\"><span style=\"font-size: medium;\"> \u2013 cio\u00e8 il vescovo o il prete che avr\u00e0 giurisdizione su ognuno degli \u201cordinariati personali\u201d \u2013 <\/span><\/span><span style=\"font-family: Times New Roman,serif;\"><span style=\"font-size: medium;\"><em>di norma (pro regula) ammetter\u00e0 all\u2019ordine presbiterale solo uomini celibi. Pu\u00f2 anche chiedere al Romano Pontefice l\u2019ammissione di uomini sposati al presbiterato caso per caso, secondo criteri oggettivi approvati dalla Santa Sede<\/em><\/span><\/span><span style=\"font-family: Times New Roman,serif;\"><span style=\"font-size: medium;\">\u201d. <\/span><\/span><\/p>\n<p><span style=\"font-family: Times New Roman,serif;\"><span style=\"font-size: medium;\">Poniamo che in uno di questi \u201cordinariati\u201d ci si venga a trovare \u2013 un giorno \u2013 in penuria di preti. Mancando \u201caspiranti\u201d celibi, l\u2019ordinario potr\u00e0 chiedere al Papa l\u2019autorizzazione a ordinare degli sposati. Qui \u00e8 la novit\u00e0: nella previsione di questa possibilit\u00e0. In teoria essa \u00e8 aperta gi\u00e0 oggi a ogni vescovo della Chiesa cattolica, essendo ben chiaro che il Papa pu\u00f2 \u201cderogare\u201d dalle leggi canoniche. Ma in pratica se un vescovo azzardasse una tale richiesta \u2013 e immagino che sar\u00e0 pure capitato \u2013 gli verrebbe risposto d\u2019ufficio che tale deroga non \u00e8 prevista. Per gli ordinariati anglicano-cattolici invece ora viene prevista.<\/span><\/span><\/p>\n<p><span style=\"font-family: Times New Roman,serif;\"><span style=\"font-size: medium;\">Loveda dice che quella previsione \u00e8 fatta \u201cin via puramente ipotetica\u201d. Facciamo dunque un\u2019ipotesi su quanto potrebbe capitare tra dieci anni in una diocesi cattolica della Gran Bretagna dove vi fosse un buon numero di appartenenti a uno dei nascenti \u201cordinariati\u201d. Sia la diocesi sia l\u2019ordinariato hanno penuria di preti. Avendo l\u2019ordinariato gi\u00e0 ottenuto l\u2019ordinazione di \u201cuomini sposati\u201d che cosa impedir\u00e0 che quell\u2019esperienza \u2013 poniamo positiva \u2013 apra la via a un\u2019analoga possibilit\u00e0 nella diocesi cattolica?<\/span><\/span><\/p>\n<p><span style=\"font-family: Times New Roman,serif;\"><span style=\"font-size: medium;\">Il giovane Ratzinger nel saggio \u201cFede e futuro\u201d (Queriniana, Brescia 1971, p. 115) aveva previsto che un giorno si sarebbe arrivati \u2013 per necessit\u00e0 e restando vigente la norma del celibato \u2013 all\u2019ordinazione di \u201ccristiani maturi\u201d (<\/span><\/span><span style=\"font-family: Times New Roman,serif;\"><span style=\"font-size: medium;\"><em>viri probati<\/em><\/span><\/span><span style=\"font-family: Times New Roman,serif;\"><span style=\"font-size: medium;\">) gi\u00e0 sposati. Forse \u00e8 per questa via degli ordinariati venuti dall\u2019anglicanesimo che la Chiesa di Roma scioglier\u00e0 domani il nodo del celibato ecclesiastico che gi\u00e0 oggi segna profondamente le sue carni. <\/span><\/span><\/p>\n<p><span style=\"font-family: Times New Roman,serif;\"><span style=\"font-size: medium;\"><strong>Luigi Accattoli<\/strong><\/span><\/span><\/p>\n","protected":false},"excerpt":{"rendered":"<p>Articolo pubblicato da \u201cLiberal\u201d il 3 novembre 2009 con il titolo: Sacerdoti sposati: si decider\u00e0 \u201ccaso per caso\u201d Dalla Costituzione apostolica con cui il Papa accoglie gli ex anglicani &nbsp;&#8230;<\/p>\n<div class=\"more-link-wrapper\"><a class=\"more-link\" href=\"http:\/\/www.luigiaccattoli.it\/blog\/articoli-di-liberal\/mano-tesa-del-papa-agli-anglicani\/\">Read More<span class=\"screen-reader-text\">Mano tesa del Papa agli anglicani<\/span><\/a><\/div>\n","protected":false},"author":1,"featured_media":0,"parent":7659,"menu_order":0,"comment_status":"open","ping_status":"closed","template":"","meta":{"_monsterinsights_skip_tracking":false,"_monsterinsights_sitenote_active":false,"_monsterinsights_sitenote_note":"","_monsterinsights_sitenote_category":0,"footnotes":""},"class_list":["post-7792","page","type-page","status-publish","hentry","excerpt"],"_links":{"self":[{"href":"http:\/\/www.luigiaccattoli.it\/blog\/wp-json\/wp\/v2\/pages\/7792","targetHints":{"allow":["GET"]}}],"collection":[{"href":"http:\/\/www.luigiaccattoli.it\/blog\/wp-json\/wp\/v2\/pages"}],"about":[{"href":"http:\/\/www.luigiaccattoli.it\/blog\/wp-json\/wp\/v2\/types\/page"}],"author":[{"embeddable":true,"href":"http:\/\/www.luigiaccattoli.it\/blog\/wp-json\/wp\/v2\/users\/1"}],"replies":[{"embeddable":true,"href":"http:\/\/www.luigiaccattoli.it\/blog\/wp-json\/wp\/v2\/comments?post=7792"}],"version-history":[{"count":1,"href":"http:\/\/www.luigiaccattoli.it\/blog\/wp-json\/wp\/v2\/pages\/7792\/revisions"}],"predecessor-version":[{"id":7793,"href":"http:\/\/www.luigiaccattoli.it\/blog\/wp-json\/wp\/v2\/pages\/7792\/revisions\/7793"}],"up":[{"embeddable":true,"href":"http:\/\/www.luigiaccattoli.it\/blog\/wp-json\/wp\/v2\/pages\/7659"}],"wp:attachment":[{"href":"http:\/\/www.luigiaccattoli.it\/blog\/wp-json\/wp\/v2\/media?parent=7792"}],"curies":[{"name":"wp","href":"https:\/\/api.w.org\/{rel}","templated":true}]}}