{"id":7973,"date":"2011-12-15T19:47:03","date_gmt":"2011-12-15T18:47:03","guid":{"rendered":"http:\/\/www.luigiaccattoli.it\/blog\/?page_id=7973"},"modified":"2011-12-15T19:47:03","modified_gmt":"2011-12-15T18:47:03","slug":"la-chiesa-e-le-esenzioni-ici-imu","status":"publish","type":"page","link":"http:\/\/www.luigiaccattoli.it\/blog\/articoli-di-liberal\/la-chiesa-e-le-esenzioni-ici-imu\/","title":{"rendered":"La Chiesa e le esenzioni Ici-Imu"},"content":{"rendered":"<p>Articolo pubblicato da LIBERAL del 13 dicembre 2011 con il titolo<\/p>\n<p><strong>E la Chiesa dice: non siamo evasori<\/strong><\/p>\n<p><strong>Le aperture di Bagnasco sono sostanziali, e cercano una soluzione che plachi le polemiche<\/strong><\/p>\n<p><strong>\u00a0<\/strong><\/p>\n<p>Ici-Imu e Chiesa: con le dichiarazioni possibiliste dei cardinali Bertone e Bagnasco, arrivate a met\u00e0 della scorsa settimana, siamo a una svolta dell\u2019annosa questione che ora potr\u00e0 essere \u201capprofondita\u201d, come hanno detto i due massimi interlocutori dello Stato in questa materia. Ma per rivedere le norme e chiarire i casi ci vuole tempo, mentre urge un segnale di impegno della Chiesa nell\u2019emergenza che stiamo vivendo: forse nell\u2019immediato potrebbe essere utile una dichiarazione di principio da parte della CEI che attesti la volont\u00e0 degli ambienti ecclesiali di partecipare allo sforzo collettivo di risanamento dei conti anche con un maggior rigore nel rispondere delle proprie responsabilit\u00e0 fiscali.<\/p>\n<p>\u201cIl problema dell\u2019Ici \u2013 ha detto il cardinale Tarcisio Bertone il 7 dicembre \u2013 \u00e8 un problema particolare, da studiare e da approfondire. Per\u00f2 la Chiesa fa la sua parte, soprattutto a favore delle fasce pi\u00f9 deboli della popolazione\u201d. E\u2019 verissimo che fa la sua parte, una parte grande, che gi\u00e0 \u00e8 riconosciuta e tanto pi\u00f9 sar\u00e0 onorata quanto meglio e quanto prima sar\u00e0 chiarito che le esenzioni valgono solo per i fini di culto e di solidariet\u00e0 sociale.<\/p>\n<p>Ancora pi\u00f9 puntuali sono state il giorno dopo le parole del cardinale Angelo Bagnasco: \u00abIn linea di principio, la normativa vigente \u00e8 giusta, in quanto riconosce il valore sociale delle attivit\u00e0 svolte da una pluralit\u00e0 di enti no profit e, fra questi, dagli enti ecclesiastici. \u00c8 altrettanto giusto, se vi sono dei casi concreti nei quali un tributo dovuto non \u00e8 stato pagato, che l`abuso sia accertato e abbia fine. In quest`ottica non vi sono da parte nostra preclusioni pregiudiziali circa eventuali approfondimenti volti a valutare la chiarezza delle formule normative vigenti, con riferimento a tutto il mondo dei soggetti no profit, oggetto dell`attuale esenzione\u00bb.<\/p>\n<p>Innanzitutto il cardinale difende le esenzioni no profit, della Chiesa e di tutti: ed \u00e8 un punto importante, perch\u00e9 nella battaglia ideologica che su questa materia si \u00e8 sviluppata negli anni e che si \u00e8 fatta pi\u00f9 gagliarda nelle ultime settimane, si tende a porre la questione delle esenzioni riconosciute agli immobili della Chiesa come un caso unico, mentre \u00e8 solo il caso pi\u00f9 frequente di una realt\u00e0 molto vasta che riguarda enti, fondazioni, associazioni, partiti, sindacati, cooperative e cos\u00ec via.<\/p>\n<p>Poi il cardinale riconosce due direzioni lungo le quali condurre una doverosa indagine: \u201cE\u2019 altrettanto giusto\u201d. La prima riguarda il fattuale rispetto della normativa in vigore: chi abusivamente non paga, \u00e8 giusto che paghi. Nel 50% dei casi \u2013 poniamo \u2013 il comportamento illecito \u00e8 accertabile con gli strumenti di cui i Comuni dispongono ed \u00e8 sanzionabile a norma delle leggi vigenti e delle circolari gi\u00e0 emanate dagli ultimi governi di Centrodestra e di Centrosinistra.<\/p>\n<p>La seconda direzione \u00e8 pi\u00f9 complessa e richiede tempo a essere efficacemente percorsa: \u00e8 quella degli \u201capprofondimenti\u201d della normativa, che in pi\u00f9 di un caso pu\u00f2 risultare poco chiara, o anche equivoca e facilitare \u2013 magari senza intenzione di dolo \u2013 interpretazioni di elusione o di evasione fiscale.<\/p>\n<p>Conviene svolgere qualche esempio a chiarire la questione. Vediamo che cosa pu\u00f2 capitare con una Casa del clero, con una Casa vacanze, con un Bar dell\u2019oratorio, con una Sala della comunit\u00e0.<\/p>\n<p>Pu\u00f2 capitare che in una Casa del clero \u2013 esente dall\u2019Ici-Imu se ospita sacerdoti \u2013 prendano alloggio i pellegrini condotti da un sacerdote, o persone che sono l\u00ec in trasferta per partecipare a un\u2019attivit\u00e0 diocesana: poniamo una corale chiamata per le feste del Santo Patrono. O anche semplicemente \u2013 se c\u2019\u00e8 posto \u2013 dei clienti occasionali. Fin dove questa ospitalit\u00e0 espansa sar\u00e0 lecita?<\/p>\n<p>La stessa griglia di questioni pu\u00f2 valere per una \u201ccasa vacanze\u201d della diocesi, originariamente destinata a ospitare gruppi associativi per soggiorni comunitari comprendenti attivit\u00e0 di aggiornamento culturale e di animazione ecclesiale, ma che di fatto pu\u00f2 essersi trovata \u2013 magari senza programmarlo \u2013 a ospitare gruppi diversamente reclutati, senza alcuna motivazione ecclesiale.<\/p>\n<p>Il Bar dell\u2019oratorio fa prezzi scontati, \u00e8 aperto solo nelle ore delle attivit\u00e0 \u201coratoriane\u201d, \u00e8 accessibile solo dai partecipanti a queste attivit\u00e0: e tutto \u00e8 in regola. O invece ha un\u2019insegna sulla strada e prezzi di mercato, \u00e8 aperto a ogni ora e accetta ogni cliente: in questo caso si configura un\u2019attivit\u00e0 commerciale che non pu\u00f2 essere esente dalla giusta tassazione.<\/p>\n<p>Infine la Sala della comunit\u00e0: recite parrocchiali, cineforum formativi, conferenze associative sono il proprio per cui \u00e8 esentata dall\u2019Ici-Imu. Ma se viene affittata a un Cineclub senza legame con la parrocchia, se viene ceduta \u2013 con compenso \u2013 a enti che vi svolgono lucrose attivit\u00e0?<\/p>\n<p>Sar\u00e0 necessario dunque \u201capprofondire\u201d e chiarire tutta questa problematica, e ci vorr\u00e0 tempo. Mesi, forse un anno. Ma \u2013 dicevo sopra \u2013 dalla Chiesa potrebbe venire subito un segnale di disponibilit\u00e0 pi\u00f9 preciso ed esplicito \u2013 rispetto alle parole dei cardinali Bertone e Bagnasco \u2013 con riferimento alla \u201cprova\u201d fiscale che stiamo vivendo.<\/p>\n<p>Il segnale potrebbe avere un doppio contenuto: di incoraggiamento della popolazione ad affrontare nel segno della solidariet\u00e0 i gravosi sacrifici e le nuove tassazioni imposte dalla congiuntura economica; di impegno da parte degli uomini di Chiesa a fare chiarezza in casa propria, a difesa delle giuste esenzioni e ad accettazione del carico che sta gravando su tutti, o che dovrebbe gravare su tutti.<\/p>\n<p><strong>Luigi Accattoli<\/strong><\/p>\n<p>www.luigiaccattoli.it<\/p>\n","protected":false},"excerpt":{"rendered":"<p>Articolo pubblicato da LIBERAL del 13 dicembre 2011 con il titolo E la Chiesa dice: non siamo evasori Le aperture di Bagnasco sono sostanziali, e cercano una soluzione che plachi&#8230;<\/p>\n<div class=\"more-link-wrapper\"><a class=\"more-link\" href=\"http:\/\/www.luigiaccattoli.it\/blog\/articoli-di-liberal\/la-chiesa-e-le-esenzioni-ici-imu\/\">Read More<span class=\"screen-reader-text\">La Chiesa e le esenzioni Ici-Imu<\/span><\/a><\/div>\n","protected":false},"author":1,"featured_media":0,"parent":7659,"menu_order":0,"comment_status":"open","ping_status":"closed","template":"","meta":{"_monsterinsights_skip_tracking":false,"_monsterinsights_sitenote_active":false,"_monsterinsights_sitenote_note":"","_monsterinsights_sitenote_category":0,"footnotes":""},"class_list":["post-7973","page","type-page","status-publish","hentry","excerpt"],"_links":{"self":[{"href":"http:\/\/www.luigiaccattoli.it\/blog\/wp-json\/wp\/v2\/pages\/7973","targetHints":{"allow":["GET"]}}],"collection":[{"href":"http:\/\/www.luigiaccattoli.it\/blog\/wp-json\/wp\/v2\/pages"}],"about":[{"href":"http:\/\/www.luigiaccattoli.it\/blog\/wp-json\/wp\/v2\/types\/page"}],"author":[{"embeddable":true,"href":"http:\/\/www.luigiaccattoli.it\/blog\/wp-json\/wp\/v2\/users\/1"}],"replies":[{"embeddable":true,"href":"http:\/\/www.luigiaccattoli.it\/blog\/wp-json\/wp\/v2\/comments?post=7973"}],"version-history":[{"count":1,"href":"http:\/\/www.luigiaccattoli.it\/blog\/wp-json\/wp\/v2\/pages\/7973\/revisions"}],"predecessor-version":[{"id":7974,"href":"http:\/\/www.luigiaccattoli.it\/blog\/wp-json\/wp\/v2\/pages\/7973\/revisions\/7974"}],"up":[{"embeddable":true,"href":"http:\/\/www.luigiaccattoli.it\/blog\/wp-json\/wp\/v2\/pages\/7659"}],"wp:attachment":[{"href":"http:\/\/www.luigiaccattoli.it\/blog\/wp-json\/wp\/v2\/media?parent=7973"}],"curies":[{"name":"wp","href":"https:\/\/api.w.org\/{rel}","templated":true}]}}