{"id":8152,"date":"2012-01-07T15:20:02","date_gmt":"2012-01-07T14:20:02","guid":{"rendered":"http:\/\/www.luigiaccattoli.it\/blog\/?page_id=8152"},"modified":"2013-02-10T16:20:45","modified_gmt":"2013-02-10T15:20:45","slug":"nuovi-cardinali-benedetto-riporta-il-papato-in-italia","status":"publish","type":"page","link":"http:\/\/www.luigiaccattoli.it\/blog\/articoli-del-corriere-della-sera\/nuovi-cardinali-benedetto-riporta-il-papato-in-italia\/","title":{"rendered":"Benedetto riporta il papato in Italia?"},"content":{"rendered":"<p><span style=\"font-family: Times New Roman,serif;\"><span style=\"font-size: small;\"><span style=\"color: #000000;\"><span style=\"font-size: medium;\">Pubblicato dal \u201cCorriere della Sera\u201d del 7 gennaio 2011 alle pp. 1 e 23 con il titolo<\/span><\/span><\/span><\/span><\/p>\n<p><span style=\"font-family: Times New Roman,serif;\"><span style=\"font-size: small;\"><span style=\"color: #000000;\"><span style=\"font-size: large;\"><strong>Pi\u00f9 peso a Italia ed Europa nell\u2019elezione del Papa<\/strong><\/span><\/span><\/span><\/span><\/p>\n<p><span style=\"font-family: Times New Roman,serif;\"><span style=\"font-size: small;\"><span style=\"color: #000000;\"><span style=\"font-size: medium;\">CITTA\u2019 DEL VATICANO \u2013 Si direbbe che Papa Benedetto voglia riportare il Papato in Italia: ha annunciato ieri la nomina di 18 cardinali elettori e 7 di loro sono italiani (il pi\u00f9 noto \u00e8 l\u2019arcivescovo di Firenze Giuseppe Betori). In occasione dell\u2019ultimo Concistoro, nel novembre del 2010, ne aveva nominati 20 e 8 erano italiani. Se il Conclave si riunisse tra qualche mese gli italiani sarebbero 30 su 120, pari al 25%, (mentre erano 20 su 117, pari al 17% nel Conclave del 2005). <\/span><\/span><\/span><\/span><\/p>\n<p><span style=\"font-family: Times New Roman,serif;\"><span style=\"font-size: small;\"><span style=\"color: #000000;\"><span style=\"font-size: medium;\">I nomi annunciati ieri dal Papa all\u2019Angelus sono 22, ma quattro di loro non sono elettori in quanto hanno pi\u00f9 di 80 anni: il pi\u00f9 noto \u00e8 lo storico delle religioni Julien Ries, belga, 92 anni. Dieci su 22 sono curiali e folta \u00e8 la presenza di uomini che hanno avuto vicinanza geografica, biografica o di ruolo con il cardinale Tarcisio Bertone Segretario di Stato. <\/span><\/span><\/span><\/span><\/p>\n<p><span style=\"font-family: Times New Roman,serif;\"><span style=\"font-size: small;\"><span style=\"color: #000000;\"><span style=\"font-size: medium;\">Questi i sei italiani, oltre il gi\u00e0 detto Betori, tutti con incarichi di Curia, tutti sconosciuti fuori del mondo ecclesiastico: <\/span><\/span><span style=\"font-size: medium;\">Fernando Filoni (pugliese, prefetto della Congregazione per l\u2019Evangelizzazione), Giuseppe Bertello (piemontese, presidente del Governatorato), Domenico Calcagno (piemontese, presidente dell\u2019Amministrazione del Patrimonio della Sede Apostolica), Giuseppe Versaldi (piemontese, presidente della Prefettura degli affari economici), Antonio Maria Vegli\u00f2 (marchigiano, presidente del Consiglio per i migranti); Francesco Coccopalmerio (milanese, presidente del Consiglio per i testi legislativi). <\/span><\/span><\/span><\/p>\n<p><span style=\"font-family: Times New Roman,serif;\"><span style=\"font-size: small;\"><span style=\"font-size: medium;\">I curiali non italiani sono Joio Braz de Aviz (brasiliano, prefetto della Congregazione per i religiosi), Manuel Monteiro de Castro (portoghese, penitenziere), Santos Abril y Castello (spagnolo, arciprete della Basilica di Santa Maria Maggiore), Edwin Frederik O\u2019Brien (statunitense, gran maestro dell\u2019Ordine Equestre del Santo Sepolcro). <\/span><\/span><\/span><\/p>\n<p><span style=\"font-family: Times New Roman,serif;\"><span style=\"font-size: small;\"><span style=\"font-size: medium;\">I non italiani che sono vescovi di grandi diocesi sparse per il mondo sono sei: Jhon Tong Hon di Hong Kong, Timothy Michael Dolan di New York (\u00e8 presidente dei vescovi statunitensi), Dominik Duka di Praga, Thomas Christopher Collins di Toronto, Willem Jocoby Eijk di Utrecht, George Alencherry di Ernakulam-Angamaly (India, di rito siro-malabarese), Rainer Maria Woekli di Berlino (55 anni: il pi\u00f9 giovane tra i cardinali).<\/span><\/span><\/span><\/p>\n<p><span style=\"font-family: Times New Roman,serif;\"><span style=\"font-size: small;\"><span style=\"font-size: medium;\">I nuovi cardinali che hanno pi\u00f9 di 80 anni e dunque non entrano in Conclave, oltre al belga Ries gi\u00e0 nominato, sono l\u2019arcivescovo romeno di rito greco Lucien Marusin (80 anni), il teologo gesuita tedesco Karl Becker (84 anni) e il teologo agostiniano di Malta Prosper Grech (87 anni).<\/span><\/span><\/span><\/p>\n<p><span style=\"font-family: Times New Roman,serif;\"><span style=\"font-size: small;\"><span style=\"font-size: medium;\">Tra gli ecclesiastici italiani che ricoprono incarichi cardinalizi ma che non hanno avuto per ora la nomina a cardinale \u2013 dovranno cio\u00e8 attendere il prossimo Concistoro \u2013 ci sono l\u2019arcivescovo di Torino Cesare Nosiglia e i curiali Rino Fisichella e Claudio Celli. I due curiali non sono stati inseriti per non inflazionare il numero degli italiani gi\u00e0 numerosi in questa tornata, Nosiglia perch\u00e9 l\u2019arcivescovo emerito di Torino \u2013 Severino Poletto \u2013 ha meno di 80 anni e dunque in caso di Conclave si avrebbero due elettori \u201ctorinesi\u201d. Per la stessa norma non scritta avevano fatto \u201canticamera\u201d nei precedenti Concistori gli arcivescovi di Palermo Paolo Romeo (cardinale nel 2010) e di Firenze Giuseppe Betori (tra i nominati ieri).<\/span><\/span><\/span><\/p>\n<p><span style=\"font-family: Times New Roman,serif;\"><span style=\"font-size: small;\"><span style=\"font-size: medium;\">Con uno strappo al tetto dei 120 cardinali elettori stabilito da Paolo VI, le nomine di ieri portano gli elettori a 125, ma rientreranno nella norma in pochi mesi con il compimento degli 80 anni da parte dei pi\u00f9 anziani. Il primo degli italiani a raggiungere questo traguardo sar\u00e0 \u2013 a novembre \u2013 Renato Raffaele Martino. <\/span><\/span><\/span><\/p>\n<p><span style=\"font-family: Times New Roman,serif;\"><span style=\"font-size: small;\"><span style=\"font-size: medium;\">Tra i nominati ieri non c\u2019\u00e8 nessun africano e aumenta \u2013 a motivo dell\u2019aumento degli italiani \u2013 la prevalenza degli europei: ora sono 67 su 125, mentre erano 58 su 115 nel Conclave del 2005 (salgono cio\u00e8 dal 51,2% al 53,5%). E\u2019 arduo immaginare che questi minimi spostamenti del baricentro geografico del \u201ccollegio\u201d possano avere domani un\u2019influenza decisiva nella scelta del Papa. Ma \u00e8 verosimile che il prudente Ratzinger si senta meglio a suo agio con collaboratori curiali a dominante europea e italiana.<\/span><\/span><\/span><\/p>\n<p><span style=\"font-family: Times New Roman,serif;\"><span style=\"font-size: small;\"><span style=\"font-size: medium;\"><strong>Luigi Accattoli<\/strong><\/span><\/span><\/span><\/p>\n<p><span style=\"font-family: Times New Roman,serif;\"><span style=\"font-size: small;\"><span style=\"font-size: medium;\">www.luigiaccattoli.it<\/span><\/span><\/span><\/p>\n","protected":false},"excerpt":{"rendered":"<p>Pubblicato dal \u201cCorriere della Sera\u201d del 7 gennaio 2011 alle pp. 1 e 23 con il titolo Pi\u00f9 peso a Italia ed Europa nell\u2019elezione del Papa CITTA\u2019 DEL VATICANO \u2013&#8230;<\/p>\n<div class=\"more-link-wrapper\"><a class=\"more-link\" href=\"http:\/\/www.luigiaccattoli.it\/blog\/articoli-del-corriere-della-sera\/nuovi-cardinali-benedetto-riporta-il-papato-in-italia\/\">Read More<span class=\"screen-reader-text\">Benedetto riporta il papato in Italia?<\/span><\/a><\/div>\n","protected":false},"author":1,"featured_media":0,"parent":7661,"menu_order":0,"comment_status":"open","ping_status":"closed","template":"","meta":{"_monsterinsights_skip_tracking":false,"_monsterinsights_sitenote_active":false,"_monsterinsights_sitenote_note":"","_monsterinsights_sitenote_category":0,"footnotes":""},"class_list":["post-8152","page","type-page","status-publish","hentry","excerpt"],"_links":{"self":[{"href":"http:\/\/www.luigiaccattoli.it\/blog\/wp-json\/wp\/v2\/pages\/8152","targetHints":{"allow":["GET"]}}],"collection":[{"href":"http:\/\/www.luigiaccattoli.it\/blog\/wp-json\/wp\/v2\/pages"}],"about":[{"href":"http:\/\/www.luigiaccattoli.it\/blog\/wp-json\/wp\/v2\/types\/page"}],"author":[{"embeddable":true,"href":"http:\/\/www.luigiaccattoli.it\/blog\/wp-json\/wp\/v2\/users\/1"}],"replies":[{"embeddable":true,"href":"http:\/\/www.luigiaccattoli.it\/blog\/wp-json\/wp\/v2\/comments?post=8152"}],"version-history":[{"count":5,"href":"http:\/\/www.luigiaccattoli.it\/blog\/wp-json\/wp\/v2\/pages\/8152\/revisions"}],"predecessor-version":[{"id":10747,"href":"http:\/\/www.luigiaccattoli.it\/blog\/wp-json\/wp\/v2\/pages\/8152\/revisions\/10747"}],"up":[{"embeddable":true,"href":"http:\/\/www.luigiaccattoli.it\/blog\/wp-json\/wp\/v2\/pages\/7661"}],"wp:attachment":[{"href":"http:\/\/www.luigiaccattoli.it\/blog\/wp-json\/wp\/v2\/media?parent=8152"}],"curies":[{"name":"wp","href":"https:\/\/api.w.org\/{rel}","templated":true}]}}