{"id":8172,"date":"2012-01-09T21:13:39","date_gmt":"2012-01-09T20:13:39","guid":{"rendered":"http:\/\/www.luigiaccattoli.it\/blog\/?page_id=8172"},"modified":"2012-02-09T11:38:47","modified_gmt":"2012-02-09T10:38:47","slug":"pietro-pappagallo-il-%e2%80%9cdon-pietro%e2%80%9d-di-rossellini","status":"publish","type":"page","link":"http:\/\/www.luigiaccattoli.it\/blog\/cerco-fatti-di-vangelo\/18-giusti-delle-nazioni\/pietro-pappagallo-il-%e2%80%9cdon-pietro%e2%80%9d-di-rossellini\/","title":{"rendered":"Pietro Pappagallo: il \u201cdon Pietro\u201d di Rossellini"},"content":{"rendered":"<pre><\/pre>\n<p>sacerdote della Diocesi di Roma, imprigionato in via Tasso per l\u2019aiuto agli ebrei e a ogni perseguitato, denunciato da una delle persone che assisteva, viene ucciso alle Fosse Ardeatine il 23 marzo 1944.<\/p>\n<p>Cappellano delle suore del Bambin Ges\u00f9, dopo l\u20198 settembre 1943 ospita, nella sua abitazione romana, ebrei, perseguitati politici, partigiani e prigionieri evasi. Cos\u00ec una lapide lo ricorda in via Urbana 2, dove svolgeva quest\u2019opera di soccorso: \u201cIn questa casa nel tempo buio dell\u2019occupazione nazista rifulse la luce del cuore generoso di don Pietro Pappagallo Terlizzi (Bari) 18.6.1888 Roma \u2013 Fosse Ardeatine 24.3.1944 Accolse con amore i perseguitati di ogni fede e condizione fino al sacrificio di s\u00e9 Cadde nel segno estremo della redenzione e del perdono di Dio\u201d.<\/p>\n<p>Tradito da una spia che finge d\u2019essere un fuggiasco (tale Gino Crescentini, che nel 1947 sar\u00e0 condannato a vent\u2019anni di carcere per aver denunciato alla \u201cpolizia tedesca appartenenti alla razza ebraica, comunisti e antifascisti\u201d), viene arrestato insieme a sei clandestini che si trovano in quel momento nella sua casa e viene imprigionato in via Tasso.<\/p>\n<p>Unico prete cattolico a essere ucciso alle Fosse Ardeatine, all\u2019ingresso delle cave dalla lunga fila in attesa della fucilazione si alza un grido, da uno che ha visto la sua veste nera: \u201cPadre, benediteci!\u201d. Racconter\u00e0 un superstite che \u201cdon Pietro, che era un uomo robusto e vigoroso, si liber\u00f2 dai lacci che gli stringevano i polsi, alz\u00f2 le braccia al cielo e preg\u00f2 ad alta voce, impartendo a tutti l\u2019assoluzione\u201d (Robert Katz, <em>Morte a Roma. Il massacro delle Fosse Ardeatine<\/em>, Roma 1968, p. 152).<\/p>\n<p>Ecco come ne parla un suo amico che diverr\u00e0 suo biografo: \u00abSalv\u00f2 tante vite. Cattolici o ebrei o protestanti, per lui tutti erano creature di Dio e nel diritto naturale della vita e della libert\u00e0. Al tempo dell\u2019infamia delle leggi razziali, fu lui, mio paterno amico, a dirmi, smentendo la scuola fascista, che il popolo ebraico \u00e8 un grande popolo ricco di geni che hanno operato tante svolte nella storia dell\u2019umanit\u00e0. Sono il biografo di don Pietro perch\u00e9 la sua vita di uomo giusto ben meritava di essere scritta e additata come esemplare alle nuove generazioni. E ho sentito l\u2019irresistibile dovere di coscienza di chiedere all\u2019autorit\u00e0 di Jad Vashem il riconoscimento, per don Pietro, di \u201cgiusto delle nazioni\u201d\u00bb (Shalom, dicembre 1997, p. 22).<\/p>\n<p>Alla figura di don Pietro Pappagallo allude il personaggio \u201cdon Pietro\u201d del film di Roberto Rossellini <em>Roma citt\u00e0 aperta<\/em> (1945), interpretato da Aldo Fabrizi.<\/p>\n<p><em>Martirologio del clero italiano<\/em>, Roma 1963, p. 168.<\/p>\n<p>Elio Venier, <em>La Chiesa di Roma durante il periodo della Resistenza, <\/em>in<em> Rivista diocesana di Roma<\/em>, settembre-ottobre 1969, p. 998.<\/p>\n<p><em>Dizionario storico del movimento cattolico,<\/em> III\/2, p. 626.<\/p>\n<p>Antonio Lisi, <em>Don Pietro Pappagallo. Un eroe, un santo<\/em>, Roma 1995.<\/p>\n","protected":false},"excerpt":{"rendered":"<p>sacerdote della Diocesi di Roma, imprigionato in via Tasso per l\u2019aiuto agli ebrei e a ogni perseguitato, denunciato da una delle persone che assisteva, viene ucciso alle Fosse Ardeatine il&#8230;<\/p>\n<div class=\"more-link-wrapper\"><a class=\"more-link\" href=\"http:\/\/www.luigiaccattoli.it\/blog\/cerco-fatti-di-vangelo\/18-giusti-delle-nazioni\/pietro-pappagallo-il-%e2%80%9cdon-pietro%e2%80%9d-di-rossellini\/\">Read More<span class=\"screen-reader-text\">Pietro Pappagallo: il \u201cdon Pietro\u201d di Rossellini<\/span><\/a><\/div>\n","protected":false},"author":1,"featured_media":0,"parent":2137,"menu_order":0,"comment_status":"open","ping_status":"closed","template":"","meta":{"_monsterinsights_skip_tracking":false,"_monsterinsights_sitenote_active":false,"_monsterinsights_sitenote_note":"","_monsterinsights_sitenote_category":0,"footnotes":""},"class_list":["post-8172","page","type-page","status-publish","hentry","excerpt"],"_links":{"self":[{"href":"http:\/\/www.luigiaccattoli.it\/blog\/wp-json\/wp\/v2\/pages\/8172","targetHints":{"allow":["GET"]}}],"collection":[{"href":"http:\/\/www.luigiaccattoli.it\/blog\/wp-json\/wp\/v2\/pages"}],"about":[{"href":"http:\/\/www.luigiaccattoli.it\/blog\/wp-json\/wp\/v2\/types\/page"}],"author":[{"embeddable":true,"href":"http:\/\/www.luigiaccattoli.it\/blog\/wp-json\/wp\/v2\/users\/1"}],"replies":[{"embeddable":true,"href":"http:\/\/www.luigiaccattoli.it\/blog\/wp-json\/wp\/v2\/comments?post=8172"}],"version-history":[{"count":6,"href":"http:\/\/www.luigiaccattoli.it\/blog\/wp-json\/wp\/v2\/pages\/8172\/revisions"}],"predecessor-version":[{"id":8397,"href":"http:\/\/www.luigiaccattoli.it\/blog\/wp-json\/wp\/v2\/pages\/8172\/revisions\/8397"}],"up":[{"embeddable":true,"href":"http:\/\/www.luigiaccattoli.it\/blog\/wp-json\/wp\/v2\/pages\/2137"}],"wp:attachment":[{"href":"http:\/\/www.luigiaccattoli.it\/blog\/wp-json\/wp\/v2\/media?parent=8172"}],"curies":[{"name":"wp","href":"https:\/\/api.w.org\/{rel}","templated":true}]}}