{"id":8198,"date":"2012-01-12T20:17:15","date_gmt":"2012-01-12T19:17:15","guid":{"rendered":"http:\/\/www.luigiaccattoli.it\/blog\/?page_id=8198"},"modified":"2015-07-23T11:22:22","modified_gmt":"2015-07-23T09:22:22","slug":"aurelia-oreglia-d%e2%80%99isola-%e2%80%9cleletta%e2%80%9d-%c2%abvolle-per-il-suo-funerale-una-messa-nuziale%c2%bb","status":"publish","type":"page","link":"http:\/\/www.luigiaccattoli.it\/blog\/cerco-fatti-di-vangelo\/8-celebrazione-ecclesiale-della-propria-morte\/aurelia-oreglia-d%e2%80%99isola-%e2%80%9cleletta%e2%80%9d-%c2%abvolle-per-il-suo-funerale-una-messa-nuziale%c2%bb\/","title":{"rendered":"Aurelia Oreglia d\u2019Isola &#8211; \u201cLeletta\u201d \u00abVolle per il suo funerale una messa nuziale\u00bb"},"content":{"rendered":"<p>Leletta muore di tumore a 66 anni, chiedendo che la messa con cui verr\u00e0 salutata dalla sua comunit\u00e0 sia una messa nuziale, con paramenti bianchi e fiori bianchi, per festeggiare l\u2019incontro con lo sposo atteso tutta la vita.<br \/>\nLeletta \u00e8 il nome familiare di Aurelia Oreglia (Torino 1 aprile 1926 &#8211; St. Pierre, Aosta 18 agosto 1993), che in giovent\u00f9 aveva tentato di entrare in un monastero domenicano, ma aveva dovuto rinunciare per salute ed era divenuta terziaria domenicana. Aveva insegnato filosofia nei licei di Chieti e di Aosta e dal 1969 &#8211; a motivo di un enfisema polmonare  &#8211; si era ritirata nel Priorato di St. Pierre, che ospita tutto l\u2019anno corsi di esercizi: l\u00ec ha lavorato fino alla fine divenendo guida spirituale di tante persone.<br \/>\nDiceva di aver avuto sempre nostalgia del Cielo. Di una polmonite virale che l\u2019aveva colpita all\u2019et\u00e0 di tre anni raccontava: <em>Ricordo il dispiacere che provavo perch\u00e9 i miei non mi lasciavano andare in Paradiso<\/em>. A diciotto anni, in ginocchio sul pavimento prega Dio dicendo: <em>Se mi dai fede mi consacro a darla a quelli che non l\u2019hanno<\/em>.<br \/>\nNel periodo di St. Pierre, raccontano che ogni mattina scendeva alle quattro in cappella a pregare e anche alle tre o alle due, mossa dal bisogno di stare con Ges\u00f9, che poi comunicava agli altri attraverso i colloqui e la corrispondenza.<br \/>\nQuando scopre il tumore scrive cos\u00ec a un\u2019amica:<br \/>\n<em>Non dire: \u201cabbiamo bisogno di te\u201d, perch\u00e9 purtroppo sono ormai inutile: il cancretto \u00e8 stato tutta la mia gioia quando prevedevano un prossimo ritorno al Padre, come tanto desideravo. E\u2019 comparso come una bella ferita al costato, la settimana santa 1988, su un colpo ricevuto nell\u201981.<br \/>\n<\/em>Sceglie di curarsi con la medicina omeopatica, perch\u00e9 vive la creazione con passione incredibile, e in virt\u00f9 di essa arriva lucida e forte all\u2019incontro con il suo Creatore. Il 20\/3\/93 scrive:<br \/>\n<em>Le forze sono tutte assorbite dal tirare avanti e fare (con entusiasmo perch\u00e9 ogni riuscita \u00e8 un\u2019epopea!) le piccole cosette tipo il letto&#8230;il 15 febbr. ho lasciato la mia vita notturna con piena coscienza di girare una pagina, ma con molta gioia perch\u00e9 \u201cc\u2019\u00e8 un tempo per questo e un tempo per quello\u201d, ma Dio \u00e8 al di fuori dei tempi, SEMPRE VICINO. Il desiderio di uscire dal tempo si fa sempre pi\u00f9 forte, bench\u00e9 la malattia non precipiti. Che gioia anche umana aver fatto marameo agli accanimenti diagnostici e terapeutici di questi medici padreterni! Se mi confronto col povero (chemio, cobalto, medicine sbagliate) mi sento un pasci\u00e0 e mi godo una gran pace. Ho per\u00f2 quasi 97 di pressione minima e, come saprai, bevo solo bevande gelide (neve del Gran Paradiso da circa met\u00e0 gennaio). Per\u00f2 respiro pochissimo (situazione flogistica, che prende stomaco e polmoni). La mia testa \u00e8 molto vaga, non scrivo quasi pi\u00f9 a nessuno.<br \/>\n<\/em>Con eroismo \u00e8 stata disponibile a chiunque volesse dialogare con lei anche nell\u2019ultimo periodo della sua grave malattia. Questa \u00e8 l\u2019ultima pagina del diario:<br \/>\n<em>Ho pensato ai giorni antichi della guerra, vissuta fra i 13 e i 19 anni, e li ho visti \u201cveri\u201d, liberi dall\u2019eterodirezione dei mass-media, vissuti veramente da me, ragazzina normale e insignificante, ma da me. Li ho visti liberi, questi anni, dagli strati di lardo che il denaro pone sulle realt\u00e0 essenziali della vita: prima fra tutte, la morte. Di fronte ad essa gli ideali politici &#8211; l\u2019antifascismo che affratellava persone cos\u00ec diverse &#8211; l\u2019amicizia; la ricerca, la stessa povert\u00e0, acquistano un rilievo tutto speciale. Ho avuto in mente gli anni eterni ai quali la vita del tempo conduce, e attendo lietamente anche l\u2019incontro con coloro che in queste cronache sono nominati.<br \/>\n<\/em>La diocesi di Aosta nel febbraio 2008 avvia il processo di canonizzazione:http:\/\/www.leletta.net\/it\/beatificazione.html.<\/p>\n<p><strong>La figura di Aurelia Oreglia d\u2019Isola, detta Leletta, mi \u00e8 stata segnalata da don Pietro Fragnelli nel 1994: allora lavorava nella Segreteria di Stato vaticana, oggi \u00e8 vescovo di Castellaneta. Altre notizie mi sono venute da Lucia Favre, di Aosta e dal cardinale Cottier. \u201cIl diario di Leletta\u201d, Edizioni Franco Angeli, Milano 1993, \u00e8 uscito pochi giorni prima della morte dell\u2019autrice. Qui un\u2019ampia informazione: http:\/\/www.santiebeati.it\/dettaglio\/93652.<\/strong><\/p>\n<p><strong>[Gennaio 2012]<\/strong><\/p>\n","protected":false},"excerpt":{"rendered":"<p>Leletta muore di tumore a 66 anni, chiedendo che la messa con cui verr\u00e0 salutata dalla sua comunit\u00e0 sia una messa nuziale, con paramenti bianchi e fiori bianchi, per festeggiare&#8230;<\/p>\n<div class=\"more-link-wrapper\"><a class=\"more-link\" href=\"http:\/\/www.luigiaccattoli.it\/blog\/cerco-fatti-di-vangelo\/8-celebrazione-ecclesiale-della-propria-morte\/aurelia-oreglia-d%e2%80%99isola-%e2%80%9cleletta%e2%80%9d-%c2%abvolle-per-il-suo-funerale-una-messa-nuziale%c2%bb\/\">Read More<span class=\"screen-reader-text\">Aurelia Oreglia d\u2019Isola &#8211; \u201cLeletta\u201d \u00abVolle per il suo funerale una messa nuziale\u00bb<\/span><\/a><\/div>\n","protected":false},"author":1,"featured_media":0,"parent":2106,"menu_order":0,"comment_status":"open","ping_status":"closed","template":"","meta":{"_monsterinsights_skip_tracking":false,"_monsterinsights_sitenote_active":false,"_monsterinsights_sitenote_note":"","_monsterinsights_sitenote_category":0,"footnotes":""},"class_list":["post-8198","page","type-page","status-publish","hentry","excerpt"],"_links":{"self":[{"href":"http:\/\/www.luigiaccattoli.it\/blog\/wp-json\/wp\/v2\/pages\/8198","targetHints":{"allow":["GET"]}}],"collection":[{"href":"http:\/\/www.luigiaccattoli.it\/blog\/wp-json\/wp\/v2\/pages"}],"about":[{"href":"http:\/\/www.luigiaccattoli.it\/blog\/wp-json\/wp\/v2\/types\/page"}],"author":[{"embeddable":true,"href":"http:\/\/www.luigiaccattoli.it\/blog\/wp-json\/wp\/v2\/users\/1"}],"replies":[{"embeddable":true,"href":"http:\/\/www.luigiaccattoli.it\/blog\/wp-json\/wp\/v2\/comments?post=8198"}],"version-history":[{"count":7,"href":"http:\/\/www.luigiaccattoli.it\/blog\/wp-json\/wp\/v2\/pages\/8198\/revisions"}],"predecessor-version":[{"id":16719,"href":"http:\/\/www.luigiaccattoli.it\/blog\/wp-json\/wp\/v2\/pages\/8198\/revisions\/16719"}],"up":[{"embeddable":true,"href":"http:\/\/www.luigiaccattoli.it\/blog\/wp-json\/wp\/v2\/pages\/2106"}],"wp:attachment":[{"href":"http:\/\/www.luigiaccattoli.it\/blog\/wp-json\/wp\/v2\/media?parent=8198"}],"curies":[{"name":"wp","href":"https:\/\/api.w.org\/{rel}","templated":true}]}}