{"id":8283,"date":"2012-01-24T16:15:12","date_gmt":"2012-01-24T15:15:12","guid":{"rendered":"http:\/\/www.luigiaccattoli.it\/blog\/?page_id=8283"},"modified":"2012-01-24T16:52:09","modified_gmt":"2012-01-24T15:52:09","slug":"un-forte-appoggio-%e2%80%9ctecnico%e2%80%9d-a-un-governo-non-politico%e2%80%9d","status":"publish","type":"page","link":"http:\/\/www.luigiaccattoli.it\/blog\/articoli-di-liberal\/un-forte-appoggio-%e2%80%9ctecnico%e2%80%9d-a-un-governo-non-politico%e2%80%9d\/","title":{"rendered":"Un forte appoggio \u201ctecnico\u201d a un governo non politico"},"content":{"rendered":"<p><em>Pubblicato da \u201cLiberal\u201d il 24 gennaio 2011 a pagina 5<\/em><\/p>\n<p>Dal Cardinale Bagnasco \u00e8 venuto ieri un pieno appoggio all\u2019impresa del Governo Monti fino all\u2019adozione dello stesso logo dell\u2019esecutivo tecnico: \u201cCiascuno a suo tempo si esprimer\u00e0 in coscienza ma oggi c\u2019\u00e8 da salvare l\u2019Italia\u201d. Il presidente della Cei ha fatto sue anche le due cosiddette \u201cfasi\u201d della sfida del Governo Monti alla nostra emergenza nazionale, quella della messa in sicurezza dei conti e quella della crescita: \u201cRinascere e crescere: sono le due parole che guidano e impegnano ogni energia che abbia cuore e responsabilit\u00e0 per il nostro Paese\u201d.<br \/>\nIn quarant\u2019anni di cronaca delle vicende del rapporto Stato-Chiesa non mi era mai capitato di imbattermi in un appoggio cos\u00ec esplicito di un presidente della Cei a un Governo. Un appoggio offerto in nome del momento di necessit\u00e0 in cui si trova il Paese, avvertito come contingente ma senza pretesa di valutazione n\u00e9 tattica n\u00e8 strategica: \u201cNon tocca a noi vescovi parlare di tempi e modi\u201d.<br \/>\nDi sicuro questo endorsement senza precedenti \u00e8 stato favorito dalla non appartenenza del Governo Monti a uno degli schieramenti che si contendono la scena ma anche \u2013 io credo \u2013 dalla personalit\u00e0 del Premier e dal fatto che l\u2019avvento di questo esecutivo sta forse favorendo una decongestione della rissosit\u00e0 politica e della contrapposizione ideologica che ha caratterizzato gli ultimi due decenni della nostra politica e che gli uomini di Chiesa hanno sempre avvertito come fumo negli occhi.<br \/>\nTutte queste ragioni, variamente alluse o argomentate dal cardinale, lo inducono a salutare con favore la formazione di una \u201ccompagine governativa esterna\u201d: questa \u00e8 la dicitura usata dal presidente dei vescovi e va intesa come \u201cesterna alla lotta dei partiti\u201d. La chiama anche, quella compagine, \u201cesecutivo di buona volont\u00e0 autonomo non dalla politica ma dalle complicazioni e dalle esasperazioni di essa\u201d. \u201cBuona volont\u00e0\u201d qui suona come un riconoscimento di intonazione evangelica.<br \/>\nAltro passaggio beneaugurante della prolusione del cardinale, leggibile come spia di un sostegno che non \u00e8 solo di necessit\u00e0, ma implica l\u2019avvertenza di un qualcosa che potrebbe giovare a tutti e a lungo: \u201cPer certi versi questa \u00e8 una stagione propizia per imprimere allo Stato e alla stessa comunit\u00e0 politica strutture e dinamiche pi\u00f9 essenziali ed efficienti, lontane da sprechi e gigantismi\u201d.<br \/>\nDa segnalare infine un doppio passaggio sulla lotta all\u2019evasione e sull\u2019Ici-Imu che conferma quanto lo stesso Bagnasco aveva gi\u00e0 affermato in dicembre, cio\u00e8 la disponibilit\u00e0 a rivedere \u2013 se necessario \u2013 le \u201cformule legislative vigenti\u201d, ma che accosta significativamente la questione della tassazione degli enti ecclesiastici a quella della lotta all\u2019evasione, come a dire: se abbiamo anche noi delle responsabilit\u00e0, non dovremo tirarci indietro. \u201cLa Chiesa \u2013 dice una prima volta dopo aver solidarizzato con l\u2019annunciato \u2018inesorabile\u2019 contrasto del Governo Monti all\u2019evasione \u2013 non ha esitazione ad accennare questo discorso, perch\u00e9 non pu\u00f2 e non deve coprire auto-esenzioni improprie. Evadere le tasse \u00e8 peccato. Per un soggetto religioso questo \u00e8 addirittura motivo di scandalo\u201d.<br \/>\nIn un secondo passaggio, con esplicito riferimento all\u2019Ici-Imu, aggiunge: \u201cNon chiediamo privilegi, n\u00e9 che si chiuda un occhio su storture o manchevolezze\u201d. E ancora pi\u00f9 pregnante: \u201cI Comuni vigilino, e noi per la nostra parte lo faremo\u201d.<br \/>\nFiducioso nel Governo \u201cdi buona volont\u00e0\u201d, il cardinale non si dimentica dei partiti e li esorta \u2013 con il severo linguaggio di chi molto pat\u00ec in delusioni \u2013 a recuperare una veduta alta della politica: \u201cNon devono fare gli spettatori, ma devono attivarsi con l\u2019obiettivo anche di riscattarsi, preoccupati veramente solo del bene comune, quasi nell\u2019intento di rifondarsi su pensieri lunghi e alti, lasciando per strada la lotta guerreggiata sotto mentite spoglie, la denigrazione sistematica, le polemiche esasperanti e inconcludenti\u201d.<br \/>\nQuanto ieri \u00e8 venuto in chiaro con la prolusione del cardinale era gi\u00e0 apparso implicito, ma perfettamente decifrabile, nell\u2019incontro che il Premier aveva avuto con Papa Benedetto sabato 14 gennaio e nell\u2019intervista che sempre il Premier aveva dato il 18 gennaio alla Radio Vaticana e all\u2019Osservatore Romano.<br \/>\nGi\u00e0 da quei due eventi si era compreso che potevano essere quattro gli assist della Chiesa alla strategia di salvataggio dei nostri conti e dell\u2019intera nostra barca approntata dal Governo Monti: favorire la reciproca fiducia tra i due o tre o quattro poli del nostro sistema politico dilacerato, aiutare a mantenere la pace sociale di fronte alle nuove emergenze economiche e conflittuali, accompagnare la sollecitazione italiana per la creazione di una governance planetaria dell\u2019economia, sminare il comparto Ici-Imu del nostrano rapporto Stato-Chiesa.<br \/>\nQuanto alla governance dell\u2019economia \u00e8 pi\u00f9 che evidente la vicinanza dell\u2019azione condotta dal Governo Monti sullo scacchiere europeo con la posizione di Papa Benedetto e dalla Santa Sede: un documento di Giustizia e Pace dell\u2019ottobre scorso era intitolato: \u201cPer una riforma del sistema finanziario internazionale nella prospettiva di un\u2019Autorit\u00e0 pubblica a competenza universale\u201d. Ieri Bagnasco ha trattato a lungo delle minacce che vengono da un \u201ccapitalismo sfrenato\u201d e della necessit\u00e0 che la politica si riappropri della \u201ccompetenza\u201d che le spetta \u201crispetto ai processi economici\u201d. Quando Monti sollecita il rafforzamento politico dell\u2019Unione Europea per potenziarne la capacit\u00e0 di governo dei mercati \u00e8 sulla stessa lunghezza d\u2019onda.<br \/>\nLuigi Accattoli<\/p>\n","protected":false},"excerpt":{"rendered":"<p>Pubblicato da \u201cLiberal\u201d il 24 gennaio 2011 a pagina 5 Dal Cardinale Bagnasco \u00e8 venuto ieri un pieno appoggio all\u2019impresa del Governo Monti fino all\u2019adozione dello stesso logo dell\u2019esecutivo tecnico:&#8230;<\/p>\n<div class=\"more-link-wrapper\"><a class=\"more-link\" href=\"http:\/\/www.luigiaccattoli.it\/blog\/articoli-di-liberal\/un-forte-appoggio-%e2%80%9ctecnico%e2%80%9d-a-un-governo-non-politico%e2%80%9d\/\">Read More<span class=\"screen-reader-text\">Un forte appoggio \u201ctecnico\u201d a un governo non politico<\/span><\/a><\/div>\n","protected":false},"author":1,"featured_media":0,"parent":7659,"menu_order":0,"comment_status":"open","ping_status":"closed","template":"","meta":{"_monsterinsights_skip_tracking":false,"_monsterinsights_sitenote_active":false,"_monsterinsights_sitenote_note":"","_monsterinsights_sitenote_category":0,"footnotes":""},"class_list":["post-8283","page","type-page","status-publish","hentry","excerpt"],"_links":{"self":[{"href":"http:\/\/www.luigiaccattoli.it\/blog\/wp-json\/wp\/v2\/pages\/8283","targetHints":{"allow":["GET"]}}],"collection":[{"href":"http:\/\/www.luigiaccattoli.it\/blog\/wp-json\/wp\/v2\/pages"}],"about":[{"href":"http:\/\/www.luigiaccattoli.it\/blog\/wp-json\/wp\/v2\/types\/page"}],"author":[{"embeddable":true,"href":"http:\/\/www.luigiaccattoli.it\/blog\/wp-json\/wp\/v2\/users\/1"}],"replies":[{"embeddable":true,"href":"http:\/\/www.luigiaccattoli.it\/blog\/wp-json\/wp\/v2\/comments?post=8283"}],"version-history":[{"count":5,"href":"http:\/\/www.luigiaccattoli.it\/blog\/wp-json\/wp\/v2\/pages\/8283\/revisions"}],"predecessor-version":[{"id":8289,"href":"http:\/\/www.luigiaccattoli.it\/blog\/wp-json\/wp\/v2\/pages\/8283\/revisions\/8289"}],"up":[{"embeddable":true,"href":"http:\/\/www.luigiaccattoli.it\/blog\/wp-json\/wp\/v2\/pages\/7659"}],"wp:attachment":[{"href":"http:\/\/www.luigiaccattoli.it\/blog\/wp-json\/wp\/v2\/media?parent=8283"}],"curies":[{"name":"wp","href":"https:\/\/api.w.org\/{rel}","templated":true}]}}