{"id":8323,"date":"2012-01-29T11:47:31","date_gmt":"2012-01-29T10:47:31","guid":{"rendered":"http:\/\/www.luigiaccattoli.it\/blog\/?page_id=8323"},"modified":"2012-10-22T11:01:08","modified_gmt":"2012-10-22T09:01:08","slug":"oscar-luigi-scalfaro-%c2%abnon-disperdere-nulla-di-questa-sconfinata-ricchezza%c2%bb","status":"publish","type":"page","link":"http:\/\/www.luigiaccattoli.it\/blog\/cerco-fatti-di-vangelo\/20-preghiera-pubblica\/oscar-luigi-scalfaro-%c2%abnon-disperdere-nulla-di-questa-sconfinata-ricchezza%c2%bb\/","title":{"rendered":"Oscar Luigi Scalfaro: \u00abNon disperdere nulla di questa sconfinata ricchezza\u00bb"},"content":{"rendered":"<p>A Palermo, il 24 luglio 1992, nella chiesa di Santa Luisa di Marillac, Oscar Luigi Scalfaro \u00e8 seduto \u2013 con la figlia Marianna \u2013 accanto alla famiglia del giudice Paolo Borsellino: la sposa Agnese, i figli Manfredi, Lucia e Fiammetta. Appena entrato si era inginocchiato davanti all\u2019altare e aveva baciato la bara. Poi aveva abbracciato i famigliari dell\u2019ucciso. Aveva ascoltato la prima lettura, fatta dalla sorella di Paolo, Rita Borsellino. E l\u2019omelia del parroco, don Giuseppe Bucaro: \u201cRicordiamo con la forza del perdono Paolo Borsellino, cristiano di questa comunit\u00e0: era un uomo giusto e vive per la sua fede, essendo morto per noi e per gli ingiusti\u201d. Alla preghiera dei fedeli, Scalfaro va al microfono e prega improvvisando e la gente che \u00e8 fuori dalla chiesa riconosce la sua voce dagli altoparlanti e batte le mani:<\/p>\n<p><em>Signore, chiediamo noi uomini dello Stato e di tutti i poteri dello Stato di non disperdere la sconfinata, umana e spirituale ricchezza che esce da questa somma di sacrificio e di sangue. Che domani, che doman l\u2019altro, che ancora il domani che terminer\u00e0 con il tramonto delle nostre giornate, non disperda nulla di questa ricchezza. Te lo chiediamo affinch\u00e9 noi, che incarniamo responsabilit\u00e0 dinanzi alla gente buona, alla gente che ama il lavoro, alla gente che ama la pace, alla gente che sa amare e non odiare, o Signore non siamo mai motivo di vergogna o di scandalo. Per questo ti preghiamo.<\/em><\/p>\n<p>Dopo quella messa, salutando i parroci don Giuseppe Bucaro e don Alessandro Manzone, delle chiese di Santa Luisa de Marillac (dove era avvenuta la celebrazione) e di Sant\u2019Ernesto (dove Borsellino aveva commemorato Falcone, il 23 giugno 1992), Scalfaro dice: &#8220;Vi ringrazio, a nome di tutti gli italiani, per la bellezza di questa liturgia, la forza dei testi, dei canti, delle vostre parole. L\u2019Italia aveva bisogno di questa testimonianza&#8221;.<\/p>\n<p><strong>La preghiera di Scalfaro \u00e8 nel volume di AAVV, <em>Un cristiano: Paolo Emanuele Borsellino<\/em>, rivista delle parrocchie palermitane di Santa Luisa de Marillac e di Sant\u2019Ernesto, numero speciale, 19 settembre 1992, p.4. Vedi anche <em>Avvenire<\/em> del 25 luglio 1992, p. 3.<\/p>\n<p>[<em>Cerco fatti di Vangelo<\/em>, SEI 1995, pp. 260s]<\/strong><\/p>\n","protected":false},"excerpt":{"rendered":"<p>A Palermo, il 24 luglio 1992, nella chiesa di Santa Luisa di Marillac, Oscar Luigi Scalfaro \u00e8 seduto \u2013 con la figlia Marianna \u2013 accanto alla famiglia del giudice Paolo&#8230;<\/p>\n<div class=\"more-link-wrapper\"><a class=\"more-link\" href=\"http:\/\/www.luigiaccattoli.it\/blog\/cerco-fatti-di-vangelo\/20-preghiera-pubblica\/oscar-luigi-scalfaro-%c2%abnon-disperdere-nulla-di-questa-sconfinata-ricchezza%c2%bb\/\">Read More<span class=\"screen-reader-text\">Oscar Luigi Scalfaro: \u00abNon disperdere nulla di questa sconfinata ricchezza\u00bb<\/span><\/a><\/div>\n","protected":false},"author":1,"featured_media":0,"parent":2141,"menu_order":0,"comment_status":"open","ping_status":"closed","template":"","meta":{"_monsterinsights_skip_tracking":false,"_monsterinsights_sitenote_active":false,"_monsterinsights_sitenote_note":"","_monsterinsights_sitenote_category":0,"footnotes":""},"class_list":["post-8323","page","type-page","status-publish","hentry","excerpt"],"_links":{"self":[{"href":"http:\/\/www.luigiaccattoli.it\/blog\/wp-json\/wp\/v2\/pages\/8323","targetHints":{"allow":["GET"]}}],"collection":[{"href":"http:\/\/www.luigiaccattoli.it\/blog\/wp-json\/wp\/v2\/pages"}],"about":[{"href":"http:\/\/www.luigiaccattoli.it\/blog\/wp-json\/wp\/v2\/types\/page"}],"author":[{"embeddable":true,"href":"http:\/\/www.luigiaccattoli.it\/blog\/wp-json\/wp\/v2\/users\/1"}],"replies":[{"embeddable":true,"href":"http:\/\/www.luigiaccattoli.it\/blog\/wp-json\/wp\/v2\/comments?post=8323"}],"version-history":[{"count":5,"href":"http:\/\/www.luigiaccattoli.it\/blog\/wp-json\/wp\/v2\/pages\/8323\/revisions"}],"predecessor-version":[{"id":10010,"href":"http:\/\/www.luigiaccattoli.it\/blog\/wp-json\/wp\/v2\/pages\/8323\/revisions\/10010"}],"up":[{"embeddable":true,"href":"http:\/\/www.luigiaccattoli.it\/blog\/wp-json\/wp\/v2\/pages\/2141"}],"wp:attachment":[{"href":"http:\/\/www.luigiaccattoli.it\/blog\/wp-json\/wp\/v2\/media?parent=8323"}],"curies":[{"name":"wp","href":"https:\/\/api.w.org\/{rel}","templated":true}]}}